{"id":5613,"date":"2023-03-07T20:14:45","date_gmt":"2023-03-07T13:14:45","guid":{"rendered":"https:\/\/suatuyetvoi.com\/muasam\/?post_type=product&#038;p=5613"},"modified":"2023-03-08T00:17:43","modified_gmt":"2023-03-07T17:17:43","slug":"sua-ensure-gold-huong-lua-mach-850g","status":"publish","type":"product","link":"https:\/\/suatuyetvoi.com\/muasam\/san-pham\/sua-ensure-gold-huong-lua-mach-850g\/","title":{"rendered":"S\u1eefa Ensure Gold h\u01b0\u01a1ng l\u00faa m\u1ea1ch 850g"},"content":{"rendered":"<div>D\u00f2ng Ensure Gold \u00edt ng\u1ecdt m\u1edbi c\u1ee7a th\u01b0\u01a1ng hi\u1ec7u Abbott Hoa K\u1ef3 kh\u00f4ng ch\u1ec9 c\u00f3 h\u01b0\u01a1ng v\u1ecb vani truy\u1ec1n th\u1ed1ng m\u00e0 c\u00f2n c\u00f3 th\u00eam h\u01b0\u01a1ng l\u00faa m\u1ea1ch th\u01a1m d\u1ecbu m\u1edbi l\u1ea1, cho b\u1ea1n th\u00eam s\u1ef1 l\u1ef1a ch\u1ecdn \u0111\u1ec3 b\u1ed5 sung dinh d\u01b0\u1ee1ng cho c\u01a1 th\u1ec3. S\u1eefa Ensure Gold h\u01b0\u01a1ng l\u00faa m\u1ea1ch 850g khi pha v\u1edbi n\u01b0\u1edbc s\u1ebd \u0111\u01b0\u1ee3c m\u1ed9t th\u1ee9c u\u1ed1ng cung c\u1ea5p dinh d\u01b0\u1ee1ng \u0111\u1ea7y \u0111\u1ee7 v\u00e0 c\u00e2n \u0111\u1ed1i, d\u00f9ng thay th\u1ebf ho\u00e0n to\u00e0n m\u1ed9t b\u1eefa \u0103n ho\u1eb7c b\u1ed5 sung cho ch\u1ebf \u0111\u1ed9 \u0103n h\u00e0ng ng\u00e0y c\u1ee7a ng\u01b0\u1eddi l\u1edbn, ng\u01b0\u1eddi \u0103n u\u1ed1ng k\u00e9m, \u0111\u1eb7c bi\u1ec7t c\u1ee7a ng\u01b0\u1eddi b\u1ec7nh c\u1ea7n ph\u1ee5c h\u1ed3i nhanh. Ensure Gold kh\u00f4ng nh\u1eefng cung c\u1ea5p \u0111\u1ea7y \u0111\u1ee7 c\u00e1c vitamin, kho\u00e1ng gi\u00fap t\u0103ng c\u01b0\u1eddng s\u1ee9c kh\u1ecfe m\u00e0 c\u00f2n ch\u1ee9a h\u1ed7n h\u1ee3p ch\u1ea5t b\u00e9o th\u1ef1c v\u1eadt gi\u00e0u acid b\u00e9o Omega 3-6-9 t\u1ed1t cho tim m\u1ea1ch.<\/div>\n<div><\/div>\n<h3>\u0110\u1eb7c \u0111i\u1ec3m n\u1ed5i b\u1eadt c\u1ee7a s\u1ea3n ph\u1ea9m<\/h3>\n<p><em><strong>Dinh d\u01b0\u1ee1ng \u0111\u1ea7y \u0111\u1ee7 v\u00e0 c\u00e2n \u0111\u1ed1i<\/strong><\/em><\/p>\n<div>\n<p>&#8211; S\u1eefa Ensure Gold h\u01b0\u01a1ng l\u00faa m\u1ea1ch 850g ch\u1ee9a c\u00f4ng th\u1ee9c HMB (\u03b2-hydroxy-\u03b2-methylbutyrat) v\u00e0 protein ch\u1ea5t l\u01b0\u1ee3ng cao h\u1ed7 tr\u1ee3 x\u00e2y d\u1ef1ng v\u00e0 ph\u00e1t tri\u1ec3n kh\u1ed1i c\u01a1.<\/p>\n<p>&#8211; 28 vitamin v\u00e0 kho\u00e1ng ch\u1ea5t thi\u1ebft y\u1ebfu gi\u00fap c\u01a1 th\u1ec3 kh\u1ecfe m\u1ea1nh. Gi\u00e0u Canxi, Ph\u1ed1t-pho v\u00e0 vitamin D gi\u00fap x\u01b0\u01a1ng ch\u1eafc kh\u1ecfe.<\/p>\n<\/div>\n<div>\n<p><strong><em>H\u1ed7 tr\u1ee3 ti\u00eau h\u00f3a v\u00e0 t\u0103ng c\u01b0\u1eddng \u0111\u1ec1 kh\u00e1ng<\/em><\/strong><\/p>\n<p>&#8211; Ch\u1ea5t x\u01a1 FOS c\u00f3 trong Ensure Gold nu\u00f4i d\u01b0\u1ee1ng vi sinh v\u1eadt c\u00f3 l\u1ee3i trong \u0111\u01b0\u1eddng ru\u1ed9t, t\u1eeb \u0111\u00f3 gi\u00fap h\u1ec7 ti\u00eau h\u00f3a kh\u1ecfe m\u1ea1nh.<\/p>\n<p>&#8211; C\u00e1c ch\u1ea5t ch\u1ed1ng oxy h\u00f3a (beta caroten, vitamin C, E, k\u1ebdm v\u00e0 Selen) gi\u00fap b\u1ea3o v\u1ec7 c\u01a1 th\u1ec3.<\/p>\n<p><em><strong>T\u1ed1t cho h\u1ec7 tim m\u1ea1ch<\/strong><\/em><\/p>\n<p>Ensure Gold ch\u1ee9a h\u1ed7n h\u1ee3p ch\u1ea5t b\u00e9o th\u1ef1c v\u1eadt gi\u00e0u acid b\u00e9o Omega 3-6-9 t\u1ed1t cho tim m\u1ea1ch. H\u00e0m l\u01b0\u1ee3ng acid b\u00e9o no v\u00e0 Cholesterol th\u1ea5p c\u00f3 l\u1ee3i cho ch\u1ebf \u0111\u1ed9 \u0103n l\u00e0nh m\u1ea1nh.<\/p>\n<p><em><strong>H\u01b0\u01a1ng l\u00faa m\u1ea1ch th\u01a1m ngon<\/strong><\/em><\/p>\n<p>Ensure Gold v\u1edbi h\u01b0\u01a1ng l\u00faa m\u1ea1ch th\u01a1m ngon, mang t\u1edbi c\u1ea3m gi\u00e1c ngon mi\u1ec7ng m\u00e0 kh\u00f4ng g\u00e2y ng\u1ea5y.<\/p>\n<p>S\u1ea3n ph\u1ea9m kh\u00f4ng ch\u1ee9a Trans Fat (acid b\u00e9o chuy\u1ec3n \u0111\u1ed5i), Gluten v\u00e0 Lactose<\/p>\n<h3>H\u01b0\u1edbng d\u1eabn s\u1eed d\u1ee5ng v\u00e0 b\u1ea3o qu\u1ea3n s\u1ea3n ph\u1ea9m<\/h3>\n<p>&#8211; \u0110\u1ec3 pha 230 ml, cho 195ml n\u01b0\u1edbc ch\u00edn ngu\u1ed9i v\u00e0o ly, v\u1eeba t\u1eeb t\u1eeb cho v\u00e0o ly 6 mu\u1ed7ng g\u1ea1t ngang (mu\u1ed7ng c\u00f3 s\u1eb5n trong h\u1ed9p) hay 53.8g b\u1ed9t Ensure Gold v\u1eeba khu\u1ea5y \u0111\u1ec1u cho \u0111\u1ebfn khi b\u1ed9t tan h\u1ebft.<\/p>\n<p>&#8211; Khi pha \u0111\u00fang theo h\u01b0\u1edbng d\u1eabn, 1ml Ensure Gold cung c\u1ea5p kho\u1ea3ng 1 kcal. H\u1ed9p 400g b\u1ed9t c\u00f3 th\u1ec3 pha \u0111\u01b0\u1ee3c kho\u1ea3ng 7.4 ly, m\u1ed7i ly 230 ml.<\/p>\n<p>&#8211; Ch\u00fa \u00fd:<\/p>\n<p>+ Kh\u00f4ng d\u00f9ng cho ng\u01b0\u1eddi b\u1ec7nh Galactosemia<\/p>\n<p>+ Kh\u00f4ng d\u00f9ng qua \u0111\u01b0\u1eddng t\u0129nh m\u1ea1ch<\/p>\n<p>+ Kh\u00f4ng d\u00f9ng cho tr\u1ebb em n\u1ebfu kh\u00f4ng c\u00f3 h\u01b0\u1edbng d\u1eabn c\u1ee7a b\u00e1c s\u0129 v\u00e0 c\u00e1c chuy\u00ean gia y t\u1ebf.<\/p>\n<p>+ Khi s\u1eed d\u1ee5ng Ensure Gold d\u01b0\u1edbi s\u1ef1 gi\u00e1m s\u00e1t c\u1ee7a b\u00e1c s\u0129 ho\u1eb7c chuy\u00ean gia dinh d\u01b0\u1ee1ng, c\u1ea7n theo \u0111\u00fang c\u00e1c h\u01b0\u1edbng d\u1eabn.<\/p>\n<p>&#8211; B\u1ea3o qu\u1ea3n: h\u1ed9p \u0111\u00e3 m\u1edf ph\u1ea3i \u0111\u01b0\u1ee3c \u0111\u1eady k\u00edn v\u00e0 b\u1ea3o qu\u1ea3n \u1edf n\u01a1i kh\u00f4 m\u00e1t, nh\u01b0ng kh\u00f4ng cho v\u00e0o t\u1ee7 l\u1ea1nh. Khi \u0111\u00e3 m\u1edf ph\u1ea3i s\u1eed d\u1ee5ng trong v\u00f2ng 3 tu\u1ea7n. Ensure Gold \u0111\u00e3 pha ph\u1ea3i d\u00f9ng ngay hay \u0111\u1eady k\u00edn cho v\u00e0o t\u1ee7 l\u1ea1nh v\u00e0 d\u00f9ng trong v\u00f2ng 24 gi\u1edd.<\/p>\n<\/div>\n","protected":false},"excerpt":{"rendered":"<p>H\u1ec7 d\u01b0\u1ee1ng ch\u1ea5t IQ Plus ph\u00e1t tri\u1ec3n n\u00e3o b\u1ed9<br \/>\nT\u0103ng c\u01b0\u1eddng \u0111\u1ec1 kh\u00e1ng v\u00e0 ti\u00eau h\u00f3a kh\u1ecfe m\u1ea1nh<br \/>\nGi\u00fap h\u1ea5p thu Canxi t\u1ed1t<\/p>\n","protected":false},"featured_media":5660,"comment_status":"open","ping_status":"closed","template":"","meta":[],"product_cat":[231],"product_tag":[530,545,536,541],"class_list":["post-5613","product","type-product","status-publish","has-post-thumbnail","hentry","product_cat-sua-bot","product_tag-chong-roi-loan-tieu-hoa","product_tag-he-tim-mach-tot","product_tag-nguoi-gia","product_tag-nguoi-om","berocket_brand-abbott"],"yoast_head":"<!-- This site is optimized with the Yoast SEO plugin v27.6 - https:\/\/yoast.com\/product\/yoast-seo-wordpress\/ -->\n<title>S\u1eefa Ensure Gold h\u01b0\u01a1ng l\u00faa m\u1ea1ch 850g - \u0110ang Khuy\u1ebfn m\u00e3i<\/title>\n<meta name=\"description\" content=\"S\u1eefa Ensure Gold h\u01b0\u01a1ng l\u00faa m\u1ea1ch 850g khi pha v\u1edbi n\u01b0\u1edbc s\u1ebd \u0111\u01b0\u1ee3c m\u1ed9t th\u1ee9c u\u1ed1ng cung c\u1ea5p dinh d\u01b0\u1ee1ng \u0111\u1ea7y \u0111\u1ee7 v\u00e0 c\u00e2n \u0111\u1ed1i, d\u00f9ng thay th\u1ebf ho\u00e0n to\u00e0n m\u1ed9t b\u1eefa \u0103n ho\u1eb7c b\u1ed5 sung cho ch\u1ebf \u0111\u1ed9 \u0103n h\u00e0ng ng\u00e0y c\u1ee7a ng\u01b0\u1eddi l\u1edbn, ng\u01b0\u1eddi \u0103n u\u1ed1ng k\u00e9m, \u0111\u1eb7c bi\u1ec7t c\u1ee7a ng\u01b0\u1eddi b\u1ec7nh c\u1ea7n ph\u1ee5c h\u1ed3i nhanh.\" \/>\n<meta name=\"robots\" content=\"index, follow, max-snippet:-1, max-image-preview:large, max-video-preview:-1\" \/>\n<link rel=\"canonical\" href=\"https:\/\/suatuyetvoi.com\/muasam\/san-pham\/sua-ensure-gold-huong-lua-mach-850g\/\" \/>\n<meta property=\"og:locale\" content=\"vi_VN\" \/>\n<meta property=\"og:type\" content=\"article\" \/>\n<meta property=\"og:title\" content=\"S\u1eefa Ensure Gold h\u01b0\u01a1ng l\u00faa m\u1ea1ch 850g - \u0110ang Khuy\u1ebfn m\u00e3i\" \/>\n<meta property=\"og:description\" content=\"S\u1eefa Ensure Gold h\u01b0\u01a1ng l\u00faa m\u1ea1ch 850g khi pha v\u1edbi n\u01b0\u1edbc s\u1ebd \u0111\u01b0\u1ee3c m\u1ed9t th\u1ee9c u\u1ed1ng cung c\u1ea5p dinh d\u01b0\u1ee1ng \u0111\u1ea7y \u0111\u1ee7 v\u00e0 c\u00e2n \u0111\u1ed1i, d\u00f9ng thay th\u1ebf ho\u00e0n to\u00e0n m\u1ed9t b\u1eefa \u0103n ho\u1eb7c b\u1ed5 sung cho ch\u1ebf \u0111\u1ed9 \u0103n h\u00e0ng ng\u00e0y c\u1ee7a ng\u01b0\u1eddi l\u1edbn, ng\u01b0\u1eddi \u0103n u\u1ed1ng k\u00e9m, \u0111\u1eb7c bi\u1ec7t c\u1ee7a ng\u01b0\u1eddi b\u1ec7nh c\u1ea7n ph\u1ee5c h\u1ed3i nhanh.\" \/>\n<meta property=\"og:url\" content=\"https:\/\/suatuyetvoi.com\/muasam\/san-pham\/sua-ensure-gold-huong-lua-mach-850g\/\" \/>\n<meta property=\"og:site_name\" content=\"S\u1eefa Tuy\u1ec7t V\u1eddi\" \/>\n<meta property=\"article:modified_time\" content=\"2023-03-07T17:17:43+00:00\" \/>\n<meta property=\"og:image\" content=\"https:\/\/suatuyetvoi.com\/muasam\/wp-content\/uploads\/2023\/03\/abbott-removebg-preview.png\" \/>\n\t<meta property=\"og:image:width\" content=\"500\" \/>\n\t<meta property=\"og:image:height\" content=\"500\" \/>\n\t<meta property=\"og:image:type\" content=\"image\/png\" \/>\n<meta name=\"twitter:card\" content=\"summary_large_image\" \/>\n<meta name=\"twitter:title\" content=\"S\u1eefa Ensure Gold h\u01b0\u01a1ng l\u00faa m\u1ea1ch 850g - \u0110ang Khuy\u1ebfn m\u00e3i\" \/>\n<meta name=\"twitter:description\" content=\"S\u1eefa Ensure Gold h\u01b0\u01a1ng l\u00faa m\u1ea1ch 850g khi pha v\u1edbi n\u01b0\u1edbc s\u1ebd \u0111\u01b0\u1ee3c m\u1ed9t th\u1ee9c u\u1ed1ng cung c\u1ea5p dinh d\u01b0\u1ee1ng \u0111\u1ea7y \u0111\u1ee7 v\u00e0 c\u00e2n \u0111\u1ed1i, d\u00f9ng thay th\u1ebf ho\u00e0n to\u00e0n m\u1ed9t b\u1eefa \u0103n ho\u1eb7c b\u1ed5 sung cho ch\u1ebf \u0111\u1ed9 \u0103n h\u00e0ng ng\u00e0y c\u1ee7a ng\u01b0\u1eddi l\u1edbn, ng\u01b0\u1eddi \u0103n u\u1ed1ng k\u00e9m, \u0111\u1eb7c bi\u1ec7t c\u1ee7a ng\u01b0\u1eddi b\u1ec7nh c\u1ea7n ph\u1ee5c h\u1ed3i nhanh.\" \/>\n<meta name=\"twitter:label1\" content=\"\u01af\u1edbc t\u00ednh th\u1eddi gian \u0111\u1ecdc\" \/>\n\t<meta name=\"twitter:data1\" content=\"3 ph\u00fat\" \/>\n<script type=\"application\/ld+json\" class=\"yoast-schema-graph\">{\"@context\":\"https:\\\/\\\/schema.org\",\"@graph\":[{\"@type\":\"WebPage\",\"@id\":\"https:\\\/\\\/suatuyetvoi.com\\\/muasam\\\/san-pham\\\/sua-ensure-gold-huong-lua-mach-850g\\\/\",\"url\":\"https:\\\/\\\/suatuyetvoi.com\\\/muasam\\\/san-pham\\\/sua-ensure-gold-huong-lua-mach-850g\\\/\",\"name\":\"S\u1eefa Ensure Gold h\u01b0\u01a1ng l\u00faa m\u1ea1ch 850g - \u0110ang Khuy\u1ebfn m\u00e3i\",\"isPartOf\":{\"@id\":\"https:\\\/\\\/suatuyetvoi.com\\\/muasam\\\/#website\"},\"primaryImageOfPage\":{\"@id\":\"https:\\\/\\\/suatuyetvoi.com\\\/muasam\\\/san-pham\\\/sua-ensure-gold-huong-lua-mach-850g\\\/#primaryimage\"},\"image\":{\"@id\":\"https:\\\/\\\/suatuyetvoi.com\\\/muasam\\\/san-pham\\\/sua-ensure-gold-huong-lua-mach-850g\\\/#primaryimage\"},\"thumbnailUrl\":\"https:\\\/\\\/suatuyetvoi.com\\\/muasam\\\/wp-content\\\/uploads\\\/2023\\\/03\\\/abbott-removebg-preview.png\",\"datePublished\":\"2023-03-07T13:14:45+00:00\",\"dateModified\":\"2023-03-07T17:17:43+00:00\",\"description\":\"S\u1eefa Ensure Gold h\u01b0\u01a1ng l\u00faa m\u1ea1ch 850g khi pha v\u1edbi n\u01b0\u1edbc s\u1ebd \u0111\u01b0\u1ee3c m\u1ed9t th\u1ee9c u\u1ed1ng cung c\u1ea5p dinh d\u01b0\u1ee1ng \u0111\u1ea7y \u0111\u1ee7 v\u00e0 c\u00e2n \u0111\u1ed1i, d\u00f9ng thay th\u1ebf ho\u00e0n to\u00e0n m\u1ed9t b\u1eefa \u0103n ho\u1eb7c b\u1ed5 sung cho ch\u1ebf \u0111\u1ed9 \u0103n h\u00e0ng ng\u00e0y c\u1ee7a ng\u01b0\u1eddi l\u1edbn, ng\u01b0\u1eddi \u0103n u\u1ed1ng k\u00e9m, \u0111\u1eb7c bi\u1ec7t c\u1ee7a ng\u01b0\u1eddi b\u1ec7nh c\u1ea7n ph\u1ee5c h\u1ed3i nhanh.\",\"breadcrumb\":{\"@id\":\"https:\\\/\\\/suatuyetvoi.com\\\/muasam\\\/san-pham\\\/sua-ensure-gold-huong-lua-mach-850g\\\/#breadcrumb\"},\"inLanguage\":\"vi\",\"potentialAction\":[{\"@type\":\"ReadAction\",\"target\":[\"https:\\\/\\\/suatuyetvoi.com\\\/muasam\\\/san-pham\\\/sua-ensure-gold-huong-lua-mach-850g\\\/\"]}]},{\"@type\":\"ImageObject\",\"inLanguage\":\"vi\",\"@id\":\"https:\\\/\\\/suatuyetvoi.com\\\/muasam\\\/san-pham\\\/sua-ensure-gold-huong-lua-mach-850g\\\/#primaryimage\",\"url\":\"https:\\\/\\\/suatuyetvoi.com\\\/muasam\\\/wp-content\\\/uploads\\\/2023\\\/03\\\/abbott-removebg-preview.png\",\"contentUrl\":\"https:\\\/\\\/suatuyetvoi.com\\\/muasam\\\/wp-content\\\/uploads\\\/2023\\\/03\\\/abbott-removebg-preview.png\",\"width\":500,\"height\":500},{\"@type\":\"BreadcrumbList\",\"@id\":\"https:\\\/\\\/suatuyetvoi.com\\\/muasam\\\/san-pham\\\/sua-ensure-gold-huong-lua-mach-850g\\\/#breadcrumb\",\"itemListElement\":[{\"@type\":\"ListItem\",\"position\":1,\"name\":\"Home\",\"item\":\"https:\\\/\\\/suatuyetvoi.com\\\/muasam\\\/\"},{\"@type\":\"ListItem\",\"position\":2,\"name\":\"Shop\",\"item\":\"https:\\\/\\\/suatuyetvoi.com\\\/muasam\\\/shop\\\/\"},{\"@type\":\"ListItem\",\"position\":3,\"name\":\"S\u1eefa Ensure Gold h\u01b0\u01a1ng l\u00faa m\u1ea1ch 850g\"}]},{\"@type\":\"WebSite\",\"@id\":\"https:\\\/\\\/suatuyetvoi.com\\\/muasam\\\/#website\",\"url\":\"https:\\\/\\\/suatuyetvoi.com\\\/muasam\\\/\",\"name\":\"S\u1eefa Tuy\u1ec7t V\u1eddi\",\"description\":\"S\u1eefa Tuy\u1ec7t V\u1eddi Vi\u1ec7t Nam\",\"potentialAction\":[{\"@type\":\"SearchAction\",\"target\":{\"@type\":\"EntryPoint\",\"urlTemplate\":\"https:\\\/\\\/suatuyetvoi.com\\\/muasam\\\/?s={search_term_string}\"},\"query-input\":{\"@type\":\"PropertyValueSpecification\",\"valueRequired\":true,\"valueName\":\"search_term_string\"}}],\"inLanguage\":\"vi\"}]}<\/script>\n<!-- \/ Yoast SEO plugin. -->","yoast_head_json":{"title":"S\u1eefa Ensure Gold h\u01b0\u01a1ng l\u00faa m\u1ea1ch 850g - \u0110ang Khuy\u1ebfn m\u00e3i","description":"S\u1eefa Ensure Gold h\u01b0\u01a1ng l\u00faa m\u1ea1ch 850g khi pha v\u1edbi n\u01b0\u1edbc s\u1ebd \u0111\u01b0\u1ee3c m\u1ed9t th\u1ee9c u\u1ed1ng cung c\u1ea5p dinh d\u01b0\u1ee1ng \u0111\u1ea7y \u0111\u1ee7 v\u00e0 c\u00e2n \u0111\u1ed1i, d\u00f9ng thay th\u1ebf ho\u00e0n to\u00e0n m\u1ed9t b\u1eefa \u0103n ho\u1eb7c b\u1ed5 sung cho ch\u1ebf \u0111\u1ed9 \u0103n h\u00e0ng ng\u00e0y c\u1ee7a ng\u01b0\u1eddi l\u1edbn, ng\u01b0\u1eddi \u0103n u\u1ed1ng k\u00e9m, \u0111\u1eb7c bi\u1ec7t c\u1ee7a ng\u01b0\u1eddi b\u1ec7nh c\u1ea7n ph\u1ee5c h\u1ed3i nhanh.","robots":{"index":"index","follow":"follow","max-snippet":"max-snippet:-1","max-image-preview":"max-image-preview:large","max-video-preview":"max-video-preview:-1"},"canonical":"https:\/\/suatuyetvoi.com\/muasam\/san-pham\/sua-ensure-gold-huong-lua-mach-850g\/","og_locale":"vi_VN","og_type":"article","og_title":"S\u1eefa Ensure Gold h\u01b0\u01a1ng l\u00faa m\u1ea1ch 850g - \u0110ang Khuy\u1ebfn m\u00e3i","og_description":"S\u1eefa Ensure Gold h\u01b0\u01a1ng l\u00faa m\u1ea1ch 850g khi pha v\u1edbi n\u01b0\u1edbc s\u1ebd \u0111\u01b0\u1ee3c m\u1ed9t th\u1ee9c u\u1ed1ng cung c\u1ea5p dinh d\u01b0\u1ee1ng \u0111\u1ea7y \u0111\u1ee7 v\u00e0 c\u00e2n \u0111\u1ed1i, d\u00f9ng thay th\u1ebf ho\u00e0n to\u00e0n m\u1ed9t b\u1eefa \u0103n ho\u1eb7c b\u1ed5 sung cho ch\u1ebf \u0111\u1ed9 \u0103n h\u00e0ng ng\u00e0y c\u1ee7a ng\u01b0\u1eddi l\u1edbn, ng\u01b0\u1eddi \u0103n u\u1ed1ng k\u00e9m, \u0111\u1eb7c bi\u1ec7t c\u1ee7a ng\u01b0\u1eddi b\u1ec7nh c\u1ea7n ph\u1ee5c h\u1ed3i nhanh.","og_url":"https:\/\/suatuyetvoi.com\/muasam\/san-pham\/sua-ensure-gold-huong-lua-mach-850g\/","og_site_name":"S\u1eefa Tuy\u1ec7t V\u1eddi","article_modified_time":"2023-03-07T17:17:43+00:00","og_image":[{"width":500,"height":500,"url":"https:\/\/suatuyetvoi.com\/muasam\/wp-content\/uploads\/2023\/03\/abbott-removebg-preview.png","type":"image\/png"}],"twitter_card":"summary_large_image","twitter_title":"S\u1eefa Ensure Gold h\u01b0\u01a1ng l\u00faa m\u1ea1ch 850g - \u0110ang Khuy\u1ebfn m\u00e3i","twitter_description":"S\u1eefa Ensure Gold h\u01b0\u01a1ng l\u00faa m\u1ea1ch 850g khi pha v\u1edbi n\u01b0\u1edbc s\u1ebd \u0111\u01b0\u1ee3c m\u1ed9t th\u1ee9c u\u1ed1ng cung c\u1ea5p dinh d\u01b0\u1ee1ng \u0111\u1ea7y \u0111\u1ee7 v\u00e0 c\u00e2n \u0111\u1ed1i, d\u00f9ng thay th\u1ebf ho\u00e0n to\u00e0n m\u1ed9t b\u1eefa \u0103n ho\u1eb7c b\u1ed5 sung cho ch\u1ebf \u0111\u1ed9 \u0103n h\u00e0ng ng\u00e0y c\u1ee7a ng\u01b0\u1eddi l\u1edbn, ng\u01b0\u1eddi \u0103n u\u1ed1ng k\u00e9m, \u0111\u1eb7c bi\u1ec7t c\u1ee7a ng\u01b0\u1eddi b\u1ec7nh c\u1ea7n ph\u1ee5c h\u1ed3i nhanh.","twitter_misc":{"\u01af\u1edbc t\u00ednh th\u1eddi gian \u0111\u1ecdc":"3 ph\u00fat"},"schema":{"@context":"https:\/\/schema.org","@graph":[{"@type":"WebPage","@id":"https:\/\/suatuyetvoi.com\/muasam\/san-pham\/sua-ensure-gold-huong-lua-mach-850g\/","url":"https:\/\/suatuyetvoi.com\/muasam\/san-pham\/sua-ensure-gold-huong-lua-mach-850g\/","name":"S\u1eefa Ensure Gold h\u01b0\u01a1ng l\u00faa m\u1ea1ch 850g - \u0110ang Khuy\u1ebfn m\u00e3i","isPartOf":{"@id":"https:\/\/suatuyetvoi.com\/muasam\/#website"},"primaryImageOfPage":{"@id":"https:\/\/suatuyetvoi.com\/muasam\/san-pham\/sua-ensure-gold-huong-lua-mach-850g\/#primaryimage"},"image":{"@id":"https:\/\/suatuyetvoi.com\/muasam\/san-pham\/sua-ensure-gold-huong-lua-mach-850g\/#primaryimage"},"thumbnailUrl":"https:\/\/suatuyetvoi.com\/muasam\/wp-content\/uploads\/2023\/03\/abbott-removebg-preview.png","datePublished":"2023-03-07T13:14:45+00:00","dateModified":"2023-03-07T17:17:43+00:00","description":"S\u1eefa Ensure Gold h\u01b0\u01a1ng l\u00faa m\u1ea1ch 850g khi pha v\u1edbi n\u01b0\u1edbc s\u1ebd \u0111\u01b0\u1ee3c m\u1ed9t th\u1ee9c u\u1ed1ng cung c\u1ea5p dinh d\u01b0\u1ee1ng \u0111\u1ea7y \u0111\u1ee7 v\u00e0 c\u00e2n \u0111\u1ed1i, d\u00f9ng thay th\u1ebf ho\u00e0n to\u00e0n m\u1ed9t b\u1eefa \u0103n ho\u1eb7c b\u1ed5 sung cho ch\u1ebf \u0111\u1ed9 \u0103n h\u00e0ng ng\u00e0y c\u1ee7a ng\u01b0\u1eddi l\u1edbn, ng\u01b0\u1eddi \u0103n u\u1ed1ng k\u00e9m, \u0111\u1eb7c bi\u1ec7t c\u1ee7a ng\u01b0\u1eddi b\u1ec7nh c\u1ea7n ph\u1ee5c h\u1ed3i nhanh.","breadcrumb":{"@id":"https:\/\/suatuyetvoi.com\/muasam\/san-pham\/sua-ensure-gold-huong-lua-mach-850g\/#breadcrumb"},"inLanguage":"vi","potentialAction":[{"@type":"ReadAction","target":["https:\/\/suatuyetvoi.com\/muasam\/san-pham\/sua-ensure-gold-huong-lua-mach-850g\/"]}]},{"@type":"ImageObject","inLanguage":"vi","@id":"https:\/\/suatuyetvoi.com\/muasam\/san-pham\/sua-ensure-gold-huong-lua-mach-850g\/#primaryimage","url":"https:\/\/suatuyetvoi.com\/muasam\/wp-content\/uploads\/2023\/03\/abbott-removebg-preview.png","contentUrl":"https:\/\/suatuyetvoi.com\/muasam\/wp-content\/uploads\/2023\/03\/abbott-removebg-preview.png","width":500,"height":500},{"@type":"BreadcrumbList","@id":"https:\/\/suatuyetvoi.com\/muasam\/san-pham\/sua-ensure-gold-huong-lua-mach-850g\/#breadcrumb","itemListElement":[{"@type":"ListItem","position":1,"name":"Home","item":"https:\/\/suatuyetvoi.com\/muasam\/"},{"@type":"ListItem","position":2,"name":"Shop","item":"https:\/\/suatuyetvoi.com\/muasam\/shop\/"},{"@type":"ListItem","position":3,"name":"S\u1eefa Ensure Gold h\u01b0\u01a1ng l\u00faa m\u1ea1ch 850g"}]},{"@type":"WebSite","@id":"https:\/\/suatuyetvoi.com\/muasam\/#website","url":"https:\/\/suatuyetvoi.com\/muasam\/","name":"S\u1eefa Tuy\u1ec7t V\u1eddi","description":"S\u1eefa Tuy\u1ec7t V\u1eddi Vi\u1ec7t Nam","potentialAction":[{"@type":"SearchAction","target":{"@type":"EntryPoint","urlTemplate":"https:\/\/suatuyetvoi.com\/muasam\/?s={search_term_string}"},"query-input":{"@type":"PropertyValueSpecification","valueRequired":true,"valueName":"search_term_string"}}],"inLanguage":"vi"}]}},"_links":{"self":[{"href":"https:\/\/suatuyetvoi.com\/muasam\/wp-json\/wp\/v2\/product\/5613","targetHints":{"allow":["GET"]}}],"collection":[{"href":"https:\/\/suatuyetvoi.com\/muasam\/wp-json\/wp\/v2\/product"}],"about":[{"href":"https:\/\/suatuyetvoi.com\/muasam\/wp-json\/wp\/v2\/types\/product"}],"replies":[{"embeddable":true,"href":"https:\/\/suatuyetvoi.com\/muasam\/wp-json\/wp\/v2\/comments?post=5613"}],"wp:featuredmedia":[{"embeddable":true,"href":"https:\/\/suatuyetvoi.com\/muasam\/wp-json\/wp\/v2\/media\/5660"}],"wp:attachment":[{"href":"https:\/\/suatuyetvoi.com\/muasam\/wp-json\/wp\/v2\/media?parent=5613"}],"wp:term":[{"taxonomy":"product_cat","embeddable":true,"href":"https:\/\/suatuyetvoi.com\/muasam\/wp-json\/wp\/v2\/product_cat?post=5613"},{"taxonomy":"product_tag","embeddable":true,"href":"https:\/\/suatuyetvoi.com\/muasam\/wp-json\/wp\/v2\/product_tag?post=5613"}],"curies":[{"name":"wp","href":"https:\/\/api.w.org\/{rel}","templated":true}]}}