{"id":5598,"date":"2023-03-07T15:25:31","date_gmt":"2023-03-07T08:25:31","guid":{"rendered":"https:\/\/suatuyetvoi.com\/muasam\/?post_type=product&#038;p=5598"},"modified":"2023-03-07T15:25:32","modified_gmt":"2023-03-07T08:25:32","slug":"sua-nan-optipro-1-900g-hmo-0-6-thang","status":"publish","type":"product","link":"https:\/\/suatuyetvoi.com\/muasam\/san-pham\/sua-nan-optipro-1-900g-hmo-0-6-thang\/","title":{"rendered":"S\u1eefa Nan Optipro 1 900g, HMO (0-6 th\u00e1ng)"},"content":{"rendered":"<div class=\"table-responsive full-screen\">\n<table class=\"table table-bordered table-striped p_bottom_0\">\n<tbody>\n<tr>\n<td>T\u00ean s\u1ea3n ph\u1ea9m<\/td>\n<td>S\u1eefa Nestl\u00e9 NAN OPTIPRO 1<\/td>\n<\/tr>\n<tr>\n<td>Th\u01b0\u01a1ng hi\u1ec7u<\/td>\n<td>Nestle NAN<\/td>\n<\/tr>\n<tr>\n<td>Xu\u1ea5t x\u1ee9 th\u01b0\u01a1ng hi\u1ec7u<\/td>\n<td>Th\u1ee5y S\u1ef9<\/td>\n<\/tr>\n<tr>\n<td>S\u1ea3n xu\u1ea5t t\u1ea1i<\/td>\n<td>Wyeth Nutrition (Singapore)<\/td>\n<\/tr>\n<tr>\n<td>Tr\u1ecdng l\u01b0\u1ee3ng s\u1ea3n ph\u1ea9m<\/td>\n<td>900g<\/td>\n<\/tr>\n<tr>\n<td>C\u1ea3nh b\u00e1o<\/td>\n<td>. Kh\u00f4ng s\u1eed d\u1ee5ng cho tr\u1ebb b\u1ecb d\u1ecb \u1ee9ng v\u1edbi c\u00e1c th\u00e0nh ph\u1ea7n c\u1ee7a s\u1ea3n ph\u1ea9m.<br \/>\n. N\u00ean c\u00f3 s\u1ef1 h\u01b0\u1edbng d\u1eabn c\u1ee7a b\u00e1c s\u0129 tr\u01b0\u1edbc khi d\u00f9ng \u0111\u1ed1i v\u1edbi tr\u1ebb kh\u00f4ng dung n\u1ea1p \u0111\u01b0\u1eddng lactose.<\/td>\n<\/tr>\n<tr>\n<td>H\u01b0\u1edbng d\u1eabn s\u1eed d\u1ee5ng<\/td>\n<td>. R\u1eeda s\u1ea1ch tay tr\u01b0\u1edbc khi pha s\u1eefa cho tr\u1ebb.. R\u1eeda c\u1ed1c v\u00e0 n\u1eafp \u0111\u1eady th\u1eadt s\u1ea1ch.. \u0110un s\u00f4i n\u01b0\u1edbc v\u00e0 \u0111\u1ec3 ngu\u1ed9i b\u1edbt.. Tham kh\u1ea3o b\u1ea3ng h\u01b0\u1edbng d\u1eabn c\u00e1ch pha s\u1eefa. Sau \u0111\u00f3, \u0111\u1ed5 n\u01b0\u1edbc \u1ea5m v\u00e0o c\u1ed1c v\u00e0 th\u00eam ch\u00ednh x\u00e1c s\u1ed1 mu\u1ed7ng l\u01b0\u1eddng \u0111\u00e3 g\u1ea1t ngang.. \u0110\u1eady n\u1eafp v\u00e0 l\u1eafc ho\u1eb7c khu\u1ea5y \u0111\u1ec1u cho \u0111\u1ebfn khi b\u1ed9t \u0111\u01b0\u1ee3c h\u00f2a tan ho\u00e0n to\u00e0n. Ki\u1ec3m tra nhi\u1ec7t \u0111\u1ed9 tr\u01b0\u1edbc khi cho tr\u1ebb u\u1ed1ng.<\/td>\n<\/tr>\n<tr>\n<td>H\u01b0\u1edbng d\u1eabn b\u1ea3o qu\u1ea3n<\/td>\n<td>. B\u1ea3o qu\u1ea3n n\u01a1i kh\u00f4 r\u00e1o, tho\u00e1ng m\u00e1t.<br \/>\n. Tr\u00e1nh \u00e1nh n\u1eafng tr\u1ef1c ti\u1ebfp.<br \/>\n. N\u00ean s\u1eed d\u1ee5ng trong v\u00f2ng 3 tu\u1ea7n sau khi m\u1edf h\u1ed9p.<\/td>\n<\/tr>\n<\/tbody>\n<\/table>\n<\/div>\n<div class=\"content-product\">\n<div class=\"block font-16 font-italic mb-2\">S\u1eefa m\u1eb9 l\u00e0 th\u1ee9c \u0103n t\u1ed1t nh\u1ea5t cho s\u1ee9c kh\u1ecfe v\u00e0 s\u1ef1 ph\u00e1t tri\u1ec3n to\u00e0n di\u1ec7n c\u1ee7a tr\u1ebb nh\u1ecf<\/div>\n<div id=\"product-description\" class=\"product-description less-content table-responsive full-screen content-format\">\n<div class=\"addclassfont16\">\n<p><span data-sheets-value=\"{&quot;1&quot;:2,&quot;2&quot;:&quot;nS\u1ea3n ph\u1ea9m A l\u00e0 s\u1eefa b\u1ed9t c\u00f4ng th\u1ee9c d\u00e0nh ri\u00eang cho tr\u1ebb .................... tu\u1ed5i. \u0110\u01b0\u1ee3c s\u1ea3n xu\u1ea5t theo c\u00f4ng ngh\u1ec7 hi\u1ec7n \u0111\u1ea1i c\u1ee7a... v\u00e0 \u0111\u01b0\u1ee3c ch\u1ee9ng minh l\u00e2m s\u00e0ng v\u1ec1 t\u00ednh hi\u1ec7u qu\u1ea3 v\u00e0 an to\u00e0n, s\u1eefa A s\u1ebd l\u00e0 s\u1ef1 l\u1ef1a ch\u1ecdn r\u1ea5t t\u1ed1t ba m\u1eb9 n\u00ean d\u00e0nh cho tr\u1ebb .... Con C\u01b0ng m\u1eddi ba m\u1eb9 tham kh\u1ea3o th\u00f4ng tin chi ti\u1ebft v\u1ec1 s\u1eefa A c\u1ee5 th\u1ec3 trong b\u1ea3ng t\u1ed5ng h\u1ee3p d\u01b0\u1edbi \u0111\u00e2y.&quot;}\" data-sheets-userformat=\"{&quot;2&quot;:13185,&quot;3&quot;:{&quot;1&quot;:0},&quot;10&quot;:1,&quot;11&quot;:4,&quot;12&quot;:0,&quot;15&quot;:&quot;Lora&quot;,&quot;16&quot;:10}\"><b>Nestle NAN Optipro s\u1ed1 1<\/b>\u00a0l\u00e0 s\u1eefa b\u1ed9t c\u00f4ng th\u1ee9c d\u00e0nh ri\u00eang cho tr\u1ebb 0-6 th\u00e1ng tu\u1ed5i. \u0110\u01b0\u1ee3c s\u1ea3n xu\u1ea5t theo c\u00f4ng ngh\u1ec7 hi\u1ec7n \u0111\u1ea1i c\u1ee7a Nestle v\u00e0 \u0111\u01b0\u1ee3c ch\u1ee9ng minh l\u00e2m s\u00e0ng v\u1ec1 t\u00ednh hi\u1ec7u qu\u1ea3 v\u00e0 an to\u00e0n, s\u1eefa NAN Optipro s\u1ebd l\u00e0 s\u1ef1 l\u1ef1a ch\u1ecdn r\u1ea5t t\u1ed1t ba m\u1eb9 n\u00ean d\u00e0nh cho tr\u1ebb trong giai \u0111o\u1ea1n n\u00e0y.\u00a0<\/span><\/p>\n<p><img loading=\"lazy\" decoding=\"async\" class=\"alignnone size-full wp-image-5599\" src=\"https:\/\/suatuyetvoi.com\/muasam\/wp-content\/uploads\/2023\/03\/1663301485.png\" alt=\"\" width=\"600\" height=\"600\" srcset=\"https:\/\/suatuyetvoi.com\/muasam\/wp-content\/uploads\/2023\/03\/1663301485.png 600w, https:\/\/suatuyetvoi.com\/muasam\/wp-content\/uploads\/2023\/03\/1663301485-400x400.png 400w, https:\/\/suatuyetvoi.com\/muasam\/wp-content\/uploads\/2023\/03\/1663301485-280x280.png 280w, https:\/\/suatuyetvoi.com\/muasam\/wp-content\/uploads\/2023\/03\/1663301485-300x300.png 300w, https:\/\/suatuyetvoi.com\/muasam\/wp-content\/uploads\/2023\/03\/1663301485-100x100.png 100w\" sizes=\"auto, (max-width: 600px) 100vw, 600px\" \/><\/p>\n<p><b>Th\u00e0nh ph\u1ea7n<\/b><\/p>\n<p>LACTOSE (t\u1eeb S\u1eeeA), \u0110\u1ea0M ch\u1ea5t l\u01b0\u1ee3ng OPTIPRO (\u0110\u1ea0M WHEY-WHEY PROTEIN t\u1eeb S\u1eeeA), D\u1ea7u h\u01b0\u1edbng d\u01b0\u01a1ng gi\u00e0u Oleic, S\u1eeeA b\u1ed9t t\u00e1ch kem (skimmed MILK), D\u1ea7u d\u1eeba, D\u1ea7u \u0110\u1eacU N\u00c0NH (SOYA bean oil), Canxi Citrate, 2&#8242;-O-Fucosyllactose (2&#8242;- FL), Ch\u1ea5t nh\u0169 h\u00f3a Lecithin \u0110\u1eacU N\u00c0NH (SOYA lecithin), C\u00e1c kho\u00e1ng ch\u1ea5t (S\u1eaft Sulfate, K\u1ebdm sulfate, \u0110\u1ed3ng sulfate, Kali Phosphate, Mangan Sulfate, Kali Iodide, Natri Selenite, Kali Clorid, Magi\u00ea Clorid), C\u00e1c vitamin (A, D3, E, K1, C, B1, B2, Nicotinamide, B6, Axit Folic, B5, B12, Biotin), Inositol, Taurine, Ch\u1ea5t nh\u0169 h\u00f3a monoglycerides, D\u1ea7u C\u00c1 gi\u00e0u DHA (FISH oil high DHA), D\u1ea7u n\u1ea5m gi\u00e0u ARA, Natri Citrate, L-Phenylalanine, Kali Citrate, Bifidobacterium lactis (Bifidus BL), Choline clorid, Mu\u1ed1i, Amino Axit L-Histidine, L-Carnitine, Ch\u1ea5t ch\u1ed1ng oxy h\u00f3a h\u1ed7n h\u1ee3p Tocopherol, C\u00e1c Nucleotide, Ch\u1ea5t ch\u1ed1ng oxy h\u00f3a ascorbyl palmitat.<\/p>\n<\/div>\n<\/div>\n<\/div>\n","protected":false},"excerpt":{"rendered":"<ul>\n<li>\u0110\u1ea1m ch\u1ea5t l\u01b0\u1ee3ng Optipro gi\u00fap d\u1ec5 ti\u00eau h\u00f3a v\u00e0 h\u1ea5p thu<\/li>\n<li>Nestl\u00e9 HM-O 2&#8217;FL v\u00e0 Bifidus BL t\u0103ng c\u01b0\u1eddng s\u1ee9c \u0111\u1ec1 kh\u00e1ng<\/li>\n<li>DHA v\u00e0 ARA, Taurine, Choline ph\u00e1t tri\u1ec3n tr\u00ed n\u00e3o v\u00e0 th\u1ecb l\u1ef1c<\/li>\n<\/ul>\n","protected":false},"featured_media":5600,"comment_status":"open","ping_status":"closed","template":"","meta":[],"product_cat":[231],"product_tag":[574,542],"class_list":["post-5598","product","type-product","status-publish","has-post-thumbnail","hentry","product_cat-sua-bot","product_tag-ho-tro-tang-suc-de-khang","product_tag-phat-trien-tri-nao","berocket_brand-nestle"],"yoast_head":"<!-- This site is optimized with the Yoast SEO plugin v27.6 - https:\/\/yoast.com\/product\/yoast-seo-wordpress\/ -->\n<title>S\u1eefa Nan Optipro 1 900g, HMO (0-6 th\u00e1ng) - \u0110ANG KHUY\u1ebeN M\u00c3I<\/title>\n<meta name=\"description\" content=\"Nestle NAN Optipro s\u1ed1 1\u00a0l\u00e0 s\u1eefa b\u1ed9t c\u00f4ng th\u1ee9c d\u00e0nh ri\u00eang cho tr\u1ebb 0-6 th\u00e1ng tu\u1ed5i. \u0110\u01b0\u1ee3c s\u1ea3n xu\u1ea5t theo c\u00f4ng ngh\u1ec7 hi\u1ec7n \u0111\u1ea1i c\u1ee7a Nestle\" \/>\n<meta name=\"robots\" content=\"index, follow, max-snippet:-1, max-image-preview:large, max-video-preview:-1\" \/>\n<link rel=\"canonical\" href=\"https:\/\/suatuyetvoi.com\/muasam\/san-pham\/sua-nan-optipro-1-900g-hmo-0-6-thang\/\" \/>\n<meta property=\"og:locale\" content=\"vi_VN\" \/>\n<meta property=\"og:type\" content=\"article\" \/>\n<meta property=\"og:title\" content=\"S\u1eefa Nan Optipro 1 900g, HMO (0-6 th\u00e1ng) - \u0110ANG KHUY\u1ebeN M\u00c3I\" \/>\n<meta property=\"og:description\" content=\"Nestle NAN Optipro s\u1ed1 1\u00a0l\u00e0 s\u1eefa b\u1ed9t c\u00f4ng th\u1ee9c d\u00e0nh ri\u00eang cho tr\u1ebb 0-6 th\u00e1ng tu\u1ed5i. \u0110\u01b0\u1ee3c s\u1ea3n xu\u1ea5t theo c\u00f4ng ngh\u1ec7 hi\u1ec7n \u0111\u1ea1i c\u1ee7a Nestle\" \/>\n<meta property=\"og:url\" content=\"https:\/\/suatuyetvoi.com\/muasam\/san-pham\/sua-nan-optipro-1-900g-hmo-0-6-thang\/\" \/>\n<meta property=\"og:site_name\" content=\"S\u1eefa Tuy\u1ec7t V\u1eddi\" \/>\n<meta property=\"article:modified_time\" content=\"2023-03-07T08:25:32+00:00\" \/>\n<meta property=\"og:image\" content=\"https:\/\/suatuyetvoi.com\/muasam\/wp-content\/uploads\/2023\/03\/sua-nan-optipro-so-1-900g-126725-1-Edited.png\" \/>\n\t<meta property=\"og:image:width\" content=\"1170\" \/>\n\t<meta property=\"og:image:height\" content=\"1170\" \/>\n\t<meta property=\"og:image:type\" content=\"image\/png\" \/>\n<meta name=\"twitter:card\" content=\"summary_large_image\" \/>\n<meta name=\"twitter:title\" content=\"S\u1eefa Nan Optipro 1 900g, HMO (0-6 th\u00e1ng) - \u0110ANG KHUY\u1ebeN M\u00c3I\" \/>\n<meta name=\"twitter:label1\" content=\"\u01af\u1edbc t\u00ednh th\u1eddi gian \u0111\u1ecdc\" \/>\n\t<meta name=\"twitter:data1\" content=\"3 ph\u00fat\" \/>\n<script type=\"application\/ld+json\" class=\"yoast-schema-graph\">{\"@context\":\"https:\\\/\\\/schema.org\",\"@graph\":[{\"@type\":\"WebPage\",\"@id\":\"https:\\\/\\\/suatuyetvoi.com\\\/muasam\\\/san-pham\\\/sua-nan-optipro-1-900g-hmo-0-6-thang\\\/\",\"url\":\"https:\\\/\\\/suatuyetvoi.com\\\/muasam\\\/san-pham\\\/sua-nan-optipro-1-900g-hmo-0-6-thang\\\/\",\"name\":\"S\u1eefa Nan Optipro 1 900g, HMO (0-6 th\u00e1ng) - \u0110ANG KHUY\u1ebeN M\u00c3I\",\"isPartOf\":{\"@id\":\"https:\\\/\\\/suatuyetvoi.com\\\/muasam\\\/#website\"},\"primaryImageOfPage\":{\"@id\":\"https:\\\/\\\/suatuyetvoi.com\\\/muasam\\\/san-pham\\\/sua-nan-optipro-1-900g-hmo-0-6-thang\\\/#primaryimage\"},\"image\":{\"@id\":\"https:\\\/\\\/suatuyetvoi.com\\\/muasam\\\/san-pham\\\/sua-nan-optipro-1-900g-hmo-0-6-thang\\\/#primaryimage\"},\"thumbnailUrl\":\"https:\\\/\\\/suatuyetvoi.com\\\/muasam\\\/wp-content\\\/uploads\\\/2023\\\/03\\\/sua-nan-optipro-so-1-900g-126725-1-Edited.png\",\"datePublished\":\"2023-03-07T08:25:31+00:00\",\"dateModified\":\"2023-03-07T08:25:32+00:00\",\"description\":\"Nestle NAN Optipro s\u1ed1 1\u00a0l\u00e0 s\u1eefa b\u1ed9t c\u00f4ng th\u1ee9c d\u00e0nh ri\u00eang cho tr\u1ebb 0-6 th\u00e1ng tu\u1ed5i. \u0110\u01b0\u1ee3c s\u1ea3n xu\u1ea5t theo c\u00f4ng ngh\u1ec7 hi\u1ec7n \u0111\u1ea1i c\u1ee7a Nestle\",\"breadcrumb\":{\"@id\":\"https:\\\/\\\/suatuyetvoi.com\\\/muasam\\\/san-pham\\\/sua-nan-optipro-1-900g-hmo-0-6-thang\\\/#breadcrumb\"},\"inLanguage\":\"vi\",\"potentialAction\":[{\"@type\":\"ReadAction\",\"target\":[\"https:\\\/\\\/suatuyetvoi.com\\\/muasam\\\/san-pham\\\/sua-nan-optipro-1-900g-hmo-0-6-thang\\\/\"]}]},{\"@type\":\"ImageObject\",\"inLanguage\":\"vi\",\"@id\":\"https:\\\/\\\/suatuyetvoi.com\\\/muasam\\\/san-pham\\\/sua-nan-optipro-1-900g-hmo-0-6-thang\\\/#primaryimage\",\"url\":\"https:\\\/\\\/suatuyetvoi.com\\\/muasam\\\/wp-content\\\/uploads\\\/2023\\\/03\\\/sua-nan-optipro-so-1-900g-126725-1-Edited.png\",\"contentUrl\":\"https:\\\/\\\/suatuyetvoi.com\\\/muasam\\\/wp-content\\\/uploads\\\/2023\\\/03\\\/sua-nan-optipro-so-1-900g-126725-1-Edited.png\",\"width\":1170,\"height\":1170},{\"@type\":\"BreadcrumbList\",\"@id\":\"https:\\\/\\\/suatuyetvoi.com\\\/muasam\\\/san-pham\\\/sua-nan-optipro-1-900g-hmo-0-6-thang\\\/#breadcrumb\",\"itemListElement\":[{\"@type\":\"ListItem\",\"position\":1,\"name\":\"Home\",\"item\":\"https:\\\/\\\/suatuyetvoi.com\\\/muasam\\\/\"},{\"@type\":\"ListItem\",\"position\":2,\"name\":\"Shop\",\"item\":\"https:\\\/\\\/suatuyetvoi.com\\\/muasam\\\/shop\\\/\"},{\"@type\":\"ListItem\",\"position\":3,\"name\":\"S\u1eefa Nan Optipro 1 900g, HMO (0-6 th\u00e1ng)\"}]},{\"@type\":\"WebSite\",\"@id\":\"https:\\\/\\\/suatuyetvoi.com\\\/muasam\\\/#website\",\"url\":\"https:\\\/\\\/suatuyetvoi.com\\\/muasam\\\/\",\"name\":\"S\u1eefa Tuy\u1ec7t V\u1eddi\",\"description\":\"S\u1eefa Tuy\u1ec7t V\u1eddi Vi\u1ec7t Nam\",\"potentialAction\":[{\"@type\":\"SearchAction\",\"target\":{\"@type\":\"EntryPoint\",\"urlTemplate\":\"https:\\\/\\\/suatuyetvoi.com\\\/muasam\\\/?s={search_term_string}\"},\"query-input\":{\"@type\":\"PropertyValueSpecification\",\"valueRequired\":true,\"valueName\":\"search_term_string\"}}],\"inLanguage\":\"vi\"}]}<\/script>\n<!-- \/ Yoast SEO plugin. -->","yoast_head_json":{"title":"S\u1eefa Nan Optipro 1 900g, HMO (0-6 th\u00e1ng) - \u0110ANG KHUY\u1ebeN M\u00c3I","description":"Nestle NAN Optipro s\u1ed1 1\u00a0l\u00e0 s\u1eefa b\u1ed9t c\u00f4ng th\u1ee9c d\u00e0nh ri\u00eang cho tr\u1ebb 0-6 th\u00e1ng tu\u1ed5i. \u0110\u01b0\u1ee3c s\u1ea3n xu\u1ea5t theo c\u00f4ng ngh\u1ec7 hi\u1ec7n \u0111\u1ea1i c\u1ee7a Nestle","robots":{"index":"index","follow":"follow","max-snippet":"max-snippet:-1","max-image-preview":"max-image-preview:large","max-video-preview":"max-video-preview:-1"},"canonical":"https:\/\/suatuyetvoi.com\/muasam\/san-pham\/sua-nan-optipro-1-900g-hmo-0-6-thang\/","og_locale":"vi_VN","og_type":"article","og_title":"S\u1eefa Nan Optipro 1 900g, HMO (0-6 th\u00e1ng) - \u0110ANG KHUY\u1ebeN M\u00c3I","og_description":"Nestle NAN Optipro s\u1ed1 1\u00a0l\u00e0 s\u1eefa b\u1ed9t c\u00f4ng th\u1ee9c d\u00e0nh ri\u00eang cho tr\u1ebb 0-6 th\u00e1ng tu\u1ed5i. \u0110\u01b0\u1ee3c s\u1ea3n xu\u1ea5t theo c\u00f4ng ngh\u1ec7 hi\u1ec7n \u0111\u1ea1i c\u1ee7a Nestle","og_url":"https:\/\/suatuyetvoi.com\/muasam\/san-pham\/sua-nan-optipro-1-900g-hmo-0-6-thang\/","og_site_name":"S\u1eefa Tuy\u1ec7t V\u1eddi","article_modified_time":"2023-03-07T08:25:32+00:00","og_image":[{"width":1170,"height":1170,"url":"https:\/\/suatuyetvoi.com\/muasam\/wp-content\/uploads\/2023\/03\/sua-nan-optipro-so-1-900g-126725-1-Edited.png","type":"image\/png"}],"twitter_card":"summary_large_image","twitter_title":"S\u1eefa Nan Optipro 1 900g, HMO (0-6 th\u00e1ng) - \u0110ANG KHUY\u1ebeN M\u00c3I","twitter_misc":{"\u01af\u1edbc t\u00ednh th\u1eddi gian \u0111\u1ecdc":"3 ph\u00fat"},"schema":{"@context":"https:\/\/schema.org","@graph":[{"@type":"WebPage","@id":"https:\/\/suatuyetvoi.com\/muasam\/san-pham\/sua-nan-optipro-1-900g-hmo-0-6-thang\/","url":"https:\/\/suatuyetvoi.com\/muasam\/san-pham\/sua-nan-optipro-1-900g-hmo-0-6-thang\/","name":"S\u1eefa Nan Optipro 1 900g, HMO (0-6 th\u00e1ng) - \u0110ANG KHUY\u1ebeN M\u00c3I","isPartOf":{"@id":"https:\/\/suatuyetvoi.com\/muasam\/#website"},"primaryImageOfPage":{"@id":"https:\/\/suatuyetvoi.com\/muasam\/san-pham\/sua-nan-optipro-1-900g-hmo-0-6-thang\/#primaryimage"},"image":{"@id":"https:\/\/suatuyetvoi.com\/muasam\/san-pham\/sua-nan-optipro-1-900g-hmo-0-6-thang\/#primaryimage"},"thumbnailUrl":"https:\/\/suatuyetvoi.com\/muasam\/wp-content\/uploads\/2023\/03\/sua-nan-optipro-so-1-900g-126725-1-Edited.png","datePublished":"2023-03-07T08:25:31+00:00","dateModified":"2023-03-07T08:25:32+00:00","description":"Nestle NAN Optipro s\u1ed1 1\u00a0l\u00e0 s\u1eefa b\u1ed9t c\u00f4ng th\u1ee9c d\u00e0nh ri\u00eang cho tr\u1ebb 0-6 th\u00e1ng tu\u1ed5i. \u0110\u01b0\u1ee3c s\u1ea3n xu\u1ea5t theo c\u00f4ng ngh\u1ec7 hi\u1ec7n \u0111\u1ea1i c\u1ee7a Nestle","breadcrumb":{"@id":"https:\/\/suatuyetvoi.com\/muasam\/san-pham\/sua-nan-optipro-1-900g-hmo-0-6-thang\/#breadcrumb"},"inLanguage":"vi","potentialAction":[{"@type":"ReadAction","target":["https:\/\/suatuyetvoi.com\/muasam\/san-pham\/sua-nan-optipro-1-900g-hmo-0-6-thang\/"]}]},{"@type":"ImageObject","inLanguage":"vi","@id":"https:\/\/suatuyetvoi.com\/muasam\/san-pham\/sua-nan-optipro-1-900g-hmo-0-6-thang\/#primaryimage","url":"https:\/\/suatuyetvoi.com\/muasam\/wp-content\/uploads\/2023\/03\/sua-nan-optipro-so-1-900g-126725-1-Edited.png","contentUrl":"https:\/\/suatuyetvoi.com\/muasam\/wp-content\/uploads\/2023\/03\/sua-nan-optipro-so-1-900g-126725-1-Edited.png","width":1170,"height":1170},{"@type":"BreadcrumbList","@id":"https:\/\/suatuyetvoi.com\/muasam\/san-pham\/sua-nan-optipro-1-900g-hmo-0-6-thang\/#breadcrumb","itemListElement":[{"@type":"ListItem","position":1,"name":"Home","item":"https:\/\/suatuyetvoi.com\/muasam\/"},{"@type":"ListItem","position":2,"name":"Shop","item":"https:\/\/suatuyetvoi.com\/muasam\/shop\/"},{"@type":"ListItem","position":3,"name":"S\u1eefa Nan Optipro 1 900g, HMO (0-6 th\u00e1ng)"}]},{"@type":"WebSite","@id":"https:\/\/suatuyetvoi.com\/muasam\/#website","url":"https:\/\/suatuyetvoi.com\/muasam\/","name":"S\u1eefa Tuy\u1ec7t V\u1eddi","description":"S\u1eefa Tuy\u1ec7t V\u1eddi Vi\u1ec7t Nam","potentialAction":[{"@type":"SearchAction","target":{"@type":"EntryPoint","urlTemplate":"https:\/\/suatuyetvoi.com\/muasam\/?s={search_term_string}"},"query-input":{"@type":"PropertyValueSpecification","valueRequired":true,"valueName":"search_term_string"}}],"inLanguage":"vi"}]}},"_links":{"self":[{"href":"https:\/\/suatuyetvoi.com\/muasam\/wp-json\/wp\/v2\/product\/5598","targetHints":{"allow":["GET"]}}],"collection":[{"href":"https:\/\/suatuyetvoi.com\/muasam\/wp-json\/wp\/v2\/product"}],"about":[{"href":"https:\/\/suatuyetvoi.com\/muasam\/wp-json\/wp\/v2\/types\/product"}],"replies":[{"embeddable":true,"href":"https:\/\/suatuyetvoi.com\/muasam\/wp-json\/wp\/v2\/comments?post=5598"}],"wp:featuredmedia":[{"embeddable":true,"href":"https:\/\/suatuyetvoi.com\/muasam\/wp-json\/wp\/v2\/media\/5600"}],"wp:attachment":[{"href":"https:\/\/suatuyetvoi.com\/muasam\/wp-json\/wp\/v2\/media?parent=5598"}],"wp:term":[{"taxonomy":"product_cat","embeddable":true,"href":"https:\/\/suatuyetvoi.com\/muasam\/wp-json\/wp\/v2\/product_cat?post=5598"},{"taxonomy":"product_tag","embeddable":true,"href":"https:\/\/suatuyetvoi.com\/muasam\/wp-json\/wp\/v2\/product_tag?post=5598"}],"curies":[{"name":"wp","href":"https:\/\/api.w.org\/{rel}","templated":true}]}}