{"id":5582,"date":"2023-03-03T18:07:08","date_gmt":"2023-03-03T11:07:08","guid":{"rendered":"https:\/\/suatuyetvoi.com\/muasam\/?post_type=product&#038;p=5582"},"modified":"2023-03-07T14:41:36","modified_gmt":"2023-03-07T07:41:36","slug":"nestle-nan-organic-2-900g","status":"publish","type":"product","link":"https:\/\/suatuyetvoi.com\/muasam\/san-pham\/nestle-nan-organic-2-900g\/","title":{"rendered":"Nestl\u00e9 NAN ORGANIC 2 900g"},"content":{"rendered":"<h2 class=\"article__content__title\">TH\u00d4NG TIN S\u1ea2N PH\u1ea8M<\/h2>\n<p class=\"size-text-14\"><i>CH\u00da \u00dd: &#8220;S\u1eefa m\u1eb9 l\u00e0 th\u1ee9c \u0103n t\u1ed1t nh\u1ea5t cho s\u1ee9c kh\u1ecfe v\u00e0 s\u1ef1 ph\u00e1t tri\u1ec3n to\u00e0n di\u1ec7n c\u1ee7a tr\u1ebb nh\u1ecf&#8221;.<\/i><\/p>\n<h3>\u0110\u1eb7c \u0111i\u1ec3m n\u1ed5i b\u1eadt<\/h3>\n<ul>\n<li>S\u1eefa b\u1ed9t\u00a0l\u00e0 s\u1ea3n ph\u1ea9m dinh d\u01b0\u1ee1ng c\u00f4ng th\u1ee9c h\u1eefu c\u01a1\u00a0ch\u1ee9ng nh\u1eadn c\u1ee7a NASAA.<\/li>\n<li>S\u1eefa b\u1ed9t NAN cho b\u00e9 t\u1eeb 6 \u0111\u1ebfn 24 th\u00e1ng\u00a0ch\u1ee9a\u00a0\u0111\u1ea1m whey\u00a0gi\u00fap tr\u1ebb d\u1ec5 ti\u00eau ho\u00e1, d\u1ec5 h\u1ea5p thu v\u00e0 ph\u00e1t tri\u1ec3n kho\u1ebb m\u1ea1nh.<\/li>\n<li>S\u1eefa NAN\u00a0cung c\u1ea5p cho tr\u1ebb c\u00e1c ch\u1ea5t dinh d\u01b0\u1ee1ng, h\u1ed7 tr\u1ee3 cho s\u1ef1 ph\u00e1t tri\u1ec3n kh\u1ecfe m\u1ea1nh v\u1ec1 th\u1ec3 ch\u1ea5t v\u00e0 tr\u00ed n\u00e3o nh\u1edd ch\u1ee9a d\u01b0\u1ee1ng ch\u1ea5t\u00a0DHA\u00a0v\u00e0 ARA.<\/li>\n<li>S\u1eefa b\u1ed9t NAN Organic s\u1ed1 2 900g ( 6 &#8211; 24 th\u00e1ng)\u00a0\u0111\u01b0\u1ee3c s\u1ea3n xu\u1ea5t t\u1eeb 100% s\u1eefa h\u1eefu c\u01a1 c\u00f3 ngu\u1ed3n g\u1ed1c t\u1eeb c\u00e1c trang tr\u1ea1i b\u00f2 s\u1eefa h\u1eefu c\u01a1, tu\u00e2n th\u1ee7 c\u00e1c y\u00eau c\u1ea7u h\u1eefu c\u01a1 nghi\u00eam ng\u1eb7t nh\u1ea5t.<\/li>\n<li>S\u1eefa b\u1ed9t h\u01b0\u01a1ng v\u1ecb t\u1ef1 nhi\u00ean th\u01a1m ngon, thu\u1ed9c th\u01b0\u01a1ng hi\u1ec7u NAN, s\u1ea3n xu\u1ea5t t\u1ea1i Singapore, \u0111\u1ea3m b\u1ea3o ch\u1ea5t l\u01b0\u1ee3ng.<\/li>\n<\/ul>\n<h3>Th\u00e0nh ph\u1ea7n dinh d\u01b0\u1ee1ng<\/h3>\n<p><img loading=\"lazy\" decoding=\"async\" class=\"alignnone size-full wp-image-5583\" src=\"https:\/\/suatuyetvoi.com\/muasam\/wp-content\/uploads\/2023\/03\/sua-bot-nan-organic-s2-900gr-2.jpg\" alt=\"\" width=\"1500\" height=\"1500\" srcset=\"https:\/\/suatuyetvoi.com\/muasam\/wp-content\/uploads\/2023\/03\/sua-bot-nan-organic-s2-900gr-2.jpg 1500w, https:\/\/suatuyetvoi.com\/muasam\/wp-content\/uploads\/2023\/03\/sua-bot-nan-organic-s2-900gr-2-400x400.jpg 400w, https:\/\/suatuyetvoi.com\/muasam\/wp-content\/uploads\/2023\/03\/sua-bot-nan-organic-s2-900gr-2-800x800.jpg 800w, https:\/\/suatuyetvoi.com\/muasam\/wp-content\/uploads\/2023\/03\/sua-bot-nan-organic-s2-900gr-2-280x280.jpg 280w, https:\/\/suatuyetvoi.com\/muasam\/wp-content\/uploads\/2023\/03\/sua-bot-nan-organic-s2-900gr-2-768x768.jpg 768w, https:\/\/suatuyetvoi.com\/muasam\/wp-content\/uploads\/2023\/03\/sua-bot-nan-organic-s2-900gr-2-300x300.jpg 300w, https:\/\/suatuyetvoi.com\/muasam\/wp-content\/uploads\/2023\/03\/sua-bot-nan-organic-s2-900gr-2-600x600.jpg 600w, https:\/\/suatuyetvoi.com\/muasam\/wp-content\/uploads\/2023\/03\/sua-bot-nan-organic-s2-900gr-2-100x100.jpg 100w\" sizes=\"auto, (max-width: 1500px) 100vw, 1500px\" \/><\/p>\n<div class=\"grid-row\">\n<div id=\"np_text-3672\" class=\"paragraph paragraph--type--np-text grid-col-8 off-2 full-page-width\">\n<div class=\"pos-content-area\">\n<div class=\"paragraph--type--np-text\">\n<p><strong><span style=\"font-size: 20.16px;color: #333333\">H\u01b0\u1edbng d\u1eabn s\u1eed d\u1ee5ng<\/span><\/strong><\/p>\n<div class=\"prop_value\">\n<div class=\"prop-table\" data-id=\"34759\" data-group-id=\"15406\" data-index=\"1\">\n<div class=\"spec_item\">\n<div class=\"spec_img\"><img loading=\"lazy\" decoding=\"async\" class=\" lazyloaded\" src=\"https:\/\/img.tgdd.vn\/imgt\/f_webp,fit_outside,quality_100,s_70x70\/https:\/\/cdn.tgdd.vn\/ValueIcons\/17\/ICON-HDSD-1.png\" alt=\"R\u1eeda tay v\u00e0 ti\u1ec7t tr\u00f9ng d\u1ee5ng c\u1ee5 pha ch\u1ebf th\u1eadt s\u1ea1ch tr\u01b0\u1edbc khi pha.\" width=\"35\" height=\"35\" data-src=\"https:\/\/img.tgdd.vn\/imgt\/f_webp,fit_outside,quality_100,s_70x70\/https:\/\/cdn.tgdd.vn\/ValueIcons\/17\/ICON-HDSD-1.png\" \/> R\u1eeda tay v\u00e0 ti\u1ec7t tr\u00f9ng d\u1ee5ng c\u1ee5 pha ch\u1ebf th\u1eadt s\u1ea1ch tr\u01b0\u1edbc khi pha.<\/div>\n<\/div>\n<div class=\"spec_item\">\n<div class=\"spec_img\"><img loading=\"lazy\" decoding=\"async\" class=\" lazyloaded\" src=\"https:\/\/img.tgdd.vn\/imgt\/f_webp,fit_outside,quality_100,s_70x70\/https:\/\/cdn.tgdd.vn\/ValueIcons\/17\/ICON-HDSD-2.png\" alt=\"\u0110un n\u01b0\u1edbc s\u00f4i v\u00e0 \u0111\u1ec3 ngu\u1ed9i \u0111\u1ebfn nhi\u1ec7t \u0111\u1ed9 th\u00edch h\u1ee3p.\" width=\"35\" height=\"35\" data-src=\"https:\/\/img.tgdd.vn\/imgt\/f_webp,fit_outside,quality_100,s_70x70\/https:\/\/cdn.tgdd.vn\/ValueIcons\/17\/ICON-HDSD-2.png\" \/> \u0110un n\u01b0\u1edbc s\u00f4i v\u00e0 \u0111\u1ec3 ngu\u1ed9i \u0111\u1ebfn nhi\u1ec7t \u0111\u1ed9 th\u00edch h\u1ee3p.<\/div>\n<\/div>\n<div class=\"spec_item\">\n<div class=\"spec_img\"><img loading=\"lazy\" decoding=\"async\" class=\" lazyloaded\" src=\"https:\/\/img.tgdd.vn\/imgt\/f_webp,fit_outside,quality_100,s_70x70\/https:\/\/cdn.tgdd.vn\/ValueIcons\/17\/ICON-HDSD-3.png\" alt=\"\u0110\u1ed5 n\u01b0\u1edbc \u0111un s\u00f4i \u0111\u00e3 \u0111\u1ec3 ngu\u1ed9i v\u00e0o c\u1ed1c\/b\u00ecnh v\u1edbi l\u01b0\u1ee3ng n\u01b0\u1edbc ch\u00ednh x\u00e1c.\" width=\"35\" height=\"35\" data-src=\"https:\/\/img.tgdd.vn\/imgt\/f_webp,fit_outside,quality_100,s_70x70\/https:\/\/cdn.tgdd.vn\/ValueIcons\/17\/ICON-HDSD-3.png\" \/> \u0110\u1ed5 n\u01b0\u1edbc \u0111un s\u00f4i \u0111\u00e3 \u0111\u1ec3 ngu\u1ed9i v\u00e0o c\u1ed1c\/b\u00ecnh v\u1edbi l\u01b0\u1ee3ng n\u01b0\u1edbc ch\u00ednh x\u00e1c.<\/div>\n<\/div>\n<div class=\"spec_item\">\n<div class=\"spec_img\"><img loading=\"lazy\" decoding=\"async\" class=\" lazyloaded\" src=\"https:\/\/img.tgdd.vn\/imgt\/f_webp,fit_outside,quality_100,s_70x70\/https:\/\/cdn.tgdd.vn\/ValueIcons\/17\/ICON-HDSD-4.png\" alt=\"L\u1ea5y ch\u00ednh x\u00e1c l\u01b0\u1ee3ng s\u1eefa c\u1ea7n pha b\u1eb1ng th\u00eca chuy\u00ean d\u1ee5ng \u0111i k\u00e8m trong h\u1ed9p.\" width=\"35\" height=\"35\" data-src=\"https:\/\/img.tgdd.vn\/imgt\/f_webp,fit_outside,quality_100,s_70x70\/https:\/\/cdn.tgdd.vn\/ValueIcons\/17\/ICON-HDSD-4.png\" \/> L\u1ea5y ch\u00ednh x\u00e1c l\u01b0\u1ee3ng s\u1eefa c\u1ea7n pha b\u1eb1ng th\u00eca chuy\u00ean d\u1ee5ng \u0111i k\u00e8m trong h\u1ed9p.<\/div>\n<\/div>\n<div class=\"spec_item\">\n<div class=\"spec_img\"><img loading=\"lazy\" decoding=\"async\" class=\" lazyloaded\" src=\"https:\/\/img.tgdd.vn\/imgt\/f_webp,fit_outside,quality_100,s_70x70\/https:\/\/cdn.tgdd.vn\/ValueIcons\/17\/ICON-HDSD-5.png\" alt=\"L\u1eafc nh\u1eb9 ho\u1eb7c khu\u1ea5y \u0111\u1ec1u \u0111\u1ebfn khi tan ho\u00e0n to\u00e0n.\" width=\"35\" height=\"35\" data-src=\"https:\/\/img.tgdd.vn\/imgt\/f_webp,fit_outside,quality_100,s_70x70\/https:\/\/cdn.tgdd.vn\/ValueIcons\/17\/ICON-HDSD-5.png\" \/> L\u1eafc nh\u1eb9 ho\u1eb7c khu\u1ea5y \u0111\u1ec1u \u0111\u1ebfn khi tan ho\u00e0n to\u00e0n.<\/div>\n<\/div>\n<div class=\"spec_item\">\n<div class=\"spec_img\"><img loading=\"lazy\" decoding=\"async\" class=\" ls-is-cached lazyloaded\" src=\"https:\/\/img.tgdd.vn\/imgt\/f_webp,fit_outside,quality_100,s_70x70\/https:\/\/cdn.tgdd.vn\/ValueIcons\/17\/ICON-HDSD-6.png\" alt=\"Ki\u1ec3m tra nhi\u1ec7t \u0111\u1ed9 tr\u01b0\u1edbc khi b\u00e9 s\u1eed d\u1ee5ng b\u1eb1ng c\u00e1ch nh\u1ecf m\u1ed9t gi\u1ecdt l\u00ean tay.\" width=\"35\" height=\"35\" data-src=\"https:\/\/img.tgdd.vn\/imgt\/f_webp,fit_outside,quality_100,s_70x70\/https:\/\/cdn.tgdd.vn\/ValueIcons\/17\/ICON-HDSD-6.png\" \/> Ki\u1ec3m tra nhi\u1ec7t \u0111\u1ed9 tr\u01b0\u1edbc khi b\u00e9 s\u1eed d\u1ee5ng b\u1eb1ng c\u00e1ch nh\u1ecf m\u1ed9t gi\u1ecdt l\u00ean tay.<\/div>\n<\/div>\n<div class=\"spec_item\">\n<div class=\"spec_img\"><img loading=\"lazy\" decoding=\"async\" class=\" lazyloaded\" src=\"https:\/\/img.tgdd.vn\/imgt\/f_webp,fit_outside,quality_100,s_70x70\/https:\/\/cdn.tgdd.vn\/ValueIcons\/17\/ICON-HDSD-7.png\" alt=\"D\u00f9ng ngay sau khi pha.\" width=\"35\" height=\"35\" data-src=\"https:\/\/img.tgdd.vn\/imgt\/f_webp,fit_outside,quality_100,s_70x70\/https:\/\/cdn.tgdd.vn\/ValueIcons\/17\/ICON-HDSD-7.png\" \/>D\u00f9ng ngay sau khi pha.<\/div>\n<\/div>\n<div class=\"spec_item\">\n<div class=\"spec_img\"><img loading=\"lazy\" decoding=\"async\" class=\" lazyloaded\" src=\"https:\/\/img.tgdd.vn\/imgt\/f_webp,fit_outside,quality_100,s_70x70\/https:\/\/cdn.tgdd.vn\/ValueIcons\/17\/ICON-HDSD-8.png\" alt=\"Cho tr\u1ebb \u0103n b\u1eb1ng c\u1ed1c, th\u00eca h\u1ee3p v\u1ec7 sinh.\" width=\"35\" height=\"35\" data-src=\"https:\/\/img.tgdd.vn\/imgt\/f_webp,fit_outside,quality_100,s_70x70\/https:\/\/cdn.tgdd.vn\/ValueIcons\/17\/ICON-HDSD-8.png\" \/>Cho tr\u1ebb \u0103n b\u1eb1ng c\u1ed1c, th\u00eca h\u1ee3p v\u1ec7 sinh.<\/div>\n<\/div>\n<div class=\"spec_item\">\n<div class=\"spec_img\"><img loading=\"lazy\" decoding=\"async\" class=\" lazyloaded\" src=\"https:\/\/img.tgdd.vn\/imgt\/f_webp,fit_outside,quality_100,s_70x70\/https:\/\/cdn.tgdd.vn\/ValueIcons\/17\/ICON-HDSD-10.png\" alt=\"Kh\u00f4ng cho b\u00e9 u\u1ed1ng ho\u1eb7c \u0103n l\u1ea1i ph\u1ea7n th\u1eeba.\" width=\"35\" height=\"35\" data-src=\"https:\/\/img.tgdd.vn\/imgt\/f_webp,fit_outside,quality_100,s_70x70\/https:\/\/cdn.tgdd.vn\/ValueIcons\/17\/ICON-HDSD-10.png\" \/>Kh\u00f4ng cho b\u00e9 u\u1ed1ng ho\u1eb7c \u0103n l\u1ea1i ph\u1ea7n th\u1eeba.<\/div>\n<\/div>\n<p>&nbsp;<\/p>\n<p><strong><span style=\"font-size: 20.16px;color: #333333\">H\u01b0\u1edbng d\u1eabn b\u1ea3o qu\u1ea3n<\/span><\/strong><\/p>\n<\/div>\n<div class=\"prop-table\" data-id=\"34760\" data-group-id=\"15406\" data-index=\"2\">\n<div class=\"spec_item\">\n<div class=\"spec_img\"><img loading=\"lazy\" decoding=\"async\" class=\" lazyloaded\" src=\"https:\/\/img.tgdd.vn\/imgt\/f_webp,fit_outside,quality_100,s_70x70\/https:\/\/cdn.tgdd.vn\/ValueIcons\/17\/ICON-HDBQ-1.png\" alt=\"\u0110\u1eady k\u00edn sau m\u1ed7i l\u1ea7n s\u1eed d\u1ee5ng.\" width=\"35\" height=\"35\" data-src=\"https:\/\/img.tgdd.vn\/imgt\/f_webp,fit_outside,quality_100,s_70x70\/https:\/\/cdn.tgdd.vn\/ValueIcons\/17\/ICON-HDBQ-1.png\" \/>\u0110\u1eady k\u00edn sau m\u1ed7i l\u1ea7n s\u1eed d\u1ee5ng.<\/div>\n<\/div>\n<div class=\"spec_item\">\n<div class=\"spec_img\"><img loading=\"lazy\" decoding=\"async\" class=\" lazyloaded\" src=\"https:\/\/img.tgdd.vn\/imgt\/f_webp,fit_outside,quality_100,s_70x70\/https:\/\/cdn.tgdd.vn\/ValueIcons\/17\/ICON-HDBQ-4.png\" alt=\"B\u1ea3o qu\u1ea3n n\u01a1i kh\u00f4 r\u00e1o, tho\u00e1ng m\u00e1t, tr\u00e1nh \u00e1nh n\u1eafng tr\u1ef1c ti\u1ebfp.\" width=\"35\" height=\"35\" data-src=\"https:\/\/img.tgdd.vn\/imgt\/f_webp,fit_outside,quality_100,s_70x70\/https:\/\/cdn.tgdd.vn\/ValueIcons\/17\/ICON-HDBQ-4.png\" \/>B\u1ea3o qu\u1ea3n n\u01a1i kh\u00f4 r\u00e1o, tho\u00e1ng m\u00e1t, tr\u00e1nh \u00e1nh n\u1eafng tr\u1ef1c ti\u1ebfp.<\/div>\n<\/div>\n<div class=\"spec_item\">\n<div class=\"spec_img\"><img loading=\"lazy\" decoding=\"async\" class=\" lazyloaded\" src=\"https:\/\/img.tgdd.vn\/imgt\/f_webp,fit_outside,quality_100,s_70x70\/https:\/\/cdn.tgdd.vn\/ValueIcons\/17\/ICON-HDBQ-5.png\" alt=\"Sau khi m\u1edf n\u1eafp, s\u1eed d\u1ee5ng trong 3 tu\u1ea7n.\" width=\"35\" height=\"35\" data-src=\"https:\/\/img.tgdd.vn\/imgt\/f_webp,fit_outside,quality_100,s_70x70\/https:\/\/cdn.tgdd.vn\/ValueIcons\/17\/ICON-HDBQ-5.png\" \/>Sau khi m\u1edf n\u1eafp, s\u1eed d\u1ee5ng trong 3 tu\u1ea7n.<\/div>\n<\/div>\n<div class=\"spec_item\">\n<div class=\"spec_img\"><img loading=\"lazy\" decoding=\"async\" class=\" lazyloaded\" src=\"https:\/\/img.tgdd.vn\/imgt\/f_webp,fit_outside,quality_100,s_70x70\/https:\/\/cdn.tgdd.vn\/ValueIcons\/17\/ICON-HDBQ-8.png\" alt=\"\u0110\u1ea3m b\u1ea3o mu\u1ed7ng l\u01b0\u1eddng kh\u00f4 r\u00e1o r\u1ed3i \u0111\u1eb7t l\u1ea1i v\u00e0o h\u1ed9p.\" width=\"35\" height=\"35\" data-src=\"https:\/\/img.tgdd.vn\/imgt\/f_webp,fit_outside,quality_100,s_70x70\/https:\/\/cdn.tgdd.vn\/ValueIcons\/17\/ICON-HDBQ-8.png\" \/>\u0110\u1ea3m b\u1ea3o mu\u1ed7ng l\u01b0\u1eddng kh\u00f4 r\u00e1o r\u1ed3i \u0111\u1eb7t l\u1ea1i v\u00e0o h\u1ed9p.<\/div>\n<\/div>\n<\/div>\n<\/div>\n<\/div>\n<\/div>\n<\/div>\n<\/div>\n<div class=\"grid-row\">\n<div id=\"np_image-3673\" class=\"paragraph paragraph--type--np-image grid-col-8 off-2 full-page-width\">\n<div class=\"pos-content-area\"><\/div>\n<\/div>\n<\/div>\n<div id=\"np_cards-3689\" class=\"margins-style--standard paragraph paragraph--type--np-cards paragraph--view-mode--default full-page-width\">\n<div class=\"pos-content-area\">\n<div class=\"grid-row\">\n<div class=\"grid-col-8 off-2\">\n<div class=\"paragraph__title\">\n<div class=\"paragraph__title--icon\">\n<div><\/div>\n<div>\n<p>&nbsp;<\/p>\n<\/div>\n<div><\/div>\n<\/div>\n<\/div>\n<\/div>\n<\/div>\n<\/div>\n<\/div>\n","protected":false},"excerpt":{"rendered":"<p>S\u1ea3n ph\u1ea9m dinh d\u01b0\u1ee1ng c\u00f4ng th\u1ee9c Nestle NAN ORGANIC 2 900g v\u1edbi c\u00f4ng th\u1ee9c t\u1eeb Th\u1ee5y S\u1ef9<\/p>\n<p>S\u1ea3n xu\u1ea5t b\u1edfi Wyeth Nutritionals (Singapore) Pte. Ltd<br \/>\nNh\u1eadp kh\u1ea9u ch\u00ednh h\u00e3ng b\u1edfi Nestl\u00e9 Vi\u1ec7t Nam<\/p>\n<p>S\u1ea3n ph\u1ea9m dinh d\u01b0\u1ee1ng c\u00f4ng th\u1ee9c cho tr\u1ebb t\u1eeb 6 \u2013 24 th\u00e1ng tu\u1ed5i<\/p>\n","protected":false},"featured_media":5589,"comment_status":"open","ping_status":"closed","template":"","meta":[],"product_cat":[231],"product_tag":[573,556,566],"class_list":["post-5582","product","type-product","status-publish","has-post-thumbnail","hentry","product_cat-sua-bot","product_tag-ho-tro-giup-phat-trien-nao-bo","product_tag-tang-cuong-he-mien-dich","product_tag-tang-cuong-suc-de-khang","berocket_brand-nestle"],"yoast_head":"<!-- This site is optimized with the Yoast SEO plugin v27.6 - https:\/\/yoast.com\/product\/yoast-seo-wordpress\/ -->\n<title>Nestl\u00e9 NAN ORGANIC 2 900g - \u0110ANG KHUY\u1ebeN M\u00c3I<\/title>\n<meta name=\"description\" content=\"S\u1eefa b\u1ed9t\u00a0l\u00e0 s\u1ea3n ph\u1ea9m dinh d\u01b0\u1ee1ng c\u00f4ng th\u1ee9c h\u1eefu c\u01a1\u00a0ch\u1ee9ng nh\u1eadn c\u1ee7a NASAA. S\u1eefa b\u1ed9t NAN cho b\u00e9 t\u1eeb 6 \u0111\u1ebfn 24 th\u00e1ng\u00a0ch\u1ee9a\u00a0\u0111\u1ea1m whey\u00a0gi\u00fap tr\u1ebb d\u1ec5 ti\u00eau ho\u00e1.\" \/>\n<meta name=\"robots\" content=\"index, follow, max-snippet:-1, max-image-preview:large, max-video-preview:-1\" \/>\n<link rel=\"canonical\" href=\"https:\/\/suatuyetvoi.com\/muasam\/san-pham\/nestle-nan-organic-2-900g\/\" \/>\n<meta property=\"og:locale\" content=\"vi_VN\" \/>\n<meta property=\"og:type\" content=\"article\" \/>\n<meta property=\"og:title\" content=\"Nestl\u00e9 NAN ORGANIC 2 900g - \u0110ANG KHUY\u1ebeN M\u00c3I\" \/>\n<meta property=\"og:description\" content=\"S\u1eefa b\u1ed9t\u00a0l\u00e0 s\u1ea3n ph\u1ea9m dinh d\u01b0\u1ee1ng c\u00f4ng th\u1ee9c h\u1eefu c\u01a1\u00a0ch\u1ee9ng nh\u1eadn c\u1ee7a NASAA. S\u1eefa b\u1ed9t NAN cho b\u00e9 t\u1eeb 6 \u0111\u1ebfn 24 th\u00e1ng\u00a0ch\u1ee9a\u00a0\u0111\u1ea1m whey\u00a0gi\u00fap tr\u1ebb d\u1ec5 ti\u00eau ho\u00e1.\" \/>\n<meta property=\"og:url\" content=\"https:\/\/suatuyetvoi.com\/muasam\/san-pham\/nestle-nan-organic-2-900g\/\" \/>\n<meta property=\"og:site_name\" content=\"S\u1eefa Tuy\u1ec7t V\u1eddi\" \/>\n<meta property=\"article:modified_time\" content=\"2023-03-07T07:41:36+00:00\" \/>\n<meta property=\"og:image\" content=\"https:\/\/suatuyetvoi.com\/muasam\/wp-content\/uploads\/2023\/03\/d.png\" \/>\n\t<meta property=\"og:image:width\" content=\"1000\" \/>\n\t<meta property=\"og:image:height\" content=\"1000\" \/>\n\t<meta property=\"og:image:type\" content=\"image\/png\" \/>\n<meta name=\"twitter:card\" content=\"summary_large_image\" \/>\n<meta name=\"twitter:title\" content=\"Nestl\u00e9 NAN ORGANIC 2 900g - \u0110ANG KHUY\u1ebeN M\u00c3I\" \/>\n<meta name=\"twitter:description\" content=\"S\u1eefa b\u1ed9t\u00a0l\u00e0 s\u1ea3n ph\u1ea9m dinh d\u01b0\u1ee1ng c\u00f4ng th\u1ee9c h\u1eefu c\u01a1\u00a0ch\u1ee9ng nh\u1eadn c\u1ee7a NASAA. S\u1eefa b\u1ed9t NAN cho b\u00e9 t\u1eeb 6 \u0111\u1ebfn 24 th\u00e1ng\u00a0ch\u1ee9a\u00a0\u0111\u1ea1m whey\u00a0gi\u00fap tr\u1ebb d\u1ec5 ti\u00eau ho\u00e1.\" \/>\n<meta name=\"twitter:label1\" content=\"\u01af\u1edbc t\u00ednh th\u1eddi gian \u0111\u1ecdc\" \/>\n\t<meta name=\"twitter:data1\" content=\"5 ph\u00fat\" \/>\n<script type=\"application\/ld+json\" class=\"yoast-schema-graph\">{\"@context\":\"https:\\\/\\\/schema.org\",\"@graph\":[{\"@type\":\"WebPage\",\"@id\":\"https:\\\/\\\/suatuyetvoi.com\\\/muasam\\\/san-pham\\\/nestle-nan-organic-2-900g\\\/\",\"url\":\"https:\\\/\\\/suatuyetvoi.com\\\/muasam\\\/san-pham\\\/nestle-nan-organic-2-900g\\\/\",\"name\":\"Nestl\u00e9 NAN ORGANIC 2 900g - \u0110ANG KHUY\u1ebeN M\u00c3I\",\"isPartOf\":{\"@id\":\"https:\\\/\\\/suatuyetvoi.com\\\/muasam\\\/#website\"},\"primaryImageOfPage\":{\"@id\":\"https:\\\/\\\/suatuyetvoi.com\\\/muasam\\\/san-pham\\\/nestle-nan-organic-2-900g\\\/#primaryimage\"},\"image\":{\"@id\":\"https:\\\/\\\/suatuyetvoi.com\\\/muasam\\\/san-pham\\\/nestle-nan-organic-2-900g\\\/#primaryimage\"},\"thumbnailUrl\":\"https:\\\/\\\/suatuyetvoi.com\\\/muasam\\\/wp-content\\\/uploads\\\/2023\\\/03\\\/d.png\",\"datePublished\":\"2023-03-03T11:07:08+00:00\",\"dateModified\":\"2023-03-07T07:41:36+00:00\",\"description\":\"S\u1eefa b\u1ed9t\u00a0l\u00e0 s\u1ea3n ph\u1ea9m dinh d\u01b0\u1ee1ng c\u00f4ng th\u1ee9c h\u1eefu c\u01a1\u00a0ch\u1ee9ng nh\u1eadn c\u1ee7a NASAA. S\u1eefa b\u1ed9t NAN cho b\u00e9 t\u1eeb 6 \u0111\u1ebfn 24 th\u00e1ng\u00a0ch\u1ee9a\u00a0\u0111\u1ea1m whey\u00a0gi\u00fap tr\u1ebb d\u1ec5 ti\u00eau ho\u00e1.\",\"breadcrumb\":{\"@id\":\"https:\\\/\\\/suatuyetvoi.com\\\/muasam\\\/san-pham\\\/nestle-nan-organic-2-900g\\\/#breadcrumb\"},\"inLanguage\":\"vi\",\"potentialAction\":[{\"@type\":\"ReadAction\",\"target\":[\"https:\\\/\\\/suatuyetvoi.com\\\/muasam\\\/san-pham\\\/nestle-nan-organic-2-900g\\\/\"]}]},{\"@type\":\"ImageObject\",\"inLanguage\":\"vi\",\"@id\":\"https:\\\/\\\/suatuyetvoi.com\\\/muasam\\\/san-pham\\\/nestle-nan-organic-2-900g\\\/#primaryimage\",\"url\":\"https:\\\/\\\/suatuyetvoi.com\\\/muasam\\\/wp-content\\\/uploads\\\/2023\\\/03\\\/d.png\",\"contentUrl\":\"https:\\\/\\\/suatuyetvoi.com\\\/muasam\\\/wp-content\\\/uploads\\\/2023\\\/03\\\/d.png\",\"width\":1000,\"height\":1000},{\"@type\":\"BreadcrumbList\",\"@id\":\"https:\\\/\\\/suatuyetvoi.com\\\/muasam\\\/san-pham\\\/nestle-nan-organic-2-900g\\\/#breadcrumb\",\"itemListElement\":[{\"@type\":\"ListItem\",\"position\":1,\"name\":\"Home\",\"item\":\"https:\\\/\\\/suatuyetvoi.com\\\/muasam\\\/\"},{\"@type\":\"ListItem\",\"position\":2,\"name\":\"Shop\",\"item\":\"https:\\\/\\\/suatuyetvoi.com\\\/muasam\\\/shop\\\/\"},{\"@type\":\"ListItem\",\"position\":3,\"name\":\"Nestl\u00e9 NAN ORGANIC 2 900g\"}]},{\"@type\":\"WebSite\",\"@id\":\"https:\\\/\\\/suatuyetvoi.com\\\/muasam\\\/#website\",\"url\":\"https:\\\/\\\/suatuyetvoi.com\\\/muasam\\\/\",\"name\":\"S\u1eefa Tuy\u1ec7t V\u1eddi\",\"description\":\"S\u1eefa Tuy\u1ec7t V\u1eddi Vi\u1ec7t Nam\",\"potentialAction\":[{\"@type\":\"SearchAction\",\"target\":{\"@type\":\"EntryPoint\",\"urlTemplate\":\"https:\\\/\\\/suatuyetvoi.com\\\/muasam\\\/?s={search_term_string}\"},\"query-input\":{\"@type\":\"PropertyValueSpecification\",\"valueRequired\":true,\"valueName\":\"search_term_string\"}}],\"inLanguage\":\"vi\"}]}<\/script>\n<!-- \/ Yoast SEO plugin. -->","yoast_head_json":{"title":"Nestl\u00e9 NAN ORGANIC 2 900g - \u0110ANG KHUY\u1ebeN M\u00c3I","description":"S\u1eefa b\u1ed9t\u00a0l\u00e0 s\u1ea3n ph\u1ea9m dinh d\u01b0\u1ee1ng c\u00f4ng th\u1ee9c h\u1eefu c\u01a1\u00a0ch\u1ee9ng nh\u1eadn c\u1ee7a NASAA. S\u1eefa b\u1ed9t NAN cho b\u00e9 t\u1eeb 6 \u0111\u1ebfn 24 th\u00e1ng\u00a0ch\u1ee9a\u00a0\u0111\u1ea1m whey\u00a0gi\u00fap tr\u1ebb d\u1ec5 ti\u00eau ho\u00e1.","robots":{"index":"index","follow":"follow","max-snippet":"max-snippet:-1","max-image-preview":"max-image-preview:large","max-video-preview":"max-video-preview:-1"},"canonical":"https:\/\/suatuyetvoi.com\/muasam\/san-pham\/nestle-nan-organic-2-900g\/","og_locale":"vi_VN","og_type":"article","og_title":"Nestl\u00e9 NAN ORGANIC 2 900g - \u0110ANG KHUY\u1ebeN M\u00c3I","og_description":"S\u1eefa b\u1ed9t\u00a0l\u00e0 s\u1ea3n ph\u1ea9m dinh d\u01b0\u1ee1ng c\u00f4ng th\u1ee9c h\u1eefu c\u01a1\u00a0ch\u1ee9ng nh\u1eadn c\u1ee7a NASAA. S\u1eefa b\u1ed9t NAN cho b\u00e9 t\u1eeb 6 \u0111\u1ebfn 24 th\u00e1ng\u00a0ch\u1ee9a\u00a0\u0111\u1ea1m whey\u00a0gi\u00fap tr\u1ebb d\u1ec5 ti\u00eau ho\u00e1.","og_url":"https:\/\/suatuyetvoi.com\/muasam\/san-pham\/nestle-nan-organic-2-900g\/","og_site_name":"S\u1eefa Tuy\u1ec7t V\u1eddi","article_modified_time":"2023-03-07T07:41:36+00:00","og_image":[{"width":1000,"height":1000,"url":"https:\/\/suatuyetvoi.com\/muasam\/wp-content\/uploads\/2023\/03\/d.png","type":"image\/png"}],"twitter_card":"summary_large_image","twitter_title":"Nestl\u00e9 NAN ORGANIC 2 900g - \u0110ANG KHUY\u1ebeN M\u00c3I","twitter_description":"S\u1eefa b\u1ed9t\u00a0l\u00e0 s\u1ea3n ph\u1ea9m dinh d\u01b0\u1ee1ng c\u00f4ng th\u1ee9c h\u1eefu c\u01a1\u00a0ch\u1ee9ng nh\u1eadn c\u1ee7a NASAA. S\u1eefa b\u1ed9t NAN cho b\u00e9 t\u1eeb 6 \u0111\u1ebfn 24 th\u00e1ng\u00a0ch\u1ee9a\u00a0\u0111\u1ea1m whey\u00a0gi\u00fap tr\u1ebb d\u1ec5 ti\u00eau ho\u00e1.","twitter_misc":{"\u01af\u1edbc t\u00ednh th\u1eddi gian \u0111\u1ecdc":"5 ph\u00fat"},"schema":{"@context":"https:\/\/schema.org","@graph":[{"@type":"WebPage","@id":"https:\/\/suatuyetvoi.com\/muasam\/san-pham\/nestle-nan-organic-2-900g\/","url":"https:\/\/suatuyetvoi.com\/muasam\/san-pham\/nestle-nan-organic-2-900g\/","name":"Nestl\u00e9 NAN ORGANIC 2 900g - \u0110ANG KHUY\u1ebeN M\u00c3I","isPartOf":{"@id":"https:\/\/suatuyetvoi.com\/muasam\/#website"},"primaryImageOfPage":{"@id":"https:\/\/suatuyetvoi.com\/muasam\/san-pham\/nestle-nan-organic-2-900g\/#primaryimage"},"image":{"@id":"https:\/\/suatuyetvoi.com\/muasam\/san-pham\/nestle-nan-organic-2-900g\/#primaryimage"},"thumbnailUrl":"https:\/\/suatuyetvoi.com\/muasam\/wp-content\/uploads\/2023\/03\/d.png","datePublished":"2023-03-03T11:07:08+00:00","dateModified":"2023-03-07T07:41:36+00:00","description":"S\u1eefa b\u1ed9t\u00a0l\u00e0 s\u1ea3n ph\u1ea9m dinh d\u01b0\u1ee1ng c\u00f4ng th\u1ee9c h\u1eefu c\u01a1\u00a0ch\u1ee9ng nh\u1eadn c\u1ee7a NASAA. S\u1eefa b\u1ed9t NAN cho b\u00e9 t\u1eeb 6 \u0111\u1ebfn 24 th\u00e1ng\u00a0ch\u1ee9a\u00a0\u0111\u1ea1m whey\u00a0gi\u00fap tr\u1ebb d\u1ec5 ti\u00eau ho\u00e1.","breadcrumb":{"@id":"https:\/\/suatuyetvoi.com\/muasam\/san-pham\/nestle-nan-organic-2-900g\/#breadcrumb"},"inLanguage":"vi","potentialAction":[{"@type":"ReadAction","target":["https:\/\/suatuyetvoi.com\/muasam\/san-pham\/nestle-nan-organic-2-900g\/"]}]},{"@type":"ImageObject","inLanguage":"vi","@id":"https:\/\/suatuyetvoi.com\/muasam\/san-pham\/nestle-nan-organic-2-900g\/#primaryimage","url":"https:\/\/suatuyetvoi.com\/muasam\/wp-content\/uploads\/2023\/03\/d.png","contentUrl":"https:\/\/suatuyetvoi.com\/muasam\/wp-content\/uploads\/2023\/03\/d.png","width":1000,"height":1000},{"@type":"BreadcrumbList","@id":"https:\/\/suatuyetvoi.com\/muasam\/san-pham\/nestle-nan-organic-2-900g\/#breadcrumb","itemListElement":[{"@type":"ListItem","position":1,"name":"Home","item":"https:\/\/suatuyetvoi.com\/muasam\/"},{"@type":"ListItem","position":2,"name":"Shop","item":"https:\/\/suatuyetvoi.com\/muasam\/shop\/"},{"@type":"ListItem","position":3,"name":"Nestl\u00e9 NAN ORGANIC 2 900g"}]},{"@type":"WebSite","@id":"https:\/\/suatuyetvoi.com\/muasam\/#website","url":"https:\/\/suatuyetvoi.com\/muasam\/","name":"S\u1eefa Tuy\u1ec7t V\u1eddi","description":"S\u1eefa Tuy\u1ec7t V\u1eddi Vi\u1ec7t Nam","potentialAction":[{"@type":"SearchAction","target":{"@type":"EntryPoint","urlTemplate":"https:\/\/suatuyetvoi.com\/muasam\/?s={search_term_string}"},"query-input":{"@type":"PropertyValueSpecification","valueRequired":true,"valueName":"search_term_string"}}],"inLanguage":"vi"}]}},"_links":{"self":[{"href":"https:\/\/suatuyetvoi.com\/muasam\/wp-json\/wp\/v2\/product\/5582","targetHints":{"allow":["GET"]}}],"collection":[{"href":"https:\/\/suatuyetvoi.com\/muasam\/wp-json\/wp\/v2\/product"}],"about":[{"href":"https:\/\/suatuyetvoi.com\/muasam\/wp-json\/wp\/v2\/types\/product"}],"replies":[{"embeddable":true,"href":"https:\/\/suatuyetvoi.com\/muasam\/wp-json\/wp\/v2\/comments?post=5582"}],"wp:featuredmedia":[{"embeddable":true,"href":"https:\/\/suatuyetvoi.com\/muasam\/wp-json\/wp\/v2\/media\/5589"}],"wp:attachment":[{"href":"https:\/\/suatuyetvoi.com\/muasam\/wp-json\/wp\/v2\/media?parent=5582"}],"wp:term":[{"taxonomy":"product_cat","embeddable":true,"href":"https:\/\/suatuyetvoi.com\/muasam\/wp-json\/wp\/v2\/product_cat?post=5582"},{"taxonomy":"product_tag","embeddable":true,"href":"https:\/\/suatuyetvoi.com\/muasam\/wp-json\/wp\/v2\/product_tag?post=5582"}],"curies":[{"name":"wp","href":"https:\/\/api.w.org\/{rel}","templated":true}]}}