{"id":5556,"date":"2023-02-27T17:32:58","date_gmt":"2023-02-27T10:32:58","guid":{"rendered":"https:\/\/suatuyetvoi.com\/muasam\/?post_type=product&#038;p=5556"},"modified":"2023-02-27T18:01:13","modified_gmt":"2023-02-27T11:01:13","slug":"nutricare-colos24h-grow-plus-2-850g","status":"publish","type":"product","link":"https:\/\/suatuyetvoi.com\/muasam\/san-pham\/nutricare-colos24h-grow-plus-2-850g\/","title":{"rendered":"Nutricare Colos24h Grow Plus 2+ 850g"},"content":{"rendered":"<div class=\"content\">\n<div class=\"content\">S\u1ea3n ph\u1ea9m dinh d\u01b0\u1ee1ng d\u00e0nh cho tr\u1ebb t\u1eeb 2-10 tu\u1ed5i Nutricare Colos24h Grow Plus 2+<\/div>\n<p>Quy c\u00e1ch:<\/p>\n<ul>\n<li>850g: 12 h\u1ed9p\/th\u00f9ng.<\/li>\n<\/ul>\n<p><img loading=\"lazy\" decoding=\"async\" class=\"alignnone size-full wp-image-5557\" src=\"https:\/\/suatuyetvoi.com\/muasam\/wp-content\/uploads\/2023\/02\/sua-colos-grow-plus-moi.jpg\" alt=\"\" width=\"800\" height=\"510\" srcset=\"https:\/\/suatuyetvoi.com\/muasam\/wp-content\/uploads\/2023\/02\/sua-colos-grow-plus-moi.jpg 800w, https:\/\/suatuyetvoi.com\/muasam\/wp-content\/uploads\/2023\/02\/sua-colos-grow-plus-moi-627x400.jpg 627w, https:\/\/suatuyetvoi.com\/muasam\/wp-content\/uploads\/2023\/02\/sua-colos-grow-plus-moi-768x490.jpg 768w, https:\/\/suatuyetvoi.com\/muasam\/wp-content\/uploads\/2023\/02\/sua-colos-grow-plus-moi-600x383.jpg 600w\" sizes=\"auto, (max-width: 800px) 100vw, 800px\" \/><\/p>\n<h3><strong>C\u00f4ng d\u1ee5ng c\u1ee7a s\u1eefa Colos Grow Plus\u00a0<\/strong><\/h3>\n<p><b>T\u0102NG C\u00c2N KH\u1eceE M\u1ea0NH<\/b><\/p>\n<p><b>Cao n\u0103ng l\u01b0\u1ee3ng 100 Kcal\/100 ml\u00a0\u00a0<\/b>theo khuy\u1ebfn ngh\u1ecb c\u1ee7a\u00a0<b>T\u1ed5 ch\u1ee9c Y T\u1ebf Th\u1ebf Gi\u1edbi (WHO)\u00a0<\/b>cho tr\u1ebb suy dinh d\u01b0\u1ee1ng v\u00e0\u00a0<b>\u0110\u1ea1m ch\u1ea5t l\u01b0\u1ee3ng cao\u00a0<\/b>c\u00f9ng 18 axit amin gi\u00fap tr\u1ebb t\u0103ng c\u00e2n kh\u1ecfe m\u1ea1nh.<\/p>\n<p><b>Lysin<\/b>\u00a0v\u00e0\u00a0<b>K\u1ebdm\u00a0<\/b>th\u00fac \u0111\u1ea9y qu\u00e1 tr\u00ecnh chuy\u1ec3n h\u00f3a n\u0103ng l\u01b0\u1ee3ng, gi\u00fap tr\u1ebb \u0103n ngon mi\u1ec7ng.<\/p>\n<p><b>T\u0102NG C\u01af\u1edcNG \u0110\u1ec0 KH\u00c1NG V\u00c0 TI\u00caU H\u00d3A<\/b><\/p>\n<p>B\u1ed5 sung\u00a0<b>S\u1eefa Non 24h\u00a0<\/b>nh\u1eadp kh\u1ea9u tr\u1ef1c ti\u1ebfp t\u1eeb M\u1ef9\u00a0 ch\u1ee9a\u00a0<b>20% kh\u00e1ng th\u1ec3 IgG\u00a0<\/b>c\u00f9ng\u00a0<b>K\u1ebdm\u00a0<\/b>v\u00e0\u00a0<b>h\u1ec7 Antioxidant\u00a0<\/b>(Vitamin A, C, E, Selen) gi\u00fap t\u0103ng c\u01b0\u1eddng s\u1ee9c \u0111\u1ec1 kh\u00e1ng.<\/p>\n<p><b>Ch\u1ea5t x\u01a1 h\u00f2a tan (Prebiotics)<\/b><b>\u00a0<\/b>gi\u00fap t\u0103ng h\u1ec7 vi khu\u1ea9n c\u00f3 l\u1ee3i, h\u1ed7 tr\u1ee3 h\u1ec7 ti\u00eau h\u00f3a c\u1ee7a tr\u1ebb, ch\u1ed1ng t\u00e1o b\u00f3n.<\/p>\n<p><b>H\u1ed6 TR\u1ee2 PH\u00c1T TRI\u1ec2N CHI\u1ec0U CAO<\/b><\/p>\n<p>B\u1ed9 3\u00a0<b>Canxi, Vitamin D3, Ph\u1ed1t pho<\/b>\u00a0gi\u00fap ph\u00e1t tri\u1ec3n h\u1ec7 x\u01b0\u01a1ng v\u00e0 chi\u1ec1u cao c\u1ee7a tr\u1ebb; \u0111\u00e1p \u1ee9ng theo\u00a0<b>nhu c\u1ea7u khuy\u1ebfn ngh\u1ecb c\u1ee7a B\u1ed9 y t\u1ebf<\/b>\u00a0ph\u00f9 h\u1ee3p v\u1edbi th\u1ec3 tr\u1ea1ng c\u1ee7a tr\u1ebb em Vi\u1ec7t Nam.<\/p>\n<p><b>H\u1ed6 TR\u1ee2 PH\u00c1T TRI\u1ec2N N\u00c3O B\u1ed8<\/b><\/p>\n<p><b>DHA<\/b>\u00a0l\u00e0 d\u01b0\u1ee1ng ch\u1ea5t quan tr\u1ecdng gi\u00fap ph\u00e1t tri\u1ec3n n\u00e3o b\u1ed9. C\u00f9ng\u00a0<b>Axit Folic\u00a0<\/b>h\u1ed7 tr\u1ee3 kh\u1ea3 n\u0103ng ghi nh\u1edb, h\u1ecdc h\u1ecfi c\u1ee7a tr\u1ebb.<\/p>\n<blockquote><p><strong>H\u01b0\u1edbng d\u1eabn s\u1eed d\u1ee5ng:<\/strong><\/p><\/blockquote>\n<p>1) \u0110un s\u00f4i n\u01b0\u1edbc \u0111\u1ec3 pha trong 5 ph\u00fat v\u00e0 \u0111\u1ec3 n\u01b0\u1edbc ngu\u1ed9i (45 \u2013 50<sup>0<\/sup>C) tr\u01b0\u1edbc khi pha.<\/p>\n<p>2) Cho 180 ml n\u01b0\u1edbc \u1ea5m v\u00e0o c\u1ed1c\/b\u00ecnh r\u1ed3i cho t\u1eeb t\u1eeb 4.5 mu\u1ed7ng g\u1ea1t\u00a0<strong>Nutricare Colos24h Grow Plus 2+<\/strong>\u00a0(t\u01b0\u01a1ng \u0111\u01b0\u01a1ng 45 g).<\/p>\n<p>3) Khu\u1ea5y \u0111\u1ec1u cho \u0111\u1ebfn khi tan h\u1ebft \u0111\u01b0\u1ee3c 210 ml\u00a0<strong>Nutricare Colos24h Grow Plus 2+.<\/strong>\u00a0Th\u1eed \u0111\u1ed9 n\u00f3ng tr\u01b0\u1edbc khi cho b\u00e9 d\u00f9ng.<\/p>\n<p>H\u1ed7n h\u1ee3p sau khi pha s\u1eed d\u1ee5ng h\u1ebft trong v\u00f2ng 1 gi\u1edd.<\/p>\n<\/div>\n","protected":false},"excerpt":{"rendered":"<ul>\n<li>T\u0103ng c\u00e2n kh\u1ecfe m\u1ea1nh<\/li>\n<li>T\u0103ng c\u01b0\u1eddng \u0111\u1ec1 kh\u00e1ng v\u00e0 ti\u00eau h\u00f3a<\/li>\n<li>H\u1ed7 tr\u1ee3 ph\u00e1t tri\u1ec3n chi\u1ec1u cao<\/li>\n<li>Th\u01b0\u01a1ng hi\u1ec7u: NUTRICARE<\/li>\n<\/ul>\n","protected":false},"featured_media":5559,"comment_status":"open","ping_status":"closed","template":"","meta":[],"product_cat":[231],"product_tag":[576,528,575],"class_list":["post-5556","product","type-product","status-publish","has-post-thumbnail","hentry","product_cat-sua-bot","product_tag-ho-tro-chieu-cao","product_tag-tang-can","product_tag-tang-cuong-de-khang","berocket_brand-nutricare"],"yoast_head":"<!-- This site is optimized with the Yoast SEO plugin v27.6 - https:\/\/yoast.com\/product\/yoast-seo-wordpress\/ -->\n<title>NUTRICARE COLOS24H GROW PLUS 2+ 850g - KHUY\u1ebeN M\u00c3I<\/title>\n<meta name=\"description\" content=\"Nutricare gi\u1edbi thi\u1ec7u gi\u1ea3i ph\u00e1p dinh d\u01b0\u1ee1ng t\u1eeb Colos 24h Grow Plus n\u0103ng l\u01b0\u1ee3ng cao c\u00f9ng s\u1eefa non 24h t\u0103ng \u0111\u1ec1 kh\u00e1ng, b\u1ed5 sung 52 d\u01b0\u1ee1ng ch\u1ea5t thi\u1ebft y\u1ebfu\" \/>\n<meta name=\"robots\" content=\"index, follow, max-snippet:-1, max-image-preview:large, max-video-preview:-1\" \/>\n<link rel=\"canonical\" href=\"https:\/\/suatuyetvoi.com\/muasam\/san-pham\/nutricare-colos24h-grow-plus-2-850g\/\" \/>\n<meta property=\"og:locale\" content=\"vi_VN\" \/>\n<meta property=\"og:type\" content=\"article\" \/>\n<meta property=\"og:title\" content=\"NUTRICARE COLOS24H GROW PLUS 2+ 850g - KHUY\u1ebeN M\u00c3I\" \/>\n<meta property=\"og:description\" content=\"Nutricare gi\u1edbi thi\u1ec7u gi\u1ea3i ph\u00e1p dinh d\u01b0\u1ee1ng t\u1eeb Colos 24h Grow Plus n\u0103ng l\u01b0\u1ee3ng cao c\u00f9ng s\u1eefa non 24h t\u0103ng \u0111\u1ec1 kh\u00e1ng, b\u1ed5 sung 52 d\u01b0\u1ee1ng ch\u1ea5t thi\u1ebft y\u1ebfu\" \/>\n<meta property=\"og:url\" content=\"https:\/\/suatuyetvoi.com\/muasam\/san-pham\/nutricare-colos24h-grow-plus-2-850g\/\" \/>\n<meta property=\"og:site_name\" content=\"S\u1eefa Tuy\u1ec7t V\u1eddi\" \/>\n<meta property=\"article:modified_time\" content=\"2023-02-27T11:01:13+00:00\" \/>\n<meta property=\"og:image\" content=\"https:\/\/suatuyetvoi.com\/muasam\/wp-content\/uploads\/2023\/02\/A900g-1c-2048x1933-1-848x800.png\" \/>\n\t<meta property=\"og:image:width\" content=\"848\" \/>\n\t<meta property=\"og:image:height\" content=\"800\" \/>\n\t<meta property=\"og:image:type\" content=\"image\/png\" \/>\n<meta name=\"twitter:card\" content=\"summary_large_image\" \/>\n<meta name=\"twitter:title\" content=\"NUTRICARE COLOS24H GROW PLUS 2+ 850g - KHUY\u1ebeN M\u00c3I\" \/>\n<meta name=\"twitter:description\" content=\"Nutricare gi\u1edbi thi\u1ec7u gi\u1ea3i ph\u00e1p dinh d\u01b0\u1ee1ng t\u1eeb Colos 24h Grow Plus n\u0103ng l\u01b0\u1ee3ng cao c\u00f9ng s\u1eefa non 24h t\u0103ng \u0111\u1ec1 kh\u00e1ng, b\u1ed5 sung 52 d\u01b0\u1ee1ng ch\u1ea5t thi\u1ebft y\u1ebfu\" \/>\n<meta name=\"twitter:label1\" content=\"\u01af\u1edbc t\u00ednh th\u1eddi gian \u0111\u1ecdc\" \/>\n\t<meta name=\"twitter:data1\" content=\"2 ph\u00fat\" \/>\n<script type=\"application\/ld+json\" class=\"yoast-schema-graph\">{\"@context\":\"https:\\\/\\\/schema.org\",\"@graph\":[{\"@type\":\"WebPage\",\"@id\":\"https:\\\/\\\/suatuyetvoi.com\\\/muasam\\\/san-pham\\\/nutricare-colos24h-grow-plus-2-850g\\\/\",\"url\":\"https:\\\/\\\/suatuyetvoi.com\\\/muasam\\\/san-pham\\\/nutricare-colos24h-grow-plus-2-850g\\\/\",\"name\":\"NUTRICARE COLOS24H GROW PLUS 2+ 850g - KHUY\u1ebeN M\u00c3I\",\"isPartOf\":{\"@id\":\"https:\\\/\\\/suatuyetvoi.com\\\/muasam\\\/#website\"},\"primaryImageOfPage\":{\"@id\":\"https:\\\/\\\/suatuyetvoi.com\\\/muasam\\\/san-pham\\\/nutricare-colos24h-grow-plus-2-850g\\\/#primaryimage\"},\"image\":{\"@id\":\"https:\\\/\\\/suatuyetvoi.com\\\/muasam\\\/san-pham\\\/nutricare-colos24h-grow-plus-2-850g\\\/#primaryimage\"},\"thumbnailUrl\":\"https:\\\/\\\/suatuyetvoi.com\\\/muasam\\\/wp-content\\\/uploads\\\/2023\\\/02\\\/A900g-1c-2048x1933-1.png\",\"datePublished\":\"2023-02-27T10:32:58+00:00\",\"dateModified\":\"2023-02-27T11:01:13+00:00\",\"description\":\"Nutricare gi\u1edbi thi\u1ec7u gi\u1ea3i ph\u00e1p dinh d\u01b0\u1ee1ng t\u1eeb Colos 24h Grow Plus n\u0103ng l\u01b0\u1ee3ng cao c\u00f9ng s\u1eefa non 24h t\u0103ng \u0111\u1ec1 kh\u00e1ng, b\u1ed5 sung 52 d\u01b0\u1ee1ng ch\u1ea5t thi\u1ebft y\u1ebfu\",\"breadcrumb\":{\"@id\":\"https:\\\/\\\/suatuyetvoi.com\\\/muasam\\\/san-pham\\\/nutricare-colos24h-grow-plus-2-850g\\\/#breadcrumb\"},\"inLanguage\":\"vi\",\"potentialAction\":[{\"@type\":\"ReadAction\",\"target\":[\"https:\\\/\\\/suatuyetvoi.com\\\/muasam\\\/san-pham\\\/nutricare-colos24h-grow-plus-2-850g\\\/\"]}]},{\"@type\":\"ImageObject\",\"inLanguage\":\"vi\",\"@id\":\"https:\\\/\\\/suatuyetvoi.com\\\/muasam\\\/san-pham\\\/nutricare-colos24h-grow-plus-2-850g\\\/#primaryimage\",\"url\":\"https:\\\/\\\/suatuyetvoi.com\\\/muasam\\\/wp-content\\\/uploads\\\/2023\\\/02\\\/A900g-1c-2048x1933-1.png\",\"contentUrl\":\"https:\\\/\\\/suatuyetvoi.com\\\/muasam\\\/wp-content\\\/uploads\\\/2023\\\/02\\\/A900g-1c-2048x1933-1.png\",\"width\":2048,\"height\":1933},{\"@type\":\"BreadcrumbList\",\"@id\":\"https:\\\/\\\/suatuyetvoi.com\\\/muasam\\\/san-pham\\\/nutricare-colos24h-grow-plus-2-850g\\\/#breadcrumb\",\"itemListElement\":[{\"@type\":\"ListItem\",\"position\":1,\"name\":\"Home\",\"item\":\"https:\\\/\\\/suatuyetvoi.com\\\/muasam\\\/\"},{\"@type\":\"ListItem\",\"position\":2,\"name\":\"Shop\",\"item\":\"https:\\\/\\\/suatuyetvoi.com\\\/muasam\\\/shop\\\/\"},{\"@type\":\"ListItem\",\"position\":3,\"name\":\"Nutricare Colos24h Grow Plus 2+ 850g\"}]},{\"@type\":\"WebSite\",\"@id\":\"https:\\\/\\\/suatuyetvoi.com\\\/muasam\\\/#website\",\"url\":\"https:\\\/\\\/suatuyetvoi.com\\\/muasam\\\/\",\"name\":\"S\u1eefa Tuy\u1ec7t V\u1eddi\",\"description\":\"S\u1eefa Tuy\u1ec7t V\u1eddi Vi\u1ec7t Nam\",\"potentialAction\":[{\"@type\":\"SearchAction\",\"target\":{\"@type\":\"EntryPoint\",\"urlTemplate\":\"https:\\\/\\\/suatuyetvoi.com\\\/muasam\\\/?s={search_term_string}\"},\"query-input\":{\"@type\":\"PropertyValueSpecification\",\"valueRequired\":true,\"valueName\":\"search_term_string\"}}],\"inLanguage\":\"vi\"}]}<\/script>\n<!-- \/ Yoast SEO plugin. -->","yoast_head_json":{"title":"NUTRICARE COLOS24H GROW PLUS 2+ 850g - KHUY\u1ebeN M\u00c3I","description":"Nutricare gi\u1edbi thi\u1ec7u gi\u1ea3i ph\u00e1p dinh d\u01b0\u1ee1ng t\u1eeb Colos 24h Grow Plus n\u0103ng l\u01b0\u1ee3ng cao c\u00f9ng s\u1eefa non 24h t\u0103ng \u0111\u1ec1 kh\u00e1ng, b\u1ed5 sung 52 d\u01b0\u1ee1ng ch\u1ea5t thi\u1ebft y\u1ebfu","robots":{"index":"index","follow":"follow","max-snippet":"max-snippet:-1","max-image-preview":"max-image-preview:large","max-video-preview":"max-video-preview:-1"},"canonical":"https:\/\/suatuyetvoi.com\/muasam\/san-pham\/nutricare-colos24h-grow-plus-2-850g\/","og_locale":"vi_VN","og_type":"article","og_title":"NUTRICARE COLOS24H GROW PLUS 2+ 850g - KHUY\u1ebeN M\u00c3I","og_description":"Nutricare gi\u1edbi thi\u1ec7u gi\u1ea3i ph\u00e1p dinh d\u01b0\u1ee1ng t\u1eeb Colos 24h Grow Plus n\u0103ng l\u01b0\u1ee3ng cao c\u00f9ng s\u1eefa non 24h t\u0103ng \u0111\u1ec1 kh\u00e1ng, b\u1ed5 sung 52 d\u01b0\u1ee1ng ch\u1ea5t thi\u1ebft y\u1ebfu","og_url":"https:\/\/suatuyetvoi.com\/muasam\/san-pham\/nutricare-colos24h-grow-plus-2-850g\/","og_site_name":"S\u1eefa Tuy\u1ec7t V\u1eddi","article_modified_time":"2023-02-27T11:01:13+00:00","og_image":[{"width":848,"height":800,"url":"https:\/\/suatuyetvoi.com\/muasam\/wp-content\/uploads\/2023\/02\/A900g-1c-2048x1933-1-848x800.png","type":"image\/png"}],"twitter_card":"summary_large_image","twitter_title":"NUTRICARE COLOS24H GROW PLUS 2+ 850g - KHUY\u1ebeN M\u00c3I","twitter_description":"Nutricare gi\u1edbi thi\u1ec7u gi\u1ea3i ph\u00e1p dinh d\u01b0\u1ee1ng t\u1eeb Colos 24h Grow Plus n\u0103ng l\u01b0\u1ee3ng cao c\u00f9ng s\u1eefa non 24h t\u0103ng \u0111\u1ec1 kh\u00e1ng, b\u1ed5 sung 52 d\u01b0\u1ee1ng ch\u1ea5t thi\u1ebft y\u1ebfu","twitter_misc":{"\u01af\u1edbc t\u00ednh th\u1eddi gian \u0111\u1ecdc":"2 ph\u00fat"},"schema":{"@context":"https:\/\/schema.org","@graph":[{"@type":"WebPage","@id":"https:\/\/suatuyetvoi.com\/muasam\/san-pham\/nutricare-colos24h-grow-plus-2-850g\/","url":"https:\/\/suatuyetvoi.com\/muasam\/san-pham\/nutricare-colos24h-grow-plus-2-850g\/","name":"NUTRICARE COLOS24H GROW PLUS 2+ 850g - KHUY\u1ebeN M\u00c3I","isPartOf":{"@id":"https:\/\/suatuyetvoi.com\/muasam\/#website"},"primaryImageOfPage":{"@id":"https:\/\/suatuyetvoi.com\/muasam\/san-pham\/nutricare-colos24h-grow-plus-2-850g\/#primaryimage"},"image":{"@id":"https:\/\/suatuyetvoi.com\/muasam\/san-pham\/nutricare-colos24h-grow-plus-2-850g\/#primaryimage"},"thumbnailUrl":"https:\/\/suatuyetvoi.com\/muasam\/wp-content\/uploads\/2023\/02\/A900g-1c-2048x1933-1.png","datePublished":"2023-02-27T10:32:58+00:00","dateModified":"2023-02-27T11:01:13+00:00","description":"Nutricare gi\u1edbi thi\u1ec7u gi\u1ea3i ph\u00e1p dinh d\u01b0\u1ee1ng t\u1eeb Colos 24h Grow Plus n\u0103ng l\u01b0\u1ee3ng cao c\u00f9ng s\u1eefa non 24h t\u0103ng \u0111\u1ec1 kh\u00e1ng, b\u1ed5 sung 52 d\u01b0\u1ee1ng ch\u1ea5t thi\u1ebft y\u1ebfu","breadcrumb":{"@id":"https:\/\/suatuyetvoi.com\/muasam\/san-pham\/nutricare-colos24h-grow-plus-2-850g\/#breadcrumb"},"inLanguage":"vi","potentialAction":[{"@type":"ReadAction","target":["https:\/\/suatuyetvoi.com\/muasam\/san-pham\/nutricare-colos24h-grow-plus-2-850g\/"]}]},{"@type":"ImageObject","inLanguage":"vi","@id":"https:\/\/suatuyetvoi.com\/muasam\/san-pham\/nutricare-colos24h-grow-plus-2-850g\/#primaryimage","url":"https:\/\/suatuyetvoi.com\/muasam\/wp-content\/uploads\/2023\/02\/A900g-1c-2048x1933-1.png","contentUrl":"https:\/\/suatuyetvoi.com\/muasam\/wp-content\/uploads\/2023\/02\/A900g-1c-2048x1933-1.png","width":2048,"height":1933},{"@type":"BreadcrumbList","@id":"https:\/\/suatuyetvoi.com\/muasam\/san-pham\/nutricare-colos24h-grow-plus-2-850g\/#breadcrumb","itemListElement":[{"@type":"ListItem","position":1,"name":"Home","item":"https:\/\/suatuyetvoi.com\/muasam\/"},{"@type":"ListItem","position":2,"name":"Shop","item":"https:\/\/suatuyetvoi.com\/muasam\/shop\/"},{"@type":"ListItem","position":3,"name":"Nutricare Colos24h Grow Plus 2+ 850g"}]},{"@type":"WebSite","@id":"https:\/\/suatuyetvoi.com\/muasam\/#website","url":"https:\/\/suatuyetvoi.com\/muasam\/","name":"S\u1eefa Tuy\u1ec7t V\u1eddi","description":"S\u1eefa Tuy\u1ec7t V\u1eddi Vi\u1ec7t Nam","potentialAction":[{"@type":"SearchAction","target":{"@type":"EntryPoint","urlTemplate":"https:\/\/suatuyetvoi.com\/muasam\/?s={search_term_string}"},"query-input":{"@type":"PropertyValueSpecification","valueRequired":true,"valueName":"search_term_string"}}],"inLanguage":"vi"}]}},"_links":{"self":[{"href":"https:\/\/suatuyetvoi.com\/muasam\/wp-json\/wp\/v2\/product\/5556","targetHints":{"allow":["GET"]}}],"collection":[{"href":"https:\/\/suatuyetvoi.com\/muasam\/wp-json\/wp\/v2\/product"}],"about":[{"href":"https:\/\/suatuyetvoi.com\/muasam\/wp-json\/wp\/v2\/types\/product"}],"replies":[{"embeddable":true,"href":"https:\/\/suatuyetvoi.com\/muasam\/wp-json\/wp\/v2\/comments?post=5556"}],"wp:featuredmedia":[{"embeddable":true,"href":"https:\/\/suatuyetvoi.com\/muasam\/wp-json\/wp\/v2\/media\/5559"}],"wp:attachment":[{"href":"https:\/\/suatuyetvoi.com\/muasam\/wp-json\/wp\/v2\/media?parent=5556"}],"wp:term":[{"taxonomy":"product_cat","embeddable":true,"href":"https:\/\/suatuyetvoi.com\/muasam\/wp-json\/wp\/v2\/product_cat?post=5556"},{"taxonomy":"product_tag","embeddable":true,"href":"https:\/\/suatuyetvoi.com\/muasam\/wp-json\/wp\/v2\/product_tag?post=5556"}],"curies":[{"name":"wp","href":"https:\/\/api.w.org\/{rel}","templated":true}]}}