{"id":5540,"date":"2023-02-27T16:18:20","date_gmt":"2023-02-27T09:18:20","guid":{"rendered":"https:\/\/suatuyetvoi.com\/muasam\/?post_type=product&#038;p=5540"},"modified":"2023-03-07T20:31:55","modified_gmt":"2023-03-07T13:31:55","slug":"sua-ensure-gold-it-ngot-huong-vani-400g","status":"publish","type":"product","link":"https:\/\/suatuyetvoi.com\/muasam\/san-pham\/sua-ensure-gold-it-ngot-huong-vani-400g\/","title":{"rendered":"S\u1eefa Ensure Gold \u00cdt Ng\u1ecdt H\u01b0\u01a1ng Vani 400g"},"content":{"rendered":"<div>\u0110\u1ebfn t\u1eeb th\u01b0\u01a1ng hi\u1ec7u Abbott Hoa K\u1ef3, v\u1edbi h\u01a1n 30 nghi\u00ean c\u1ee9u l\u00e2m s\u00e0ng trong su\u1ed1t 45 n\u0103m, s\u1eefa Ensure Gold \u00edt ng\u1ecdt h\u01b0\u01a1ng vani 400g l\u00e0 dinh d\u01b0\u1ee1ng c\u00e2n \u0111\u1ed1i v\u00e0 \u0111\u1ea7y \u0111\u1ee7, \u0111\u01b0\u1ee3c ch\u1ee9ng minh gi\u00fap \u0111\u00e1p \u1ee9ng nhu c\u1ea7u dinh d\u01b0\u1ee1ng cho ng\u01b0\u1eddi l\u1edbn tu\u1ed5i, h\u1ed7 tr\u1ee3 t\u0103ng c\u01b0\u1eddng s\u1ee9c kh\u1ecfe, th\u1ec3 ch\u1ea5t v\u00e0 ch\u1ea5t l\u01b0\u1ee3ng cu\u1ed9c s\u1ed1ng. Ensure Gold d\u00e0nh ri\u00eang cho ng\u01b0\u1eddi l\u1edbn, ng\u01b0\u1eddi \u0103n u\u1ed1ng k\u00e9m, \u0111\u1eb7c bi\u1ec7t ph\u00f9 h\u1ee3p cho ng\u01b0\u1eddi b\u1ec7nh c\u1ea7n ph\u1ee5c h\u1ed3i nhanh, cung c\u1ea5p 28 lo\u1ea1i vitamin v\u00e0 kho\u00e1ng ch\u1ea5t, \u0111\u1eb7c bi\u1ec7t c\u00f4ng th\u1ee9c m\u1edbi HMB v\u00e0 protein ch\u1ea5t l\u01b0\u1ee3ng cao h\u1ed7 tr\u1ee3 x\u00e2y d\u1ef1ng v\u00e0 ph\u00e1t tri\u1ec3n kh\u1ed1i c\u01a1. B\u00ean c\u1ea1nh \u0111\u00f3, s\u1eefa h\u1ed7 tr\u1ee3 t\u1ed1t cho h\u1ec7 ti\u00eau h\u00f3a, mi\u1ec5n d\u1ecbch v\u00e0 h\u1ec7 tim m\u1ea1ch.<\/div>\n<div><\/div>\n<h3>\u0110\u1eb7c \u0111i\u1ec3m n\u1ed5i b\u1eadt c\u1ee7a s\u1ea3n ph\u1ea9m<\/h3>\n<p><em><strong>Dinh d\u01b0\u1ee1ng \u0111\u1ea7y \u0111\u1ee7 v\u00e0 c\u00e2n \u0111\u1ed1i<\/strong><\/em><\/p>\n<div>\n<p>&#8211; S\u1eefa Ensure Gold \u00edt ng\u1ecdt h\u01b0\u01a1ng vani 400g ch\u1ee9a c\u00f4ng th\u1ee9c HMB (\u03b2-hydroxy-\u03b2-methylbutyrat) v\u00e0 protein ch\u1ea5t l\u01b0\u1ee3ng cao h\u1ed7 tr\u1ee3 x\u00e2y d\u1ef1ng v\u00e0 ph\u00e1t tri\u1ec3n kh\u1ed1i c\u01a1.<\/p>\n<p>&#8211; 28 vitamin v\u00e0 kho\u00e1ng ch\u1ea5t thi\u1ebft y\u1ebfu gi\u00fap c\u01a1 th\u1ec3 kh\u1ecfe m\u1ea1nh. Gi\u00e0u Canxi, Ph\u1ed1t-pho v\u00e0 vitamin D gi\u00fap x\u01b0\u01a1ng ch\u1eafc kh\u1ecfe.<\/p>\n<\/div>\n<p><strong><em>H\u1ed7 tr\u1ee3 ti\u00eau h\u00f3a v\u00e0 t\u0103ng c\u01b0\u1eddng \u0111\u1ec1 kh\u00e1ng<\/em><\/strong><\/p>\n<p>&#8211; Ch\u1ea5t x\u01a1 FOS c\u00f3 trong Ensure Gold nu\u00f4i d\u01b0\u1ee1ng vi sinh v\u1eadt c\u00f3 l\u1ee3i trong \u0111\u01b0\u1eddng ru\u1ed9t, t\u1eeb \u0111\u00f3 gi\u00fap h\u1ec7 ti\u00eau h\u00f3a kh\u1ecfe m\u1ea1nh.<\/p>\n<p>&#8211; C\u00e1c ch\u1ea5t ch\u1ed1ng oxy h\u00f3a (beta caroten, vitamin C, E, k\u1ebdm v\u00e0 Selen) gi\u00fap b\u1ea3o v\u1ec7 c\u01a1 th\u1ec3.<\/p>\n<p><em><strong>T\u1ed1t cho h\u1ec7 tim m\u1ea1ch<\/strong><\/em><\/p>\n<p>Ensure Gold ch\u1ee9a h\u1ed7n h\u1ee3p ch\u1ea5t b\u00e9o th\u1ef1c v\u1eadt gi\u00e0u acid b\u00e9o Omega 3-6-9 t\u1ed1t cho tim m\u1ea1ch. H\u00e0m l\u01b0\u1ee3ng acid b\u00e9o no v\u00e0 Cholesterol th\u1ea5p c\u00f3 l\u1ee3i cho ch\u1ebf \u0111\u1ed9 \u0103n l\u00e0nh m\u1ea1nh.<\/p>\n<p><em><strong>H\u01b0\u01a1ng vani th\u01a1m ngon<\/strong><\/em><\/p>\n<p>Ensure Gold h\u01b0\u01a1ng vani v\u1edbi \u0111\u1ed9 ng\u1ecdt \u00edt h\u01a1n, d\u1ec5 u\u1ed1ng h\u01a1n, ph\u00f9 h\u1ee3p v\u1edbi v\u1ecb gi\u00e1c c\u1ee7a nhi\u1ec1u \u0111\u1ed1i t\u01b0\u1ee3ng s\u1eed d\u1ee5ng.<\/p>\n<p>S\u1ea3n ph\u1ea9m kh\u00f4ng ch\u1ee9a Trans Fat (acid b\u00e9o chuy\u1ec3n \u0111\u1ed5i), Gluten v\u00e0 Lactose.<\/p>\n<h3>H\u01b0\u1edbng d\u1eabn s\u1eed d\u1ee5ng v\u00e0 b\u1ea3o qu\u1ea3n s\u1ea3n ph\u1ea9m<\/h3>\n<p>&#8211; \u0110\u1ec3 pha 230 ml, cho 185ml n\u01b0\u1edbc ch\u00edn ngu\u1ed9i v\u00e0o ly, v\u1eeba t\u1eeb t\u1eeb cho v\u00e0o ly 6 mu\u1ed7ng g\u1ea1t ngang (mu\u1ed7ng c\u00f3 s\u1eb5n trong h\u1ed9p) hay 60.6g b\u1ed9t Ensure Gold v\u1eeba khu\u1ea5y \u0111\u1ec1u cho \u0111\u1ebfn khi b\u1ed9t tan h\u1ebft.<\/p>\n<p>&#8211; B\u1ed5 sung ch\u1ebf \u0111\u1ed9 \u0103n 2 ly\/ng\u00e0y ho\u1eb7c theo h\u01b0\u1edbng d\u1eabn c\u1ee7a chuy\u00ean vi\u00ean dinh d\u01b0\u1ee1ng.<\/p>\n<p>&#8211; Khi pha \u0111\u00fang theo h\u01b0\u1edbng d\u1eabn, 1ml Ensure Gold cung c\u1ea5p kho\u1ea3ng 1.14 kcal. H\u1ed9p 850g b\u1ed9t c\u00f3 th\u1ec3 pha \u0111\u01b0\u1ee3c kho\u1ea3ng 14 ly, m\u1ed7i ly 230 ml.<\/p>\n<p>&#8211; Ch\u00fa \u00fd:<\/p>\n<p>+ Kh\u00f4ng d\u00f9ng cho ng\u01b0\u1eddi b\u1ec7nh Galactosemia<\/p>\n<p>+ Kh\u00f4ng d\u00f9ng qua \u0111\u01b0\u1eddng t\u0129nh m\u1ea1ch<\/p>\n<p>+ Kh\u00f4ng d\u00f9ng cho tr\u1ebb em n\u1ebfu kh\u00f4ng c\u00f3 h\u01b0\u1edbng d\u1eabn c\u1ee7a b\u00e1c s\u0129 v\u00e0 c\u00e1c chuy\u00ean gia y t\u1ebf.<\/p>\n<p>+ Khi s\u1eed d\u1ee5ng Ensure Gold d\u01b0\u1edbi s\u1ef1 gi\u00e1m s\u00e1t c\u1ee7a b\u00e1c s\u0129 ho\u1eb7c chuy\u00ean gia dinh d\u01b0\u1ee1ng, c\u1ea7n theo \u0111\u00fang c\u00e1c h\u01b0\u1edbng d\u1eabn.<\/p>\n<h3>H\u01b0\u1edbng d\u1eabn b\u1ea3o qu\u1ea3n s\u1ea3n ph\u1ea9m<\/h3>\n<div>\n<p>&#8211; B\u1ea3o qu\u1ea3n h\u1ed9p ch\u01b0a m\u1edf \u1edf nhi\u1ec7t \u0111\u1ed9 ph\u00f2ng.<\/p>\n<p>&#8211; H\u1ed9p \u0111\u00e3 m\u1edf ph\u1ea3i \u0111\u01b0\u1ee3c \u0111\u1eady k\u00edn v\u00e0 b\u1ea3o qu\u1ea3n \u1edf n\u01a1i kh\u00f4 m\u00e1t, nh\u01b0ng kh\u00f4ng cho v\u00e0o t\u1ee7 l\u1ea1nh.<\/p>\n<p>&#8211; Khi \u0111\u00e3 m\u1edf ph\u1ea3i s\u1eed d\u1ee5ng trong v\u00f2ng 3 tu\u1ea7n.<\/p>\n<p>&#8211; Ensure Gold \u0111\u00e3 pha ph\u1ea3i d\u00f9ng ngay hay \u0111\u1eady k\u00edn cho v\u00e0o t\u1ee7 l\u1ea1nh v\u00e0 d\u00f9ng trong v\u00f2ng 24 gi\u1edd.<\/p>\n<\/div>\n<div><\/div>\n<div>\n<p><em><strong>Gi\u1ea5y XNCB:<\/strong><\/em><\/p>\n<\/div>\n<div><span style=\"color: #555555\">49689\/2017\/ATTP-XNCB c\u1ea5p ng\u00e0y 26 th\u00e1ng 12 n\u0103m 2017, c\u1ea5p t\u1ea1i C\u1ee5c An To\u00e0n Th\u1ef1c Ph\u1ea9m &#8211; B\u1ed9 Y T\u1ebf<\/span><\/div>\n","protected":false},"excerpt":{"rendered":"<p>H\u1ec7 d\u01b0\u1ee1ng ch\u1ea5t IQ Plus ph\u00e1t tri\u1ec3n n\u00e3o b\u1ed9<br \/>\nT\u0103ng c\u01b0\u1eddng \u0111\u1ec1 kh\u00e1ng v\u00e0 ti\u00eau h\u00f3a kh\u1ecfe m\u1ea1nh<br \/>\nGi\u00fap h\u1ea5p thu Canxi t\u1ed1t<\/p>\n","protected":false},"featured_media":5627,"comment_status":"open","ping_status":"closed","template":"","meta":[],"product_cat":[231],"product_tag":[530,545,536,541],"class_list":["post-5540","product","type-product","status-publish","has-post-thumbnail","hentry","product_cat-sua-bot","product_tag-chong-roi-loan-tieu-hoa","product_tag-he-tim-mach-tot","product_tag-nguoi-gia","product_tag-nguoi-om","berocket_brand-abbott"],"yoast_head":"<!-- This site is optimized with the Yoast SEO plugin v27.6 - https:\/\/yoast.com\/product\/yoast-seo-wordpress\/ -->\n<title>S\u1eefa Ensure Gold \u00edt ng\u1ecdt h\u01b0\u01a1ng vani 400g - \u0110ang Khuy\u1ebfn m\u00e3i<\/title>\n<meta name=\"description\" content=\"S\u1eefa Ensure Gold \u00edt ng\u1ecdt h\u01b0\u01a1ng vani 400g l\u00e0 dinh d\u01b0\u1ee1ng c\u00e2n \u0111\u1ed1i v\u00e0 \u0111\u1ea7y \u0111\u1ee7, \u0111\u01b0\u1ee3c ch\u1ee9ng minh gi\u00fap \u0111\u00e1p \u1ee9ng nhu c\u1ea7u dinh d\u01b0\u1ee1ng cho ng\u01b0\u1eddi l\u1edbn tu\u1ed5i, h\u1ed7 tr\u1ee3 t\u0103ng c\u01b0\u1eddng s\u1ee9c kh\u1ecfe, th\u1ec3 ch\u1ea5t v\u00e0 ch\u1ea5t l\u01b0\u1ee3ng cu\u1ed9c s\u1ed1ng.\" \/>\n<meta name=\"robots\" content=\"index, follow, max-snippet:-1, max-image-preview:large, max-video-preview:-1\" \/>\n<link rel=\"canonical\" href=\"https:\/\/suatuyetvoi.com\/muasam\/san-pham\/sua-ensure-gold-it-ngot-huong-vani-400g\/\" \/>\n<meta property=\"og:locale\" content=\"vi_VN\" \/>\n<meta property=\"og:type\" content=\"article\" \/>\n<meta property=\"og:title\" content=\"S\u1eefa Ensure Gold \u00edt ng\u1ecdt h\u01b0\u01a1ng vani 400g - \u0110ang Khuy\u1ebfn m\u00e3i\" \/>\n<meta property=\"og:description\" content=\"S\u1eefa Ensure Gold \u00edt ng\u1ecdt h\u01b0\u01a1ng vani 400g l\u00e0 dinh d\u01b0\u1ee1ng c\u00e2n \u0111\u1ed1i v\u00e0 \u0111\u1ea7y \u0111\u1ee7, \u0111\u01b0\u1ee3c ch\u1ee9ng minh gi\u00fap \u0111\u00e1p \u1ee9ng nhu c\u1ea7u dinh d\u01b0\u1ee1ng cho ng\u01b0\u1eddi l\u1edbn tu\u1ed5i, h\u1ed7 tr\u1ee3 t\u0103ng c\u01b0\u1eddng s\u1ee9c kh\u1ecfe, th\u1ec3 ch\u1ea5t v\u00e0 ch\u1ea5t l\u01b0\u1ee3ng cu\u1ed9c s\u1ed1ng.\" \/>\n<meta property=\"og:url\" content=\"https:\/\/suatuyetvoi.com\/muasam\/san-pham\/sua-ensure-gold-it-ngot-huong-vani-400g\/\" \/>\n<meta property=\"og:site_name\" content=\"S\u1eefa Tuy\u1ec7t V\u1eddi\" \/>\n<meta property=\"article:modified_time\" content=\"2023-03-07T13:31:55+00:00\" \/>\n<meta property=\"og:image\" content=\"https:\/\/suatuyetvoi.com\/muasam\/wp-content\/uploads\/2023\/02\/removebck.png\" \/>\n\t<meta property=\"og:image:width\" content=\"500\" \/>\n\t<meta property=\"og:image:height\" content=\"500\" \/>\n\t<meta property=\"og:image:type\" content=\"image\/png\" \/>\n<meta name=\"twitter:card\" content=\"summary_large_image\" \/>\n<meta name=\"twitter:title\" content=\"S\u1eefa Ensure Gold \u00edt ng\u1ecdt h\u01b0\u01a1ng vani 400g - \u0110ang Khuy\u1ebfn m\u00e3i\" \/>\n<meta name=\"twitter:description\" content=\"S\u1eefa Ensure Gold \u00edt ng\u1ecdt h\u01b0\u01a1ng vani 400g l\u00e0 dinh d\u01b0\u1ee1ng c\u00e2n \u0111\u1ed1i v\u00e0 \u0111\u1ea7y \u0111\u1ee7, \u0111\u01b0\u1ee3c ch\u1ee9ng minh gi\u00fap \u0111\u00e1p \u1ee9ng nhu c\u1ea7u dinh d\u01b0\u1ee1ng cho ng\u01b0\u1eddi l\u1edbn tu\u1ed5i, h\u1ed7 tr\u1ee3 t\u0103ng c\u01b0\u1eddng s\u1ee9c kh\u1ecfe, th\u1ec3 ch\u1ea5t v\u00e0 ch\u1ea5t l\u01b0\u1ee3ng cu\u1ed9c s\u1ed1ng.\" \/>\n<meta name=\"twitter:label1\" content=\"\u01af\u1edbc t\u00ednh th\u1eddi gian \u0111\u1ecdc\" \/>\n\t<meta name=\"twitter:data1\" content=\"4 ph\u00fat\" \/>\n<script type=\"application\/ld+json\" class=\"yoast-schema-graph\">{\"@context\":\"https:\\\/\\\/schema.org\",\"@graph\":[{\"@type\":\"WebPage\",\"@id\":\"https:\\\/\\\/suatuyetvoi.com\\\/muasam\\\/san-pham\\\/sua-ensure-gold-it-ngot-huong-vani-400g\\\/\",\"url\":\"https:\\\/\\\/suatuyetvoi.com\\\/muasam\\\/san-pham\\\/sua-ensure-gold-it-ngot-huong-vani-400g\\\/\",\"name\":\"S\u1eefa Ensure Gold \u00edt ng\u1ecdt h\u01b0\u01a1ng vani 400g - \u0110ang Khuy\u1ebfn m\u00e3i\",\"isPartOf\":{\"@id\":\"https:\\\/\\\/suatuyetvoi.com\\\/muasam\\\/#website\"},\"primaryImageOfPage\":{\"@id\":\"https:\\\/\\\/suatuyetvoi.com\\\/muasam\\\/san-pham\\\/sua-ensure-gold-it-ngot-huong-vani-400g\\\/#primaryimage\"},\"image\":{\"@id\":\"https:\\\/\\\/suatuyetvoi.com\\\/muasam\\\/san-pham\\\/sua-ensure-gold-it-ngot-huong-vani-400g\\\/#primaryimage\"},\"thumbnailUrl\":\"https:\\\/\\\/suatuyetvoi.com\\\/muasam\\\/wp-content\\\/uploads\\\/2023\\\/02\\\/removebck.png\",\"datePublished\":\"2023-02-27T09:18:20+00:00\",\"dateModified\":\"2023-03-07T13:31:55+00:00\",\"description\":\"S\u1eefa Ensure Gold \u00edt ng\u1ecdt h\u01b0\u01a1ng vani 400g l\u00e0 dinh d\u01b0\u1ee1ng c\u00e2n \u0111\u1ed1i v\u00e0 \u0111\u1ea7y \u0111\u1ee7, \u0111\u01b0\u1ee3c ch\u1ee9ng minh gi\u00fap \u0111\u00e1p \u1ee9ng nhu c\u1ea7u dinh d\u01b0\u1ee1ng cho ng\u01b0\u1eddi l\u1edbn tu\u1ed5i, h\u1ed7 tr\u1ee3 t\u0103ng c\u01b0\u1eddng s\u1ee9c kh\u1ecfe, th\u1ec3 ch\u1ea5t v\u00e0 ch\u1ea5t l\u01b0\u1ee3ng cu\u1ed9c s\u1ed1ng.\",\"breadcrumb\":{\"@id\":\"https:\\\/\\\/suatuyetvoi.com\\\/muasam\\\/san-pham\\\/sua-ensure-gold-it-ngot-huong-vani-400g\\\/#breadcrumb\"},\"inLanguage\":\"vi\",\"potentialAction\":[{\"@type\":\"ReadAction\",\"target\":[\"https:\\\/\\\/suatuyetvoi.com\\\/muasam\\\/san-pham\\\/sua-ensure-gold-it-ngot-huong-vani-400g\\\/\"]}]},{\"@type\":\"ImageObject\",\"inLanguage\":\"vi\",\"@id\":\"https:\\\/\\\/suatuyetvoi.com\\\/muasam\\\/san-pham\\\/sua-ensure-gold-it-ngot-huong-vani-400g\\\/#primaryimage\",\"url\":\"https:\\\/\\\/suatuyetvoi.com\\\/muasam\\\/wp-content\\\/uploads\\\/2023\\\/02\\\/removebck.png\",\"contentUrl\":\"https:\\\/\\\/suatuyetvoi.com\\\/muasam\\\/wp-content\\\/uploads\\\/2023\\\/02\\\/removebck.png\",\"width\":500,\"height\":500},{\"@type\":\"BreadcrumbList\",\"@id\":\"https:\\\/\\\/suatuyetvoi.com\\\/muasam\\\/san-pham\\\/sua-ensure-gold-it-ngot-huong-vani-400g\\\/#breadcrumb\",\"itemListElement\":[{\"@type\":\"ListItem\",\"position\":1,\"name\":\"Home\",\"item\":\"https:\\\/\\\/suatuyetvoi.com\\\/muasam\\\/\"},{\"@type\":\"ListItem\",\"position\":2,\"name\":\"Shop\",\"item\":\"https:\\\/\\\/suatuyetvoi.com\\\/muasam\\\/shop\\\/\"},{\"@type\":\"ListItem\",\"position\":3,\"name\":\"S\u1eefa Ensure Gold \u00cdt Ng\u1ecdt H\u01b0\u01a1ng Vani 400g\"}]},{\"@type\":\"WebSite\",\"@id\":\"https:\\\/\\\/suatuyetvoi.com\\\/muasam\\\/#website\",\"url\":\"https:\\\/\\\/suatuyetvoi.com\\\/muasam\\\/\",\"name\":\"S\u1eefa Tuy\u1ec7t V\u1eddi\",\"description\":\"S\u1eefa Tuy\u1ec7t V\u1eddi Vi\u1ec7t Nam\",\"potentialAction\":[{\"@type\":\"SearchAction\",\"target\":{\"@type\":\"EntryPoint\",\"urlTemplate\":\"https:\\\/\\\/suatuyetvoi.com\\\/muasam\\\/?s={search_term_string}\"},\"query-input\":{\"@type\":\"PropertyValueSpecification\",\"valueRequired\":true,\"valueName\":\"search_term_string\"}}],\"inLanguage\":\"vi\"}]}<\/script>\n<!-- \/ Yoast SEO plugin. -->","yoast_head_json":{"title":"S\u1eefa Ensure Gold \u00edt ng\u1ecdt h\u01b0\u01a1ng vani 400g - \u0110ang Khuy\u1ebfn m\u00e3i","description":"S\u1eefa Ensure Gold \u00edt ng\u1ecdt h\u01b0\u01a1ng vani 400g l\u00e0 dinh d\u01b0\u1ee1ng c\u00e2n \u0111\u1ed1i v\u00e0 \u0111\u1ea7y \u0111\u1ee7, \u0111\u01b0\u1ee3c ch\u1ee9ng minh gi\u00fap \u0111\u00e1p \u1ee9ng nhu c\u1ea7u dinh d\u01b0\u1ee1ng cho ng\u01b0\u1eddi l\u1edbn tu\u1ed5i, h\u1ed7 tr\u1ee3 t\u0103ng c\u01b0\u1eddng s\u1ee9c kh\u1ecfe, th\u1ec3 ch\u1ea5t v\u00e0 ch\u1ea5t l\u01b0\u1ee3ng cu\u1ed9c s\u1ed1ng.","robots":{"index":"index","follow":"follow","max-snippet":"max-snippet:-1","max-image-preview":"max-image-preview:large","max-video-preview":"max-video-preview:-1"},"canonical":"https:\/\/suatuyetvoi.com\/muasam\/san-pham\/sua-ensure-gold-it-ngot-huong-vani-400g\/","og_locale":"vi_VN","og_type":"article","og_title":"S\u1eefa Ensure Gold \u00edt ng\u1ecdt h\u01b0\u01a1ng vani 400g - \u0110ang Khuy\u1ebfn m\u00e3i","og_description":"S\u1eefa Ensure Gold \u00edt ng\u1ecdt h\u01b0\u01a1ng vani 400g l\u00e0 dinh d\u01b0\u1ee1ng c\u00e2n \u0111\u1ed1i v\u00e0 \u0111\u1ea7y \u0111\u1ee7, \u0111\u01b0\u1ee3c ch\u1ee9ng minh gi\u00fap \u0111\u00e1p \u1ee9ng nhu c\u1ea7u dinh d\u01b0\u1ee1ng cho ng\u01b0\u1eddi l\u1edbn tu\u1ed5i, h\u1ed7 tr\u1ee3 t\u0103ng c\u01b0\u1eddng s\u1ee9c kh\u1ecfe, th\u1ec3 ch\u1ea5t v\u00e0 ch\u1ea5t l\u01b0\u1ee3ng cu\u1ed9c s\u1ed1ng.","og_url":"https:\/\/suatuyetvoi.com\/muasam\/san-pham\/sua-ensure-gold-it-ngot-huong-vani-400g\/","og_site_name":"S\u1eefa Tuy\u1ec7t V\u1eddi","article_modified_time":"2023-03-07T13:31:55+00:00","og_image":[{"width":500,"height":500,"url":"https:\/\/suatuyetvoi.com\/muasam\/wp-content\/uploads\/2023\/02\/removebck.png","type":"image\/png"}],"twitter_card":"summary_large_image","twitter_title":"S\u1eefa Ensure Gold \u00edt ng\u1ecdt h\u01b0\u01a1ng vani 400g - \u0110ang Khuy\u1ebfn m\u00e3i","twitter_description":"S\u1eefa Ensure Gold \u00edt ng\u1ecdt h\u01b0\u01a1ng vani 400g l\u00e0 dinh d\u01b0\u1ee1ng c\u00e2n \u0111\u1ed1i v\u00e0 \u0111\u1ea7y \u0111\u1ee7, \u0111\u01b0\u1ee3c ch\u1ee9ng minh gi\u00fap \u0111\u00e1p \u1ee9ng nhu c\u1ea7u dinh d\u01b0\u1ee1ng cho ng\u01b0\u1eddi l\u1edbn tu\u1ed5i, h\u1ed7 tr\u1ee3 t\u0103ng c\u01b0\u1eddng s\u1ee9c kh\u1ecfe, th\u1ec3 ch\u1ea5t v\u00e0 ch\u1ea5t l\u01b0\u1ee3ng cu\u1ed9c s\u1ed1ng.","twitter_misc":{"\u01af\u1edbc t\u00ednh th\u1eddi gian \u0111\u1ecdc":"4 ph\u00fat"},"schema":{"@context":"https:\/\/schema.org","@graph":[{"@type":"WebPage","@id":"https:\/\/suatuyetvoi.com\/muasam\/san-pham\/sua-ensure-gold-it-ngot-huong-vani-400g\/","url":"https:\/\/suatuyetvoi.com\/muasam\/san-pham\/sua-ensure-gold-it-ngot-huong-vani-400g\/","name":"S\u1eefa Ensure Gold \u00edt ng\u1ecdt h\u01b0\u01a1ng vani 400g - \u0110ang Khuy\u1ebfn m\u00e3i","isPartOf":{"@id":"https:\/\/suatuyetvoi.com\/muasam\/#website"},"primaryImageOfPage":{"@id":"https:\/\/suatuyetvoi.com\/muasam\/san-pham\/sua-ensure-gold-it-ngot-huong-vani-400g\/#primaryimage"},"image":{"@id":"https:\/\/suatuyetvoi.com\/muasam\/san-pham\/sua-ensure-gold-it-ngot-huong-vani-400g\/#primaryimage"},"thumbnailUrl":"https:\/\/suatuyetvoi.com\/muasam\/wp-content\/uploads\/2023\/02\/removebck.png","datePublished":"2023-02-27T09:18:20+00:00","dateModified":"2023-03-07T13:31:55+00:00","description":"S\u1eefa Ensure Gold \u00edt ng\u1ecdt h\u01b0\u01a1ng vani 400g l\u00e0 dinh d\u01b0\u1ee1ng c\u00e2n \u0111\u1ed1i v\u00e0 \u0111\u1ea7y \u0111\u1ee7, \u0111\u01b0\u1ee3c ch\u1ee9ng minh gi\u00fap \u0111\u00e1p \u1ee9ng nhu c\u1ea7u dinh d\u01b0\u1ee1ng cho ng\u01b0\u1eddi l\u1edbn tu\u1ed5i, h\u1ed7 tr\u1ee3 t\u0103ng c\u01b0\u1eddng s\u1ee9c kh\u1ecfe, th\u1ec3 ch\u1ea5t v\u00e0 ch\u1ea5t l\u01b0\u1ee3ng cu\u1ed9c s\u1ed1ng.","breadcrumb":{"@id":"https:\/\/suatuyetvoi.com\/muasam\/san-pham\/sua-ensure-gold-it-ngot-huong-vani-400g\/#breadcrumb"},"inLanguage":"vi","potentialAction":[{"@type":"ReadAction","target":["https:\/\/suatuyetvoi.com\/muasam\/san-pham\/sua-ensure-gold-it-ngot-huong-vani-400g\/"]}]},{"@type":"ImageObject","inLanguage":"vi","@id":"https:\/\/suatuyetvoi.com\/muasam\/san-pham\/sua-ensure-gold-it-ngot-huong-vani-400g\/#primaryimage","url":"https:\/\/suatuyetvoi.com\/muasam\/wp-content\/uploads\/2023\/02\/removebck.png","contentUrl":"https:\/\/suatuyetvoi.com\/muasam\/wp-content\/uploads\/2023\/02\/removebck.png","width":500,"height":500},{"@type":"BreadcrumbList","@id":"https:\/\/suatuyetvoi.com\/muasam\/san-pham\/sua-ensure-gold-it-ngot-huong-vani-400g\/#breadcrumb","itemListElement":[{"@type":"ListItem","position":1,"name":"Home","item":"https:\/\/suatuyetvoi.com\/muasam\/"},{"@type":"ListItem","position":2,"name":"Shop","item":"https:\/\/suatuyetvoi.com\/muasam\/shop\/"},{"@type":"ListItem","position":3,"name":"S\u1eefa Ensure Gold \u00cdt Ng\u1ecdt H\u01b0\u01a1ng Vani 400g"}]},{"@type":"WebSite","@id":"https:\/\/suatuyetvoi.com\/muasam\/#website","url":"https:\/\/suatuyetvoi.com\/muasam\/","name":"S\u1eefa Tuy\u1ec7t V\u1eddi","description":"S\u1eefa Tuy\u1ec7t V\u1eddi Vi\u1ec7t Nam","potentialAction":[{"@type":"SearchAction","target":{"@type":"EntryPoint","urlTemplate":"https:\/\/suatuyetvoi.com\/muasam\/?s={search_term_string}"},"query-input":{"@type":"PropertyValueSpecification","valueRequired":true,"valueName":"search_term_string"}}],"inLanguage":"vi"}]}},"_links":{"self":[{"href":"https:\/\/suatuyetvoi.com\/muasam\/wp-json\/wp\/v2\/product\/5540","targetHints":{"allow":["GET"]}}],"collection":[{"href":"https:\/\/suatuyetvoi.com\/muasam\/wp-json\/wp\/v2\/product"}],"about":[{"href":"https:\/\/suatuyetvoi.com\/muasam\/wp-json\/wp\/v2\/types\/product"}],"replies":[{"embeddable":true,"href":"https:\/\/suatuyetvoi.com\/muasam\/wp-json\/wp\/v2\/comments?post=5540"}],"wp:featuredmedia":[{"embeddable":true,"href":"https:\/\/suatuyetvoi.com\/muasam\/wp-json\/wp\/v2\/media\/5627"}],"wp:attachment":[{"href":"https:\/\/suatuyetvoi.com\/muasam\/wp-json\/wp\/v2\/media?parent=5540"}],"wp:term":[{"taxonomy":"product_cat","embeddable":true,"href":"https:\/\/suatuyetvoi.com\/muasam\/wp-json\/wp\/v2\/product_cat?post=5540"},{"taxonomy":"product_tag","embeddable":true,"href":"https:\/\/suatuyetvoi.com\/muasam\/wp-json\/wp\/v2\/product_tag?post=5540"}],"curies":[{"name":"wp","href":"https:\/\/api.w.org\/{rel}","templated":true}]}}