{"id":5526,"date":"2023-02-23T15:31:45","date_gmt":"2023-02-23T08:31:45","guid":{"rendered":"https:\/\/suatuyetvoi.com\/muasam\/?post_type=product&#038;p=5526"},"modified":"2023-02-27T16:45:20","modified_gmt":"2023-02-27T09:45:20","slug":"sua-bot-metamom-huong-vani-400g","status":"publish","type":"product","link":"https:\/\/suatuyetvoi.com\/muasam\/san-pham\/sua-bot-metamom-huong-vani-400g\/","title":{"rendered":"Nutricare Metamom h\u01b0\u01a1ng vani 400g"},"content":{"rendered":"<p><strong>MetaMom<\/strong> v\u1edbi c\u00f4ng th\u1ee9c v\u01b0\u1ee3t tr\u1ed9i, \u0111\u1eb7c bi\u1ec7t \u0111\u1ed9t ph\u00e1 v\u1edbi h\u1ec7 Total GROW gi\u00fap m\u1eb9 kh\u1ecfe, thai nhi ph\u00e1t tri\u1ec3n t\u1ed1t. C\u00f4ng th\u1ee9c \u00edt ng\u1ecdt, gi\u1ea3m b\u00e9o, d\u1ec5 h\u1ea5p thu, gi\u1ea3m t\u00e1o b\u00f3n, h\u01b0\u01a1ng v\u1ecb th\u01a1m ngon \u0111\u01b0\u1ee3c c\u00e1c m\u1eb9 tin d\u00f9ng.<\/p>\n<p><img loading=\"lazy\" decoding=\"async\" class=\"alignnone size-full wp-image-5527\" src=\"https:\/\/suatuyetvoi.com\/muasam\/wp-content\/uploads\/2023\/02\/salekit_Metamom-1.png\" alt=\"\" width=\"851\" height=\"1192\" srcset=\"https:\/\/suatuyetvoi.com\/muasam\/wp-content\/uploads\/2023\/02\/salekit_Metamom-1.png 851w, https:\/\/suatuyetvoi.com\/muasam\/wp-content\/uploads\/2023\/02\/salekit_Metamom-1-286x400.png 286w, https:\/\/suatuyetvoi.com\/muasam\/wp-content\/uploads\/2023\/02\/salekit_Metamom-1-571x800.png 571w, https:\/\/suatuyetvoi.com\/muasam\/wp-content\/uploads\/2023\/02\/salekit_Metamom-1-768x1076.png 768w, https:\/\/suatuyetvoi.com\/muasam\/wp-content\/uploads\/2023\/02\/salekit_Metamom-1-600x840.png 600w\" sizes=\"auto, (max-width: 851px) 100vw, 851px\" \/><\/p>\n<h2>C\u00f4ng d\u1ee5ng Nutricare MetaMom<\/h2>\n<p>Gi\u1ea3m nguy c\u01a1 \u0111\u00e1i th\u00e1o \u0111\u01b0\u1eddng thai k\u1ef3<\/p>\n<ul>\n<li>\u00cdt ng\u1ecdt: \u0111\u1ed9c \u0111\u00e1o v\u1edbi c\u00f4ng th\u1ee9c \u00edt ng\u1ecdt, gi\u1ea3m \u0111\u01b0\u1eddng. S\u1eed d\u1ee5ng h\u1ec7 \u0111\u01b0\u1eddng ti\u00ean ti\u1ebfn Isomalt, Palatinose, \u0111\u01b0\u1ee3c EFSA Ch\u00e2u \u00c2u ch\u1ee9ng minh c\u00f3 ch\u1ec9 s\u1ed1 \u0111\u01b0\u1eddng huy\u1ebft GI th\u1ea5p =&gt; gi\u00fap gi\u1ea3m nguy c\u01a1 m\u1eafc ti\u1ec3u \u0111\u01b0\u1eddng thai k\u1ef3.<\/li>\n<li>Gi\u1ea3m b\u00e9o: Gi\u1ea3m ch\u1ea5t b\u00e9o th\u00f4ng th\u01b0\u1eddng, thay th\u1ebf b\u1eb1ng tinh ch\u1ea5t d\u1ea7u Olive d\u1ec5 h\u1ea5p thu.<\/li>\n<\/ul>\n<p>H\u1ed7 tr\u1ee3 ph\u00e1t tri\u1ec3n h\u1ec7 x\u01b0\u01a1ng<\/p>\n<ul>\n<li>\u0110\u1ed9t ph\u00e1 v\u1edbi b\u1ed9 3: Canxi t\u1ef1 nhi\u00ean t\u1eeb t\u1ea3o,Vitamin K2, Olive. Gi\u00fap t\u0103ng c\u01b0\u1eddng h\u1ea5p thu, g\u1eafn k\u1ebft canxi t\u1ed1i \u0111a v\u00e0o x\u01b0\u01a1ng, gi\u1ea3m d\u01b0 th\u1eeba, l\u1eafng \u0111\u1ecdng, tr\u00e1nh t\u00e1o b\u00f3n.<\/li>\n<li>Gi\u00e0u Vitamin D3, T\u1ec9 l\u1ec7 Ca\/P ph\u00f9 h\u1ee3p v\u1edbi khuy\u1ebfn ngh\u1ecb c\u1ee7a Vi\u1ec7n Dinh D\u01b0\u1ee1ng Qu\u1ed1c Gia<\/li>\n<li>\u0110\u1ea3m b\u1ea3o nhu c\u1ea7u gia t\u0103ng cho m\u1eb9, gi\u1ea3m c\u00e1c nguy c\u01a1 \u0111au l\u01b0ng, chu\u1ed9t r\u00fat. \u0110\u1ed3ng th\u1eddi gi\u00fap ph\u00e1t tri\u1ec3n h\u1ec7 x\u01b0\u01a1ng c\u1ee7a b\u00e9 c\u1ee9ng c\u00e1p, tr\u00e1nh c\u00f2i x\u01b0\u01a1ng sau n\u00e0y.<\/li>\n<\/ul>\n<p>H\u1ed7 tr\u1ee3 gi\u00fap ph\u00e1t tri\u1ec3n n\u00e3o b\u1ed9<\/p>\n<ul>\n<li>Cung c\u1ea5p Axit Folic \u0111\u00e1p s\u1ee9ng 100% khuy\u1ebfn ngh\u1ecb B\u1ed9 Y t\u1ebf (8). I\u1ed1t h\u00e0m l\u01b0\u1ee3ng cao gi\u00fap gi\u1ea3m nguy c\u01a1 khuy\u1ebft t\u1eadt \u1ed1ng th\u1ea7n kinh, h\u1ed7 tr\u1ee3 ph\u00e1t tri\u1ec3n ch\u1ee9c n\u0103ng c\u1ee7a h\u1ec7 th\u1ea7n kinh v\u00e0 nh\u1eadn th\u1ee9c c\u1ee7a b\u00e0o thai.<\/li>\n<li>Gi\u00e0u Choline, DHA, Taurine, Omega 3,6\u2026 h\u1ed7 tr\u1ee3 s\u1ef1 ph\u00e1t tri\u1ec3n n\u00e3o b\u1ed9 v\u00e0 th\u1ecb gi\u00e1c c\u1ee7a thai nhi.<\/li>\n<\/ul>\n<p>H\u1ed7 tr\u1ee3 t\u0103ng s\u1ee9c \u0111\u1ec1 kh\u00e1ng, h\u1ea5p thu t\u1ed1t<\/p>\n<ul>\n<li>\u0110\u1ea9y \u0111\u1ee7 d\u01b0\u1ee1ng ch\u1ea5t thi\u1ebft y\u1ebfu v\u1edbi S\u1eaft, K\u1ebdm, H\u1ec7 ch\u1ea5t ch\u1ed1ng oxy h\u00f3a (Vitamin E, C, Selen), gi\u00fap n\u00e2ng cao s\u1ee9c \u0111\u1ec1 kh\u00e1ng. Magie, VitaminB6 gi\u00fap gi\u1ea3m c\u0103ng th\u1eb3ng &amp; l\u00e0m gi\u1ea3m c\u00e1c d\u1ea5u hi\u1ec7u ngh\u00e9n c\u1ee7a m\u1eb9.<\/li>\n<li>100% ch\u1ea5t x\u01a1 h\u00f2a tan h\u1ed7 tr\u1ee3 h\u1ec7 ti\u00eau h\u00f3a, gi\u1ea3m t\u00e1o b\u00f3n.<\/li>\n<\/ul>\n<h2>\u0110\u1ed1i t\u01b0\u1ee3ng s\u1eed d\u1ee5ng\u00a0Nutricare MetaMom<\/h2>\n<ul>\n<li>D\u00e0nh cho m\u1eb9 b\u1ea7u, cho con b\u00fa<\/li>\n<\/ul>\n<h2>H\u01b0\u1edbng d\u1eabn s\u1eed d\u1ee5ng\u00a0Nutricare MetaMom<\/h2>\n<ul>\n<li>Cho t\u1eeb t\u1eeb 4 mu\u1ed7ng g\u1ea1t Metamom v\u00e0o 180ml n\u01b0\u1edbc \u0111un s\u00f4i \u0111\u1ec3 \u1ea5m kho\u1ea3ng 45 \u2013 50oC, khu\u1ea5y \u0111\u1ec1u \u0111\u01b0\u1ee3c 200ml dung d\u1ecbch, cung c\u1ea5p 170 Kcal.<\/li>\n<li>M\u1ed7i l\u1ea7n u\u1ed1ng 1 ly. D\u00f9ng 2 \u2013 3 ly\/ ng\u00e0y ho\u1eb7c theo h\u01b0\u1edbng d\u1eabn c\u1ee7a b\u00e1c s\u0129\/ chuy\u00ean gia dinh d\u01b0\u1ee1ng.<\/li>\n<li>H\u1ed7n h\u1ee3p sau khi pha s\u1eed d\u1ee5ng h\u1ebft trong v\u00f2ng 3 gi\u1edd.<\/li>\n<\/ul>\n<p>B\u1ea3o qu\u1ea3n &amp; h\u1ea1n s\u1eed d\u1ee5ng:<\/p>\n<ul>\n<li>B\u1ea3o qu\u1ea3n n\u01a1i kh\u00f4 r\u00e1o, s\u1ea1ch s\u1ebd, tho\u00e1ng m\u00e1t, tr\u00e1nh \u00e1nh n\u1eafng tr\u1ef1c ti\u1ebfp.<\/li>\n<li>Lon khi \u0111\u00e3 m\u1edf ph\u1ea3i \u0111\u01b0\u1ee3c \u0111\u1eady k\u1ef9 v\u00e0 s\u1eed d\u1ee5ng h\u1ebft trong v\u00f2ng 3 tu\u1ea7n.<\/li>\n<li>H\u1ea1n s\u1eed d\u1ee5ng: 2 n\u0103m k\u1ec3 t\u1eeb NSX, vui l\u00f2ng xem c\u1ee5 th\u1ec3 tr\u00ean bao b\u00ec<\/li>\n<\/ul>\n","protected":false},"excerpt":{"rendered":"<ul>\n<li>H\u1ed6 TR\u1ee2 PH\u00c1T TRI\u1ec2N H\u1ec6 X\u01af\u01a0NG<\/li>\n<li>H\u1ed6 TR\u1ee2 T\u0102NG S\u1ee8C \u0110\u1ec0 KH\u00c1NG, H\u1ea4P THU T\u1ed0T<\/li>\n<li>H\u1ed6 TR\u1ee2 GI\u00daP PH\u00c1T TRI\u1ec2N N\u00c3O B\u1ed8<\/li>\n<li>Tr\u1ecdng l\u01b0\u1ee3ng: Lon 400g<\/li>\n<li>M\u00f9i v\u1ecb: H\u01b0\u01a1ng vani<\/li>\n<li class=\"products-page-brands\">Th\u01b0\u01a1ng hi\u1ec7u: Nutricare<\/li>\n<li>Xu\u1ea5t x\u1ee9: Vi\u1ec7t Nam<\/li>\n<\/ul>\n","protected":false},"featured_media":5528,"comment_status":"open","ping_status":"closed","template":"","meta":[],"product_cat":[231],"product_tag":[570,573,572,574,568,571],"class_list":["post-5526","product","type-product","status-publish","has-post-thumbnail","hentry","product_cat-sua-bot","product_tag-giam-nguy-co-tieu-duong-thai-ky","product_tag-ho-tro-giup-phat-trien-nao-bo","product_tag-ho-tro-phat-trien-he-xuong","product_tag-ho-tro-tang-suc-de-khang","product_tag-nutricare","product_tag-sua-bau","berocket_brand-nutricare"],"yoast_head":"<!-- This site is optimized with the Yoast SEO plugin v27.6 - https:\/\/yoast.com\/product\/yoast-seo-wordpress\/ -->\n<title>S\u1eefa b\u1ed9t Nutricare Metamom h\u01b0\u01a1ng vani 400g - \u0110ang khuy\u1ebfn m\u00e3i<\/title>\n<meta name=\"description\" content=\"S\u1eefa b\u1ed9t MetaMom v\u1edbi c\u00f4ng th\u1ee9c v\u01b0\u1ee3t tr\u1ed9i, \u00edt ng\u1ecdt, gi\u1ea3m b\u00e9o, d\u1ec5 h\u1ea5p thu, gi\u1ea3m t\u00e1o b\u00f3n, h\u01b0\u01a1ng v\u1ecb th\u01a1m ngon \u0111\u01b0\u1ee3c c\u00e1c m\u1eb9 tin d\u00f9ng.\" \/>\n<meta name=\"robots\" content=\"index, follow, max-snippet:-1, max-image-preview:large, max-video-preview:-1\" \/>\n<link rel=\"canonical\" href=\"https:\/\/suatuyetvoi.com\/muasam\/san-pham\/sua-bot-metamom-huong-vani-400g\/\" \/>\n<meta property=\"og:locale\" content=\"vi_VN\" \/>\n<meta property=\"og:type\" content=\"article\" \/>\n<meta property=\"og:title\" content=\"S\u1eefa b\u1ed9t Nutricare Metamom h\u01b0\u01a1ng vani 400g - \u0110ang khuy\u1ebfn m\u00e3i\" \/>\n<meta property=\"og:description\" content=\"S\u1eefa b\u1ed9t MetaMom v\u1edbi c\u00f4ng th\u1ee9c v\u01b0\u1ee3t tr\u1ed9i, \u00edt ng\u1ecdt, gi\u1ea3m b\u00e9o, d\u1ec5 h\u1ea5p thu, gi\u1ea3m t\u00e1o b\u00f3n, h\u01b0\u01a1ng v\u1ecb th\u01a1m ngon \u0111\u01b0\u1ee3c c\u00e1c m\u1eb9 tin d\u00f9ng.\" \/>\n<meta property=\"og:url\" content=\"https:\/\/suatuyetvoi.com\/muasam\/san-pham\/sua-bot-metamom-huong-vani-400g\/\" \/>\n<meta property=\"og:site_name\" content=\"S\u1eefa Tuy\u1ec7t V\u1eddi\" \/>\n<meta property=\"article:modified_time\" content=\"2023-02-27T09:45:20+00:00\" \/>\n<meta property=\"og:image\" content=\"https:\/\/suatuyetvoi.com\/muasam\/wp-content\/uploads\/2023\/02\/Metamom-0-vani-400-SP.png\" \/>\n\t<meta property=\"og:image:width\" content=\"550\" \/>\n\t<meta property=\"og:image:height\" content=\"550\" \/>\n\t<meta property=\"og:image:type\" content=\"image\/png\" \/>\n<meta name=\"twitter:card\" content=\"summary_large_image\" \/>\n<meta name=\"twitter:title\" content=\"S\u1eefa b\u1ed9t Nutricare Metamom h\u01b0\u01a1ng vani 400g - \u0110ang khuy\u1ebfn m\u00e3i\" \/>\n<meta name=\"twitter:description\" content=\"S\u1eefa b\u1ed9t MetaMom v\u1edbi c\u00f4ng th\u1ee9c v\u01b0\u1ee3t tr\u1ed9i, \u00edt ng\u1ecdt, gi\u1ea3m b\u00e9o, d\u1ec5 h\u1ea5p thu, gi\u1ea3m t\u00e1o b\u00f3n, h\u01b0\u01a1ng v\u1ecb th\u01a1m ngon \u0111\u01b0\u1ee3c c\u00e1c m\u1eb9 tin d\u00f9ng.\" \/>\n<meta name=\"twitter:label1\" content=\"\u01af\u1edbc t\u00ednh th\u1eddi gian \u0111\u1ecdc\" \/>\n\t<meta name=\"twitter:data1\" content=\"3 ph\u00fat\" \/>\n<script type=\"application\/ld+json\" class=\"yoast-schema-graph\">{\"@context\":\"https:\\\/\\\/schema.org\",\"@graph\":[{\"@type\":\"WebPage\",\"@id\":\"https:\\\/\\\/suatuyetvoi.com\\\/muasam\\\/san-pham\\\/sua-bot-metamom-huong-vani-400g\\\/\",\"url\":\"https:\\\/\\\/suatuyetvoi.com\\\/muasam\\\/san-pham\\\/sua-bot-metamom-huong-vani-400g\\\/\",\"name\":\"S\u1eefa b\u1ed9t Nutricare Metamom h\u01b0\u01a1ng vani 400g - \u0110ang khuy\u1ebfn m\u00e3i\",\"isPartOf\":{\"@id\":\"https:\\\/\\\/suatuyetvoi.com\\\/muasam\\\/#website\"},\"primaryImageOfPage\":{\"@id\":\"https:\\\/\\\/suatuyetvoi.com\\\/muasam\\\/san-pham\\\/sua-bot-metamom-huong-vani-400g\\\/#primaryimage\"},\"image\":{\"@id\":\"https:\\\/\\\/suatuyetvoi.com\\\/muasam\\\/san-pham\\\/sua-bot-metamom-huong-vani-400g\\\/#primaryimage\"},\"thumbnailUrl\":\"https:\\\/\\\/suatuyetvoi.com\\\/muasam\\\/wp-content\\\/uploads\\\/2023\\\/02\\\/Metamom-0-vani-400-SP.png\",\"datePublished\":\"2023-02-23T08:31:45+00:00\",\"dateModified\":\"2023-02-27T09:45:20+00:00\",\"description\":\"S\u1eefa b\u1ed9t MetaMom v\u1edbi c\u00f4ng th\u1ee9c v\u01b0\u1ee3t tr\u1ed9i, \u00edt ng\u1ecdt, gi\u1ea3m b\u00e9o, d\u1ec5 h\u1ea5p thu, gi\u1ea3m t\u00e1o b\u00f3n, h\u01b0\u01a1ng v\u1ecb th\u01a1m ngon \u0111\u01b0\u1ee3c c\u00e1c m\u1eb9 tin d\u00f9ng.\",\"breadcrumb\":{\"@id\":\"https:\\\/\\\/suatuyetvoi.com\\\/muasam\\\/san-pham\\\/sua-bot-metamom-huong-vani-400g\\\/#breadcrumb\"},\"inLanguage\":\"vi\",\"potentialAction\":[{\"@type\":\"ReadAction\",\"target\":[\"https:\\\/\\\/suatuyetvoi.com\\\/muasam\\\/san-pham\\\/sua-bot-metamom-huong-vani-400g\\\/\"]}]},{\"@type\":\"ImageObject\",\"inLanguage\":\"vi\",\"@id\":\"https:\\\/\\\/suatuyetvoi.com\\\/muasam\\\/san-pham\\\/sua-bot-metamom-huong-vani-400g\\\/#primaryimage\",\"url\":\"https:\\\/\\\/suatuyetvoi.com\\\/muasam\\\/wp-content\\\/uploads\\\/2023\\\/02\\\/Metamom-0-vani-400-SP.png\",\"contentUrl\":\"https:\\\/\\\/suatuyetvoi.com\\\/muasam\\\/wp-content\\\/uploads\\\/2023\\\/02\\\/Metamom-0-vani-400-SP.png\",\"width\":550,\"height\":550,\"caption\":\"S\u1eefa b\u1ed9t Metamom\"},{\"@type\":\"BreadcrumbList\",\"@id\":\"https:\\\/\\\/suatuyetvoi.com\\\/muasam\\\/san-pham\\\/sua-bot-metamom-huong-vani-400g\\\/#breadcrumb\",\"itemListElement\":[{\"@type\":\"ListItem\",\"position\":1,\"name\":\"Home\",\"item\":\"https:\\\/\\\/suatuyetvoi.com\\\/muasam\\\/\"},{\"@type\":\"ListItem\",\"position\":2,\"name\":\"Shop\",\"item\":\"https:\\\/\\\/suatuyetvoi.com\\\/muasam\\\/shop\\\/\"},{\"@type\":\"ListItem\",\"position\":3,\"name\":\"Nutricare Metamom h\u01b0\u01a1ng vani 400g\"}]},{\"@type\":\"WebSite\",\"@id\":\"https:\\\/\\\/suatuyetvoi.com\\\/muasam\\\/#website\",\"url\":\"https:\\\/\\\/suatuyetvoi.com\\\/muasam\\\/\",\"name\":\"S\u1eefa Tuy\u1ec7t V\u1eddi\",\"description\":\"S\u1eefa Tuy\u1ec7t V\u1eddi Vi\u1ec7t Nam\",\"potentialAction\":[{\"@type\":\"SearchAction\",\"target\":{\"@type\":\"EntryPoint\",\"urlTemplate\":\"https:\\\/\\\/suatuyetvoi.com\\\/muasam\\\/?s={search_term_string}\"},\"query-input\":{\"@type\":\"PropertyValueSpecification\",\"valueRequired\":true,\"valueName\":\"search_term_string\"}}],\"inLanguage\":\"vi\"}]}<\/script>\n<!-- \/ Yoast SEO plugin. -->","yoast_head_json":{"title":"S\u1eefa b\u1ed9t Nutricare Metamom h\u01b0\u01a1ng vani 400g - \u0110ang khuy\u1ebfn m\u00e3i","description":"S\u1eefa b\u1ed9t MetaMom v\u1edbi c\u00f4ng th\u1ee9c v\u01b0\u1ee3t tr\u1ed9i, \u00edt ng\u1ecdt, gi\u1ea3m b\u00e9o, d\u1ec5 h\u1ea5p thu, gi\u1ea3m t\u00e1o b\u00f3n, h\u01b0\u01a1ng v\u1ecb th\u01a1m ngon \u0111\u01b0\u1ee3c c\u00e1c m\u1eb9 tin d\u00f9ng.","robots":{"index":"index","follow":"follow","max-snippet":"max-snippet:-1","max-image-preview":"max-image-preview:large","max-video-preview":"max-video-preview:-1"},"canonical":"https:\/\/suatuyetvoi.com\/muasam\/san-pham\/sua-bot-metamom-huong-vani-400g\/","og_locale":"vi_VN","og_type":"article","og_title":"S\u1eefa b\u1ed9t Nutricare Metamom h\u01b0\u01a1ng vani 400g - \u0110ang khuy\u1ebfn m\u00e3i","og_description":"S\u1eefa b\u1ed9t MetaMom v\u1edbi c\u00f4ng th\u1ee9c v\u01b0\u1ee3t tr\u1ed9i, \u00edt ng\u1ecdt, gi\u1ea3m b\u00e9o, d\u1ec5 h\u1ea5p thu, gi\u1ea3m t\u00e1o b\u00f3n, h\u01b0\u01a1ng v\u1ecb th\u01a1m ngon \u0111\u01b0\u1ee3c c\u00e1c m\u1eb9 tin d\u00f9ng.","og_url":"https:\/\/suatuyetvoi.com\/muasam\/san-pham\/sua-bot-metamom-huong-vani-400g\/","og_site_name":"S\u1eefa Tuy\u1ec7t V\u1eddi","article_modified_time":"2023-02-27T09:45:20+00:00","og_image":[{"width":550,"height":550,"url":"https:\/\/suatuyetvoi.com\/muasam\/wp-content\/uploads\/2023\/02\/Metamom-0-vani-400-SP.png","type":"image\/png"}],"twitter_card":"summary_large_image","twitter_title":"S\u1eefa b\u1ed9t Nutricare Metamom h\u01b0\u01a1ng vani 400g - \u0110ang khuy\u1ebfn m\u00e3i","twitter_description":"S\u1eefa b\u1ed9t MetaMom v\u1edbi c\u00f4ng th\u1ee9c v\u01b0\u1ee3t tr\u1ed9i, \u00edt ng\u1ecdt, gi\u1ea3m b\u00e9o, d\u1ec5 h\u1ea5p thu, gi\u1ea3m t\u00e1o b\u00f3n, h\u01b0\u01a1ng v\u1ecb th\u01a1m ngon \u0111\u01b0\u1ee3c c\u00e1c m\u1eb9 tin d\u00f9ng.","twitter_misc":{"\u01af\u1edbc t\u00ednh th\u1eddi gian \u0111\u1ecdc":"3 ph\u00fat"},"schema":{"@context":"https:\/\/schema.org","@graph":[{"@type":"WebPage","@id":"https:\/\/suatuyetvoi.com\/muasam\/san-pham\/sua-bot-metamom-huong-vani-400g\/","url":"https:\/\/suatuyetvoi.com\/muasam\/san-pham\/sua-bot-metamom-huong-vani-400g\/","name":"S\u1eefa b\u1ed9t Nutricare Metamom h\u01b0\u01a1ng vani 400g - \u0110ang khuy\u1ebfn m\u00e3i","isPartOf":{"@id":"https:\/\/suatuyetvoi.com\/muasam\/#website"},"primaryImageOfPage":{"@id":"https:\/\/suatuyetvoi.com\/muasam\/san-pham\/sua-bot-metamom-huong-vani-400g\/#primaryimage"},"image":{"@id":"https:\/\/suatuyetvoi.com\/muasam\/san-pham\/sua-bot-metamom-huong-vani-400g\/#primaryimage"},"thumbnailUrl":"https:\/\/suatuyetvoi.com\/muasam\/wp-content\/uploads\/2023\/02\/Metamom-0-vani-400-SP.png","datePublished":"2023-02-23T08:31:45+00:00","dateModified":"2023-02-27T09:45:20+00:00","description":"S\u1eefa b\u1ed9t MetaMom v\u1edbi c\u00f4ng th\u1ee9c v\u01b0\u1ee3t tr\u1ed9i, \u00edt ng\u1ecdt, gi\u1ea3m b\u00e9o, d\u1ec5 h\u1ea5p thu, gi\u1ea3m t\u00e1o b\u00f3n, h\u01b0\u01a1ng v\u1ecb th\u01a1m ngon \u0111\u01b0\u1ee3c c\u00e1c m\u1eb9 tin d\u00f9ng.","breadcrumb":{"@id":"https:\/\/suatuyetvoi.com\/muasam\/san-pham\/sua-bot-metamom-huong-vani-400g\/#breadcrumb"},"inLanguage":"vi","potentialAction":[{"@type":"ReadAction","target":["https:\/\/suatuyetvoi.com\/muasam\/san-pham\/sua-bot-metamom-huong-vani-400g\/"]}]},{"@type":"ImageObject","inLanguage":"vi","@id":"https:\/\/suatuyetvoi.com\/muasam\/san-pham\/sua-bot-metamom-huong-vani-400g\/#primaryimage","url":"https:\/\/suatuyetvoi.com\/muasam\/wp-content\/uploads\/2023\/02\/Metamom-0-vani-400-SP.png","contentUrl":"https:\/\/suatuyetvoi.com\/muasam\/wp-content\/uploads\/2023\/02\/Metamom-0-vani-400-SP.png","width":550,"height":550,"caption":"S\u1eefa b\u1ed9t Metamom"},{"@type":"BreadcrumbList","@id":"https:\/\/suatuyetvoi.com\/muasam\/san-pham\/sua-bot-metamom-huong-vani-400g\/#breadcrumb","itemListElement":[{"@type":"ListItem","position":1,"name":"Home","item":"https:\/\/suatuyetvoi.com\/muasam\/"},{"@type":"ListItem","position":2,"name":"Shop","item":"https:\/\/suatuyetvoi.com\/muasam\/shop\/"},{"@type":"ListItem","position":3,"name":"Nutricare Metamom h\u01b0\u01a1ng vani 400g"}]},{"@type":"WebSite","@id":"https:\/\/suatuyetvoi.com\/muasam\/#website","url":"https:\/\/suatuyetvoi.com\/muasam\/","name":"S\u1eefa Tuy\u1ec7t V\u1eddi","description":"S\u1eefa Tuy\u1ec7t V\u1eddi Vi\u1ec7t Nam","potentialAction":[{"@type":"SearchAction","target":{"@type":"EntryPoint","urlTemplate":"https:\/\/suatuyetvoi.com\/muasam\/?s={search_term_string}"},"query-input":{"@type":"PropertyValueSpecification","valueRequired":true,"valueName":"search_term_string"}}],"inLanguage":"vi"}]}},"_links":{"self":[{"href":"https:\/\/suatuyetvoi.com\/muasam\/wp-json\/wp\/v2\/product\/5526","targetHints":{"allow":["GET"]}}],"collection":[{"href":"https:\/\/suatuyetvoi.com\/muasam\/wp-json\/wp\/v2\/product"}],"about":[{"href":"https:\/\/suatuyetvoi.com\/muasam\/wp-json\/wp\/v2\/types\/product"}],"replies":[{"embeddable":true,"href":"https:\/\/suatuyetvoi.com\/muasam\/wp-json\/wp\/v2\/comments?post=5526"}],"wp:featuredmedia":[{"embeddable":true,"href":"https:\/\/suatuyetvoi.com\/muasam\/wp-json\/wp\/v2\/media\/5528"}],"wp:attachment":[{"href":"https:\/\/suatuyetvoi.com\/muasam\/wp-json\/wp\/v2\/media?parent=5526"}],"wp:term":[{"taxonomy":"product_cat","embeddable":true,"href":"https:\/\/suatuyetvoi.com\/muasam\/wp-json\/wp\/v2\/product_cat?post=5526"},{"taxonomy":"product_tag","embeddable":true,"href":"https:\/\/suatuyetvoi.com\/muasam\/wp-json\/wp\/v2\/product_tag?post=5526"}],"curies":[{"name":"wp","href":"https:\/\/api.w.org\/{rel}","templated":true}]}}