{"id":5523,"date":"2023-02-23T14:54:47","date_gmt":"2023-02-23T07:54:47","guid":{"rendered":"https:\/\/suatuyetvoi.com\/muasam\/?post_type=product&#038;p=5523"},"modified":"2023-02-27T16:49:29","modified_gmt":"2023-02-27T09:49:29","slug":"nutricare-smarta-mom-vi-viet-quat-900g","status":"publish","type":"product","link":"https:\/\/suatuyetvoi.com\/muasam\/san-pham\/nutricare-smarta-mom-vi-viet-quat-900g\/","title":{"rendered":"Nutricare Smarta Mom v\u1ecb vi\u1ec7t qu\u1ea5t 900g"},"content":{"rendered":"<p><strong>S\u1eefa b\u1ed9t Smarta Mom v\u1ecb vi\u1ec7t qu\u1ea5t 900g<\/strong>\u00a0\u0111\u1ed9c \u0111\u00e1o v\u1edbi c\u00f4ng th\u1ee9c \u00edt ng\u1ecdt. S\u1eed d\u1ee5ng h\u1ec7 \u0111\u01b0\u1eddng \u0103n ki\u00eang Isomalt, Maltitol, Palatinose \u0111\u01b0\u1ee3c EFSA Ch\u00e2u \u00c2u ch\u1ee9ng minh c\u00f3 ch\u1ec9 s\u1ed1 \u0111\u01b0\u1eddng huy\u1ebft (GI) th\u1ea5p. \u0110i\u1ec1u n\u00e0y gi\u00fap ki\u1ec3m so\u00e1t c\u00e2n n\u1eb7ng t\u1ed1t h\u01a1n, gi\u1ea3m nguy c\u01a1 m\u1eafc b\u1ec7nh ti\u1ec3u \u0111\u01b0\u1eddng thai k\u1ef3.<\/p>\n<figure id=\"attachment_5517\" aria-describedby=\"caption-attachment-5517\" style=\"width: 700px\" class=\"wp-caption alignnone\"><img loading=\"lazy\" decoding=\"async\" class=\"wp-image-5517 size-full\" src=\"https:\/\/suatuyetvoi.com\/muasam\/wp-content\/uploads\/2023\/02\/sua-bot-smarta-mom-vi-viet-quat.jpg\" alt=\"\" width=\"700\" height=\"525\" srcset=\"https:\/\/suatuyetvoi.com\/muasam\/wp-content\/uploads\/2023\/02\/sua-bot-smarta-mom-vi-viet-quat.jpg 700w, https:\/\/suatuyetvoi.com\/muasam\/wp-content\/uploads\/2023\/02\/sua-bot-smarta-mom-vi-viet-quat-533x400.jpg 533w, https:\/\/suatuyetvoi.com\/muasam\/wp-content\/uploads\/2023\/02\/sua-bot-smarta-mom-vi-viet-quat-600x450.jpg 600w\" sizes=\"auto, (max-width: 700px) 100vw, 700px\" \/><figcaption id=\"caption-attachment-5517\" class=\"wp-caption-text\">S\u1eefa b\u1ea7u Smarta Mom v\u1ecb vi\u1ec7t qu\u1ea5t \u2013 dinh d\u01b0\u1ee1ng cho ph\u1ee5 n\u1eef c\u00f3 thai v\u00e0 cho con b\u00fa<\/figcaption><\/figure>\n<h2>Th\u00f4ng tin n\u1ed5i b\u1eadt c\u1ee7a s\u1eefa b\u1ed9t Smarta Mom v\u1ecb vi\u1ec7t qu\u1ea5t 900g<\/h2>\n<ul>\n<li><strong>H\u1ed7 tr\u1ee3 h\u1ea5p thu, gi\u1ea3m t\u00ecnh tr\u1ea1ng t\u00e1o b\u00f3n<\/strong><\/li>\n<\/ul>\n<p>B\u1ed5 sung l\u1ee3i khu\u1ea9n Bifidobacterium BB12 v\u00e0 Lactobacillus La5.\u00a0 K\u1ebft h\u1ee3p c\u00f9ng ch\u1ea5t x\u01a1 t\u1ef1 nhi\u00ean gi\u00fap h\u1ed7 tr\u1ee3 ti\u00eau ho\u00e1, t\u0103ng kh\u1ea3 n\u0103ng h\u1ea5p thu kho\u00e1ng ch\u1ea5t. \u0110\u1ed3ng th\u1eddi gi\u00fap nhu\u1eadn tr\u00e0ng v\u00e0 l\u00e0m gi\u1ea3m t\u00ecnh tr\u1ea1ng t\u00e1o b\u00f3n thai k\u1ef3.<\/p>\n<p>Cung c\u1ea5p \u0111\u1ea7y \u0111\u1ee7 27 vitamin &amp; kho\u00e1ng ch\u1ea5t thi\u1ebft y\u1ebfu gi\u00fap n\u00e2ng cao \u0111\u1ec1 kh\u00e1ng, h\u1ed7 tr\u1ee3 m\u1eb9 b\u1ea7u c\u00f3 m\u1ed9t thai k\u1ef3 kh\u1ecfe m\u1ea1nh, gi\u1ea3m c\u00e1c d\u1ea5u hi\u1ec7u \u1ed1m ngh\u00e9n, t\u0103ng ch\u1ea5t l\u01b0\u1ee3ng s\u1eefa m\u1eb9 sau sinh.<\/p>\n<ul>\n<li><strong>Gi\u1ea3m nguy c\u01a1 ti\u1ec3u \u0111\u01b0\u1eddng thai k\u1ef3<\/strong><\/li>\n<\/ul>\n<p>\u0110\u1ed9c \u0111\u00e1o v\u1edbi c\u00f4ng th\u1ee9c \u00edt ng\u1ecdt, s\u1eed d\u1ee5ng h\u1ec7 \u0111\u01b0\u1eddng \u0103n ki\u00eang Isomalt, Maltito, Palatinose gi\u00fap gi\u1ea3m t\u00ecnh tr\u1ea1ng ti\u1ec3u \u0111\u01b0\u1eddng thai k\u1ef3.<\/p>\n<p>Gi\u1ea3m ch\u1ea5t b\u00e9o th\u00f4ng th\u01b0\u1eddng, b\u1ed5 sung b\u1eb1ng tinh ch\u1ea5t d\u1ea7u olive d\u1ec5 h\u1ea5p thu, gi\u00fap m\u1eb9 b\u1ea7u ki\u1ec3m so\u00e1t c\u00e2n n\u1eb7ng t\u1ed1t h\u01a1n.<\/p>\n<ul>\n<li><strong>H\u1ed7 tr\u1ee3 ph\u00e1t tri\u1ec3n n\u00e3o b\u1ed9 v\u00e0 th\u1ecb gi\u00e1c<\/strong><\/li>\n<\/ul>\n<p>B\u1ed5 sung g\u1ea5p hai(*) DHA t\u1eeb d\u1ea7u c\u00e1 t\u1ef1 nhi\u00ean. K\u1ebft h\u1ee3p c\u00f9ng Cholin, Taurin, I \u1ed1t, Omega 3, 6 h\u00e0m l\u01b0\u1ee3ng cao h\u1ed7 tr\u1ee3 ph\u00e1t tri\u1ec3n n\u00e3o b\u1ed9 v\u00e0 th\u1ecb gi\u00e1c c\u1ee7a thai nhi.<\/p>\n<p>Cung c\u1ea5p Axit Folic \u0111\u00e1p \u1ee9ng m\u1ed9t tr\u0103m ph\u1ea7n tr\u0103m khuy\u1ebfn ngh\u1ecb c\u1ee7a B\u1ed9 Y t\u1ebf c\u00f9ng I \u1ed1t h\u00e0m l\u01b0\u1ee3ng cao gi\u00fap gi\u1ea3m nguy c\u01a1 khuy\u1ebft t\u1eadt \u1ed1ng th\u1ea7n kinh<\/p>\n<ul>\n<li><strong>H\u1ed7 tr\u1ee3 ph\u00e1t tri\u1ec3n h\u1ec7 x\u01b0\u01a1ng c\u1ee9ng c\u00e1p<\/strong><\/li>\n<\/ul>\n<p>Gi\u00e0u Canxi Nano c\u00f3 k\u00edch th\u01b0\u1edbc si\u00eau nh\u1ecf, c\u00f9ng t\u1ec9 l\u1ec7 Canxi Ph\u1ed1t pho theo khuy\u1ebfn ngh\u1ecb c\u1ee7a Vi\u1ec7n Dinh d\u01b0\u1ee1ng. Ngo\u00e0i ra, k\u1ebft h\u1ee3p \u0111\u1ed9c \u0111\u00e1o c\u00f9ng Vitamin K2, Vitamin D3, Tinh ch\u1ea5t d\u1ea7u Olive gi\u00fap t\u0103ng c\u01b0\u1eddng g\u1eafn k\u1ebft t\u1ed1i \u0111a Canxi v\u00e0o x\u01b0\u01a1ng, gi\u1ea3m t\u00ecnh tr\u1ea1ng l\u1eafng \u0111\u1ecdng Canxi.<\/p>\n<h2>H\u01b0\u1edbng d\u1eabn s\u1eed d\u1ee5ng<\/h2>\n<ul>\n<li>R\u1eeda tay s\u1ea1ch v\u1edbi x\u00e0 ph\u00f2ng v\u00e0 n\u01b0\u1edbc tr\u01b0\u1edbc khi pha.<\/li>\n<li>\u0110un c\u00e1c d\u1ee5ng c\u1ee5, c\u1ed1c v\u00e0 n\u1eafp trong n\u01b0\u1edbc (\u0111un trong 2 ph\u00fat).<\/li>\n<li>\u0110un s\u00f4i n\u01b0\u1edbc \u0111\u1ec3 pha trong kho\u1ea3ng 1 ph\u00fat. \u0110\u1ec3 n\u01b0\u1edbc ngu\u1ed9i kho\u1ea3ng 40 \u2013 50 \u0111\u1ed9 C r\u1ed3i r\u00f3t l\u01b0\u1ee3ng n\u01b0\u1edbc c\u1ea7n pha v\u00e0o c\u1ed1c\/d\u1ee5ng c\u1ee5 pha.<\/li>\n<li>Cho t\u1eeb t\u1eeb 40 gram SMARTA MOM (4 mu\u1ed7ng g\u1ea1t) v\u00e0o 180ml n\u01b0\u1edbc \u0111un s\u00f4i \u0111\u1ec3 \u1ea5m kho\u1ea3ng 40 \u2013 50 \u0111\u1ed9 C. Sau \u0111\u00f3 khu\u1ea5y \u0111\u1ec1u \u0111\u01b0\u1ee3c 200ml dung d\u1ecbch SMARTA MOM.<\/li>\n<\/ul>\n<p>D\u00f9ng 2 \u2013 3 ly SMARTA MOM m\u1ed7i ng\u00e0y \u0111\u1ec3 t\u0103ng c\u01b0\u1eddng dinh d\u01b0\u1ee1ng cho b\u00e0 m\u1eb9 v\u00e0 thai nhi.<\/p>\n<p>B\u1ea3o qu\u1ea3n n\u01a1i kh\u00f4 r\u00e1o, s\u1ea1ch s\u1ebd, tho\u00e1ng m\u00e1t, tr\u00e1nh \u00e1nh n\u1eafng tr\u1ef1c ti\u1ebfp. H\u1ed9p \u0111\u00e3 m\u1edf ph\u1ea3i \u0111\u01b0\u1ee3c \u0111\u1eady k\u00edn v\u00e0 s\u1eed d\u1ee5ng trong v\u00f2ng 3 tu\u1ea7n.<\/p>\n","protected":false},"excerpt":{"rendered":"<ul>\n<li>Tr\u1ecdng l\u01b0\u1ee3ng: Lon 900g<\/li>\n<li>H\u01b0\u01a1ng vi\u1ec7t qu\u1ea5t, \u00edt ng\u1ecdt<\/li>\n<li>Cung c\u1ea5p \u0111\u1ea7y \u0111\u1ee7 27 vitamin &amp; kho\u00e1ng ch\u1ea5t thi\u1ebft y\u1ebfu<\/li>\n<li>Gi\u1ea3m nguy c\u01a1 ti\u1ec3u \u0111\u01b0\u1eddng thai k\u1ef3<\/li>\n<li>D\u00e0nh cho ph\u1ee5 n\u1eef c\u00f3 thai v\u00e0 cho con b\u00fa<\/li>\n<li>Th\u01b0\u01a1ng hi\u1ec7u: Nutricare<\/li>\n<li>Xu\u1ea5t x\u1ee9: Vi\u1ec7t Nam<\/li>\n<\/ul>\n","protected":false},"featured_media":5524,"comment_status":"open","ping_status":"closed","template":"","meta":[],"product_cat":[231],"product_tag":[570,569,568,571],"class_list":["post-5523","product","type-product","status-publish","has-post-thumbnail","hentry","product_cat-sua-bot","product_tag-giam-nguy-co-tieu-duong-thai-ky","product_tag-giam-tinh-trang-tao-bon","product_tag-nutricare","product_tag-sua-bau","berocket_brand-nutricare"],"yoast_head":"<!-- This site is optimized with the Yoast SEO plugin v27.6 - https:\/\/yoast.com\/product\/yoast-seo-wordpress\/ -->\n<title>Nutricare Smarta Mom v\u1ecb vi\u1ec7t qu\u1ea5t 900g - \u0110ang khuy\u1ebfn m\u00e3i<\/title>\n<meta name=\"description\" content=\"S\u1eefa b\u1ed9t Smarta Mom v\u1edbi c\u00f4ng th\u1ee9c \u00edt ng\u1ecdt, c\u00f3 ch\u1ec9 s\u1ed1 \u0111\u01b0\u1eddng huy\u1ebft (GI) th\u1ea5p, gi\u00fap ki\u1ec3m so\u00e1t c\u00e2n n\u1eb7ng t\u1ed1t h\u01a1n, gi\u1ea3m nguy c\u01a1 m\u1eafc b\u1ec7nh ti\u1ec3u \u0111\u01b0\u1eddng thai k\u1ef3.\" \/>\n<meta name=\"robots\" content=\"index, follow, max-snippet:-1, max-image-preview:large, max-video-preview:-1\" \/>\n<link rel=\"canonical\" href=\"https:\/\/suatuyetvoi.com\/muasam\/san-pham\/nutricare-smarta-mom-vi-viet-quat-900g\/\" \/>\n<meta property=\"og:locale\" content=\"vi_VN\" \/>\n<meta property=\"og:type\" content=\"article\" \/>\n<meta property=\"og:title\" content=\"Nutricare Smarta Mom v\u1ecb vi\u1ec7t qu\u1ea5t 900g - \u0110ang khuy\u1ebfn m\u00e3i\" \/>\n<meta property=\"og:description\" content=\"S\u1eefa b\u1ed9t Smarta Mom v\u1edbi c\u00f4ng th\u1ee9c \u00edt ng\u1ecdt, c\u00f3 ch\u1ec9 s\u1ed1 \u0111\u01b0\u1eddng huy\u1ebft (GI) th\u1ea5p, gi\u00fap ki\u1ec3m so\u00e1t c\u00e2n n\u1eb7ng t\u1ed1t h\u01a1n, gi\u1ea3m nguy c\u01a1 m\u1eafc b\u1ec7nh ti\u1ec3u \u0111\u01b0\u1eddng thai k\u1ef3.\" \/>\n<meta property=\"og:url\" content=\"https:\/\/suatuyetvoi.com\/muasam\/san-pham\/nutricare-smarta-mom-vi-viet-quat-900g\/\" \/>\n<meta property=\"og:site_name\" content=\"S\u1eefa Tuy\u1ec7t V\u1eddi\" \/>\n<meta property=\"article:modified_time\" content=\"2023-02-27T09:49:29+00:00\" \/>\n<meta property=\"og:image\" content=\"https:\/\/suatuyetvoi.com\/muasam\/wp-content\/uploads\/2023\/02\/Smarta-Mom-900-SP.png\" \/>\n\t<meta property=\"og:image:width\" content=\"550\" \/>\n\t<meta property=\"og:image:height\" content=\"550\" \/>\n\t<meta property=\"og:image:type\" content=\"image\/png\" \/>\n<meta name=\"twitter:card\" content=\"summary_large_image\" \/>\n<meta name=\"twitter:title\" content=\"Nutricare Smarta Mom v\u1ecb vi\u1ec7t qu\u1ea5t 900g - \u0110ang khuy\u1ebfn m\u00e3i\" \/>\n<meta name=\"twitter:description\" content=\"S\u1eefa b\u1ed9t Smarta Mom v\u1edbi c\u00f4ng th\u1ee9c \u00edt ng\u1ecdt, c\u00f3 ch\u1ec9 s\u1ed1 \u0111\u01b0\u1eddng huy\u1ebft (GI) th\u1ea5p, gi\u00fap ki\u1ec3m so\u00e1t c\u00e2n n\u1eb7ng t\u1ed1t h\u01a1n, gi\u1ea3m nguy c\u01a1 m\u1eafc b\u1ec7nh ti\u1ec3u \u0111\u01b0\u1eddng thai k\u1ef3.\" \/>\n<meta name=\"twitter:label1\" content=\"\u01af\u1edbc t\u00ednh th\u1eddi gian \u0111\u1ecdc\" \/>\n\t<meta name=\"twitter:data1\" content=\"3 ph\u00fat\" \/>\n<script type=\"application\/ld+json\" class=\"yoast-schema-graph\">{\"@context\":\"https:\\\/\\\/schema.org\",\"@graph\":[{\"@type\":\"WebPage\",\"@id\":\"https:\\\/\\\/suatuyetvoi.com\\\/muasam\\\/san-pham\\\/nutricare-smarta-mom-vi-viet-quat-900g\\\/\",\"url\":\"https:\\\/\\\/suatuyetvoi.com\\\/muasam\\\/san-pham\\\/nutricare-smarta-mom-vi-viet-quat-900g\\\/\",\"name\":\"Nutricare Smarta Mom v\u1ecb vi\u1ec7t qu\u1ea5t 900g - \u0110ang khuy\u1ebfn m\u00e3i\",\"isPartOf\":{\"@id\":\"https:\\\/\\\/suatuyetvoi.com\\\/muasam\\\/#website\"},\"primaryImageOfPage\":{\"@id\":\"https:\\\/\\\/suatuyetvoi.com\\\/muasam\\\/san-pham\\\/nutricare-smarta-mom-vi-viet-quat-900g\\\/#primaryimage\"},\"image\":{\"@id\":\"https:\\\/\\\/suatuyetvoi.com\\\/muasam\\\/san-pham\\\/nutricare-smarta-mom-vi-viet-quat-900g\\\/#primaryimage\"},\"thumbnailUrl\":\"https:\\\/\\\/suatuyetvoi.com\\\/muasam\\\/wp-content\\\/uploads\\\/2023\\\/02\\\/Smarta-Mom-900-SP.png\",\"datePublished\":\"2023-02-23T07:54:47+00:00\",\"dateModified\":\"2023-02-27T09:49:29+00:00\",\"description\":\"S\u1eefa b\u1ed9t Smarta Mom v\u1edbi c\u00f4ng th\u1ee9c \u00edt ng\u1ecdt, c\u00f3 ch\u1ec9 s\u1ed1 \u0111\u01b0\u1eddng huy\u1ebft (GI) th\u1ea5p, gi\u00fap ki\u1ec3m so\u00e1t c\u00e2n n\u1eb7ng t\u1ed1t h\u01a1n, gi\u1ea3m nguy c\u01a1 m\u1eafc b\u1ec7nh ti\u1ec3u \u0111\u01b0\u1eddng thai k\u1ef3.\",\"breadcrumb\":{\"@id\":\"https:\\\/\\\/suatuyetvoi.com\\\/muasam\\\/san-pham\\\/nutricare-smarta-mom-vi-viet-quat-900g\\\/#breadcrumb\"},\"inLanguage\":\"vi\",\"potentialAction\":[{\"@type\":\"ReadAction\",\"target\":[\"https:\\\/\\\/suatuyetvoi.com\\\/muasam\\\/san-pham\\\/nutricare-smarta-mom-vi-viet-quat-900g\\\/\"]}]},{\"@type\":\"ImageObject\",\"inLanguage\":\"vi\",\"@id\":\"https:\\\/\\\/suatuyetvoi.com\\\/muasam\\\/san-pham\\\/nutricare-smarta-mom-vi-viet-quat-900g\\\/#primaryimage\",\"url\":\"https:\\\/\\\/suatuyetvoi.com\\\/muasam\\\/wp-content\\\/uploads\\\/2023\\\/02\\\/Smarta-Mom-900-SP.png\",\"contentUrl\":\"https:\\\/\\\/suatuyetvoi.com\\\/muasam\\\/wp-content\\\/uploads\\\/2023\\\/02\\\/Smarta-Mom-900-SP.png\",\"width\":550,\"height\":550,\"caption\":\"Nutricare Smarta Mom\"},{\"@type\":\"BreadcrumbList\",\"@id\":\"https:\\\/\\\/suatuyetvoi.com\\\/muasam\\\/san-pham\\\/nutricare-smarta-mom-vi-viet-quat-900g\\\/#breadcrumb\",\"itemListElement\":[{\"@type\":\"ListItem\",\"position\":1,\"name\":\"Home\",\"item\":\"https:\\\/\\\/suatuyetvoi.com\\\/muasam\\\/\"},{\"@type\":\"ListItem\",\"position\":2,\"name\":\"Shop\",\"item\":\"https:\\\/\\\/suatuyetvoi.com\\\/muasam\\\/shop\\\/\"},{\"@type\":\"ListItem\",\"position\":3,\"name\":\"Nutricare Smarta Mom v\u1ecb vi\u1ec7t qu\u1ea5t 900g\"}]},{\"@type\":\"WebSite\",\"@id\":\"https:\\\/\\\/suatuyetvoi.com\\\/muasam\\\/#website\",\"url\":\"https:\\\/\\\/suatuyetvoi.com\\\/muasam\\\/\",\"name\":\"S\u1eefa Tuy\u1ec7t V\u1eddi\",\"description\":\"S\u1eefa Tuy\u1ec7t V\u1eddi Vi\u1ec7t Nam\",\"potentialAction\":[{\"@type\":\"SearchAction\",\"target\":{\"@type\":\"EntryPoint\",\"urlTemplate\":\"https:\\\/\\\/suatuyetvoi.com\\\/muasam\\\/?s={search_term_string}\"},\"query-input\":{\"@type\":\"PropertyValueSpecification\",\"valueRequired\":true,\"valueName\":\"search_term_string\"}}],\"inLanguage\":\"vi\"}]}<\/script>\n<!-- \/ Yoast SEO plugin. -->","yoast_head_json":{"title":"Nutricare Smarta Mom v\u1ecb vi\u1ec7t qu\u1ea5t 900g - \u0110ang khuy\u1ebfn m\u00e3i","description":"S\u1eefa b\u1ed9t Smarta Mom v\u1edbi c\u00f4ng th\u1ee9c \u00edt ng\u1ecdt, c\u00f3 ch\u1ec9 s\u1ed1 \u0111\u01b0\u1eddng huy\u1ebft (GI) th\u1ea5p, gi\u00fap ki\u1ec3m so\u00e1t c\u00e2n n\u1eb7ng t\u1ed1t h\u01a1n, gi\u1ea3m nguy c\u01a1 m\u1eafc b\u1ec7nh ti\u1ec3u \u0111\u01b0\u1eddng thai k\u1ef3.","robots":{"index":"index","follow":"follow","max-snippet":"max-snippet:-1","max-image-preview":"max-image-preview:large","max-video-preview":"max-video-preview:-1"},"canonical":"https:\/\/suatuyetvoi.com\/muasam\/san-pham\/nutricare-smarta-mom-vi-viet-quat-900g\/","og_locale":"vi_VN","og_type":"article","og_title":"Nutricare Smarta Mom v\u1ecb vi\u1ec7t qu\u1ea5t 900g - \u0110ang khuy\u1ebfn m\u00e3i","og_description":"S\u1eefa b\u1ed9t Smarta Mom v\u1edbi c\u00f4ng th\u1ee9c \u00edt ng\u1ecdt, c\u00f3 ch\u1ec9 s\u1ed1 \u0111\u01b0\u1eddng huy\u1ebft (GI) th\u1ea5p, gi\u00fap ki\u1ec3m so\u00e1t c\u00e2n n\u1eb7ng t\u1ed1t h\u01a1n, gi\u1ea3m nguy c\u01a1 m\u1eafc b\u1ec7nh ti\u1ec3u \u0111\u01b0\u1eddng thai k\u1ef3.","og_url":"https:\/\/suatuyetvoi.com\/muasam\/san-pham\/nutricare-smarta-mom-vi-viet-quat-900g\/","og_site_name":"S\u1eefa Tuy\u1ec7t V\u1eddi","article_modified_time":"2023-02-27T09:49:29+00:00","og_image":[{"width":550,"height":550,"url":"https:\/\/suatuyetvoi.com\/muasam\/wp-content\/uploads\/2023\/02\/Smarta-Mom-900-SP.png","type":"image\/png"}],"twitter_card":"summary_large_image","twitter_title":"Nutricare Smarta Mom v\u1ecb vi\u1ec7t qu\u1ea5t 900g - \u0110ang khuy\u1ebfn m\u00e3i","twitter_description":"S\u1eefa b\u1ed9t Smarta Mom v\u1edbi c\u00f4ng th\u1ee9c \u00edt ng\u1ecdt, c\u00f3 ch\u1ec9 s\u1ed1 \u0111\u01b0\u1eddng huy\u1ebft (GI) th\u1ea5p, gi\u00fap ki\u1ec3m so\u00e1t c\u00e2n n\u1eb7ng t\u1ed1t h\u01a1n, gi\u1ea3m nguy c\u01a1 m\u1eafc b\u1ec7nh ti\u1ec3u \u0111\u01b0\u1eddng thai k\u1ef3.","twitter_misc":{"\u01af\u1edbc t\u00ednh th\u1eddi gian \u0111\u1ecdc":"3 ph\u00fat"},"schema":{"@context":"https:\/\/schema.org","@graph":[{"@type":"WebPage","@id":"https:\/\/suatuyetvoi.com\/muasam\/san-pham\/nutricare-smarta-mom-vi-viet-quat-900g\/","url":"https:\/\/suatuyetvoi.com\/muasam\/san-pham\/nutricare-smarta-mom-vi-viet-quat-900g\/","name":"Nutricare Smarta Mom v\u1ecb vi\u1ec7t qu\u1ea5t 900g - \u0110ang khuy\u1ebfn m\u00e3i","isPartOf":{"@id":"https:\/\/suatuyetvoi.com\/muasam\/#website"},"primaryImageOfPage":{"@id":"https:\/\/suatuyetvoi.com\/muasam\/san-pham\/nutricare-smarta-mom-vi-viet-quat-900g\/#primaryimage"},"image":{"@id":"https:\/\/suatuyetvoi.com\/muasam\/san-pham\/nutricare-smarta-mom-vi-viet-quat-900g\/#primaryimage"},"thumbnailUrl":"https:\/\/suatuyetvoi.com\/muasam\/wp-content\/uploads\/2023\/02\/Smarta-Mom-900-SP.png","datePublished":"2023-02-23T07:54:47+00:00","dateModified":"2023-02-27T09:49:29+00:00","description":"S\u1eefa b\u1ed9t Smarta Mom v\u1edbi c\u00f4ng th\u1ee9c \u00edt ng\u1ecdt, c\u00f3 ch\u1ec9 s\u1ed1 \u0111\u01b0\u1eddng huy\u1ebft (GI) th\u1ea5p, gi\u00fap ki\u1ec3m so\u00e1t c\u00e2n n\u1eb7ng t\u1ed1t h\u01a1n, gi\u1ea3m nguy c\u01a1 m\u1eafc b\u1ec7nh ti\u1ec3u \u0111\u01b0\u1eddng thai k\u1ef3.","breadcrumb":{"@id":"https:\/\/suatuyetvoi.com\/muasam\/san-pham\/nutricare-smarta-mom-vi-viet-quat-900g\/#breadcrumb"},"inLanguage":"vi","potentialAction":[{"@type":"ReadAction","target":["https:\/\/suatuyetvoi.com\/muasam\/san-pham\/nutricare-smarta-mom-vi-viet-quat-900g\/"]}]},{"@type":"ImageObject","inLanguage":"vi","@id":"https:\/\/suatuyetvoi.com\/muasam\/san-pham\/nutricare-smarta-mom-vi-viet-quat-900g\/#primaryimage","url":"https:\/\/suatuyetvoi.com\/muasam\/wp-content\/uploads\/2023\/02\/Smarta-Mom-900-SP.png","contentUrl":"https:\/\/suatuyetvoi.com\/muasam\/wp-content\/uploads\/2023\/02\/Smarta-Mom-900-SP.png","width":550,"height":550,"caption":"Nutricare Smarta Mom"},{"@type":"BreadcrumbList","@id":"https:\/\/suatuyetvoi.com\/muasam\/san-pham\/nutricare-smarta-mom-vi-viet-quat-900g\/#breadcrumb","itemListElement":[{"@type":"ListItem","position":1,"name":"Home","item":"https:\/\/suatuyetvoi.com\/muasam\/"},{"@type":"ListItem","position":2,"name":"Shop","item":"https:\/\/suatuyetvoi.com\/muasam\/shop\/"},{"@type":"ListItem","position":3,"name":"Nutricare Smarta Mom v\u1ecb vi\u1ec7t qu\u1ea5t 900g"}]},{"@type":"WebSite","@id":"https:\/\/suatuyetvoi.com\/muasam\/#website","url":"https:\/\/suatuyetvoi.com\/muasam\/","name":"S\u1eefa Tuy\u1ec7t V\u1eddi","description":"S\u1eefa Tuy\u1ec7t V\u1eddi Vi\u1ec7t Nam","potentialAction":[{"@type":"SearchAction","target":{"@type":"EntryPoint","urlTemplate":"https:\/\/suatuyetvoi.com\/muasam\/?s={search_term_string}"},"query-input":{"@type":"PropertyValueSpecification","valueRequired":true,"valueName":"search_term_string"}}],"inLanguage":"vi"}]}},"_links":{"self":[{"href":"https:\/\/suatuyetvoi.com\/muasam\/wp-json\/wp\/v2\/product\/5523","targetHints":{"allow":["GET"]}}],"collection":[{"href":"https:\/\/suatuyetvoi.com\/muasam\/wp-json\/wp\/v2\/product"}],"about":[{"href":"https:\/\/suatuyetvoi.com\/muasam\/wp-json\/wp\/v2\/types\/product"}],"replies":[{"embeddable":true,"href":"https:\/\/suatuyetvoi.com\/muasam\/wp-json\/wp\/v2\/comments?post=5523"}],"wp:featuredmedia":[{"embeddable":true,"href":"https:\/\/suatuyetvoi.com\/muasam\/wp-json\/wp\/v2\/media\/5524"}],"wp:attachment":[{"href":"https:\/\/suatuyetvoi.com\/muasam\/wp-json\/wp\/v2\/media?parent=5523"}],"wp:term":[{"taxonomy":"product_cat","embeddable":true,"href":"https:\/\/suatuyetvoi.com\/muasam\/wp-json\/wp\/v2\/product_cat?post=5523"},{"taxonomy":"product_tag","embeddable":true,"href":"https:\/\/suatuyetvoi.com\/muasam\/wp-json\/wp\/v2\/product_tag?post=5523"}],"curies":[{"name":"wp","href":"https:\/\/api.w.org\/{rel}","templated":true}]}}