{"id":5495,"date":"2023-02-22T16:59:04","date_gmt":"2023-02-22T09:59:04","guid":{"rendered":"https:\/\/suatuyetvoi.com\/muasam\/?post_type=product&#038;p=5495"},"modified":"2023-03-07T15:05:29","modified_gmt":"2023-03-07T08:05:29","slug":"sua-bot-dinh-duong-delimax-canxi-900g","status":"publish","type":"product","link":"https:\/\/suatuyetvoi.com\/muasam\/san-pham\/sua-bot-dinh-duong-delimax-canxi-900g\/","title":{"rendered":"S\u1eefa b\u1ed9t dinh d\u01b0\u1ee1ng Delimax Canxi 900g"},"content":{"rendered":"<p><strong>S\u1eefa dinh d\u01b0\u1ee1ng Delimax Canxi\u00a0<\/strong>\u00a0d\u00e0nh cho ng\u01b0\u1eddi t\u1eeb 18 tu\u1ed5i tr\u1edf l\u00ean . Kh\u00f4ng ch\u1ec9 cung c\u1ea5p c\u00e1c ch\u1ea5t dinh d\u01b0\u1ee1ng c\u01a1 b\u1ea3n nh\u01b0 ch\u1ea5t \u0111\u1ea1m, n\u0103ng l\u01b0\u01a1ng, c\u00e1c vitamin v\u00e0 kho\u00e1ng ch\u1ea5t. B\u1ed5 sung th\u00eam c\u00e1c th\u00e0nh ph\u1ea7n quan tr\u1ecdng nh\u01b0:<\/p>\n<p><b>Glucosamine- Chondroitin- MSM\u00a0<\/b>: l\u00e0m ch\u1eafc \u0111\u1ea7u s\u1ee5n , tr\u01a1n d\u1ecbch kh\u1edbp , gi\u00fap v\u1eadn \u0111\u1ed9ng d\u1ec5 d\u00e0ng<\/p>\n<p><strong>Choline + Vitamin<\/strong>\u00a0<strong>A:<\/strong>\u00a0Gi\u00fap ph\u00e1t tri\u1ec3n n\u00e3o b\u1ed9 v\u00e0 th\u1ecb gi\u00e1c<\/p>\n<p><strong>Ch\u1ea5t b\u00e9o MUFA + PUFA<\/strong>: T\u1ed1t cho h\u1ec7 tim m\u1ea1ch<\/p>\n<p><strong>Vitamin K2 ( MK7)\u00a0<\/strong>: Gi\u00fap t\u1ed1i \u01b0u h\u00f3a s\u1ef1 h\u1ea5p th\u1ee5 Canxi t\u1ea1i x\u01b0\u01a1ng<\/p>\n<p><strong>Ch\u1ea5t x\u01a1 h\u00f2a tan<\/strong>: H\u1ec7 ti\u00eau h\u00f3a kh\u1ecfe m\u1ea1nh<\/p>\n<p><strong>Canxi Nano<\/strong>: Gi\u00fap h\u1ec7 x\u01b0\u01a1ng, r\u0103ng ch\u1eafc kh\u1ecfe<\/p>\n<p><img loading=\"lazy\" decoding=\"async\" class=\"alignnone wp-image-5496 size-full\" src=\"https:\/\/suatuyetvoi.com\/muasam\/wp-content\/uploads\/2023\/02\/1655200973.nv_.jpg\" alt=\"S\u1eefa b\u1ed9t dinh d\u01b0\u1ee1ng Delimax Canxi\" width=\"720\" height=\"720\" srcset=\"https:\/\/suatuyetvoi.com\/muasam\/wp-content\/uploads\/2023\/02\/1655200973.nv_.jpg 720w, https:\/\/suatuyetvoi.com\/muasam\/wp-content\/uploads\/2023\/02\/1655200973.nv_-400x400.jpg 400w, https:\/\/suatuyetvoi.com\/muasam\/wp-content\/uploads\/2023\/02\/1655200973.nv_-280x280.jpg 280w, https:\/\/suatuyetvoi.com\/muasam\/wp-content\/uploads\/2023\/02\/1655200973.nv_-300x300.jpg 300w, https:\/\/suatuyetvoi.com\/muasam\/wp-content\/uploads\/2023\/02\/1655200973.nv_-600x600.jpg 600w, https:\/\/suatuyetvoi.com\/muasam\/wp-content\/uploads\/2023\/02\/1655200973.nv_-100x100.jpg 100w\" sizes=\"auto, (max-width: 720px) 100vw, 720px\" \/><\/p>\n<p><strong>H\u01b0\u1edbng d\u1eabn s\u1eed d\u1ee5ng v\u00e0 b\u1ea3o qu\u1ea3n:<\/strong><\/p>\n<p>\u2013\u00a0 M\u1ed9t mu\u1ed7ng g\u1ea1t (t\u01b0\u01a1ng \u0111\u01b0\u01a1ng 7g) pha c\u00f9ng v\u1edbi 45ml n\u01b0\u1edbc 40-50 \u0111\u1ed9 C<\/p>\n<p>\u2013\u00a0 L\u1eafc b\u00ecnh s\u1eefa t\u1edbi khi s\u1eefa tan h\u1ebft<\/p>\n<p>\u2013\u00a0 S\u1ea3n ph\u1ea9m pha xong s\u1eed d\u1ee5ng trong v\u00f2ng 2 ti\u1ebfng<\/p>\n<p>\u2013\u00a0 B\u1ea3o qu\u1ea3n s\u1ea3n ph\u1ea9m n\u01a1i kh\u00f4 r\u00e1o v\u00e0 tho\u00e1ng m\u00e1t<\/p>\n","protected":false},"excerpt":{"rendered":"<p>S\u1eefa dinh d\u01b0\u1ee1ng Delimax Canxi d\u00e0nh cho ng\u01b0\u1eddi t\u1eeb 18 tu\u1ed5i tr\u1edf l\u00ean. L\u00e0 d\u00f2ng s\u1ea3n ph\u1ea9m \u0111\u1eb7c ch\u1ebf cho ng\u01b0\u1eddi b\u1ecb lo\u00e3ng x\u01b0\u01a1ng, \u0111au nh\u1ee9c kh\u1edbp. Gi\u1ea3m nguy c\u01a1 lo\u00e3ng x\u01b0\u01a1ng. Gi\u00fap tr\u01a1n kh\u1edbp v\u00e0 h\u1ed7 tr\u1ee3 c\u01a1 x\u01b0\u01a1ng kh\u1edbp. T\u1ed1t cho tim m\u1ea1ch, huy\u1ebft \u00e1p .<\/p>\n","protected":false},"featured_media":5596,"comment_status":"open","ping_status":"closed","template":"","meta":[],"product_cat":[231],"product_tag":[559,561,560,557],"class_list":["post-5495","product","type-product","status-publish","has-post-thumbnail","hentry","product_cat-sua-bot","product_tag-18-tuoi-tro-len","product_tag-chac-khoe-xuong","product_tag-hap-thu-canxi","product_tag-sua-dinh-duong","berocket_brand-delimax"],"yoast_head":"<!-- This site is optimized with the Yoast SEO plugin v27.6 - https:\/\/yoast.com\/product\/yoast-seo-wordpress\/ -->\n<title>S\u1eefa b\u1ed9t dinh d\u01b0\u1ee1ng Delimax Canxi 900g - \u0110ang khuy\u1ebfn m\u00e3i<\/title>\n<meta name=\"description\" content=\"S\u1eefa b\u1ed9t dinh d\u01b0\u1ee1ng Delimax Canxi\u00a0d\u00e0nh cho ng\u01b0\u1eddi t\u1eeb 18 tu\u1ed5i tr\u1edf l\u00ean, cung c\u1ea5p c\u00e1c ch\u1ea5t dinh d\u01b0\u1ee1ng nh\u01b0 ch\u1ea5t \u0111\u1ea1m, n\u0103ng l\u01b0\u01a1ng, c\u00e1c vitamin v\u00e0 kho\u00e1ng ch\u1ea5t.\" \/>\n<meta name=\"robots\" content=\"index, follow, max-snippet:-1, max-image-preview:large, max-video-preview:-1\" \/>\n<link rel=\"canonical\" href=\"https:\/\/suatuyetvoi.com\/muasam\/san-pham\/sua-bot-dinh-duong-delimax-canxi-900g\/\" \/>\n<meta property=\"og:locale\" content=\"vi_VN\" \/>\n<meta property=\"og:type\" content=\"article\" \/>\n<meta property=\"og:title\" content=\"S\u1eefa b\u1ed9t dinh d\u01b0\u1ee1ng Delimax Canxi 900g - \u0110ang khuy\u1ebfn m\u00e3i\" \/>\n<meta property=\"og:description\" content=\"S\u1eefa dinh d\u01b0\u1ee1ng Delimax Canxi\u00a0\u00a0d\u00e0nh cho ng\u01b0\u1eddi t\u1eeb 18 tu\u1ed5i tr\u1edf l\u00ean, cung c\u1ea5p c\u00e1c ch\u1ea5t dinh d\u01b0\u1ee1ng c\u01a1 b\u1ea3n nh\u01b0 ch\u1ea5t \u0111\u1ea1m, n\u0103ng l\u01b0\u01a1ng, c\u00e1c vitamin v\u00e0 kho\u00e1ng ch\u1ea5t.\" \/>\n<meta property=\"og:url\" content=\"https:\/\/suatuyetvoi.com\/muasam\/san-pham\/sua-bot-dinh-duong-delimax-canxi-900g\/\" \/>\n<meta property=\"og:site_name\" content=\"S\u1eefa Tuy\u1ec7t V\u1eddi\" \/>\n<meta property=\"article:modified_time\" content=\"2023-03-07T08:05:29+00:00\" \/>\n<meta property=\"og:image\" content=\"https:\/\/suatuyetvoi.com\/muasam\/wp-content\/uploads\/2023\/02\/1655200973.nv_-300x300-Edited.png\" \/>\n\t<meta property=\"og:image:width\" content=\"300\" \/>\n\t<meta property=\"og:image:height\" content=\"300\" \/>\n\t<meta property=\"og:image:type\" content=\"image\/png\" \/>\n<meta name=\"twitter:card\" content=\"summary_large_image\" \/>\n<meta name=\"twitter:title\" content=\"S\u1eefa b\u1ed9t dinh d\u01b0\u1ee1ng Delimax Canxi 900g - \u0110ang khuy\u1ebfn m\u00e3i\" \/>\n<meta name=\"twitter:description\" content=\"S\u1eefa dinh d\u01b0\u1ee1ng Delimax Canxi\u00a0\u00a0d\u00e0nh cho ng\u01b0\u1eddi t\u1eeb 18 tu\u1ed5i tr\u1edf l\u00ean, cung c\u1ea5p c\u00e1c ch\u1ea5t dinh d\u01b0\u1ee1ng c\u01a1 b\u1ea3n nh\u01b0 ch\u1ea5t \u0111\u1ea1m, n\u0103ng l\u01b0\u01a1ng, c\u00e1c vitamin v\u00e0 kho\u00e1ng ch\u1ea5t.\" \/>\n<meta name=\"twitter:label1\" content=\"\u01af\u1edbc t\u00ednh th\u1eddi gian \u0111\u1ecdc\" \/>\n\t<meta name=\"twitter:data1\" content=\"2 ph\u00fat\" \/>\n<script type=\"application\/ld+json\" class=\"yoast-schema-graph\">{\"@context\":\"https:\\\/\\\/schema.org\",\"@graph\":[{\"@type\":\"WebPage\",\"@id\":\"https:\\\/\\\/suatuyetvoi.com\\\/muasam\\\/san-pham\\\/sua-bot-dinh-duong-delimax-canxi-900g\\\/\",\"url\":\"https:\\\/\\\/suatuyetvoi.com\\\/muasam\\\/san-pham\\\/sua-bot-dinh-duong-delimax-canxi-900g\\\/\",\"name\":\"S\u1eefa b\u1ed9t dinh d\u01b0\u1ee1ng Delimax Canxi 900g - \u0110ang khuy\u1ebfn m\u00e3i\",\"isPartOf\":{\"@id\":\"https:\\\/\\\/suatuyetvoi.com\\\/muasam\\\/#website\"},\"primaryImageOfPage\":{\"@id\":\"https:\\\/\\\/suatuyetvoi.com\\\/muasam\\\/san-pham\\\/sua-bot-dinh-duong-delimax-canxi-900g\\\/#primaryimage\"},\"image\":{\"@id\":\"https:\\\/\\\/suatuyetvoi.com\\\/muasam\\\/san-pham\\\/sua-bot-dinh-duong-delimax-canxi-900g\\\/#primaryimage\"},\"thumbnailUrl\":\"https:\\\/\\\/suatuyetvoi.com\\\/muasam\\\/wp-content\\\/uploads\\\/2023\\\/02\\\/1655200973.nv_-300x300-Edited.png\",\"datePublished\":\"2023-02-22T09:59:04+00:00\",\"dateModified\":\"2023-03-07T08:05:29+00:00\",\"description\":\"S\u1eefa b\u1ed9t dinh d\u01b0\u1ee1ng Delimax Canxi\u00a0d\u00e0nh cho ng\u01b0\u1eddi t\u1eeb 18 tu\u1ed5i tr\u1edf l\u00ean, cung c\u1ea5p c\u00e1c ch\u1ea5t dinh d\u01b0\u1ee1ng nh\u01b0 ch\u1ea5t \u0111\u1ea1m, n\u0103ng l\u01b0\u01a1ng, c\u00e1c vitamin v\u00e0 kho\u00e1ng ch\u1ea5t.\",\"breadcrumb\":{\"@id\":\"https:\\\/\\\/suatuyetvoi.com\\\/muasam\\\/san-pham\\\/sua-bot-dinh-duong-delimax-canxi-900g\\\/#breadcrumb\"},\"inLanguage\":\"vi\",\"potentialAction\":[{\"@type\":\"ReadAction\",\"target\":[\"https:\\\/\\\/suatuyetvoi.com\\\/muasam\\\/san-pham\\\/sua-bot-dinh-duong-delimax-canxi-900g\\\/\"]}]},{\"@type\":\"ImageObject\",\"inLanguage\":\"vi\",\"@id\":\"https:\\\/\\\/suatuyetvoi.com\\\/muasam\\\/san-pham\\\/sua-bot-dinh-duong-delimax-canxi-900g\\\/#primaryimage\",\"url\":\"https:\\\/\\\/suatuyetvoi.com\\\/muasam\\\/wp-content\\\/uploads\\\/2023\\\/02\\\/1655200973.nv_-300x300-Edited.png\",\"contentUrl\":\"https:\\\/\\\/suatuyetvoi.com\\\/muasam\\\/wp-content\\\/uploads\\\/2023\\\/02\\\/1655200973.nv_-300x300-Edited.png\",\"width\":300,\"height\":300},{\"@type\":\"BreadcrumbList\",\"@id\":\"https:\\\/\\\/suatuyetvoi.com\\\/muasam\\\/san-pham\\\/sua-bot-dinh-duong-delimax-canxi-900g\\\/#breadcrumb\",\"itemListElement\":[{\"@type\":\"ListItem\",\"position\":1,\"name\":\"Home\",\"item\":\"https:\\\/\\\/suatuyetvoi.com\\\/muasam\\\/\"},{\"@type\":\"ListItem\",\"position\":2,\"name\":\"Shop\",\"item\":\"https:\\\/\\\/suatuyetvoi.com\\\/muasam\\\/shop\\\/\"},{\"@type\":\"ListItem\",\"position\":3,\"name\":\"S\u1eefa b\u1ed9t dinh d\u01b0\u1ee1ng Delimax Canxi 900g\"}]},{\"@type\":\"WebSite\",\"@id\":\"https:\\\/\\\/suatuyetvoi.com\\\/muasam\\\/#website\",\"url\":\"https:\\\/\\\/suatuyetvoi.com\\\/muasam\\\/\",\"name\":\"S\u1eefa Tuy\u1ec7t V\u1eddi\",\"description\":\"S\u1eefa Tuy\u1ec7t V\u1eddi Vi\u1ec7t Nam\",\"potentialAction\":[{\"@type\":\"SearchAction\",\"target\":{\"@type\":\"EntryPoint\",\"urlTemplate\":\"https:\\\/\\\/suatuyetvoi.com\\\/muasam\\\/?s={search_term_string}\"},\"query-input\":{\"@type\":\"PropertyValueSpecification\",\"valueRequired\":true,\"valueName\":\"search_term_string\"}}],\"inLanguage\":\"vi\"}]}<\/script>\n<!-- \/ Yoast SEO plugin. -->","yoast_head_json":{"title":"S\u1eefa b\u1ed9t dinh d\u01b0\u1ee1ng Delimax Canxi 900g - \u0110ang khuy\u1ebfn m\u00e3i","description":"S\u1eefa b\u1ed9t dinh d\u01b0\u1ee1ng Delimax Canxi\u00a0d\u00e0nh cho ng\u01b0\u1eddi t\u1eeb 18 tu\u1ed5i tr\u1edf l\u00ean, cung c\u1ea5p c\u00e1c ch\u1ea5t dinh d\u01b0\u1ee1ng nh\u01b0 ch\u1ea5t \u0111\u1ea1m, n\u0103ng l\u01b0\u01a1ng, c\u00e1c vitamin v\u00e0 kho\u00e1ng ch\u1ea5t.","robots":{"index":"index","follow":"follow","max-snippet":"max-snippet:-1","max-image-preview":"max-image-preview:large","max-video-preview":"max-video-preview:-1"},"canonical":"https:\/\/suatuyetvoi.com\/muasam\/san-pham\/sua-bot-dinh-duong-delimax-canxi-900g\/","og_locale":"vi_VN","og_type":"article","og_title":"S\u1eefa b\u1ed9t dinh d\u01b0\u1ee1ng Delimax Canxi 900g - \u0110ang khuy\u1ebfn m\u00e3i","og_description":"S\u1eefa dinh d\u01b0\u1ee1ng Delimax Canxi\u00a0\u00a0d\u00e0nh cho ng\u01b0\u1eddi t\u1eeb 18 tu\u1ed5i tr\u1edf l\u00ean, cung c\u1ea5p c\u00e1c ch\u1ea5t dinh d\u01b0\u1ee1ng c\u01a1 b\u1ea3n nh\u01b0 ch\u1ea5t \u0111\u1ea1m, n\u0103ng l\u01b0\u01a1ng, c\u00e1c vitamin v\u00e0 kho\u00e1ng ch\u1ea5t.","og_url":"https:\/\/suatuyetvoi.com\/muasam\/san-pham\/sua-bot-dinh-duong-delimax-canxi-900g\/","og_site_name":"S\u1eefa Tuy\u1ec7t V\u1eddi","article_modified_time":"2023-03-07T08:05:29+00:00","og_image":[{"width":300,"height":300,"url":"https:\/\/suatuyetvoi.com\/muasam\/wp-content\/uploads\/2023\/02\/1655200973.nv_-300x300-Edited.png","type":"image\/png"}],"twitter_card":"summary_large_image","twitter_title":"S\u1eefa b\u1ed9t dinh d\u01b0\u1ee1ng Delimax Canxi 900g - \u0110ang khuy\u1ebfn m\u00e3i","twitter_description":"S\u1eefa dinh d\u01b0\u1ee1ng Delimax Canxi\u00a0\u00a0d\u00e0nh cho ng\u01b0\u1eddi t\u1eeb 18 tu\u1ed5i tr\u1edf l\u00ean, cung c\u1ea5p c\u00e1c ch\u1ea5t dinh d\u01b0\u1ee1ng c\u01a1 b\u1ea3n nh\u01b0 ch\u1ea5t \u0111\u1ea1m, n\u0103ng l\u01b0\u01a1ng, c\u00e1c vitamin v\u00e0 kho\u00e1ng ch\u1ea5t.","twitter_misc":{"\u01af\u1edbc t\u00ednh th\u1eddi gian \u0111\u1ecdc":"2 ph\u00fat"},"schema":{"@context":"https:\/\/schema.org","@graph":[{"@type":"WebPage","@id":"https:\/\/suatuyetvoi.com\/muasam\/san-pham\/sua-bot-dinh-duong-delimax-canxi-900g\/","url":"https:\/\/suatuyetvoi.com\/muasam\/san-pham\/sua-bot-dinh-duong-delimax-canxi-900g\/","name":"S\u1eefa b\u1ed9t dinh d\u01b0\u1ee1ng Delimax Canxi 900g - \u0110ang khuy\u1ebfn m\u00e3i","isPartOf":{"@id":"https:\/\/suatuyetvoi.com\/muasam\/#website"},"primaryImageOfPage":{"@id":"https:\/\/suatuyetvoi.com\/muasam\/san-pham\/sua-bot-dinh-duong-delimax-canxi-900g\/#primaryimage"},"image":{"@id":"https:\/\/suatuyetvoi.com\/muasam\/san-pham\/sua-bot-dinh-duong-delimax-canxi-900g\/#primaryimage"},"thumbnailUrl":"https:\/\/suatuyetvoi.com\/muasam\/wp-content\/uploads\/2023\/02\/1655200973.nv_-300x300-Edited.png","datePublished":"2023-02-22T09:59:04+00:00","dateModified":"2023-03-07T08:05:29+00:00","description":"S\u1eefa b\u1ed9t dinh d\u01b0\u1ee1ng Delimax Canxi\u00a0d\u00e0nh cho ng\u01b0\u1eddi t\u1eeb 18 tu\u1ed5i tr\u1edf l\u00ean, cung c\u1ea5p c\u00e1c ch\u1ea5t dinh d\u01b0\u1ee1ng nh\u01b0 ch\u1ea5t \u0111\u1ea1m, n\u0103ng l\u01b0\u01a1ng, c\u00e1c vitamin v\u00e0 kho\u00e1ng ch\u1ea5t.","breadcrumb":{"@id":"https:\/\/suatuyetvoi.com\/muasam\/san-pham\/sua-bot-dinh-duong-delimax-canxi-900g\/#breadcrumb"},"inLanguage":"vi","potentialAction":[{"@type":"ReadAction","target":["https:\/\/suatuyetvoi.com\/muasam\/san-pham\/sua-bot-dinh-duong-delimax-canxi-900g\/"]}]},{"@type":"ImageObject","inLanguage":"vi","@id":"https:\/\/suatuyetvoi.com\/muasam\/san-pham\/sua-bot-dinh-duong-delimax-canxi-900g\/#primaryimage","url":"https:\/\/suatuyetvoi.com\/muasam\/wp-content\/uploads\/2023\/02\/1655200973.nv_-300x300-Edited.png","contentUrl":"https:\/\/suatuyetvoi.com\/muasam\/wp-content\/uploads\/2023\/02\/1655200973.nv_-300x300-Edited.png","width":300,"height":300},{"@type":"BreadcrumbList","@id":"https:\/\/suatuyetvoi.com\/muasam\/san-pham\/sua-bot-dinh-duong-delimax-canxi-900g\/#breadcrumb","itemListElement":[{"@type":"ListItem","position":1,"name":"Home","item":"https:\/\/suatuyetvoi.com\/muasam\/"},{"@type":"ListItem","position":2,"name":"Shop","item":"https:\/\/suatuyetvoi.com\/muasam\/shop\/"},{"@type":"ListItem","position":3,"name":"S\u1eefa b\u1ed9t dinh d\u01b0\u1ee1ng Delimax Canxi 900g"}]},{"@type":"WebSite","@id":"https:\/\/suatuyetvoi.com\/muasam\/#website","url":"https:\/\/suatuyetvoi.com\/muasam\/","name":"S\u1eefa Tuy\u1ec7t V\u1eddi","description":"S\u1eefa Tuy\u1ec7t V\u1eddi Vi\u1ec7t Nam","potentialAction":[{"@type":"SearchAction","target":{"@type":"EntryPoint","urlTemplate":"https:\/\/suatuyetvoi.com\/muasam\/?s={search_term_string}"},"query-input":{"@type":"PropertyValueSpecification","valueRequired":true,"valueName":"search_term_string"}}],"inLanguage":"vi"}]}},"_links":{"self":[{"href":"https:\/\/suatuyetvoi.com\/muasam\/wp-json\/wp\/v2\/product\/5495","targetHints":{"allow":["GET"]}}],"collection":[{"href":"https:\/\/suatuyetvoi.com\/muasam\/wp-json\/wp\/v2\/product"}],"about":[{"href":"https:\/\/suatuyetvoi.com\/muasam\/wp-json\/wp\/v2\/types\/product"}],"replies":[{"embeddable":true,"href":"https:\/\/suatuyetvoi.com\/muasam\/wp-json\/wp\/v2\/comments?post=5495"}],"wp:featuredmedia":[{"embeddable":true,"href":"https:\/\/suatuyetvoi.com\/muasam\/wp-json\/wp\/v2\/media\/5596"}],"wp:attachment":[{"href":"https:\/\/suatuyetvoi.com\/muasam\/wp-json\/wp\/v2\/media?parent=5495"}],"wp:term":[{"taxonomy":"product_cat","embeddable":true,"href":"https:\/\/suatuyetvoi.com\/muasam\/wp-json\/wp\/v2\/product_cat?post=5495"},{"taxonomy":"product_tag","embeddable":true,"href":"https:\/\/suatuyetvoi.com\/muasam\/wp-json\/wp\/v2\/product_tag?post=5495"}],"curies":[{"name":"wp","href":"https:\/\/api.w.org\/{rel}","templated":true}]}}