{"id":5487,"date":"2023-02-22T16:40:16","date_gmt":"2023-02-22T09:40:16","guid":{"rendered":"https:\/\/suatuyetvoi.com\/muasam\/?post_type=product&#038;p=5487"},"modified":"2023-03-07T15:07:55","modified_gmt":"2023-03-07T08:07:55","slug":"sua-bot-delimax-baby0-12-thang-900g","status":"publish","type":"product","link":"https:\/\/suatuyetvoi.com\/muasam\/san-pham\/sua-bot-delimax-baby0-12-thang-900g\/","title":{"rendered":"S\u1eefa B\u1ed9t Delimax baby (0-12 th\u00e1ng) 900g"},"content":{"rendered":"<p><strong>S\u1eefa b\u1ed9t Delimax Baby<\/strong>\u00a0d\u00e0nh cho b\u00e9 t\u1eeb 0-12 th\u00e1ng. Kh\u00f4ng ch\u1ec9 cung c\u1ea5p c\u00e1c ch\u1ea5t dinh d\u01b0\u1ee1ng c\u01a1 b\u1ea3n nh\u01b0 ch\u1ea5t \u0111\u1ea1m, n\u0103ng l\u01b0\u01a1ng, c\u00e1c vitamin v\u00e0 kho\u00e1ng ch\u1ea5t. B\u1ed5 sung th\u00eam c\u00e1c th\u00e0nh ph\u1ea7n quan tr\u1ecdng nh\u01b0:<\/p>\n<p><strong>\u00a0S\u1eefa non<\/strong>: Gi\u00fap t\u0103ng c\u01b0\u1eddng s\u1ee9c \u0111\u1ec1 kh\u00e1ng<\/p>\n<p><strong>\u00a0DHA + vitamin<\/strong>\u00a0<strong>A:<\/strong>\u00a0Gi\u00fap ph\u00e1t tri\u1ec3n tr\u00ed n\u00e3o v\u00e0 th\u1ecb gi\u00e1c<\/p>\n<p><strong>\u00a02FL\u2019HMO<\/strong>: T\u0103ng c\u01b0\u1eddng H\u1ec7 mi\u1ec5n d\u1ecbch, cho b\u00e9 h\u1eb9 ti\u00eau h\u00f3a kh\u1ecfe<\/p>\n<p><strong>\u00a0Lysine\u00a0<\/strong>: K\u00edch th\u00edch \u0103n ngon mi\u1ec7ng<\/p>\n<p><strong>\u00a0Ch\u1ea5t x\u01a1 h\u00f2a tan<\/strong>: H\u1ec7 ti\u00eau h\u00f3a kh\u1ecfe m\u1ea1nh<\/p>\n<p><strong>\u00a0Canxi + Vitamin D3\u00a0\u00a0<\/strong>: Gi\u00fap h\u1ec7 x\u01b0\u01a1ng, r\u0103ng ch\u1eafc kh\u1ecfe<\/p>\n<p><img loading=\"lazy\" decoding=\"async\" class=\"alignnone size-full wp-image-5489\" src=\"https:\/\/suatuyetvoi.com\/muasam\/wp-content\/uploads\/2023\/02\/delimax-baby-867x1024-1.jpg\" alt=\"\" width=\"867\" height=\"1024\" srcset=\"https:\/\/suatuyetvoi.com\/muasam\/wp-content\/uploads\/2023\/02\/delimax-baby-867x1024-1.jpg 867w, https:\/\/suatuyetvoi.com\/muasam\/wp-content\/uploads\/2023\/02\/delimax-baby-867x1024-1-339x400.jpg 339w, https:\/\/suatuyetvoi.com\/muasam\/wp-content\/uploads\/2023\/02\/delimax-baby-867x1024-1-677x800.jpg 677w, https:\/\/suatuyetvoi.com\/muasam\/wp-content\/uploads\/2023\/02\/delimax-baby-867x1024-1-768x907.jpg 768w, https:\/\/suatuyetvoi.com\/muasam\/wp-content\/uploads\/2023\/02\/delimax-baby-867x1024-1-600x709.jpg 600w\" sizes=\"auto, (max-width: 867px) 100vw, 867px\" \/><\/p>\n<p><strong>H\u01b0\u1edbng d\u1eabn s\u1eed d\u1ee5ng v\u00e0 b\u1ea3o qu\u1ea3n:<\/strong><\/p>\n<p>\u2013\u00a0 M\u1ed9t mu\u1ed7ng g\u1ea1t (t\u01b0\u01a1ng \u0111\u01b0\u01a1ng 7g) pha c\u00f9ng v\u1edbi 30ml n\u01b0\u1edbc 40-50 \u0111\u1ed9 C<\/p>\n<p>\u2013\u00a0 L\u1eafc b\u00ecnh s\u1eefa t\u1edbi khi s\u1eefa tan h\u1ebft<\/p>\n<p>\u2013\u00a0 S\u1ea3n ph\u1ea9m pha xong s\u1eed d\u1ee5ng trong v\u00f2ng 2 ti\u1ebfng<\/p>\n<p>\u2013\u00a0 B\u1ea3o qu\u1ea3n s\u1ea3n ph\u1ea9m n\u01a1i kh\u00f4 r\u00e1o v\u00e0 tho\u00e1ng m\u00e1t<\/p>\n","protected":false},"excerpt":{"rendered":"<p>S\u1eefa dinh d\u01b0\u1ee1ng Delimax Baby d\u00e0nh cho b\u00e9 t\u1eeb 0-12 th\u00e1ng. Gi\u00fap b\u00e9 t\u0103ng \u0111\u1ec1 kh\u00e1ng, t\u0103ng mi\u1ec5n d\u1ecbch, t\u0103ng c\u00e2n, ti\u00eau h\u00f3a t\u1ed1t, ph\u00e1t tri\u1ec3n to\u00e0n di\u1ec7n nh\u1ea5t.<\/p>\n<div class=\"elementor-element elementor-element-11e53d31 elementor-widget elementor-widget-theme-post-excerpt\" data-id=\"11e53d31\" data-element_type=\"widget\" data-widget_type=\"theme-post-excerpt.default\">\n<div class=\"elementor-widget-container\">Gi\u00fap b\u00e9 s\u01a1 sinh h\u1ea5p thu v\u00e0 ph\u00e1t tri\u1ec3n m\u1ed9t c\u00e1ch t\u1ef1 nhi\u00ean.<\/div>\n<\/div>\n","protected":false},"featured_media":5597,"comment_status":"open","ping_status":"closed","template":"","meta":[],"product_cat":[231],"product_tag":[558,557,532,556],"class_list":["post-5487","product","type-product","status-publish","has-post-thumbnail","hentry","product_cat-sua-bot","product_tag-0-12-thang","product_tag-sua-dinh-duong","product_tag-sua-non","product_tag-tang-cuong-he-mien-dich","berocket_brand-delimax"],"yoast_head":"<!-- This site is optimized with the Yoast SEO plugin v27.6 - https:\/\/yoast.com\/product\/yoast-seo-wordpress\/ -->\n<title>S\u1eefa B\u1ed9t Delimax baby (0-12 th\u00e1ng) 900g - \u0110ang Khuy\u1ebfn M\u00e3i<\/title>\n<meta name=\"description\" content=\"S\u1eefa b\u1ed9t Delimax Baby\u00a0d\u00e0nh cho b\u00e9 t\u1eeb 0-12 th\u00e1ng. Kh\u00f4ng ch\u1ec9 cung c\u1ea5p c\u00e1c ch\u1ea5t dinh d\u01b0\u1ee1ng c\u01a1 b\u1ea3n nh\u01b0 ch\u1ea5t \u0111\u1ea1m, n\u0103ng l\u01b0\u01a1ng, c\u00e1c vitamin v\u00e0 kho\u00e1ng ch\u1ea5t.\" \/>\n<meta name=\"robots\" content=\"index, follow, max-snippet:-1, max-image-preview:large, max-video-preview:-1\" \/>\n<link rel=\"canonical\" href=\"https:\/\/suatuyetvoi.com\/muasam\/san-pham\/sua-bot-delimax-baby0-12-thang-900g\/\" \/>\n<meta property=\"og:locale\" content=\"vi_VN\" \/>\n<meta property=\"og:type\" content=\"article\" \/>\n<meta property=\"og:title\" content=\"S\u1eefa B\u1ed9t Delimax baby (0-12 th\u00e1ng) 900g - \u0110ang Khuy\u1ebfn M\u00e3i\" \/>\n<meta property=\"og:description\" content=\"S\u1eefa b\u1ed9t Delimax Baby\u00a0d\u00e0nh cho b\u00e9 t\u1eeb 0-12 th\u00e1ng. Kh\u00f4ng ch\u1ec9 cung c\u1ea5p c\u00e1c ch\u1ea5t dinh d\u01b0\u1ee1ng c\u01a1 b\u1ea3n nh\u01b0 ch\u1ea5t \u0111\u1ea1m, n\u0103ng l\u01b0\u01a1ng, c\u00e1c vitamin v\u00e0 kho\u00e1ng ch\u1ea5t.\" \/>\n<meta property=\"og:url\" content=\"https:\/\/suatuyetvoi.com\/muasam\/san-pham\/sua-bot-delimax-baby0-12-thang-900g\/\" \/>\n<meta property=\"og:site_name\" content=\"S\u1eefa Tuy\u1ec7t V\u1eddi\" \/>\n<meta property=\"article:modified_time\" content=\"2023-03-07T08:07:55+00:00\" \/>\n<meta property=\"og:image\" content=\"https:\/\/suatuyetvoi.com\/muasam\/wp-content\/uploads\/2023\/02\/delimax-baby-Edited.png\" \/>\n\t<meta property=\"og:image:width\" content=\"1084\" \/>\n\t<meta property=\"og:image:height\" content=\"1280\" \/>\n\t<meta property=\"og:image:type\" content=\"image\/png\" \/>\n<meta name=\"twitter:card\" content=\"summary_large_image\" \/>\n<meta name=\"twitter:title\" content=\"S\u1eefa B\u1ed9t Delimax baby (0-12 th\u00e1ng) 900g - \u0110ang Khuy\u1ebfn M\u00e3i\" \/>\n<meta name=\"twitter:description\" content=\"S\u1eefa b\u1ed9t Delimax Baby\u00a0d\u00e0nh cho b\u00e9 t\u1eeb 0-12 th\u00e1ng. Kh\u00f4ng ch\u1ec9 cung c\u1ea5p c\u00e1c ch\u1ea5t dinh d\u01b0\u1ee1ng c\u01a1 b\u1ea3n nh\u01b0 ch\u1ea5t \u0111\u1ea1m, n\u0103ng l\u01b0\u01a1ng, c\u00e1c vitamin v\u00e0 kho\u00e1ng ch\u1ea5t.\" \/>\n<meta name=\"twitter:label1\" content=\"\u01af\u1edbc t\u00ednh th\u1eddi gian \u0111\u1ecdc\" \/>\n\t<meta name=\"twitter:data1\" content=\"1 ph\u00fat\" \/>\n<script type=\"application\/ld+json\" class=\"yoast-schema-graph\">{\"@context\":\"https:\\\/\\\/schema.org\",\"@graph\":[{\"@type\":\"WebPage\",\"@id\":\"https:\\\/\\\/suatuyetvoi.com\\\/muasam\\\/san-pham\\\/sua-bot-delimax-baby0-12-thang-900g\\\/\",\"url\":\"https:\\\/\\\/suatuyetvoi.com\\\/muasam\\\/san-pham\\\/sua-bot-delimax-baby0-12-thang-900g\\\/\",\"name\":\"S\u1eefa B\u1ed9t Delimax baby (0-12 th\u00e1ng) 900g - \u0110ang Khuy\u1ebfn M\u00e3i\",\"isPartOf\":{\"@id\":\"https:\\\/\\\/suatuyetvoi.com\\\/muasam\\\/#website\"},\"primaryImageOfPage\":{\"@id\":\"https:\\\/\\\/suatuyetvoi.com\\\/muasam\\\/san-pham\\\/sua-bot-delimax-baby0-12-thang-900g\\\/#primaryimage\"},\"image\":{\"@id\":\"https:\\\/\\\/suatuyetvoi.com\\\/muasam\\\/san-pham\\\/sua-bot-delimax-baby0-12-thang-900g\\\/#primaryimage\"},\"thumbnailUrl\":\"https:\\\/\\\/suatuyetvoi.com\\\/muasam\\\/wp-content\\\/uploads\\\/2023\\\/02\\\/delimax-baby-Edited.png\",\"datePublished\":\"2023-02-22T09:40:16+00:00\",\"dateModified\":\"2023-03-07T08:07:55+00:00\",\"description\":\"S\u1eefa b\u1ed9t Delimax Baby\u00a0d\u00e0nh cho b\u00e9 t\u1eeb 0-12 th\u00e1ng. Kh\u00f4ng ch\u1ec9 cung c\u1ea5p c\u00e1c ch\u1ea5t dinh d\u01b0\u1ee1ng c\u01a1 b\u1ea3n nh\u01b0 ch\u1ea5t \u0111\u1ea1m, n\u0103ng l\u01b0\u01a1ng, c\u00e1c vitamin v\u00e0 kho\u00e1ng ch\u1ea5t.\",\"breadcrumb\":{\"@id\":\"https:\\\/\\\/suatuyetvoi.com\\\/muasam\\\/san-pham\\\/sua-bot-delimax-baby0-12-thang-900g\\\/#breadcrumb\"},\"inLanguage\":\"vi\",\"potentialAction\":[{\"@type\":\"ReadAction\",\"target\":[\"https:\\\/\\\/suatuyetvoi.com\\\/muasam\\\/san-pham\\\/sua-bot-delimax-baby0-12-thang-900g\\\/\"]}]},{\"@type\":\"ImageObject\",\"inLanguage\":\"vi\",\"@id\":\"https:\\\/\\\/suatuyetvoi.com\\\/muasam\\\/san-pham\\\/sua-bot-delimax-baby0-12-thang-900g\\\/#primaryimage\",\"url\":\"https:\\\/\\\/suatuyetvoi.com\\\/muasam\\\/wp-content\\\/uploads\\\/2023\\\/02\\\/delimax-baby-Edited.png\",\"contentUrl\":\"https:\\\/\\\/suatuyetvoi.com\\\/muasam\\\/wp-content\\\/uploads\\\/2023\\\/02\\\/delimax-baby-Edited.png\",\"width\":1084,\"height\":1280},{\"@type\":\"BreadcrumbList\",\"@id\":\"https:\\\/\\\/suatuyetvoi.com\\\/muasam\\\/san-pham\\\/sua-bot-delimax-baby0-12-thang-900g\\\/#breadcrumb\",\"itemListElement\":[{\"@type\":\"ListItem\",\"position\":1,\"name\":\"Home\",\"item\":\"https:\\\/\\\/suatuyetvoi.com\\\/muasam\\\/\"},{\"@type\":\"ListItem\",\"position\":2,\"name\":\"Shop\",\"item\":\"https:\\\/\\\/suatuyetvoi.com\\\/muasam\\\/shop\\\/\"},{\"@type\":\"ListItem\",\"position\":3,\"name\":\"S\u1eefa B\u1ed9t Delimax baby (0-12 th\u00e1ng) 900g\"}]},{\"@type\":\"WebSite\",\"@id\":\"https:\\\/\\\/suatuyetvoi.com\\\/muasam\\\/#website\",\"url\":\"https:\\\/\\\/suatuyetvoi.com\\\/muasam\\\/\",\"name\":\"S\u1eefa Tuy\u1ec7t V\u1eddi\",\"description\":\"S\u1eefa Tuy\u1ec7t V\u1eddi Vi\u1ec7t Nam\",\"potentialAction\":[{\"@type\":\"SearchAction\",\"target\":{\"@type\":\"EntryPoint\",\"urlTemplate\":\"https:\\\/\\\/suatuyetvoi.com\\\/muasam\\\/?s={search_term_string}\"},\"query-input\":{\"@type\":\"PropertyValueSpecification\",\"valueRequired\":true,\"valueName\":\"search_term_string\"}}],\"inLanguage\":\"vi\"}]}<\/script>\n<!-- \/ Yoast SEO plugin. -->","yoast_head_json":{"title":"S\u1eefa B\u1ed9t Delimax baby (0-12 th\u00e1ng) 900g - \u0110ang Khuy\u1ebfn M\u00e3i","description":"S\u1eefa b\u1ed9t Delimax Baby\u00a0d\u00e0nh cho b\u00e9 t\u1eeb 0-12 th\u00e1ng. Kh\u00f4ng ch\u1ec9 cung c\u1ea5p c\u00e1c ch\u1ea5t dinh d\u01b0\u1ee1ng c\u01a1 b\u1ea3n nh\u01b0 ch\u1ea5t \u0111\u1ea1m, n\u0103ng l\u01b0\u01a1ng, c\u00e1c vitamin v\u00e0 kho\u00e1ng ch\u1ea5t.","robots":{"index":"index","follow":"follow","max-snippet":"max-snippet:-1","max-image-preview":"max-image-preview:large","max-video-preview":"max-video-preview:-1"},"canonical":"https:\/\/suatuyetvoi.com\/muasam\/san-pham\/sua-bot-delimax-baby0-12-thang-900g\/","og_locale":"vi_VN","og_type":"article","og_title":"S\u1eefa B\u1ed9t Delimax baby (0-12 th\u00e1ng) 900g - \u0110ang Khuy\u1ebfn M\u00e3i","og_description":"S\u1eefa b\u1ed9t Delimax Baby\u00a0d\u00e0nh cho b\u00e9 t\u1eeb 0-12 th\u00e1ng. Kh\u00f4ng ch\u1ec9 cung c\u1ea5p c\u00e1c ch\u1ea5t dinh d\u01b0\u1ee1ng c\u01a1 b\u1ea3n nh\u01b0 ch\u1ea5t \u0111\u1ea1m, n\u0103ng l\u01b0\u01a1ng, c\u00e1c vitamin v\u00e0 kho\u00e1ng ch\u1ea5t.","og_url":"https:\/\/suatuyetvoi.com\/muasam\/san-pham\/sua-bot-delimax-baby0-12-thang-900g\/","og_site_name":"S\u1eefa Tuy\u1ec7t V\u1eddi","article_modified_time":"2023-03-07T08:07:55+00:00","og_image":[{"width":1084,"height":1280,"url":"https:\/\/suatuyetvoi.com\/muasam\/wp-content\/uploads\/2023\/02\/delimax-baby-Edited.png","type":"image\/png"}],"twitter_card":"summary_large_image","twitter_title":"S\u1eefa B\u1ed9t Delimax baby (0-12 th\u00e1ng) 900g - \u0110ang Khuy\u1ebfn M\u00e3i","twitter_description":"S\u1eefa b\u1ed9t Delimax Baby\u00a0d\u00e0nh cho b\u00e9 t\u1eeb 0-12 th\u00e1ng. Kh\u00f4ng ch\u1ec9 cung c\u1ea5p c\u00e1c ch\u1ea5t dinh d\u01b0\u1ee1ng c\u01a1 b\u1ea3n nh\u01b0 ch\u1ea5t \u0111\u1ea1m, n\u0103ng l\u01b0\u01a1ng, c\u00e1c vitamin v\u00e0 kho\u00e1ng ch\u1ea5t.","twitter_misc":{"\u01af\u1edbc t\u00ednh th\u1eddi gian \u0111\u1ecdc":"1 ph\u00fat"},"schema":{"@context":"https:\/\/schema.org","@graph":[{"@type":"WebPage","@id":"https:\/\/suatuyetvoi.com\/muasam\/san-pham\/sua-bot-delimax-baby0-12-thang-900g\/","url":"https:\/\/suatuyetvoi.com\/muasam\/san-pham\/sua-bot-delimax-baby0-12-thang-900g\/","name":"S\u1eefa B\u1ed9t Delimax baby (0-12 th\u00e1ng) 900g - \u0110ang Khuy\u1ebfn M\u00e3i","isPartOf":{"@id":"https:\/\/suatuyetvoi.com\/muasam\/#website"},"primaryImageOfPage":{"@id":"https:\/\/suatuyetvoi.com\/muasam\/san-pham\/sua-bot-delimax-baby0-12-thang-900g\/#primaryimage"},"image":{"@id":"https:\/\/suatuyetvoi.com\/muasam\/san-pham\/sua-bot-delimax-baby0-12-thang-900g\/#primaryimage"},"thumbnailUrl":"https:\/\/suatuyetvoi.com\/muasam\/wp-content\/uploads\/2023\/02\/delimax-baby-Edited.png","datePublished":"2023-02-22T09:40:16+00:00","dateModified":"2023-03-07T08:07:55+00:00","description":"S\u1eefa b\u1ed9t Delimax Baby\u00a0d\u00e0nh cho b\u00e9 t\u1eeb 0-12 th\u00e1ng. Kh\u00f4ng ch\u1ec9 cung c\u1ea5p c\u00e1c ch\u1ea5t dinh d\u01b0\u1ee1ng c\u01a1 b\u1ea3n nh\u01b0 ch\u1ea5t \u0111\u1ea1m, n\u0103ng l\u01b0\u01a1ng, c\u00e1c vitamin v\u00e0 kho\u00e1ng ch\u1ea5t.","breadcrumb":{"@id":"https:\/\/suatuyetvoi.com\/muasam\/san-pham\/sua-bot-delimax-baby0-12-thang-900g\/#breadcrumb"},"inLanguage":"vi","potentialAction":[{"@type":"ReadAction","target":["https:\/\/suatuyetvoi.com\/muasam\/san-pham\/sua-bot-delimax-baby0-12-thang-900g\/"]}]},{"@type":"ImageObject","inLanguage":"vi","@id":"https:\/\/suatuyetvoi.com\/muasam\/san-pham\/sua-bot-delimax-baby0-12-thang-900g\/#primaryimage","url":"https:\/\/suatuyetvoi.com\/muasam\/wp-content\/uploads\/2023\/02\/delimax-baby-Edited.png","contentUrl":"https:\/\/suatuyetvoi.com\/muasam\/wp-content\/uploads\/2023\/02\/delimax-baby-Edited.png","width":1084,"height":1280},{"@type":"BreadcrumbList","@id":"https:\/\/suatuyetvoi.com\/muasam\/san-pham\/sua-bot-delimax-baby0-12-thang-900g\/#breadcrumb","itemListElement":[{"@type":"ListItem","position":1,"name":"Home","item":"https:\/\/suatuyetvoi.com\/muasam\/"},{"@type":"ListItem","position":2,"name":"Shop","item":"https:\/\/suatuyetvoi.com\/muasam\/shop\/"},{"@type":"ListItem","position":3,"name":"S\u1eefa B\u1ed9t Delimax baby (0-12 th\u00e1ng) 900g"}]},{"@type":"WebSite","@id":"https:\/\/suatuyetvoi.com\/muasam\/#website","url":"https:\/\/suatuyetvoi.com\/muasam\/","name":"S\u1eefa Tuy\u1ec7t V\u1eddi","description":"S\u1eefa Tuy\u1ec7t V\u1eddi Vi\u1ec7t Nam","potentialAction":[{"@type":"SearchAction","target":{"@type":"EntryPoint","urlTemplate":"https:\/\/suatuyetvoi.com\/muasam\/?s={search_term_string}"},"query-input":{"@type":"PropertyValueSpecification","valueRequired":true,"valueName":"search_term_string"}}],"inLanguage":"vi"}]}},"_links":{"self":[{"href":"https:\/\/suatuyetvoi.com\/muasam\/wp-json\/wp\/v2\/product\/5487","targetHints":{"allow":["GET"]}}],"collection":[{"href":"https:\/\/suatuyetvoi.com\/muasam\/wp-json\/wp\/v2\/product"}],"about":[{"href":"https:\/\/suatuyetvoi.com\/muasam\/wp-json\/wp\/v2\/types\/product"}],"replies":[{"embeddable":true,"href":"https:\/\/suatuyetvoi.com\/muasam\/wp-json\/wp\/v2\/comments?post=5487"}],"wp:featuredmedia":[{"embeddable":true,"href":"https:\/\/suatuyetvoi.com\/muasam\/wp-json\/wp\/v2\/media\/5597"}],"wp:attachment":[{"href":"https:\/\/suatuyetvoi.com\/muasam\/wp-json\/wp\/v2\/media?parent=5487"}],"wp:term":[{"taxonomy":"product_cat","embeddable":true,"href":"https:\/\/suatuyetvoi.com\/muasam\/wp-json\/wp\/v2\/product_cat?post=5487"},{"taxonomy":"product_tag","embeddable":true,"href":"https:\/\/suatuyetvoi.com\/muasam\/wp-json\/wp\/v2\/product_tag?post=5487"}],"curies":[{"name":"wp","href":"https:\/\/api.w.org\/{rel}","templated":true}]}}