{"id":5416,"date":"2023-02-15T10:49:10","date_gmt":"2023-02-15T03:49:10","guid":{"rendered":"https:\/\/suatuyetvoi.com\/muasam\/?post_type=product&#038;p=5416"},"modified":"2023-03-07T20:10:06","modified_gmt":"2023-03-07T13:10:06","slug":"sua-similac-mom-iq-plus-huong-sua-chua-dau-400g","status":"publish","type":"product","link":"https:\/\/suatuyetvoi.com\/muasam\/san-pham\/sua-similac-mom-iq-plus-huong-sua-chua-dau-400g\/","title":{"rendered":"S\u1eefa Similac Mom IQ Plus h\u01b0\u01a1ng s\u1eefa chua d\u00e2u 400g"},"content":{"rendered":"<div>S\u1eefa Silimac Mom IQ Plus h\u01b0\u01a1ng s\u1eefa chua d\u00e2u ch\u1ee9a h\u1ec7 d\u01b0\u1ee1ng ch\u1ea5t IQ Plus l\u00e0 s\u1ef1 k\u1ebft h\u1ee3p khoa h\u1ecdc c\u1ee7a Lutein, vitamin E t\u1ef1 nhi\u00ean k\u1ebft h\u1ee3p c\u00f9ng DHA, Choline, Axit Folic v\u00e0 s\u1eaft h\u1ed7 tr\u1ee3 t\u1ed1t cho ho\u1ea1t \u0111\u1ed9ng n\u00e3o b\u1ed9 c\u1ee7a tr\u1ebb. Similac IQ Plus \u0111\u00e1p \u1ee9ng nhu c\u1ea7u dinh d\u01b0\u1ee1ng t\u0103ng cao trong su\u1ed1t th\u1eddi k\u1ef3 nh\u01b0ng kh\u00f4ng g\u00e2y d\u01b0 th\u1eeba n\u0103ng l\u01b0\u1ee3ng nh\u1edd h\u00e0m l\u01b0\u1ee3ng ch\u1ea5t b\u00e9o th\u1ea5p. S\u1ea3n ph\u1ea9m \u0111\u01b0\u1ee3c ch\u1ee9ng minh l\u00e2m s\u00e0ng gi\u00fap canxi \u0111\u01b0\u1ee3c h\u1ea5p thu t\u1ed1t h\u01a1n, k\u1ebft h\u1ee3p c\u00f9ng 24 vitamin v\u00e0 kho\u00e1ng ch\u1ea5t kh\u00f4ng ch\u1ec9 \u0111\u1ea3m b\u1ea3o cho m\u1eb9 n\u1ec1n t\u1ea3ng s\u1ee9c kh\u1ecfe t\u1ed1t, m\u00e0 c\u00f2n cung c\u1ea5p c\u00e1c d\u01b0\u1ee1ng ch\u1ea5t thi\u1ebft y\u1ebfu gi\u00fap b\u00e9 y\u00eau ph\u00e1t tri\u1ec3n kh\u1ecfe m\u1ea1nh ngay t\u1eeb th\u1eddi k\u1ef3 b\u00e0o thai.<\/div>\n<div><\/div>\n<div><\/div>\n<div><\/div>\n<div>S\u1eefa Similac Mom IQ Plus<\/div>\n<div><\/div>\n<div><\/div>\n<div>\u0110\u1eb7c \u0111i\u1ec3m n\u1ed5i b\u1eadt c\u1ee7a s\u1ea3n ph\u1ea9m<\/div>\n<div><\/div>\n<div><\/div>\n<div>Gi\u00fap ph\u00e1t tri\u1ec3n tr\u00ed n\u00e3o<\/div>\n<div><\/div>\n<div>S\u1eefa Similac Mom IQ Plus h\u01b0\u01a1ng s\u1eefa chua d\u00e2u ch\u1ee9a h\u1ec7 d\u01b0\u1ee1ng ch\u1ea5t \u0111\u1ed9c \u0111\u00e1o IQ Plus l\u00e0 ph\u1ed1i h\u1ee3p khoa h\u1ecdc c\u1ee7a Lutein, vitamin E t\u1ef1 nhi\u00ean v\u00e0 DHA c\u00f9ng Cholin, acid folic v\u00e0 s\u1eaft &#8211; c\u00e1c d\u01b0\u1ee1ng ch\u1ea5t thi\u1ebft y\u1ebfu cho n\u00e3o b\u1ed9 c\u1ee7a tr\u1ebb:<\/div>\n<div><\/div>\n<div>&#8211; DHA v\u00e0 cholin: \u0111\u00e1p \u1ee9ng nhu c\u1ea7u t\u0103ng th\u00eam, h\u1ed7 tr\u1ee3 ph\u00e1t tri\u1ec3n n\u00e3o b\u1ed9 thai nhi.<\/div>\n<div><\/div>\n<div>&#8211; Cung c\u1ea5p 100% nhu c\u1ea7u Acid folic gi\u00fap gi\u1ea3m nguy c\u01a1 khuy\u1ebft t\u1eadt \u1ed1ng th\u1ea7n kinh \u1edf thai nhi.<\/div>\n<div><\/div>\n<div>&#8211; S\u1eaft: ng\u0103n ng\u1eeba ch\u1ee9ng thi\u1ebfu m\u00e1u do thi\u1ebfu s\u1eaft trong thai k\u1ef3.<\/div>\n<div><\/div>\n<div><\/div>\n<div>Gi\u00fap h\u1ea5p thu canxi t\u1ed1t<\/div>\n<div><\/div>\n<div>&#8211; S\u1eefa b\u1ed5 sung vitamin D v\u00e0 FOS chu\u1ed7i ng\u1eafn, \u0111\u00e3 \u0111\u01b0\u1ee3c c\u00e1c nghi\u00ean c\u1ee9u l\u00e2m s\u00e0ng ch\u1ee9ng minh gi\u00fap canxi \u0111\u01b0\u1ee3c h\u1ea5p thu t\u1ed1t h\u01a1n.<\/div>\n<div><\/div>\n<div>&#8211; H\u00e0m l\u01b0\u1ee3ng canxi cao \u0111\u00e1p \u1ee9ng nhu c\u1ea7u gia t\u0103ng trong giai \u0111o\u1ea1n mang thai.<\/div>\n<div><\/div>\n<div><\/div>\n<div>T\u0103ng c\u01b0\u1eddng s\u1ee9c \u0111\u1ec1 kh\u00e1ng<\/div>\n<div><\/div>\n<div>Similac Mom IQ ch\u1ee9a h\u1ec7 d\u01b0\u1ee1ng ch\u1ea5t \u0111\u1eb7c bi\u1ec7t IMMUNIFY g\u1ed3m prebiotics, k\u1ebdm, c\u00e1c ch\u1ea5t ch\u1ed1ng oxy h\u00f3a vitamin C, E v\u00e0 selen gi\u00fap t\u0103ng c\u01b0\u1eddng s\u1ee9c \u0111\u1ec1 kh\u00e1ng c\u1ee7a c\u01a1 th\u1ec3.<\/div>\n<div><\/div>\n<div><\/div>\n<div>Gi\u00fap h\u1ec7 ti\u00eau h\u00f3a kh\u1ecfe m\u1ea1nh, ng\u0103n ng\u1eeba t\u00e1o b\u00f3n<\/div>\n<div><\/div>\n<div>Similac Mom l\u00e0 s\u1eefa d\u00e0nh cho b\u00e0 m\u1eb9 mang thai v\u00e0 cho con b\u00fa \u0111\u1eb7c bi\u1ec7t ch\u1ee9a FOS chu\u1ed7i ng\u1eafn (ch\u1ea5t x\u01a1 &#8211; prebiotic) c\u1ea3i thi\u1ec7n nhu \u0111\u1ed9ng \u0111\u1ea1i tr\u00e0ng, gi\u00fap gi\u1ea3m t\u00ecnh tr\u1ea1ng t\u00e1o b\u00f3n th\u01b0\u1eddng g\u1eb7p trong thai k\u1ef3.<\/div>\n<div><\/div>\n<div><\/div>\n<div>H\u01b0\u01a1ng s\u1eefa chua d\u00e2u m\u1edbi l\u1ea1<\/div>\n<div><\/div>\n<div>Similac Mom IQ Plus c\u00f3 v\u1ecb s\u1eefa chua d\u00e2u chua ng\u1ecdt m\u1edbi l\u1ea1, th\u01a1m ngon, k\u00edch th\u00edch v\u1ecb gi\u00e1c, kh\u1ee9u gi\u00e1c \u0111\u1ec3 m\u1eb9 d\u00f9ng ngon mi\u1ec7ng, kh\u00f4ng g\u00e2y nh\u00e0m ch\u00e1n.<\/div>\n<div><\/div>\n<div>sua-bot-similac-mom-dau-400g-118311-2<\/div>\n<div><\/div>\n<div><\/div>\n<div>B\u1ea3ng th\u00e0nh ph\u1ea7n dinh d\u01b0\u1ee1ng c\u1ee7a s\u1eefa<\/div>\n<div><\/div>\n<div><\/div>\n<div>H\u01b0\u1edbng d\u1eabn s\u1eed d\u1ee5ng v\u00e0 b\u1ea3o qu\u1ea3n s\u1ea3n ph\u1ea9m<\/div>\n<div><\/div>\n<div><\/div>\n<div>C\u00e1ch pha chu\u1ea9n:<\/div>\n<div><\/div>\n<div>&#8211; R\u1eeda tay s\u1ea1ch tr\u01b0\u1edbc khi pha s\u1eefa.<\/div>\n<div><\/div>\n<div>&#8211; \u0110\u1ec3 pha 1 ly s\u1eefa 177ml, cho 3 mu\u1ed7ng g\u1ea1t ngang Similac Mom IQ (mu\u1ed7ng c\u00f3 s\u1eb5n trong h\u1ed9p) v\u00e0o 150 ml n\u01b0\u1edbc \u1ea5m. Khu\u1ea5y \u0111\u1ec1u cho b\u1ed9t tan h\u1ebft, d\u00f9ng ngay sau khi pha.<\/div>\n<div><\/div>\n<div>&#8211; D\u00f9ng 2 ly\/ng\u00e0y \u0111\u1ec3 \u0111\u1ea3m b\u1ea3o \u0111\u00e1p \u1ee9ng \u0111\u1ee7 nhu c\u1ea7u dinh d\u01b0\u1ee1ng gia t\u0103ng trong giai \u0111o\u1ea1n n\u00e0y.<\/div>\n<div><\/div>\n<div><\/div>\n<div>C\u00e1ch b\u1ea3o qu\u1ea3n:<\/div>\n<div><\/div>\n<div>&#8211; N\u00ean s\u1eed d\u1ee5ng trong v\u00f2ng 3 tu\u00e2\u0300n sau khi m\u1edf h\u00f4\u0323p.<\/div>\n<div><\/div>\n<div>&#8211; B\u1ea3o qu\u1ea3n h\u1ed9p ch\u01b0a m\u1edf \u1edf nhi\u1ec7t \u0111\u1ed9 ph\u00f2ng.<\/div>\n<div><\/div>\n<div>&#8211; \u0110\u1eady n\u1eafp k\u00edn sau m\u1ed7i l\u1ea7n s\u1eed d\u1ee5ng, \u0111\u1ec3 n\u01a1i kh\u00f4 m\u00e1t (kh\u00f4ng cho v\u00e0o t\u1ee7 l\u1ea1nh).<\/div>\n<div><\/div>\n<div>Gi\u1ea5y XNCB:<\/div>\n<div><\/div>\n<div>22063\/2017\/ATTP-XNCB c\u1ea5p ng\u00e0y 10 th\u00e1ng 07 n\u0103m 2017, c\u1ea5p t\u1ea1i C\u1ee5c An To\u00e0n Th\u1ef1c Ph\u1ea9m &#8211; B\u1ed9 Y T\u1ebf<\/div>\n","protected":false},"excerpt":{"rendered":"<p>H\u1ec7 d\u01b0\u1ee1ng ch\u1ea5t IQ Plus ph\u00e1t tri\u1ec3n n\u00e3o b\u1ed9<br \/>\nT\u0103ng c\u01b0\u1eddng \u0111\u1ec1 kh\u00e1ng v\u00e0 ti\u00eau h\u00f3a kh\u1ecfe m\u1ea1nh<br \/>\nGi\u00fap h\u1ea5p thu Canxi t\u1ed1t<\/p>\n","protected":false},"featured_media":5611,"comment_status":"open","ping_status":"closed","template":"","meta":[],"product_cat":[231],"product_tag":[517,516],"class_list":["post-5416","product","type-product","status-publish","has-post-thumbnail","hentry","product_cat-sua-bot","product_tag-sinh-non-nhe-can","product_tag-tu-6-12-thang","berocket_brand-abbott"],"yoast_head":"<!-- This site is optimized with the Yoast SEO plugin v27.6 - https:\/\/yoast.com\/product\/yoast-seo-wordpress\/ -->\n<title>S\u1eefa Similac Mom IQ Plus h\u01b0\u01a1ng s\u1eefa chua d\u00e2u 400g - \u0110ang Khuy\u1ebfn m\u00e3i<\/title>\n<meta name=\"description\" content=\"S\u1eefa Silimac Mom IQ Plus h\u01b0\u01a1ng s\u1eefa chua d\u00e2u ch\u1ee9a h\u1ec7 d\u01b0\u1ee1ng ch\u1ea5t IQ Plus l\u00e0 s\u1ef1 k\u1ebft h\u1ee3p khoa h\u1ecdc c\u1ee7a Lutein, vitamin E t\u1ef1 nhi\u00ean k\u1ebft h\u1ee3p c\u00f9ng DHA, Choline, Axit Folic\" \/>\n<meta name=\"robots\" content=\"index, follow, max-snippet:-1, max-image-preview:large, max-video-preview:-1\" \/>\n<link rel=\"canonical\" href=\"https:\/\/suatuyetvoi.com\/muasam\/san-pham\/sua-similac-mom-iq-plus-huong-sua-chua-dau-400g\/\" \/>\n<meta property=\"og:locale\" content=\"vi_VN\" \/>\n<meta property=\"og:type\" content=\"article\" \/>\n<meta property=\"og:title\" content=\"S\u1eefa Similac Mom IQ Plus h\u01b0\u01a1ng s\u1eefa chua d\u00e2u 400g - \u0110ang Khuy\u1ebfn m\u00e3i\" \/>\n<meta property=\"og:description\" content=\"S\u1eefa Silimac Mom IQ Plus h\u01b0\u01a1ng s\u1eefa chua d\u00e2u ch\u1ee9a h\u1ec7 d\u01b0\u1ee1ng ch\u1ea5t IQ Plus l\u00e0 s\u1ef1 k\u1ebft h\u1ee3p khoa h\u1ecdc c\u1ee7a Lutein, vitamin E t\u1ef1 nhi\u00ean k\u1ebft h\u1ee3p c\u00f9ng DHA, Choline, Axit Folic\" \/>\n<meta property=\"og:url\" content=\"https:\/\/suatuyetvoi.com\/muasam\/san-pham\/sua-similac-mom-iq-plus-huong-sua-chua-dau-400g\/\" \/>\n<meta property=\"og:site_name\" content=\"S\u1eefa Tuy\u1ec7t V\u1eddi\" \/>\n<meta property=\"article:modified_time\" content=\"2023-03-07T13:10:06+00:00\" \/>\n<meta property=\"og:image\" content=\"https:\/\/suatuyetvoi.com\/muasam\/wp-content\/uploads\/2023\/02\/sua-bot-similac-mom-dau-400g-118311_1.png\" \/>\n\t<meta property=\"og:image:width\" content=\"460\" \/>\n\t<meta property=\"og:image:height\" content=\"460\" \/>\n\t<meta property=\"og:image:type\" content=\"image\/png\" \/>\n<meta name=\"twitter:card\" content=\"summary_large_image\" \/>\n<meta name=\"twitter:title\" content=\"S\u1eefa Similac Mom IQ Plus h\u01b0\u01a1ng s\u1eefa chua d\u00e2u 400g - \u0110ang Khuy\u1ebfn m\u00e3i\" \/>\n<meta name=\"twitter:description\" content=\"S\u1eefa Silimac Mom IQ Plus h\u01b0\u01a1ng s\u1eefa chua d\u00e2u ch\u1ee9a h\u1ec7 d\u01b0\u1ee1ng ch\u1ea5t IQ Plus l\u00e0 s\u1ef1 k\u1ebft h\u1ee3p khoa h\u1ecdc c\u1ee7a Lutein, vitamin E t\u1ef1 nhi\u00ean k\u1ebft h\u1ee3p c\u00f9ng DHA, Choline, Axit Folic\" \/>\n<meta name=\"twitter:label1\" content=\"\u01af\u1edbc t\u00ednh th\u1eddi gian \u0111\u1ecdc\" \/>\n\t<meta name=\"twitter:data1\" content=\"3 ph\u00fat\" \/>\n<script type=\"application\/ld+json\" class=\"yoast-schema-graph\">{\"@context\":\"https:\\\/\\\/schema.org\",\"@graph\":[{\"@type\":\"WebPage\",\"@id\":\"https:\\\/\\\/suatuyetvoi.com\\\/muasam\\\/san-pham\\\/sua-similac-mom-iq-plus-huong-sua-chua-dau-400g\\\/\",\"url\":\"https:\\\/\\\/suatuyetvoi.com\\\/muasam\\\/san-pham\\\/sua-similac-mom-iq-plus-huong-sua-chua-dau-400g\\\/\",\"name\":\"S\u1eefa Similac Mom IQ Plus h\u01b0\u01a1ng s\u1eefa chua d\u00e2u 400g - \u0110ang Khuy\u1ebfn m\u00e3i\",\"isPartOf\":{\"@id\":\"https:\\\/\\\/suatuyetvoi.com\\\/muasam\\\/#website\"},\"primaryImageOfPage\":{\"@id\":\"https:\\\/\\\/suatuyetvoi.com\\\/muasam\\\/san-pham\\\/sua-similac-mom-iq-plus-huong-sua-chua-dau-400g\\\/#primaryimage\"},\"image\":{\"@id\":\"https:\\\/\\\/suatuyetvoi.com\\\/muasam\\\/san-pham\\\/sua-similac-mom-iq-plus-huong-sua-chua-dau-400g\\\/#primaryimage\"},\"thumbnailUrl\":\"https:\\\/\\\/suatuyetvoi.com\\\/muasam\\\/wp-content\\\/uploads\\\/2023\\\/02\\\/sua-bot-similac-mom-dau-400g-118311_1.png\",\"datePublished\":\"2023-02-15T03:49:10+00:00\",\"dateModified\":\"2023-03-07T13:10:06+00:00\",\"description\":\"S\u1eefa Silimac Mom IQ Plus h\u01b0\u01a1ng s\u1eefa chua d\u00e2u ch\u1ee9a h\u1ec7 d\u01b0\u1ee1ng ch\u1ea5t IQ Plus l\u00e0 s\u1ef1 k\u1ebft h\u1ee3p khoa h\u1ecdc c\u1ee7a Lutein, vitamin E t\u1ef1 nhi\u00ean k\u1ebft h\u1ee3p c\u00f9ng DHA, Choline, Axit Folic\",\"breadcrumb\":{\"@id\":\"https:\\\/\\\/suatuyetvoi.com\\\/muasam\\\/san-pham\\\/sua-similac-mom-iq-plus-huong-sua-chua-dau-400g\\\/#breadcrumb\"},\"inLanguage\":\"vi\",\"potentialAction\":[{\"@type\":\"ReadAction\",\"target\":[\"https:\\\/\\\/suatuyetvoi.com\\\/muasam\\\/san-pham\\\/sua-similac-mom-iq-plus-huong-sua-chua-dau-400g\\\/\"]}]},{\"@type\":\"ImageObject\",\"inLanguage\":\"vi\",\"@id\":\"https:\\\/\\\/suatuyetvoi.com\\\/muasam\\\/san-pham\\\/sua-similac-mom-iq-plus-huong-sua-chua-dau-400g\\\/#primaryimage\",\"url\":\"https:\\\/\\\/suatuyetvoi.com\\\/muasam\\\/wp-content\\\/uploads\\\/2023\\\/02\\\/sua-bot-similac-mom-dau-400g-118311_1.png\",\"contentUrl\":\"https:\\\/\\\/suatuyetvoi.com\\\/muasam\\\/wp-content\\\/uploads\\\/2023\\\/02\\\/sua-bot-similac-mom-dau-400g-118311_1.png\",\"width\":460,\"height\":460},{\"@type\":\"BreadcrumbList\",\"@id\":\"https:\\\/\\\/suatuyetvoi.com\\\/muasam\\\/san-pham\\\/sua-similac-mom-iq-plus-huong-sua-chua-dau-400g\\\/#breadcrumb\",\"itemListElement\":[{\"@type\":\"ListItem\",\"position\":1,\"name\":\"Home\",\"item\":\"https:\\\/\\\/suatuyetvoi.com\\\/muasam\\\/\"},{\"@type\":\"ListItem\",\"position\":2,\"name\":\"Shop\",\"item\":\"https:\\\/\\\/suatuyetvoi.com\\\/muasam\\\/shop\\\/\"},{\"@type\":\"ListItem\",\"position\":3,\"name\":\"S\u1eefa Similac Mom IQ Plus h\u01b0\u01a1ng s\u1eefa chua d\u00e2u 400g\"}]},{\"@type\":\"WebSite\",\"@id\":\"https:\\\/\\\/suatuyetvoi.com\\\/muasam\\\/#website\",\"url\":\"https:\\\/\\\/suatuyetvoi.com\\\/muasam\\\/\",\"name\":\"S\u1eefa Tuy\u1ec7t V\u1eddi\",\"description\":\"S\u1eefa Tuy\u1ec7t V\u1eddi Vi\u1ec7t Nam\",\"potentialAction\":[{\"@type\":\"SearchAction\",\"target\":{\"@type\":\"EntryPoint\",\"urlTemplate\":\"https:\\\/\\\/suatuyetvoi.com\\\/muasam\\\/?s={search_term_string}\"},\"query-input\":{\"@type\":\"PropertyValueSpecification\",\"valueRequired\":true,\"valueName\":\"search_term_string\"}}],\"inLanguage\":\"vi\"}]}<\/script>\n<!-- \/ Yoast SEO plugin. -->","yoast_head_json":{"title":"S\u1eefa Similac Mom IQ Plus h\u01b0\u01a1ng s\u1eefa chua d\u00e2u 400g - \u0110ang Khuy\u1ebfn m\u00e3i","description":"S\u1eefa Silimac Mom IQ Plus h\u01b0\u01a1ng s\u1eefa chua d\u00e2u ch\u1ee9a h\u1ec7 d\u01b0\u1ee1ng ch\u1ea5t IQ Plus l\u00e0 s\u1ef1 k\u1ebft h\u1ee3p khoa h\u1ecdc c\u1ee7a Lutein, vitamin E t\u1ef1 nhi\u00ean k\u1ebft h\u1ee3p c\u00f9ng DHA, Choline, Axit Folic","robots":{"index":"index","follow":"follow","max-snippet":"max-snippet:-1","max-image-preview":"max-image-preview:large","max-video-preview":"max-video-preview:-1"},"canonical":"https:\/\/suatuyetvoi.com\/muasam\/san-pham\/sua-similac-mom-iq-plus-huong-sua-chua-dau-400g\/","og_locale":"vi_VN","og_type":"article","og_title":"S\u1eefa Similac Mom IQ Plus h\u01b0\u01a1ng s\u1eefa chua d\u00e2u 400g - \u0110ang Khuy\u1ebfn m\u00e3i","og_description":"S\u1eefa Silimac Mom IQ Plus h\u01b0\u01a1ng s\u1eefa chua d\u00e2u ch\u1ee9a h\u1ec7 d\u01b0\u1ee1ng ch\u1ea5t IQ Plus l\u00e0 s\u1ef1 k\u1ebft h\u1ee3p khoa h\u1ecdc c\u1ee7a Lutein, vitamin E t\u1ef1 nhi\u00ean k\u1ebft h\u1ee3p c\u00f9ng DHA, Choline, Axit Folic","og_url":"https:\/\/suatuyetvoi.com\/muasam\/san-pham\/sua-similac-mom-iq-plus-huong-sua-chua-dau-400g\/","og_site_name":"S\u1eefa Tuy\u1ec7t V\u1eddi","article_modified_time":"2023-03-07T13:10:06+00:00","og_image":[{"width":460,"height":460,"url":"https:\/\/suatuyetvoi.com\/muasam\/wp-content\/uploads\/2023\/02\/sua-bot-similac-mom-dau-400g-118311_1.png","type":"image\/png"}],"twitter_card":"summary_large_image","twitter_title":"S\u1eefa Similac Mom IQ Plus h\u01b0\u01a1ng s\u1eefa chua d\u00e2u 400g - \u0110ang Khuy\u1ebfn m\u00e3i","twitter_description":"S\u1eefa Silimac Mom IQ Plus h\u01b0\u01a1ng s\u1eefa chua d\u00e2u ch\u1ee9a h\u1ec7 d\u01b0\u1ee1ng ch\u1ea5t IQ Plus l\u00e0 s\u1ef1 k\u1ebft h\u1ee3p khoa h\u1ecdc c\u1ee7a Lutein, vitamin E t\u1ef1 nhi\u00ean k\u1ebft h\u1ee3p c\u00f9ng DHA, Choline, Axit Folic","twitter_misc":{"\u01af\u1edbc t\u00ednh th\u1eddi gian \u0111\u1ecdc":"3 ph\u00fat"},"schema":{"@context":"https:\/\/schema.org","@graph":[{"@type":"WebPage","@id":"https:\/\/suatuyetvoi.com\/muasam\/san-pham\/sua-similac-mom-iq-plus-huong-sua-chua-dau-400g\/","url":"https:\/\/suatuyetvoi.com\/muasam\/san-pham\/sua-similac-mom-iq-plus-huong-sua-chua-dau-400g\/","name":"S\u1eefa Similac Mom IQ Plus h\u01b0\u01a1ng s\u1eefa chua d\u00e2u 400g - \u0110ang Khuy\u1ebfn m\u00e3i","isPartOf":{"@id":"https:\/\/suatuyetvoi.com\/muasam\/#website"},"primaryImageOfPage":{"@id":"https:\/\/suatuyetvoi.com\/muasam\/san-pham\/sua-similac-mom-iq-plus-huong-sua-chua-dau-400g\/#primaryimage"},"image":{"@id":"https:\/\/suatuyetvoi.com\/muasam\/san-pham\/sua-similac-mom-iq-plus-huong-sua-chua-dau-400g\/#primaryimage"},"thumbnailUrl":"https:\/\/suatuyetvoi.com\/muasam\/wp-content\/uploads\/2023\/02\/sua-bot-similac-mom-dau-400g-118311_1.png","datePublished":"2023-02-15T03:49:10+00:00","dateModified":"2023-03-07T13:10:06+00:00","description":"S\u1eefa Silimac Mom IQ Plus h\u01b0\u01a1ng s\u1eefa chua d\u00e2u ch\u1ee9a h\u1ec7 d\u01b0\u1ee1ng ch\u1ea5t IQ Plus l\u00e0 s\u1ef1 k\u1ebft h\u1ee3p khoa h\u1ecdc c\u1ee7a Lutein, vitamin E t\u1ef1 nhi\u00ean k\u1ebft h\u1ee3p c\u00f9ng DHA, Choline, Axit Folic","breadcrumb":{"@id":"https:\/\/suatuyetvoi.com\/muasam\/san-pham\/sua-similac-mom-iq-plus-huong-sua-chua-dau-400g\/#breadcrumb"},"inLanguage":"vi","potentialAction":[{"@type":"ReadAction","target":["https:\/\/suatuyetvoi.com\/muasam\/san-pham\/sua-similac-mom-iq-plus-huong-sua-chua-dau-400g\/"]}]},{"@type":"ImageObject","inLanguage":"vi","@id":"https:\/\/suatuyetvoi.com\/muasam\/san-pham\/sua-similac-mom-iq-plus-huong-sua-chua-dau-400g\/#primaryimage","url":"https:\/\/suatuyetvoi.com\/muasam\/wp-content\/uploads\/2023\/02\/sua-bot-similac-mom-dau-400g-118311_1.png","contentUrl":"https:\/\/suatuyetvoi.com\/muasam\/wp-content\/uploads\/2023\/02\/sua-bot-similac-mom-dau-400g-118311_1.png","width":460,"height":460},{"@type":"BreadcrumbList","@id":"https:\/\/suatuyetvoi.com\/muasam\/san-pham\/sua-similac-mom-iq-plus-huong-sua-chua-dau-400g\/#breadcrumb","itemListElement":[{"@type":"ListItem","position":1,"name":"Home","item":"https:\/\/suatuyetvoi.com\/muasam\/"},{"@type":"ListItem","position":2,"name":"Shop","item":"https:\/\/suatuyetvoi.com\/muasam\/shop\/"},{"@type":"ListItem","position":3,"name":"S\u1eefa Similac Mom IQ Plus h\u01b0\u01a1ng s\u1eefa chua d\u00e2u 400g"}]},{"@type":"WebSite","@id":"https:\/\/suatuyetvoi.com\/muasam\/#website","url":"https:\/\/suatuyetvoi.com\/muasam\/","name":"S\u1eefa Tuy\u1ec7t V\u1eddi","description":"S\u1eefa Tuy\u1ec7t V\u1eddi Vi\u1ec7t Nam","potentialAction":[{"@type":"SearchAction","target":{"@type":"EntryPoint","urlTemplate":"https:\/\/suatuyetvoi.com\/muasam\/?s={search_term_string}"},"query-input":{"@type":"PropertyValueSpecification","valueRequired":true,"valueName":"search_term_string"}}],"inLanguage":"vi"}]}},"_links":{"self":[{"href":"https:\/\/suatuyetvoi.com\/muasam\/wp-json\/wp\/v2\/product\/5416","targetHints":{"allow":["GET"]}}],"collection":[{"href":"https:\/\/suatuyetvoi.com\/muasam\/wp-json\/wp\/v2\/product"}],"about":[{"href":"https:\/\/suatuyetvoi.com\/muasam\/wp-json\/wp\/v2\/types\/product"}],"replies":[{"embeddable":true,"href":"https:\/\/suatuyetvoi.com\/muasam\/wp-json\/wp\/v2\/comments?post=5416"}],"wp:featuredmedia":[{"embeddable":true,"href":"https:\/\/suatuyetvoi.com\/muasam\/wp-json\/wp\/v2\/media\/5611"}],"wp:attachment":[{"href":"https:\/\/suatuyetvoi.com\/muasam\/wp-json\/wp\/v2\/media?parent=5416"}],"wp:term":[{"taxonomy":"product_cat","embeddable":true,"href":"https:\/\/suatuyetvoi.com\/muasam\/wp-json\/wp\/v2\/product_cat?post=5416"},{"taxonomy":"product_tag","embeddable":true,"href":"https:\/\/suatuyetvoi.com\/muasam\/wp-json\/wp\/v2\/product_tag?post=5416"}],"curies":[{"name":"wp","href":"https:\/\/api.w.org\/{rel}","templated":true}]}}