{"id":5450,"date":"2023-02-18T19:11:21","date_gmt":"2023-02-18T12:11:21","guid":{"rendered":"https:\/\/suatuyetvoi.com\/muasam\/?page_id=5450"},"modified":"2023-02-20T10:45:43","modified_gmt":"2023-02-20T03:45:43","slug":"dai-ly","status":"publish","type":"page","link":"https:\/\/suatuyetvoi.com\/muasam\/dai-ly\/","title":{"rendered":"Ch\u00ednh s\u00e1ch S\u1ec9 &#038; \u0110\u1ea1i l\u00fd"},"content":{"rendered":"\t<div class=\"img has-hover x md-x lg-x y md-y lg-y\" id=\"image_1679269608\">\n\t\t\t\t\t\t\t\t<div class=\"img-inner dark\" >\n\t\t\t<img loading=\"lazy\" decoding=\"async\" width=\"900\" height=\"251\" src=\"https:\/\/suatuyetvoi.com\/muasam\/wp-content\/uploads\/2023\/02\/khohang.jpg\" class=\"attachment-large size-large\" alt=\"\" srcset=\"https:\/\/suatuyetvoi.com\/muasam\/wp-content\/uploads\/2023\/02\/khohang.jpg 900w, https:\/\/suatuyetvoi.com\/muasam\/wp-content\/uploads\/2023\/02\/khohang-800x223.jpg 800w, https:\/\/suatuyetvoi.com\/muasam\/wp-content\/uploads\/2023\/02\/khohang-768x214.jpg 768w, https:\/\/suatuyetvoi.com\/muasam\/wp-content\/uploads\/2023\/02\/khohang-600x167.jpg 600w\" sizes=\"auto, (max-width: 900px) 100vw, 900px\" \/>\t\t\t\t\t\t\n\t\t\t\t\t<\/div>\n\t\t\t\t\t\t\t\t\n<style>\n#image_1679269608 {\n  width: 100%;\n}\n<\/style>\n\t<\/div>\n\t\n<div class=\"row row-collapse row-full-width\"  id=\"row-961335045\">\n\n\t<div id=\"col-1071812795\" class=\"col small-12 large-12\"  >\n\t\t\t\t<div class=\"col-inner\"  >\n\t\t\t\n\t\t\t\n\t\t<\/div>\n\t\t\t\t\n<style>\n#col-1071812795 > .col-inner {\n  padding: 0px 30px 0px 30px;\n}\n<\/style>\n\t<\/div>\n\n\t\n<\/div>\n<div class=\"row row-large\" style=\"max-width:1400px\" id=\"row-1919099393\">\n\n\t<div id=\"col-276579698\" class=\"col small-12 large-12\"  >\n\t\t\t\t<div class=\"col-inner\" style=\"background-color:rgb(255, 255, 255);\" >\n\t\t\t\n\t\t\t\n<div class=\"row row-collapse row-full-width\"  id=\"row-1808696847\">\n\n\t<div id=\"col-486689716\" class=\"col medium-12 small-12 large-6\"  >\n\t\t\t\t<div class=\"col-inner\"  >\n\t\t\t\n\t\t\t\n<h2><span style=\"font-size: 120%;\">B\u00e1n s\u1ec9 &#038; \u0110\u1ea1i l\u00fd ph\u00e2n ph\u1ed1i<\/span><\/h2>\n<p>H\u1ec7 th\u1ed1ng SuaTuyetVoi c\u00f3 ch\u00ednh s\u00e1ch hoa h\u1ed3ng h\u1ea5p d\u1eabn t\u1eeb 20 &#8211; 40% d\u00e0nh cho \u0111\u1ea1i l\u00fd ph\u00e2n ph\u1ed1i m\u00e0 mua s\u1ec9. Vui l\u00f2ng li\u00ean h\u1ec7 v\u1edbi th\u00f4ng tin b\u00ean d\u01b0\u1edbi \u0111\u1ec3 nh\u1eadn b\u1ea3n th\u00f4ng tin s\u1ea3n ph\u1ea9m v\u00e0 chi\u1ebft kh\u1ea5u<\/p>\n\t<div id=\"gap-280484676\" class=\"gap-element clearfix\" style=\"display:block; height:auto;\">\n\t\t\n<style>\n#gap-280484676 {\n  padding-top: 20px;\n}\n@media (min-width:550px) {\n  #gap-280484676 {\n    padding-top: 20px;\n  }\n}\n@media (min-width:850px) {\n  #gap-280484676 {\n    padding-top: 30px;\n  }\n}\n<\/style>\n\t<\/div>\n\t\n<div class=\"row\"  id=\"row-2105752915\">\n\n\t<div id=\"col-1588178921\" class=\"col medium-6 small-12 large-6\"  >\n\t\t\t\t<div class=\"col-inner\"  >\n\t\t\t\n\t\t\t\n\t<div class=\"img has-hover x md-x lg-x y md-y lg-y\" id=\"image_1034513686\">\n\t\t\t\t\t\t\t\t<div class=\"img-inner dark\" >\n\t\t\t<img loading=\"lazy\" decoding=\"async\" width=\"240\" height=\"240\" src=\"https:\/\/suatuyetvoi.com\/muasam\/wp-content\/uploads\/2023\/02\/map-pin-2-fill-2.png\" class=\"attachment-large size-large\" alt=\"\" srcset=\"https:\/\/suatuyetvoi.com\/muasam\/wp-content\/uploads\/2023\/02\/map-pin-2-fill-2.png 240w, https:\/\/suatuyetvoi.com\/muasam\/wp-content\/uploads\/2023\/02\/map-pin-2-fill-2-100x100.png 100w\" sizes=\"auto, (max-width: 240px) 100vw, 240px\" \/>\t\t\t\t\t\t\n\t\t\t\t\t<\/div>\n\t\t\t\t\t\t\t\t\n<style>\n#image_1034513686 {\n  width: 15%;\n}\n@media (min-width:550px) {\n  #image_1034513686 {\n    width: 20%;\n  }\n}\n<\/style>\n\t<\/div>\n\t\n<h3 class=\"uppercase\">\u0110\u1ecba ch\u1ec9<\/h3>\n<p>S\u1ed1 1 Tr\u1ea7n Kh\u00e1nh D\u01b0 <br \/>Ph\u01b0\u1eddng T\u00e2n \u0110\u1ecbnh <br \/>Qu\u1eadn 1, TPHCM<\/p>\n\t\t<\/div>\n\t\t\t\t\t<\/div>\n\n\t\n\n\t<div id=\"col-482931067\" class=\"col medium-5 small-12 large-6\"  >\n\t\t\t\t<div class=\"col-inner\"  >\n\t\t\t\n\t\t\t\n\t<div class=\"img has-hover x md-x lg-x y md-y lg-y\" id=\"image_181956091\">\n\t\t\t\t\t\t\t\t<div class=\"img-inner dark\" >\n\t\t\t<img loading=\"lazy\" decoding=\"async\" width=\"240\" height=\"240\" src=\"https:\/\/suatuyetvoi.com\/muasam\/wp-content\/uploads\/2023\/02\/time-fill.png\" class=\"attachment-large size-large\" alt=\"\" srcset=\"https:\/\/suatuyetvoi.com\/muasam\/wp-content\/uploads\/2023\/02\/time-fill.png 240w, https:\/\/suatuyetvoi.com\/muasam\/wp-content\/uploads\/2023\/02\/time-fill-100x100.png 100w\" sizes=\"auto, (max-width: 240px) 100vw, 240px\" \/>\t\t\t\t\t\t\n\t\t\t\t\t<\/div>\n\t\t\t\t\t\t\t\t\n<style>\n#image_181956091 {\n  width: 15%;\n}\n@media (min-width:550px) {\n  #image_181956091 {\n    width: 20%;\n  }\n}\n<\/style>\n\t<\/div>\n\t\n<h3 class=\"uppercase\">Gi\u1edd ho\u1ea1t \u0111\u1ed9ng<\/h3>\n<p>Ho\u1ea1t \u0111\u1ed9ng 7 ng\u00e0y trong tu\u1ea7n<\/p>\n\t\t<\/div>\n\t\t\t\t\t<\/div>\n\n\t\n<\/div>\n<div class=\"row\"  id=\"row-1349876750\">\n\n\t<div id=\"col-372375388\" class=\"col medium-6 small-12 large-6\"  >\n\t\t\t\t<div class=\"col-inner\"  >\n\t\t\t\n\t\t\t\n\t<div class=\"img has-hover x md-x lg-x y md-y lg-y\" id=\"image_345105110\">\n\t\t\t\t\t\t\t\t<div class=\"img-inner dark\" >\n\t\t\t<img loading=\"lazy\" decoding=\"async\" width=\"240\" height=\"240\" src=\"https:\/\/suatuyetvoi.com\/muasam\/wp-content\/uploads\/2023\/02\/mail-open-fill.png\" class=\"attachment-large size-large\" alt=\"\" srcset=\"https:\/\/suatuyetvoi.com\/muasam\/wp-content\/uploads\/2023\/02\/mail-open-fill.png 240w, https:\/\/suatuyetvoi.com\/muasam\/wp-content\/uploads\/2023\/02\/mail-open-fill-100x100.png 100w\" sizes=\"auto, (max-width: 240px) 100vw, 240px\" \/>\t\t\t\t\t\t\n\t\t\t\t\t<\/div>\n\t\t\t\t\t\t\t\t\n<style>\n#image_345105110 {\n  width: 15%;\n}\n@media (min-width:550px) {\n  #image_345105110 {\n    width: 20%;\n  }\n}\n<\/style>\n\t<\/div>\n\t\n<h3 class=\"uppercase\">E-mail<\/h3>\n<p>hi@SuaTuyetVoi.com<\/p>\n\t\t<\/div>\n\t\t\t\t\t<\/div>\n\n\t\n\n\t<div id=\"col-1906266330\" class=\"col medium-6 small-12 large-6\"  >\n\t\t\t\t<div class=\"col-inner\"  >\n\t\t\t\n\t\t\t\n\t<div class=\"img has-hover x md-x lg-x y md-y lg-y\" id=\"image_1917552008\">\n\t\t\t\t\t\t\t\t<div class=\"img-inner dark\" >\n\t\t\t<img loading=\"lazy\" decoding=\"async\" width=\"240\" height=\"240\" src=\"https:\/\/suatuyetvoi.com\/muasam\/wp-content\/uploads\/2023\/02\/phone-fill.png\" class=\"attachment-large size-large\" alt=\"\" srcset=\"https:\/\/suatuyetvoi.com\/muasam\/wp-content\/uploads\/2023\/02\/phone-fill.png 240w, https:\/\/suatuyetvoi.com\/muasam\/wp-content\/uploads\/2023\/02\/phone-fill-100x100.png 100w\" sizes=\"auto, (max-width: 240px) 100vw, 240px\" \/>\t\t\t\t\t\t\n\t\t\t\t\t<\/div>\n\t\t\t\t\t\t\t\t\n<style>\n#image_1917552008 {\n  width: 15%;\n}\n@media (min-width:550px) {\n  #image_1917552008 {\n    width: 20%;\n  }\n}\n<\/style>\n\t<\/div>\n\t\n<h3 class=\"uppercase\">phone<\/h3>\n<p>0902 882 355 123678<\/p>\n\t\t<\/div>\n\t\t\t\t\t<\/div>\n\n\t\n<\/div>\n\t\t<\/div>\n\t\t\t\t\n<style>\n#col-486689716 > .col-inner {\n  padding: 0px 0px 0px 20px;\n}\n<\/style>\n\t<\/div>\n\n\t\n\n\t<div id=\"col-22206743\" class=\"col medium-12 small-12 large-6\"  >\n\t\t\t\t<div class=\"col-inner\"  >\n\t\t\t\n\t\t\t\n<h2><span style=\"font-size: 120%;\">Th\u00f4ng tin c\u1ee7a b\u1ea1n<\/span><\/h2>\n\t<div id=\"gap-979830691\" class=\"gap-element clearfix\" style=\"display:block; height:auto;\">\n\t\t\n<style>\n#gap-979830691 {\n  padding-top: 20px;\n}\n@media (min-width:550px) {\n  #gap-979830691 {\n    padding-top: 20px;\n  }\n}\n@media (min-width:850px) {\n  #gap-979830691 {\n    padding-top: 30px;\n  }\n}\n<\/style>\n\t<\/div>\n\t\n<div class=\"row\"  id=\"row-1208006559\">\n\n\t<div id=\"col-135157074\" class=\"col small-12 large-12\"  >\n\t\t\t\t<div class=\"col-inner\"  >\n\t\t\t\n\t<div class=\"is-border\"\n\t\tstyle=\"border-width:1px 1px 1px 1px;\">\n\t<\/div>\n\t\t\t\n\n<div class=\"wpcf7 no-js\" id=\"wpcf7-f5463-o1\" lang=\"en-US\" dir=\"ltr\" data-wpcf7-id=\"5463\">\n<div class=\"screen-reader-response\"><p role=\"status\" aria-live=\"polite\" aria-atomic=\"true\"><\/p> <ul><\/ul><\/div>\n<form action=\"\/muasam\/wp-json\/wp\/v2\/pages\/5450#wpcf7-f5463-o1\" method=\"post\" class=\"wpcf7-form init\" aria-label=\"Contact form\" novalidate=\"novalidate\" data-status=\"init\">\n<fieldset class=\"hidden-fields-container\"><input type=\"hidden\" name=\"_wpcf7\" value=\"5463\" \/><input type=\"hidden\" name=\"_wpcf7_version\" value=\"6.1.6\" \/><input type=\"hidden\" name=\"_wpcf7_locale\" value=\"en_US\" \/><input type=\"hidden\" name=\"_wpcf7_unit_tag\" value=\"wpcf7-f5463-o1\" \/><input type=\"hidden\" name=\"_wpcf7_container_post\" value=\"0\" \/><input type=\"hidden\" name=\"_wpcf7_posted_data_hash\" value=\"\" \/>\n<\/fieldset>\n<div class=\"contact-form\">\n\t<h4 class=\"form-title\">\n\t\t<center>\u0110\u0102NG K\u00dd\n\t\t<\/center>\n\t<\/h4>\n\t<div class=\"form-title\">\n\t\t<p>\u0110\u0103ng k\u00fd \u0111\u1ea1i l\u00fd ph\u00e2n ph\u1ed1i v\u00e0 b\u00e1n s\u1ec9\n\t\t<\/p>\n\t<\/div>\n\t<div class=\"contact-row\">\n\t\t<div class=\"one-col\">\n\t\t\t<p><span class=\"wpcf7-form-control-wrap\" data-name=\"your-name\"><input size=\"40\" maxlength=\"400\" class=\"wpcf7-form-control wpcf7-text wpcf7-validates-as-required\" aria-required=\"true\" aria-invalid=\"false\" placeholder=\"H\u1ecd t\u00ean *\" value=\"\" type=\"text\" name=\"your-name\" \/><\/span>\n\t\t\t<\/p>\n\t\t<\/div>\n\t<\/div>\n\t<div class=\"contact-row\">\n\t\t<div class=\"one-col\">\n\t\t\t<p><span class=\"wpcf7-form-control-wrap\" data-name=\"your-email\"><input size=\"40\" maxlength=\"400\" class=\"wpcf7-form-control wpcf7-email wpcf7-validates-as-required wpcf7-text wpcf7-validates-as-email\" aria-required=\"true\" aria-invalid=\"false\" placeholder=\"Email *\" value=\"\" type=\"email\" name=\"your-email\" \/><\/span>\n\t\t\t<\/p>\n\t\t<\/div>\n\t<\/div>\n\t<div class=\"contact-row\">\n\t\t<div class=\"one-col\">\n\t\t\t<p><span class=\"wpcf7-form-control-wrap\" data-name=\"your-phone\"><input size=\"40\" maxlength=\"400\" class=\"wpcf7-form-control wpcf7-tel wpcf7-validates-as-required wpcf7-text wpcf7-validates-as-tel\" aria-required=\"true\" aria-invalid=\"false\" placeholder=\"\u0110i\u1ec7n tho\u1ea1i *\" value=\"\" type=\"tel\" name=\"your-phone\" \/><\/span>\n\t\t\t<\/p>\n\t\t<\/div>\n\t<\/div>\n\t<div class=\"contact-row\">\n\t\t<div class=\"one-col\">\n\t\t\t<p><span class=\"wpcf7-form-control-wrap\" data-name=\"your-facebook\"><input size=\"40\" maxlength=\"400\" class=\"wpcf7-form-control wpcf7-text wpcf7-validates-as-required\" aria-required=\"true\" aria-invalid=\"false\" placeholder=\"Facebook *\" value=\"\" type=\"text\" name=\"your-facebook\" \/><\/span>\n\t\t\t<\/p>\n\t\t<\/div>\n\t<\/div>\n\t<div class=\"contact-row\">\n\t\t<div class=\"one-col\">\n\t\t\t<p><span class=\"wpcf7-form-control-wrap\" data-name=\"acceptance\"><span class=\"wpcf7-form-control wpcf7-acceptance\"><span class=\"wpcf7-list-item\"><label><input type=\"checkbox\" name=\"acceptance\" value=\"1\" aria-invalid=\"false\" \/><span class=\"wpcf7-list-item-label\"><a href=\"https:\/\/suatuyetvoi.com\/muasam\/dieu-khoan-su-dung\" target=\"_blank\" rel=\"noopener noreferrer\">T\u00f4i \u0111\u1ed3ng \u00fd \u0111i\u1ec1u kho\u1ea3n s\u1eed d\u1ee5ng <\/a><\/span><\/label><\/span><\/span><\/span>\n\t\t\t<\/p>\n\t\t<\/div>\n\t<\/div>\n\t<div class=\"contact-row\">\n\t\t<div class=\"one-col\">\n\t\t\t<center>\n\t\t\t\t<p><input class=\"wpcf7-form-control wpcf7-submit has-spinner\" type=\"submit\" value=\"\u0110\u0102NG K\u00dd NGAY\" \/>\n\t\t\t\t<\/p>\n\t\t\t<\/center>\n\t\t<\/div>\n\t<\/div>\n<\/div><div class=\"wpcf7-response-output\" aria-hidden=\"true\"><\/div>\n<\/form>\n<\/div>\n\n\t\t<\/div>\n\t\t\t\t\n<style>\n#col-135157074 > .col-inner {\n  padding: 20px 15px 0px 15px;\n}\n<\/style>\n\t<\/div>\n\n\t\n<\/div>\n\t\t<\/div>\n\t\t\t\t\t<\/div>\n\n\t\n\n<style>\n#row-1808696847 > .col > .col-inner {\n  padding: 0px 15px 0px 15px;\n}\n<\/style>\n<\/div>\n\t\t<\/div>\n\t\t\t\t\n<style>\n#col-276579698 > .col-inner {\n  padding: 50px 20px 0px 20px;\n  margin: -0 0px 0px 0px;\n}\n@media (min-width:550px) {\n  #col-276579698 > .col-inner {\n    padding: 50px 20px 30px 20px;\n    margin: 0 0px 0px 0px;\n  }\n}\n@media (min-width:850px) {\n  #col-276579698 > .col-inner {\n    padding: 66px 5% 16px 5%;\n    margin: -135px 0px 0px 0px;\n  }\n}\n<\/style>\n\t<\/div>\n\n\t\n<\/div>\n<div class=\"row row-collapse row-full-width\"  id=\"row-513082776\">\n<\/div>\n","protected":false},"excerpt":{"rendered":"","protected":false},"author":1,"featured_media":0,"parent":0,"menu_order":0,"comment_status":"closed","ping_status":"open","template":"","meta":{"footnotes":""},"class_list":["post-5450","page","type-page","status-publish","hentry"],"yoast_head":"<!-- This site is optimized with the Yoast SEO plugin v27.6 - https:\/\/yoast.com\/product\/yoast-seo-wordpress\/ -->\n<title>Ch\u00ednh s\u00e1ch S\u1ec9 &amp; \u0110\u1ea1i l\u00fd - S\u1eefa Tuy\u1ec7t V\u1eddi<\/title>\n<meta name=\"robots\" content=\"index, follow, max-snippet:-1, max-image-preview:large, max-video-preview:-1\" \/>\n<link rel=\"canonical\" href=\"https:\/\/suatuyetvoi.com\/muasam\/dai-ly\/\" \/>\n<meta property=\"og:locale\" content=\"vi_VN\" \/>\n<meta property=\"og:type\" content=\"article\" \/>\n<meta property=\"og:title\" content=\"Ch\u00ednh s\u00e1ch S\u1ec9 &amp; \u0110\u1ea1i l\u00fd - S\u1eefa Tuy\u1ec7t V\u1eddi\" \/>\n<meta property=\"og:url\" content=\"https:\/\/suatuyetvoi.com\/muasam\/dai-ly\/\" \/>\n<meta property=\"og:site_name\" content=\"S\u1eefa Tuy\u1ec7t V\u1eddi\" \/>\n<meta property=\"article:modified_time\" content=\"2023-02-20T03:45:43+00:00\" \/>\n<meta name=\"twitter:card\" content=\"summary_large_image\" \/>\n<meta name=\"twitter:label1\" content=\"\u01af\u1edbc t\u00ednh th\u1eddi gian \u0111\u1ecdc\" \/>\n\t<meta name=\"twitter:data1\" content=\"2 ph\u00fat\" \/>\n<script type=\"application\/ld+json\" class=\"yoast-schema-graph\">{\"@context\":\"https:\\\/\\\/schema.org\",\"@graph\":[{\"@type\":\"WebPage\",\"@id\":\"https:\\\/\\\/suatuyetvoi.com\\\/muasam\\\/dai-ly\\\/\",\"url\":\"https:\\\/\\\/suatuyetvoi.com\\\/muasam\\\/dai-ly\\\/\",\"name\":\"Ch\u00ednh s\u00e1ch S\u1ec9 & \u0110\u1ea1i l\u00fd - S\u1eefa Tuy\u1ec7t V\u1eddi\",\"isPartOf\":{\"@id\":\"https:\\\/\\\/suatuyetvoi.com\\\/muasam\\\/#website\"},\"datePublished\":\"2023-02-18T12:11:21+00:00\",\"dateModified\":\"2023-02-20T03:45:43+00:00\",\"breadcrumb\":{\"@id\":\"https:\\\/\\\/suatuyetvoi.com\\\/muasam\\\/dai-ly\\\/#breadcrumb\"},\"inLanguage\":\"vi\",\"potentialAction\":[{\"@type\":\"ReadAction\",\"target\":[\"https:\\\/\\\/suatuyetvoi.com\\\/muasam\\\/dai-ly\\\/\"]}]},{\"@type\":\"BreadcrumbList\",\"@id\":\"https:\\\/\\\/suatuyetvoi.com\\\/muasam\\\/dai-ly\\\/#breadcrumb\",\"itemListElement\":[{\"@type\":\"ListItem\",\"position\":1,\"name\":\"Home\",\"item\":\"https:\\\/\\\/suatuyetvoi.com\\\/muasam\\\/\"},{\"@type\":\"ListItem\",\"position\":2,\"name\":\"Ch\u00ednh s\u00e1ch S\u1ec9 &#038; \u0110\u1ea1i l\u00fd\"}]},{\"@type\":\"WebSite\",\"@id\":\"https:\\\/\\\/suatuyetvoi.com\\\/muasam\\\/#website\",\"url\":\"https:\\\/\\\/suatuyetvoi.com\\\/muasam\\\/\",\"name\":\"S\u1eefa Tuy\u1ec7t V\u1eddi\",\"description\":\"S\u1eefa Tuy\u1ec7t V\u1eddi Vi\u1ec7t Nam\",\"potentialAction\":[{\"@type\":\"SearchAction\",\"target\":{\"@type\":\"EntryPoint\",\"urlTemplate\":\"https:\\\/\\\/suatuyetvoi.com\\\/muasam\\\/?s={search_term_string}\"},\"query-input\":{\"@type\":\"PropertyValueSpecification\",\"valueRequired\":true,\"valueName\":\"search_term_string\"}}],\"inLanguage\":\"vi\"}]}<\/script>\n<!-- \/ Yoast SEO plugin. -->","yoast_head_json":{"title":"Ch\u00ednh s\u00e1ch S\u1ec9 & \u0110\u1ea1i l\u00fd - S\u1eefa Tuy\u1ec7t V\u1eddi","robots":{"index":"index","follow":"follow","max-snippet":"max-snippet:-1","max-image-preview":"max-image-preview:large","max-video-preview":"max-video-preview:-1"},"canonical":"https:\/\/suatuyetvoi.com\/muasam\/dai-ly\/","og_locale":"vi_VN","og_type":"article","og_title":"Ch\u00ednh s\u00e1ch S\u1ec9 & \u0110\u1ea1i l\u00fd - S\u1eefa Tuy\u1ec7t V\u1eddi","og_url":"https:\/\/suatuyetvoi.com\/muasam\/dai-ly\/","og_site_name":"S\u1eefa Tuy\u1ec7t V\u1eddi","article_modified_time":"2023-02-20T03:45:43+00:00","twitter_card":"summary_large_image","twitter_misc":{"\u01af\u1edbc t\u00ednh th\u1eddi gian \u0111\u1ecdc":"2 ph\u00fat"},"schema":{"@context":"https:\/\/schema.org","@graph":[{"@type":"WebPage","@id":"https:\/\/suatuyetvoi.com\/muasam\/dai-ly\/","url":"https:\/\/suatuyetvoi.com\/muasam\/dai-ly\/","name":"Ch\u00ednh s\u00e1ch S\u1ec9 & \u0110\u1ea1i l\u00fd - S\u1eefa Tuy\u1ec7t V\u1eddi","isPartOf":{"@id":"https:\/\/suatuyetvoi.com\/muasam\/#website"},"datePublished":"2023-02-18T12:11:21+00:00","dateModified":"2023-02-20T03:45:43+00:00","breadcrumb":{"@id":"https:\/\/suatuyetvoi.com\/muasam\/dai-ly\/#breadcrumb"},"inLanguage":"vi","potentialAction":[{"@type":"ReadAction","target":["https:\/\/suatuyetvoi.com\/muasam\/dai-ly\/"]}]},{"@type":"BreadcrumbList","@id":"https:\/\/suatuyetvoi.com\/muasam\/dai-ly\/#breadcrumb","itemListElement":[{"@type":"ListItem","position":1,"name":"Home","item":"https:\/\/suatuyetvoi.com\/muasam\/"},{"@type":"ListItem","position":2,"name":"Ch\u00ednh s\u00e1ch S\u1ec9 &#038; \u0110\u1ea1i l\u00fd"}]},{"@type":"WebSite","@id":"https:\/\/suatuyetvoi.com\/muasam\/#website","url":"https:\/\/suatuyetvoi.com\/muasam\/","name":"S\u1eefa Tuy\u1ec7t V\u1eddi","description":"S\u1eefa Tuy\u1ec7t V\u1eddi Vi\u1ec7t Nam","potentialAction":[{"@type":"SearchAction","target":{"@type":"EntryPoint","urlTemplate":"https:\/\/suatuyetvoi.com\/muasam\/?s={search_term_string}"},"query-input":{"@type":"PropertyValueSpecification","valueRequired":true,"valueName":"search_term_string"}}],"inLanguage":"vi"}]}},"_links":{"self":[{"href":"https:\/\/suatuyetvoi.com\/muasam\/wp-json\/wp\/v2\/pages\/5450","targetHints":{"allow":["GET"]}}],"collection":[{"href":"https:\/\/suatuyetvoi.com\/muasam\/wp-json\/wp\/v2\/pages"}],"about":[{"href":"https:\/\/suatuyetvoi.com\/muasam\/wp-json\/wp\/v2\/types\/page"}],"author":[{"embeddable":true,"href":"https:\/\/suatuyetvoi.com\/muasam\/wp-json\/wp\/v2\/users\/1"}],"replies":[{"embeddable":true,"href":"https:\/\/suatuyetvoi.com\/muasam\/wp-json\/wp\/v2\/comments?post=5450"}],"version-history":[{"count":5,"href":"https:\/\/suatuyetvoi.com\/muasam\/wp-json\/wp\/v2\/pages\/5450\/revisions"}],"predecessor-version":[{"id":5464,"href":"https:\/\/suatuyetvoi.com\/muasam\/wp-json\/wp\/v2\/pages\/5450\/revisions\/5464"}],"wp:attachment":[{"href":"https:\/\/suatuyetvoi.com\/muasam\/wp-json\/wp\/v2\/media?parent=5450"}],"curies":[{"name":"wp","href":"https:\/\/api.w.org\/{rel}","templated":true}]}}