{"id":4596,"date":"2022-11-03T23:38:51","date_gmt":"2022-11-03T16:38:51","guid":{"rendered":"https:\/\/ourfamily.asia\/?page_id=4596"},"modified":"2023-02-13T17:15:57","modified_gmt":"2023-02-13T10:15:57","slug":"review","status":"publish","type":"page","link":"https:\/\/suatuyetvoi.com\/muasam\/review\/","title":{"rendered":"Review"},"content":{"rendered":"\t\t<div data-elementor-type=\"wp-page\" data-elementor-id=\"4596\" class=\"elementor elementor-4596\">\n\t\t\t\t\t\t\t\t\t<section class=\"elementor-section elementor-top-section elementor-element elementor-element-73f2f08 elementor-section-boxed elementor-section-height-default elementor-section-height-default\" data-id=\"73f2f08\" data-element_type=\"section\">\n\t\t\t\t\t\t<div class=\"elementor-container elementor-column-gap-default\">\n\t\t\t\t\t<div class=\"elementor-column elementor-col-100 elementor-top-column elementor-element elementor-element-9dda867\" data-id=\"9dda867\" data-element_type=\"column\">\n\t\t\t<div class=\"elementor-widget-wrap elementor-element-populated\">\n\t\t\t\t\t\t\t\t<div class=\"elementor-element elementor-element-f475736 elementor-widget elementor-widget-woocommerce-photo-reviews\" data-id=\"f475736\" data-element_type=\"widget\" data-widget_type=\"woocommerce-photo-reviews.default\">\n\t\t\t\t<div class=\"elementor-widget-container\">\n\t\t\t<div id=\"woocommerce-photo-reviews-shortcode-1\" class=\"woocommerce-photo-reviews-shortcode woocommerce-photo-reviews-shortcode-popup-review\" data-wcpr_image=\"\" data-wcpr_verified=\"\" data-wcpr_rating=\"\" data-wcpr_slide=\"\"  data-reviews_shortcode=\"{&quot;comments_per_page&quot;:&quot;15&quot;,&quot;cols&quot;:&quot;5&quot;,&quot;cols_mobile&quot;:&quot;1&quot;,&quot;cols_gap&quot;:&quot;15&quot;,&quot;use_single_product&quot;:&quot;&quot;,&quot;products&quot;:&quot;4667,4669,4672,4679,4680,4681,4682&quot;,&quot;products_status&quot;:&quot;&quot;,&quot;grid_bg_color&quot;:&quot;&quot;,&quot;grid_item_bg_color&quot;:&quot;#f3f3f3&quot;,&quot;grid_item_border_color&quot;:&quot;&quot;,&quot;text_color&quot;:&quot;#000&quot;,&quot;star_color&quot;:&quot;#ffb600&quot;,&quot;product_cat&quot;:&quot;228&quot;,&quot;order&quot;:&quot;desc&quot;,&quot;orderby&quot;:&quot;comment_date&quot;,&quot;show_product&quot;:&quot;on&quot;,&quot;filter&quot;:&quot;on&quot;,&quot;pagination&quot;:&quot;on&quot;,&quot;pagination_ajax&quot;:&quot;on&quot;,&quot;pagination_next&quot;:&quot;&quot;,&quot;pagination_pre&quot;:&quot;&quot;,&quot;loadmore_button&quot;:&quot;on&quot;,&quot;filter_default_image&quot;:&quot;&quot;,&quot;filter_default_verified&quot;:&quot;&quot;,&quot;filter_default_rating&quot;:&quot;&quot;,&quot;pagination_position&quot;:&quot;right&quot;,&quot;conditional_tag&quot;:&quot;&quot;,&quot;custom_css&quot;:&quot;&quot;,&quot;masonry_popup&quot;:&quot;review&quot;,&quot;image_popup&quot;:&quot;&quot;,&quot;ratings&quot;:&quot;&quot;,&quot;mobile&quot;:&quot;on&quot;,&quot;style&quot;:&quot;masonry&quot;,&quot;is_slide&quot;:&quot;off&quot;,&quot;enable_box_shadow&quot;:&quot;on&quot;,&quot;full_screen_mobile&quot;:&quot;on&quot;,&quot;style_mobile&quot;:&quot;&quot;,&quot;overall_rating&quot;:&quot;on&quot;,&quot;rating_count&quot;:&quot;on&quot;,&quot;only_images&quot;:&quot;&quot;,&quot;area_border_color&quot;:&quot;#e5e5e5&quot;,&quot;area_bg_color&quot;:&quot;&quot;,&quot;button_color&quot;:&quot;&quot;,&quot;button_bg_color&quot;:&quot;&quot;,&quot;button_border_color&quot;:&quot;#e5e5e5&quot;,&quot;rating_count_bar_color&quot;:&quot;#96588a&quot;,&quot;verified_color&quot;:&quot;#29d50b&quot;,&quot;hide_rating_count_if_empty&quot;:&quot;off&quot;,&quot;hide_filters_if_empty&quot;:&quot;on&quot;,&quot;is_elementor&quot;:&quot;yes&quot;,&quot;wpml_all_languages&quot;:&quot;off&quot;,&quot;pll_all_languages&quot;:&quot;off&quot;}\"><div class=\"shortcode-wcpr-overall-rating-and-rating-count\" >\n\t        <div class=\"shortcode-wcpr-overall-rating\">\n            <h2>\n\t\t\t\t\u0110\u00e1nh gi\u00e1 c\u1ee7a kh\u00e1ch h\u00e0ng            <\/h2>\n            <div class=\"shortcode-wcpr-overall-rating-main\">\n                <div class=\"shortcode-wcpr-overall-rating-left\">\n\t\t\t\t\t<span class=\"shortcode-wcpr-overall-rating-left-average\">\n\t\t\t\t\t\t0.00\t\t\t\t\t<\/span>\n                <\/div>\n                <div class=\"shortcode-wcpr-overall-rating-right\">\n                    <div class=\"shortcode-wcpr-overall-rating-right-star\">\n\t\t\t\t\t\t                    <\/div>\n                    <div class=\"shortcode-wcpr-overall-rating-right-total\">\n\t\t\t\t\t\tD\u1ef1a tr\u00ean 0 \u0111\u00e1nh gi\u00e1                    <\/div>\n                <\/div>\n            <\/div>\n        <\/div>\n\t\t        <div class=\"shortcode-wcpr-stars-count\">\n\t\t\t                <div class=\"shortcode-wcpr-row\">\n                    <div class=\"shortcode-wcpr-col-number\">5<\/div>\n                    <div class=\"shortcode-wcpr-col-star\"><div class=\"star-rating\" role=\"img\" aria-label=\"Rated 5 out of 5\"><span style=\"width:100%\">Rated <strong class=\"rating\">5<\/strong> out of 5<\/span><\/div><\/div>\n                    <div class=\"shortcode-wcpr-col-process\">\n                        <div class=\"rate-percent-bg\">\n                            <div class=\"rate-percent\" style=\"width: 0%;\"><\/div>\n                            <div class=\"rate-percent-bg-1\">0%<\/div>\n                        <\/div>\n                    <\/div>\n                    <div class=\"shortcode-wcpr-col-rank-count\"><\/div>\n                <\/div>\n\t\t\t\t                <div class=\"shortcode-wcpr-row\">\n                    <div class=\"shortcode-wcpr-col-number\">4<\/div>\n                    <div class=\"shortcode-wcpr-col-star\"><div class=\"star-rating\" role=\"img\" aria-label=\"Rated 4 out of 5\"><span style=\"width:80%\">Rated <strong class=\"rating\">4<\/strong> out of 5<\/span><\/div><\/div>\n                    <div class=\"shortcode-wcpr-col-process\">\n                        <div class=\"rate-percent-bg\">\n                            <div class=\"rate-percent\" style=\"width: 0%;\"><\/div>\n                            <div class=\"rate-percent-bg-1\">0%<\/div>\n                        <\/div>\n                    <\/div>\n                    <div class=\"shortcode-wcpr-col-rank-count\"><\/div>\n                <\/div>\n\t\t\t\t                <div class=\"shortcode-wcpr-row\">\n                    <div class=\"shortcode-wcpr-col-number\">3<\/div>\n                    <div class=\"shortcode-wcpr-col-star\"><div class=\"star-rating\" role=\"img\" aria-label=\"Rated 3 out of 5\"><span style=\"width:60%\">Rated <strong class=\"rating\">3<\/strong> out of 5<\/span><\/div><\/div>\n                    <div class=\"shortcode-wcpr-col-process\">\n                        <div class=\"rate-percent-bg\">\n                            <div class=\"rate-percent\" style=\"width: 0%;\"><\/div>\n                            <div class=\"rate-percent-bg-1\">0%<\/div>\n                        <\/div>\n                    <\/div>\n                    <div class=\"shortcode-wcpr-col-rank-count\"><\/div>\n                <\/div>\n\t\t\t\t                <div class=\"shortcode-wcpr-row\">\n                    <div class=\"shortcode-wcpr-col-number\">2<\/div>\n                    <div class=\"shortcode-wcpr-col-star\"><div class=\"star-rating\" role=\"img\" aria-label=\"Rated 2 out of 5\"><span style=\"width:40%\">Rated <strong class=\"rating\">2<\/strong> out of 5<\/span><\/div><\/div>\n                    <div class=\"shortcode-wcpr-col-process\">\n                        <div class=\"rate-percent-bg\">\n                            <div class=\"rate-percent\" style=\"width: 0%;\"><\/div>\n                            <div class=\"rate-percent-bg-1\">0%<\/div>\n                        <\/div>\n                    <\/div>\n                    <div class=\"shortcode-wcpr-col-rank-count\"><\/div>\n                <\/div>\n\t\t\t\t                <div class=\"shortcode-wcpr-row\">\n                    <div class=\"shortcode-wcpr-col-number\">1<\/div>\n                    <div class=\"shortcode-wcpr-col-star\"><div class=\"star-rating\" role=\"img\" aria-label=\"Rated 1 out of 5\"><span style=\"width:20%\">Rated <strong class=\"rating\">1<\/strong> out of 5<\/span><\/div><\/div>\n                    <div class=\"shortcode-wcpr-col-process\">\n                        <div class=\"rate-percent-bg\">\n                            <div class=\"rate-percent\" style=\"width: 0%;\"><\/div>\n                            <div class=\"rate-percent-bg-1\">0%<\/div>\n                        <\/div>\n                    <\/div>\n                    <div class=\"shortcode-wcpr-col-rank-count\"><\/div>\n                <\/div>\n\t\t\t\t        <\/div>\n\t\t<\/div>\n<div class=\"wcpr-shortcode-overlay\"><\/div><\/div>\t\t<\/div>\n\t\t\t\t<\/div>\n\t\t\t\t\t<\/div>\n\t\t<\/div>\n\t\t\t\t\t\t\t<\/div>\n\t\t<\/section>\n\t\t\t\t\t\t\t<\/div>\n\t\t","protected":false},"excerpt":{"rendered":"","protected":false},"author":1,"featured_media":0,"parent":0,"menu_order":0,"comment_status":"closed","ping_status":"closed","template":"","meta":{"footnotes":""},"class_list":["post-4596","page","type-page","status-publish","hentry"],"yoast_head":"<!-- This site is optimized with the Yoast SEO plugin v27.6 - https:\/\/yoast.com\/product\/yoast-seo-wordpress\/ -->\n<title>Review - S\u1eefa Tuy\u1ec7t V\u1eddi<\/title>\n<meta name=\"robots\" content=\"index, follow, max-snippet:-1, max-image-preview:large, max-video-preview:-1\" \/>\n<link rel=\"canonical\" href=\"https:\/\/suatuyetvoi.com\/muasam\/review\/\" \/>\n<meta property=\"og:locale\" content=\"vi_VN\" \/>\n<meta property=\"og:type\" content=\"article\" \/>\n<meta property=\"og:title\" content=\"Review - S\u1eefa Tuy\u1ec7t V\u1eddi\" \/>\n<meta property=\"og:url\" content=\"https:\/\/suatuyetvoi.com\/muasam\/review\/\" \/>\n<meta property=\"og:site_name\" content=\"S\u1eefa Tuy\u1ec7t V\u1eddi\" \/>\n<meta property=\"article:modified_time\" content=\"2023-02-13T10:15:57+00:00\" \/>\n<meta name=\"twitter:card\" content=\"summary_large_image\" \/>\n<meta name=\"twitter:label1\" content=\"\u01af\u1edbc t\u00ednh th\u1eddi gian \u0111\u1ecdc\" \/>\n\t<meta name=\"twitter:data1\" content=\"15 ph\u00fat\" \/>\n<script type=\"application\/ld+json\" class=\"yoast-schema-graph\">{\"@context\":\"https:\\\/\\\/schema.org\",\"@graph\":[{\"@type\":\"WebPage\",\"@id\":\"https:\\\/\\\/suatuyetvoi.com\\\/muasam\\\/review\\\/\",\"url\":\"https:\\\/\\\/suatuyetvoi.com\\\/muasam\\\/review\\\/\",\"name\":\"Review - S\u1eefa Tuy\u1ec7t V\u1eddi\",\"isPartOf\":{\"@id\":\"https:\\\/\\\/suatuyetvoi.com\\\/muasam\\\/#website\"},\"datePublished\":\"2022-11-03T16:38:51+00:00\",\"dateModified\":\"2023-02-13T10:15:57+00:00\",\"breadcrumb\":{\"@id\":\"https:\\\/\\\/suatuyetvoi.com\\\/muasam\\\/review\\\/#breadcrumb\"},\"inLanguage\":\"vi\",\"potentialAction\":[{\"@type\":\"ReadAction\",\"target\":[\"https:\\\/\\\/suatuyetvoi.com\\\/muasam\\\/review\\\/\"]}]},{\"@type\":\"BreadcrumbList\",\"@id\":\"https:\\\/\\\/suatuyetvoi.com\\\/muasam\\\/review\\\/#breadcrumb\",\"itemListElement\":[{\"@type\":\"ListItem\",\"position\":1,\"name\":\"Home\",\"item\":\"https:\\\/\\\/suatuyetvoi.com\\\/muasam\\\/\"},{\"@type\":\"ListItem\",\"position\":2,\"name\":\"Review\"}]},{\"@type\":\"WebSite\",\"@id\":\"https:\\\/\\\/suatuyetvoi.com\\\/muasam\\\/#website\",\"url\":\"https:\\\/\\\/suatuyetvoi.com\\\/muasam\\\/\",\"name\":\"S\u1eefa Tuy\u1ec7t V\u1eddi\",\"description\":\"S\u1eefa Tuy\u1ec7t V\u1eddi Vi\u1ec7t Nam\",\"potentialAction\":[{\"@type\":\"SearchAction\",\"target\":{\"@type\":\"EntryPoint\",\"urlTemplate\":\"https:\\\/\\\/suatuyetvoi.com\\\/muasam\\\/?s={search_term_string}\"},\"query-input\":{\"@type\":\"PropertyValueSpecification\",\"valueRequired\":true,\"valueName\":\"search_term_string\"}}],\"inLanguage\":\"vi\"}]}<\/script>\n<!-- \/ Yoast SEO plugin. -->","yoast_head_json":{"title":"Review - S\u1eefa Tuy\u1ec7t V\u1eddi","robots":{"index":"index","follow":"follow","max-snippet":"max-snippet:-1","max-image-preview":"max-image-preview:large","max-video-preview":"max-video-preview:-1"},"canonical":"https:\/\/suatuyetvoi.com\/muasam\/review\/","og_locale":"vi_VN","og_type":"article","og_title":"Review - S\u1eefa Tuy\u1ec7t V\u1eddi","og_url":"https:\/\/suatuyetvoi.com\/muasam\/review\/","og_site_name":"S\u1eefa Tuy\u1ec7t V\u1eddi","article_modified_time":"2023-02-13T10:15:57+00:00","twitter_card":"summary_large_image","twitter_misc":{"\u01af\u1edbc t\u00ednh th\u1eddi gian \u0111\u1ecdc":"15 ph\u00fat"},"schema":{"@context":"https:\/\/schema.org","@graph":[{"@type":"WebPage","@id":"https:\/\/suatuyetvoi.com\/muasam\/review\/","url":"https:\/\/suatuyetvoi.com\/muasam\/review\/","name":"Review - S\u1eefa Tuy\u1ec7t V\u1eddi","isPartOf":{"@id":"https:\/\/suatuyetvoi.com\/muasam\/#website"},"datePublished":"2022-11-03T16:38:51+00:00","dateModified":"2023-02-13T10:15:57+00:00","breadcrumb":{"@id":"https:\/\/suatuyetvoi.com\/muasam\/review\/#breadcrumb"},"inLanguage":"vi","potentialAction":[{"@type":"ReadAction","target":["https:\/\/suatuyetvoi.com\/muasam\/review\/"]}]},{"@type":"BreadcrumbList","@id":"https:\/\/suatuyetvoi.com\/muasam\/review\/#breadcrumb","itemListElement":[{"@type":"ListItem","position":1,"name":"Home","item":"https:\/\/suatuyetvoi.com\/muasam\/"},{"@type":"ListItem","position":2,"name":"Review"}]},{"@type":"WebSite","@id":"https:\/\/suatuyetvoi.com\/muasam\/#website","url":"https:\/\/suatuyetvoi.com\/muasam\/","name":"S\u1eefa Tuy\u1ec7t V\u1eddi","description":"S\u1eefa Tuy\u1ec7t V\u1eddi Vi\u1ec7t Nam","potentialAction":[{"@type":"SearchAction","target":{"@type":"EntryPoint","urlTemplate":"https:\/\/suatuyetvoi.com\/muasam\/?s={search_term_string}"},"query-input":{"@type":"PropertyValueSpecification","valueRequired":true,"valueName":"search_term_string"}}],"inLanguage":"vi"}]}},"_links":{"self":[{"href":"https:\/\/suatuyetvoi.com\/muasam\/wp-json\/wp\/v2\/pages\/4596","targetHints":{"allow":["GET"]}}],"collection":[{"href":"https:\/\/suatuyetvoi.com\/muasam\/wp-json\/wp\/v2\/pages"}],"about":[{"href":"https:\/\/suatuyetvoi.com\/muasam\/wp-json\/wp\/v2\/types\/page"}],"author":[{"embeddable":true,"href":"https:\/\/suatuyetvoi.com\/muasam\/wp-json\/wp\/v2\/users\/1"}],"replies":[{"embeddable":true,"href":"https:\/\/suatuyetvoi.com\/muasam\/wp-json\/wp\/v2\/comments?post=4596"}],"version-history":[{"count":28,"href":"https:\/\/suatuyetvoi.com\/muasam\/wp-json\/wp\/v2\/pages\/4596\/revisions"}],"predecessor-version":[{"id":5376,"href":"https:\/\/suatuyetvoi.com\/muasam\/wp-json\/wp\/v2\/pages\/4596\/revisions\/5376"}],"wp:attachment":[{"href":"https:\/\/suatuyetvoi.com\/muasam\/wp-json\/wp\/v2\/media?parent=4596"}],"curies":[{"name":"wp","href":"https:\/\/api.w.org\/{rel}","templated":true}]}}