{"id":4583,"date":"2022-11-03T18:44:51","date_gmt":"2022-11-03T11:44:51","guid":{"rendered":"https:\/\/ourfamily.asia\/?page_id=4583"},"modified":"2023-02-20T11:03:18","modified_gmt":"2023-02-20T04:03:18","slug":"dieu-khoan-su-dung","status":"publish","type":"page","link":"https:\/\/suatuyetvoi.com\/muasam\/dieu-khoan-su-dung\/","title":{"rendered":"\u0110i\u1ec1u kho\u1ea3n s\u1eed d\u1ee5ng"},"content":{"rendered":"\r\n  <div id=\"page-header-2016781674\" class=\"page-header-wrapper\">\n  <div class=\"page-title light featured-title\">\n\n        <div class=\"page-title-bg\">\n      <div class=\"title-bg fill bg-fill\"\n        data-parallax-container=\".page-title\"\n        data-parallax-background\n        data-parallax=\"-\">\n      <\/div>\n      <div class=\"title-overlay fill\"><\/div>\n    <\/div>\n    \n    <div class=\"page-title-inner container align-center flex-row medium-flex-wrap\" >\n              <div class=\"title-wrapper flex-col text-left medium-text-center\">\n          <h1 class=\"entry-title mb-0\">\n            \u0110i\u1ec1u kho\u1ea3n s\u1eed d\u1ee5ng          <\/h1>\n        <\/div>\n                    <div class=\"title-content flex-col flex-right text-right medium-text-center\">\n        <div class=\"title-share pt-half pb-half\"><div class=\"social-icons share-icons share-row relative\" ><a href=\"whatsapp:\/\/send?text=%C4%90i%E1%BB%81u%20kho%E1%BA%A3n%20s%E1%BB%AD%20d%E1%BB%A5ng - https:\/\/suatuyetvoi.com\/muasam\/dieu-khoan-su-dung\/\" data-action=\"share\/whatsapp\/share\" class=\"icon button circle is-outline tooltip whatsapp show-for-medium\" title=\"Share on WhatsApp\" aria-label=\"Share on WhatsApp\"><i class=\"icon-whatsapp\"><\/i><\/a><a href=\"https:\/\/www.facebook.com\/sharer.php?u=https:\/\/suatuyetvoi.com\/muasam\/dieu-khoan-su-dung\/\" data-label=\"Facebook\" onclick=\"window.open(this.href,this.title,'width=500,height=500,top=300px,left=300px');  return false;\" rel=\"noopener noreferrer nofollow\" target=\"_blank\" class=\"icon button circle is-outline tooltip facebook\" title=\"Share on Facebook\" aria-label=\"Share on Facebook\"><i class=\"icon-facebook\" ><\/i><\/a><a href=\"https:\/\/twitter.com\/share?url=https:\/\/suatuyetvoi.com\/muasam\/dieu-khoan-su-dung\/\" onclick=\"window.open(this.href,this.title,'width=500,height=500,top=300px,left=300px');  return false;\" rel=\"noopener noreferrer nofollow\" target=\"_blank\" class=\"icon button circle is-outline tooltip twitter\" title=\"Share on Twitter\" aria-label=\"Share on Twitter\"><i class=\"icon-twitter\" ><\/i><\/a><a href=\"mailto:enteryour@addresshere.com?subject=%C4%90i%E1%BB%81u%20kho%E1%BA%A3n%20s%E1%BB%AD%20d%E1%BB%A5ng&amp;body=Check%20this%20out:%20https:\/\/suatuyetvoi.com\/muasam\/dieu-khoan-su-dung\/\" rel=\"nofollow\" class=\"icon button circle is-outline tooltip email\" title=\"Email to a Friend\" aria-label=\"Email to a Friend\"><i class=\"icon-envelop\" ><\/i><\/a><a href=\"https:\/\/pinterest.com\/pin\/create\/button\/?url=https:\/\/suatuyetvoi.com\/muasam\/dieu-khoan-su-dung\/&amp;media=&amp;description=%C4%90i%E1%BB%81u%20kho%E1%BA%A3n%20s%E1%BB%AD%20d%E1%BB%A5ng\" onclick=\"window.open(this.href,this.title,'width=500,height=500,top=300px,left=300px');  return false;\" rel=\"noopener noreferrer nofollow\" target=\"_blank\" class=\"icon button circle is-outline tooltip pinterest\" title=\"Pin on Pinterest\" aria-label=\"Pin on Pinterest\"><i class=\"icon-pinterest\" ><\/i><\/a><a href=\"https:\/\/tumblr.com\/widgets\/share\/tool?canonicalUrl=https:\/\/suatuyetvoi.com\/muasam\/dieu-khoan-su-dung\/\" target=\"_blank\" class=\"icon button circle is-outline tooltip tumblr\" onclick=\"window.open(this.href,this.title,'width=500,height=500,top=300px,left=300px');  return false;\"  rel=\"noopener noreferrer nofollow\" title=\"Share on Tumblr\" aria-label=\"Share on Tumblr\"><i class=\"icon-tumblr\" ><\/i><\/a><\/div><\/div>      <\/div>\n    <\/div>\n\n     \n<style>\n#page-header-2016781674 {\n  margin-bottom: 10px;\n}\n#page-header-2016781674 .title-overlay {\n  background-color: rgb(255, 255, 255);\n}\n#page-header-2016781674 .featured-title {\n  background-color: rgb(255, 255, 255);\n}\n<\/style>\n  <\/div>\n    <\/div>\n  \r\n\r\n\r\n\r\n<p>C\u00f4ng ty C\u1ed5 ph\u1ea7n C\u00f4ng Ngh\u1ec7 Datalytis l\u00e0 \u0111\u01a1n v\u1ecb ch\u1ee7 qu\u1ea3n c\u1ee7a S\u1eefa Tuy\u1ec7t V\u1eddi, ho\u1ea1t \u0111\u1ed9ng kinh doanh th\u01b0\u01a1ng m\u1ea1i \u0111i\u1ec7n t\u1eed qua trang web Suatuyetvoi.com\/muasam<\/p>\r\n\r\n\r\n\r\n<p>Khi qu\u00fd kh\u00e1ch truy c\u1eadp v\u00e0o trang web c\u1ee7a ch\u00fang t\u00f4i c\u00f3 ngh\u0129a l\u00e0 qu\u00fd kh\u00e1ch \u0111\u1ed3ng \u00fd v\u1edbi c\u00e1c \u0111i\u1ec1u kho\u1ea3n n\u00e0y. Trang web c\u00f3 quy\u1ec1n thay \u0111\u1ed5i, ch\u1ec9nh s\u1eeda, th\u00eam ho\u1eb7c l\u01b0\u1ee3c b\u1ecf b\u1ea5t k\u1ef3 ph\u1ea7n n\u00e0o trong Quy \u0111\u1ecbnh v\u00e0 \u0110i\u1ec1u ki\u1ec7n s\u1eed d\u1ee5ng, v\u00e0o b\u1ea5t c\u1ee9 l\u00fac n\u00e0o. C\u00e1c thay \u0111\u1ed5i c\u00f3 hi\u1ec7u l\u1ef1c ngay khi \u0111\u01b0\u1ee3c \u0111\u0103ng tr\u00ean trang web m\u00e0 kh\u00f4ng c\u1ea7n th\u00f4ng b\u00e1o tr\u01b0\u1edbc. V\u00e0 khi qu\u00fd kh\u00e1ch ti\u1ebfp t\u1ee5c s\u1eed d\u1ee5ng trang web, sau khi c\u00e1c thay \u0111\u1ed5i v\u1ec1 Quy \u0111\u1ecbnh v\u00e0 \u0110i\u1ec1u ki\u1ec7n \u0111\u01b0\u1ee3c \u0111\u0103ng t\u1ea3i, c\u00f3 ngh\u0129a l\u00e0 qu\u00fd kh\u00e1ch ch\u1ea5p nh\u1eadn v\u1edbi nh\u1eefng thay \u0111\u1ed5i \u0111\u00f3. Qu\u00fd kh\u00e1ch vui l\u00f2ng ki\u1ec3m tra th\u01b0\u1eddng xuy\u00ean \u0111\u1ec3 c\u1eadp nh\u1eadt nh\u1eefng thay \u0111\u1ed5i c\u1ee7a ch\u00fang t\u00f4i.<\/p>\r\n\r\n\r\n\r\n<p><strong>H\u01af\u1edaNG D\u1eaaN S\u1eec D\u1ee4NG WEBSITE<\/strong><\/p>\r\n\r\n\r\n\r\n<ul class=\"wp-block-list\">\r\n<li>Khi v\u00e0o web c\u1ee7a ch\u00fang t\u00f4i, ng\u01b0\u1eddi d\u00f9ng t\u1ed1i thi\u1ec3u ph\u1ea3i 18 tu\u1ed5i ho\u1eb7c truy c\u1eadp d\u01b0\u1edbi s\u1ef1 gi\u00e1m s\u00e1t c\u1ee7a cha m\u1eb9 hay ng\u01b0\u1eddi gi\u00e1m h\u1ed9 h\u1ee3p ph\u00e1p.<\/li>\r\n\r\n\r\n\r\n<li>Ch\u00fang t\u00f4i c\u1ea5p gi\u1ea5y ph\u00e9p s\u1eed d\u1ee5ng \u0111\u1ec3 b\u1ea1n c\u00f3 th\u1ec3 mua s\u1eafm tr\u00ean web trong khu\u00f4n kh\u1ed5 \u0110i\u1ec1u kho\u1ea3n v\u00e0 \u0110i\u1ec1u ki\u1ec7n s\u1eed d\u1ee5ng \u0111\u00e3 \u0111\u1ec1 ra.<\/li>\r\n\r\n\r\n\r\n<li>Nghi\u00eam c\u1ea5m s\u1eed d\u1ee5ng b\u1ea5t k\u1ef3 ph\u1ea7n n\u00e0o c\u1ee7a trang web n\u00e0y v\u1edbi m\u1ee5c \u0111\u00edch th\u01b0\u01a1ng m\u1ea1i ho\u1eb7c nh\u00e2n danh b\u1ea5t k\u1ef3 \u0111\u1ed1i t\u00e1c th\u1ee9 ba n\u00e0o n\u1ebfu kh\u00f4ng \u0111\u01b0\u1ee3c ch\u00fang t\u00f4i cho ph\u00e9p b\u1eb1ng v\u0103n b\u1ea3n. N\u1ebfu vi ph\u1ea1m b\u1ea5t c\u1ee9 \u0111i\u1ec1u n\u00e0o trong \u0111\u00e2y, ch\u00fang t\u00f4i s\u1ebd h\u1ee7y gi\u1ea5y ph\u00e9p c\u1ee7a b\u1ea1n m\u00e0 kh\u00f4ng c\u1ea7n b\u00e1o tr\u01b0\u1edbc.<\/li>\r\n\r\n\r\n\r\n<li>Qu\u00fd kh\u00e1ch ph\u1ea3i \u0111\u0103ng k\u00fd t\u00e0i kho\u1ea3n v\u1edbi th\u00f4ng tin x\u00e1c th\u1ef1c v\u1ec1 b\u1ea3n th\u00e2n v\u00e0 ph\u1ea3i c\u1eadp nh\u1eadt n\u1ebfu c\u00f3 b\u1ea5t k\u1ef3 thay \u0111\u1ed5i n\u00e0o. M\u1ed7i ng\u01b0\u1eddi truy c\u1eadp ph\u1ea3i c\u00f3 tr\u00e1ch nhi\u1ec7m v\u1edbi m\u1eadt kh\u1ea9u, t\u00e0i kho\u1ea3n v\u00e0 ho\u1ea1t \u0111\u1ed9ng c\u1ee7a m\u00ecnh tr\u00ean web. H\u01a1n n\u1eefa, qu\u00fd kh\u00e1ch ph\u1ea3i th\u00f4ng b\u00e1o cho ch\u00fang t\u00f4i bi\u1ebft khi t\u00e0i kho\u1ea3n b\u1ecb truy c\u1eadp tr\u00e1i ph\u00e9p. Ch\u00fang t\u00f4i kh\u00f4ng ch\u1ecbu b\u1ea5t k\u1ef3 tr\u00e1ch nhi\u1ec7m n\u00e0o, d\u00f9 tr\u1ef1c ti\u1ebfp hay gi\u00e1n ti\u1ebfp, \u0111\u1ed1i v\u1edbi nh\u1eefng thi\u1ec7t h\u1ea1i ho\u1eb7c m\u1ea5t m\u00e1t g\u00e2y ra do qu\u00fd kh\u00e1ch kh\u00f4ng tu\u00e2n th\u1ee7 quy \u0111\u1ecbnh.<\/li>\r\n\r\n\r\n\r\n<li>Trong su\u1ed1t qu\u00e1 tr\u00ecnh \u0111\u0103ng k\u00fd, qu\u00fd kh\u00e1ch \u0111\u1ed3ng \u00fd nh\u1eadn email qu\u1ea3ng c\u00e1o t\u1eeb website. Sau \u0111\u00f3, n\u1ebfu kh\u00f4ng mu\u1ed1n ti\u1ebfp t\u1ee5c nh\u1eadn mail, qu\u00fd kh\u00e1ch c\u00f3 th\u1ec3 t\u1eeb ch\u1ed1i b\u1eb1ng c\u00e1ch nh\u1ea5p v\u00e0o \u0111\u01b0\u1eddng link \u1edf d\u01b0\u1edbi c\u00f9ng trong m\u1ecdi email qu\u1ea3ng c\u00e1o.<\/li>\r\n<\/ul>\r\n\r\n\r\n\r\n<p><strong>\u00dd KI\u1ebeN KH\u00c1CH H\u00c0NG<\/strong><\/p>\r\n\r\n\r\n\r\n<p>T\u1ea5t c\u1ea3 n\u1ed9i dung trang web v\u00e0 \u00fd ki\u1ebfn ph\u00ea b\u00ecnh c\u1ee7a qu\u00fd kh\u00e1ch \u0111\u1ec1u l\u00e0 t\u00e0i s\u1ea3n c\u1ee7a ch\u00fang t\u00f4i. N\u1ebfu ch\u00fang t\u00f4i ph\u00e1t hi\u1ec7n b\u1ea5t k\u1ef3 th\u00f4ng tin gi\u1ea3 m\u1ea1o n\u00e0o, ch\u00fang t\u00f4i s\u1ebd kh\u00f3a t\u00e0i kho\u1ea3n c\u1ee7a qu\u00fd kh\u00e1ch ngay l\u1eadp t\u1ee9c. Ho\u1eb7c ch\u00fang t\u00f4i s\u1ebd \u00e1p d\u1ee5ng c\u00e1c bi\u1ec7n ph\u00e1p kh\u00e1c theo quy \u0111\u1ecbnh c\u1ee7a ph\u00e1p lu\u1eadt Vi\u1ec7t Nam.<\/p>\r\n\r\n\r\n\r\n<p><strong>TH\u01af\u01a0NG HI\u1ec6U V\u00c0 B\u1ea2N QUY\u1ec0N<\/strong><\/p>\r\n\r\n\r\n\r\n<p>M\u1ecdi quy\u1ec1n s\u1edf h\u1eefu tr\u00ed tu\u1ec7 (\u0111\u00e3 \u0111\u0103ng k\u00fd ho\u1eb7c ch\u01b0a \u0111\u0103ng k\u00fd), n\u1ed9i dung th\u00f4ng tin v\u00e0 t\u1ea5t c\u1ea3 c\u00e1c thi\u1ebft k\u1ebf, v\u0103n b\u1ea3n, \u0111\u1ed3 h\u1ecda, ph\u1ea7n m\u1ec1m, h\u00ecnh \u1ea3nh, video, \u00e2m nh\u1ea1c, \u00e2m thanh, bi\u00ean d\u1ecbch ph\u1ea7n m\u1ec1m, m\u00e3 ngu\u1ed3n v\u00e0 ph\u1ea7n m\u1ec1m c\u01a1 b\u1ea3n \u0111\u1ec1u l\u00e0 t\u00e0i s\u1ea3n c\u1ee7a ch\u00fang t\u00f4i. To\u00e0n b\u1ed9 n\u1ed9i dung c\u1ee7a trang web \u0111\u01b0\u1ee3c b\u1ea3o v\u1ec7 b\u1edfi lu\u1eadt b\u1ea3n quy\u1ec1n c\u1ee7a Vi\u1ec7t Nam v\u00e0 c\u00e1c c\u00f4ng \u01b0\u1edbc qu\u1ed1c t\u1ebf. B\u1ea3n quy\u1ec1n \u0111\u00e3 \u0111\u01b0\u1ee3c b\u1ea3o l\u01b0u.<\/p>\r\n\r\n\r\n\r\n<p><strong>GI\u00c1 C\u1ea2<\/strong><\/p>\r\n\r\n\r\n\r\n<p>Gi\u00e1 c\u1ea3 s\u1ea3n ph\u1ea9m \u0111\u01b0\u1ee3c ni\u00eam y\u1ebft t\u1ea1i suatuyetvoi.com\/muasam l\u00e0 gi\u00e1 b\u00e1n cu\u1ed1i c\u00f9ng \u0111\u00e3 bao g\u1ed3m thu\u1ebf Gi\u00e1 tr\u1ecb gia t\u0103ng (VAT). Gi\u00e1 c\u1ea3 c\u1ee7a s\u1ea3n ph\u1ea9m c\u00f3 th\u1ec3 thay \u0111\u1ed5i t\u00f9y th\u1eddi \u0111i\u1ec3m v\u00e0 ch\u01b0\u01a1ng tr\u00ecnh khuy\u1ebfn m\u00e3i k\u00e8m theo. C\u00e1c chi ph\u00ed c\u1ed9ng th\u00eam s\u1ebd \u0111\u01b0\u1ee3c \u00e1p d\u1ee5ng th\u00eam n\u1ebfu c\u00f3 t\u00f9y theo t\u00f9y ch\u1ecdn c\u1ee7a kh\u00e1ch h\u00e0ng, v\u00e0 s\u1ebd \u0111\u01b0\u1ee3c hi\u1ec3n th\u1ecb r\u00f5 t\u1ea1i trang Thanh to\u00e1n khi qu\u00fd kh\u00e1ch ti\u1ebfn h\u00e0nh \u0111\u1eb7t h\u00e0ng.<\/p>\r\n\r\n\r\n\r\n<p>M\u1eb7c d\u00f9 ch\u00fang t\u00f4i c\u1ed1 g\u1eafng t\u1ed1t nh\u1ea5t \u0111\u1ec3 b\u1ea3o \u0111\u1ea3m r\u1eb1ng t\u1ea5t c\u1ea3 c\u00e1c th\u00f4ng tin v\u00e0 gi\u00e1 hi\u1ec3n th\u1ecb l\u00e0 ch\u00ednh x\u00e1c \u0111\u1ed1i v\u1edbi t\u1eebng s\u1ea3n ph\u1ea9m, \u0111\u00f4i khi s\u1ebd c\u00f3 m\u1ed9t s\u1ed1 tr\u01b0\u1eddng h\u1ee3p b\u1ecb l\u1ed7i ho\u1eb7c sai s\u00f3t. N\u1ebfu ch\u00fang t\u00f4i ph\u00e1t hi\u1ec7n l\u1ed7i v\u1ec1 gi\u00e1 c\u1ee7a b\u1ea5t k\u1ef3 s\u1ea3n ph\u1ea9m n\u00e0o trong \u0111\u01a1n h\u00e0ng c\u1ee7a qu\u00fd kh\u00e1ch, ch\u00fang t\u00f4i s\u1ebd th\u00f4ng b\u00e1o cho qu\u00fd kh\u00e1ch trong th\u1eddi gian s\u1edbm nh\u1ea5t c\u00f3 th\u1ec3 v\u00e0 g\u1eedi \u0111\u1ebfn qu\u00fd kh\u00e1ch l\u1ef1a ch\u1ecdn \u0111\u1ec3 x\u00e1c nh\u1eadn l\u1ea1i \u0111\u01a1n h\u00e0ng v\u1edbi gi\u00e1 ch\u00ednh x\u00e1c ho\u1eb7c h\u1ee7y \u0111\u01a1n h\u00e0ng. N\u1ebfu ch\u00fang t\u00f4i kh\u00f4ng th\u1ec3 li\u00ean l\u1ea1c v\u1edbi qu\u00fd kh\u00e1ch, \u0111\u01a1n h\u00e0ng s\u1ebd t\u1ef1 \u0111\u1ed9ng h\u1ee7y tr\u00ean h\u1ec7 th\u1ed1ng v\u00e0 l\u1ec7nh ho\u00e0n ti\u1ec1n s\u1ebd \u0111\u01b0\u1ee3c th\u1ef1c hi\u1ec7n (n\u1ebfu \u0111\u01a1n h\u00e0ng \u0111\u00e3 \u0111\u01b0\u1ee3c thanh to\u00e1n tr\u01b0\u1edbc).<\/p>\r\n\r\n\r\n\r\n<p><strong>QUY\u1ec0N PH\u00c1P L\u00dd<\/strong><\/p>\r\n\r\n\r\n\r\n<p>C\u00e1c \u0111i\u1ec1u ki\u1ec7n, \u0111i\u1ec1u kho\u1ea3n v\u00e0 n\u1ed9i dung c\u1ee7a trang web n\u00e0y \u0111\u01b0\u1ee3c \u0111i\u1ec1u ch\u1ec9nh b\u1edfi lu\u1eadt ph\u00e1p Vi\u1ec7t Nam v\u00e0 T\u00f2a \u00e1n c\u00f3 th\u1ea9m quy\u1ec1n t\u1ea1i Vi\u1ec7t Nam s\u1ebd gi\u1ea3i quy\u1ebft b\u1ea5t k\u1ef3 tranh ch\u1ea5p n\u00e0o ph\u00e1t sinh t\u1eeb vi\u1ec7c s\u1eed d\u1ee5ng tr\u00e1i ph\u00e9p trang web n\u00e0y.<\/p>\r\n\r\n\r\n\r\n<p><strong>GI\u1ea2I PH\u00c1P TRANH CH\u1ea4P<\/strong><\/p>\r\n\r\n\r\n\r\n<p>B\u1ea5t k\u1ef3 tranh c\u00e3i, khi\u1ebfu n\u1ea1i ho\u1eb7c tranh ch\u1ea5p ph\u00e1t sinh t\u1eeb ho\u1eb7c li\u00ean quan \u0111\u1ebfn giao d\u1ecbch t\u1ea1i suatuyetvoi.com\/muasam ho\u1eb7c c\u00e1c Quy \u0111\u1ecbnh v\u00e0 \u0110i\u1ec1u ki\u1ec7n n\u00e0y \u0111\u1ec1u s\u1ebd \u0111\u01b0\u1ee3c gi\u1ea3i quy\u1ebft b\u1eb1ng h\u00ecnh th\u1ee9c th\u01b0\u01a1ng l\u01b0\u1ee3ng, h\u00f2a gi\u1ea3i, tr\u1ecdng t\u00e0i v\u00e0\/ho\u1eb7c T\u00f2a \u00e1n theo Lu\u1eadt b\u1ea3o v\u1ec7 Ng\u01b0\u1eddi ti\u00eau d\u00f9ng Ch\u01b0\u01a1ng 4 v\u1ec1 Gi\u1ea3i quy\u1ebft tranh ch\u1ea5p gi\u1eefa ng\u01b0\u1eddi ti\u00eau d\u00f9ng v\u00e0 t\u1ed5 ch\u1ee9c, c\u00e1 nh\u00e2n kinh doanh h\u00e0ng h\u00f3a, d\u1ecbch v\u1ee5.<\/p>\r\n\r\n\r\n\r\n<p><strong>QUY \u0110\u1ecaNH CH\u1ea4M D\u1ee8T TH\u1eceA THU\u1eacN<\/strong><\/p>\r\n\r\n\r\n\r\n<p>Trong tr\u01b0\u1eddng h\u1ee3p c\u00f3 b\u1ea5t k\u1ef3 thi\u1ec7t h\u1ea1i n\u00e0o ph\u00e1t sinh do vi\u1ec7c vi ph\u1ea1m Quy \u0110\u1ecbnh s\u1eed d\u1ee5ng trang web, ch\u00fang t\u00f4i c\u00f3 quy\u1ec1n \u0111\u00ecnh ch\u1ec9 ho\u1eb7c kh\u00f3a t\u00e0i kho\u1ea3n c\u1ee7a qu\u00fd kh\u00e1ch v\u0129nh vi\u1ec5n. N\u1ebfu qu\u00fd kh\u00e1ch kh\u00f4ng h\u00e0i l\u00f2ng v\u1edbi trang web ho\u1eb7c b\u1ea5t k\u1ef3 \u0111i\u1ec1u kho\u1ea3n, \u0111i\u1ec1u ki\u1ec7n, quy t\u1eafc, ch\u00ednh s\u00e1ch, h\u01b0\u1edbng d\u1eabn, ho\u1eb7c c\u00e1ch th\u1ee9c v\u1eadn h\u00e0nh c\u1ee7a suatuyetvoi.com\/muasam th\u00ec bi\u1ec7n ph\u00e1p kh\u1eafc ph\u1ee5c duy nh\u1ea5t l\u00e0 ng\u01b0ng l\u00e0m vi\u1ec7c v\u1edbi ch\u00fang t\u00f4i.<\/p>\r\n\r\n\r\n\r\n<p><strong>NH\u1eeeNG QUY \u0110\u1ecaNH KH\u00c1C<\/strong><\/p>\r\n\r\n\r\n\r\n<p>T\u1ea5t c\u1ea3 c\u00e1c \u0110i\u1ec1u Kho\u1ea3n v\u00e0 \u0110i\u1ec1u Ki\u1ec7n (v\u00e0 t\u1ea5t c\u1ea3 ngh\u0129a v\u1ee5 ph\u00e1t sinh ngo\u00e0i \u0110i\u1ec1u kho\u1ea3n v\u00e0 \u0110i\u1ec1u ki\u1ec7n n\u00e0y ho\u1eb7c c\u00f3 li\u00ean quan) s\u1ebd b\u1ecb chi ph\u1ed1i v\u00e0 \u0111\u01b0\u1ee3c hi\u1ec3u theo lu\u1eadt ph\u00e1p Vi\u1ec7t Nam. Ch\u00fang t\u00f4i c\u00f3 quy\u1ec1n s\u1eeda \u0111\u1ed5i c\u00e1c \u0110i\u1ec1u kho\u1ea3n v\u00e0 \u0110i\u1ec1u ki\u1ec7n n\u00e0y v\u00e0o b\u1ea5t k\u1ef3 th\u1eddi \u0111i\u1ec3m n\u00e0o v\u00e0 c\u00e1c s\u1eeda \u0111\u1ed5i \u0111\u00f3 s\u1ebd c\u00f3 hi\u1ec7u l\u1ef1c ngay t\u1ea1i th\u1eddi \u0111i\u1ec3m \u0111\u01b0\u1ee3c \u0111\u01b0\u1ee3c \u0111\u0103ng t\u1ea3i t\u1ea1i suatuyetvoi.com\/muasam<\/p>\r\n","protected":false},"excerpt":{"rendered":"<p>C\u00f4ng ty C\u1ed5 ph\u1ea7n C\u00f4ng Ngh\u1ec7 Datalytis l\u00e0 \u0111\u01a1n v\u1ecb ch\u1ee7 qu\u1ea3n c\u1ee7a S\u1eefa Tuy\u1ec7t V\u1eddi, ho\u1ea1t \u0111\u1ed9ng kinh doanh th\u01b0\u01a1ng m\u1ea1i \u0111i\u1ec7n t\u1eed qua trang web Suatuyetvoi.com\/muasam Khi qu\u00fd kh\u00e1ch truy c\u1eadp v\u00e0o trang web c\u1ee7a ch\u00fang t\u00f4i c\u00f3 ngh\u0129a l\u00e0 qu\u00fd kh\u00e1ch \u0111\u1ed3ng \u00fd v\u1edbi c\u00e1c \u0111i\u1ec1u kho\u1ea3n n\u00e0y. Trang web c\u00f3 quy\u1ec1n [&#8230;]\n","protected":false},"author":1,"featured_media":0,"parent":0,"menu_order":0,"comment_status":"closed","ping_status":"closed","template":"","meta":{"footnotes":""},"class_list":["post-4583","page","type-page","status-publish","hentry"],"yoast_head":"<!-- This site is optimized with the Yoast SEO plugin v27.6 - https:\/\/yoast.com\/product\/yoast-seo-wordpress\/ -->\n<title>\u0110I\u1ec0U KHO\u1ea2N S\u1eec D\u1ee4NG | S\u1eeeA TUY\u1ec6T V\u1edcI<\/title>\n<meta name=\"description\" content=\"C\u00f4ng ty C\u1ed5 ph\u1ea7n C\u00f4ng Ngh\u1ec7 Datalytis l\u00e0 \u0111\u01a1n v\u1ecb ch\u1ee7 qu\u1ea3n c\u1ee7a S\u1eefa Tuy\u1ec7t V\u1eddi, ho\u1ea1t \u0111\u1ed9ng kinh doanh th\u01b0\u01a1ng m\u1ea1i \u0111i\u1ec7n t\u1eed\" \/>\n<meta name=\"robots\" content=\"index, follow, max-snippet:-1, max-image-preview:large, max-video-preview:-1\" \/>\n<link rel=\"canonical\" href=\"https:\/\/suatuyetvoi.com\/muasam\/dieu-khoan-su-dung\/\" \/>\n<meta property=\"og:locale\" content=\"vi_VN\" \/>\n<meta property=\"og:type\" content=\"article\" \/>\n<meta property=\"og:title\" content=\"\u0110I\u1ec0U KHO\u1ea2N S\u1eec D\u1ee4NG | S\u1eeeA TUY\u1ec6T V\u1edcI\" \/>\n<meta property=\"og:description\" content=\"C\u00f4ng ty C\u1ed5 ph\u1ea7n C\u00f4ng Ngh\u1ec7 Datalytis l\u00e0 \u0111\u01a1n v\u1ecb ch\u1ee7 qu\u1ea3n c\u1ee7a S\u1eefa Tuy\u1ec7t V\u1eddi, ho\u1ea1t \u0111\u1ed9ng kinh doanh th\u01b0\u01a1ng m\u1ea1i \u0111i\u1ec7n t\u1eed\" \/>\n<meta property=\"og:url\" content=\"https:\/\/suatuyetvoi.com\/muasam\/dieu-khoan-su-dung\/\" \/>\n<meta property=\"og:site_name\" content=\"S\u1eefa Tuy\u1ec7t V\u1eddi\" \/>\n<meta property=\"article:modified_time\" content=\"2023-02-20T04:03:18+00:00\" \/>\n<meta property=\"og:image\" content=\"https:\/\/suatuyetvoi.com\/muasam\/wp-content\/uploads\/2022\/11\/fall-full-buket-list-800-\u00d7-533-px-1200-\u00d7-900-px-800-\u00d7-533-px-15.png\" \/>\n\t<meta property=\"og:image:width\" content=\"800\" \/>\n\t<meta property=\"og:image:height\" content=\"533\" \/>\n\t<meta property=\"og:image:type\" content=\"image\/png\" \/>\n<meta name=\"twitter:card\" content=\"summary_large_image\" \/>\n<meta name=\"twitter:title\" content=\"\u0110I\u1ec0U KHO\u1ea2N S\u1eec D\u1ee4NG | S\u1eeeA TUY\u1ec6T V\u1edcI\" \/>\n<meta name=\"twitter:description\" content=\"C\u00f4ng ty C\u1ed5 ph\u1ea7n C\u00f4ng Ngh\u1ec7 Datalytis l\u00e0 \u0111\u01a1n v\u1ecb ch\u1ee7 qu\u1ea3n c\u1ee7a S\u1eefa Tuy\u1ec7t V\u1eddi, ho\u1ea1t \u0111\u1ed9ng kinh doanh th\u01b0\u01a1ng m\u1ea1i \u0111i\u1ec7n t\u1eed\" \/>\n<meta name=\"twitter:image\" content=\"https:\/\/suatuyetvoi.com\/muasam\/wp-content\/uploads\/2022\/11\/fall-full-buket-list-800-\u00d7-533-px-1200-\u00d7-900-px-800-\u00d7-533-px-15.png\" \/>\n<meta name=\"twitter:label1\" content=\"\u01af\u1edbc t\u00ednh th\u1eddi gian \u0111\u1ecdc\" \/>\n\t<meta name=\"twitter:data1\" content=\"6 ph\u00fat\" \/>\n<script type=\"application\/ld+json\" class=\"yoast-schema-graph\">{\"@context\":\"https:\\\/\\\/schema.org\",\"@graph\":[{\"@type\":\"WebPage\",\"@id\":\"https:\\\/\\\/suatuyetvoi.com\\\/muasam\\\/dieu-khoan-su-dung\\\/\",\"url\":\"https:\\\/\\\/suatuyetvoi.com\\\/muasam\\\/dieu-khoan-su-dung\\\/\",\"name\":\"\u0110I\u1ec0U KHO\u1ea2N S\u1eec D\u1ee4NG | S\u1eeeA TUY\u1ec6T V\u1edcI\",\"isPartOf\":{\"@id\":\"https:\\\/\\\/suatuyetvoi.com\\\/muasam\\\/#website\"},\"datePublished\":\"2022-11-03T11:44:51+00:00\",\"dateModified\":\"2023-02-20T04:03:18+00:00\",\"description\":\"C\u00f4ng ty C\u1ed5 ph\u1ea7n C\u00f4ng Ngh\u1ec7 Datalytis l\u00e0 \u0111\u01a1n v\u1ecb ch\u1ee7 qu\u1ea3n c\u1ee7a S\u1eefa Tuy\u1ec7t V\u1eddi, ho\u1ea1t \u0111\u1ed9ng kinh doanh th\u01b0\u01a1ng m\u1ea1i \u0111i\u1ec7n t\u1eed\",\"breadcrumb\":{\"@id\":\"https:\\\/\\\/suatuyetvoi.com\\\/muasam\\\/dieu-khoan-su-dung\\\/#breadcrumb\"},\"inLanguage\":\"vi\",\"potentialAction\":[{\"@type\":\"ReadAction\",\"target\":[\"https:\\\/\\\/suatuyetvoi.com\\\/muasam\\\/dieu-khoan-su-dung\\\/\"]}]},{\"@type\":\"BreadcrumbList\",\"@id\":\"https:\\\/\\\/suatuyetvoi.com\\\/muasam\\\/dieu-khoan-su-dung\\\/#breadcrumb\",\"itemListElement\":[{\"@type\":\"ListItem\",\"position\":1,\"name\":\"Home\",\"item\":\"https:\\\/\\\/suatuyetvoi.com\\\/muasam\\\/\"},{\"@type\":\"ListItem\",\"position\":2,\"name\":\"\u0110i\u1ec1u kho\u1ea3n s\u1eed d\u1ee5ng\"}]},{\"@type\":\"WebSite\",\"@id\":\"https:\\\/\\\/suatuyetvoi.com\\\/muasam\\\/#website\",\"url\":\"https:\\\/\\\/suatuyetvoi.com\\\/muasam\\\/\",\"name\":\"S\u1eefa Tuy\u1ec7t V\u1eddi\",\"description\":\"S\u1eefa Tuy\u1ec7t V\u1eddi Vi\u1ec7t Nam\",\"potentialAction\":[{\"@type\":\"SearchAction\",\"target\":{\"@type\":\"EntryPoint\",\"urlTemplate\":\"https:\\\/\\\/suatuyetvoi.com\\\/muasam\\\/?s={search_term_string}\"},\"query-input\":{\"@type\":\"PropertyValueSpecification\",\"valueRequired\":true,\"valueName\":\"search_term_string\"}}],\"inLanguage\":\"vi\"}]}<\/script>\n<!-- \/ Yoast SEO plugin. -->","yoast_head_json":{"title":"\u0110I\u1ec0U KHO\u1ea2N S\u1eec D\u1ee4NG | S\u1eeeA TUY\u1ec6T V\u1edcI","description":"C\u00f4ng ty C\u1ed5 ph\u1ea7n C\u00f4ng Ngh\u1ec7 Datalytis l\u00e0 \u0111\u01a1n v\u1ecb ch\u1ee7 qu\u1ea3n c\u1ee7a S\u1eefa Tuy\u1ec7t V\u1eddi, ho\u1ea1t \u0111\u1ed9ng kinh doanh th\u01b0\u01a1ng m\u1ea1i \u0111i\u1ec7n t\u1eed","robots":{"index":"index","follow":"follow","max-snippet":"max-snippet:-1","max-image-preview":"max-image-preview:large","max-video-preview":"max-video-preview:-1"},"canonical":"https:\/\/suatuyetvoi.com\/muasam\/dieu-khoan-su-dung\/","og_locale":"vi_VN","og_type":"article","og_title":"\u0110I\u1ec0U KHO\u1ea2N S\u1eec D\u1ee4NG | S\u1eeeA TUY\u1ec6T V\u1edcI","og_description":"C\u00f4ng ty C\u1ed5 ph\u1ea7n C\u00f4ng Ngh\u1ec7 Datalytis l\u00e0 \u0111\u01a1n v\u1ecb ch\u1ee7 qu\u1ea3n c\u1ee7a S\u1eefa Tuy\u1ec7t V\u1eddi, ho\u1ea1t \u0111\u1ed9ng kinh doanh th\u01b0\u01a1ng m\u1ea1i \u0111i\u1ec7n t\u1eed","og_url":"https:\/\/suatuyetvoi.com\/muasam\/dieu-khoan-su-dung\/","og_site_name":"S\u1eefa Tuy\u1ec7t V\u1eddi","article_modified_time":"2023-02-20T04:03:18+00:00","og_image":[{"width":800,"height":533,"url":"https:\/\/suatuyetvoi.com\/muasam\/wp-content\/uploads\/2022\/11\/fall-full-buket-list-800-\u00d7-533-px-1200-\u00d7-900-px-800-\u00d7-533-px-15.png","type":"image\/png"}],"twitter_card":"summary_large_image","twitter_title":"\u0110I\u1ec0U KHO\u1ea2N S\u1eec D\u1ee4NG | S\u1eeeA TUY\u1ec6T V\u1edcI","twitter_description":"C\u00f4ng ty C\u1ed5 ph\u1ea7n C\u00f4ng Ngh\u1ec7 Datalytis l\u00e0 \u0111\u01a1n v\u1ecb ch\u1ee7 qu\u1ea3n c\u1ee7a S\u1eefa Tuy\u1ec7t V\u1eddi, ho\u1ea1t \u0111\u1ed9ng kinh doanh th\u01b0\u01a1ng m\u1ea1i \u0111i\u1ec7n t\u1eed","twitter_image":"https:\/\/suatuyetvoi.com\/muasam\/wp-content\/uploads\/2022\/11\/fall-full-buket-list-800-\u00d7-533-px-1200-\u00d7-900-px-800-\u00d7-533-px-15.png","twitter_misc":{"\u01af\u1edbc t\u00ednh th\u1eddi gian \u0111\u1ecdc":"6 ph\u00fat"},"schema":{"@context":"https:\/\/schema.org","@graph":[{"@type":"WebPage","@id":"https:\/\/suatuyetvoi.com\/muasam\/dieu-khoan-su-dung\/","url":"https:\/\/suatuyetvoi.com\/muasam\/dieu-khoan-su-dung\/","name":"\u0110I\u1ec0U KHO\u1ea2N S\u1eec D\u1ee4NG | S\u1eeeA TUY\u1ec6T V\u1edcI","isPartOf":{"@id":"https:\/\/suatuyetvoi.com\/muasam\/#website"},"datePublished":"2022-11-03T11:44:51+00:00","dateModified":"2023-02-20T04:03:18+00:00","description":"C\u00f4ng ty C\u1ed5 ph\u1ea7n C\u00f4ng Ngh\u1ec7 Datalytis l\u00e0 \u0111\u01a1n v\u1ecb ch\u1ee7 qu\u1ea3n c\u1ee7a S\u1eefa Tuy\u1ec7t V\u1eddi, ho\u1ea1t \u0111\u1ed9ng kinh doanh th\u01b0\u01a1ng m\u1ea1i \u0111i\u1ec7n t\u1eed","breadcrumb":{"@id":"https:\/\/suatuyetvoi.com\/muasam\/dieu-khoan-su-dung\/#breadcrumb"},"inLanguage":"vi","potentialAction":[{"@type":"ReadAction","target":["https:\/\/suatuyetvoi.com\/muasam\/dieu-khoan-su-dung\/"]}]},{"@type":"BreadcrumbList","@id":"https:\/\/suatuyetvoi.com\/muasam\/dieu-khoan-su-dung\/#breadcrumb","itemListElement":[{"@type":"ListItem","position":1,"name":"Home","item":"https:\/\/suatuyetvoi.com\/muasam\/"},{"@type":"ListItem","position":2,"name":"\u0110i\u1ec1u kho\u1ea3n s\u1eed d\u1ee5ng"}]},{"@type":"WebSite","@id":"https:\/\/suatuyetvoi.com\/muasam\/#website","url":"https:\/\/suatuyetvoi.com\/muasam\/","name":"S\u1eefa Tuy\u1ec7t V\u1eddi","description":"S\u1eefa Tuy\u1ec7t V\u1eddi Vi\u1ec7t Nam","potentialAction":[{"@type":"SearchAction","target":{"@type":"EntryPoint","urlTemplate":"https:\/\/suatuyetvoi.com\/muasam\/?s={search_term_string}"},"query-input":{"@type":"PropertyValueSpecification","valueRequired":true,"valueName":"search_term_string"}}],"inLanguage":"vi"}]}},"_links":{"self":[{"href":"https:\/\/suatuyetvoi.com\/muasam\/wp-json\/wp\/v2\/pages\/4583","targetHints":{"allow":["GET"]}}],"collection":[{"href":"https:\/\/suatuyetvoi.com\/muasam\/wp-json\/wp\/v2\/pages"}],"about":[{"href":"https:\/\/suatuyetvoi.com\/muasam\/wp-json\/wp\/v2\/types\/page"}],"author":[{"embeddable":true,"href":"https:\/\/suatuyetvoi.com\/muasam\/wp-json\/wp\/v2\/users\/1"}],"replies":[{"embeddable":true,"href":"https:\/\/suatuyetvoi.com\/muasam\/wp-json\/wp\/v2\/comments?post=4583"}],"version-history":[{"count":13,"href":"https:\/\/suatuyetvoi.com\/muasam\/wp-json\/wp\/v2\/pages\/4583\/revisions"}],"predecessor-version":[{"id":5468,"href":"https:\/\/suatuyetvoi.com\/muasam\/wp-json\/wp\/v2\/pages\/4583\/revisions\/5468"}],"wp:attachment":[{"href":"https:\/\/suatuyetvoi.com\/muasam\/wp-json\/wp\/v2\/media?parent=4583"}],"curies":[{"name":"wp","href":"https:\/\/api.w.org\/{rel}","templated":true}]}}