{"id":4581,"date":"2022-11-03T18:42:41","date_gmt":"2022-11-03T11:42:41","guid":{"rendered":"https:\/\/ourfamily.asia\/?page_id=4581"},"modified":"2022-11-08T18:17:59","modified_gmt":"2022-11-08T11:17:59","slug":"chinh-sach-giao-hang","status":"publish","type":"page","link":"https:\/\/suatuyetvoi.com\/muasam\/chinh-sach-giao-hang\/","title":{"rendered":"Ch\u00ednh s\u00e1ch giao h\u00e0ng"},"content":{"rendered":"\n  <div id=\"page-header-1219236804\" class=\"page-header-wrapper\">\n  <div class=\"page-title light featured-title\">\n\n        <div class=\"page-title-bg\">\n      <div class=\"title-bg fill bg-fill\"\n        data-parallax-container=\".page-title\"\n        data-parallax-background\n        data-parallax=\"-\">\n      <\/div>\n      <div class=\"title-overlay fill\"><\/div>\n    <\/div>\n    \n    <div class=\"page-title-inner container align-center flex-row medium-flex-wrap\" >\n              <div class=\"title-wrapper flex-col text-left medium-text-center\">\n          <h1 class=\"entry-title mb-0\">\n            Ch\u00ednh s\u00e1ch giao h\u00e0ng          <\/h1>\n        <\/div>\n                    <div class=\"title-content flex-col flex-right text-right medium-text-center\">\n        <div class=\"title-share pt-half pb-half\"><div class=\"social-icons share-icons share-row relative\" ><a href=\"whatsapp:\/\/send?text=Ch%C3%ADnh%20s%C3%A1ch%20giao%20h%C3%A0ng - https:\/\/suatuyetvoi.com\/muasam\/chinh-sach-giao-hang\/\" data-action=\"share\/whatsapp\/share\" class=\"icon button circle is-outline tooltip whatsapp show-for-medium\" title=\"Share on WhatsApp\" aria-label=\"Share on WhatsApp\"><i class=\"icon-whatsapp\"><\/i><\/a><a href=\"https:\/\/www.facebook.com\/sharer.php?u=https:\/\/suatuyetvoi.com\/muasam\/chinh-sach-giao-hang\/\" data-label=\"Facebook\" onclick=\"window.open(this.href,this.title,'width=500,height=500,top=300px,left=300px');  return false;\" rel=\"noopener noreferrer nofollow\" target=\"_blank\" class=\"icon button circle is-outline tooltip facebook\" title=\"Share on Facebook\" aria-label=\"Share on Facebook\"><i class=\"icon-facebook\" ><\/i><\/a><a href=\"https:\/\/twitter.com\/share?url=https:\/\/suatuyetvoi.com\/muasam\/chinh-sach-giao-hang\/\" onclick=\"window.open(this.href,this.title,'width=500,height=500,top=300px,left=300px');  return false;\" rel=\"noopener noreferrer nofollow\" target=\"_blank\" class=\"icon button circle is-outline tooltip twitter\" title=\"Share on Twitter\" aria-label=\"Share on Twitter\"><i class=\"icon-twitter\" ><\/i><\/a><a href=\"mailto:enteryour@addresshere.com?subject=Ch%C3%ADnh%20s%C3%A1ch%20giao%20h%C3%A0ng&amp;body=Check%20this%20out:%20https:\/\/suatuyetvoi.com\/muasam\/chinh-sach-giao-hang\/\" rel=\"nofollow\" class=\"icon button circle is-outline tooltip email\" title=\"Email to a Friend\" aria-label=\"Email to a Friend\"><i class=\"icon-envelop\" ><\/i><\/a><a href=\"https:\/\/pinterest.com\/pin\/create\/button\/?url=https:\/\/suatuyetvoi.com\/muasam\/chinh-sach-giao-hang\/&amp;media=&amp;description=Ch%C3%ADnh%20s%C3%A1ch%20giao%20h%C3%A0ng\" onclick=\"window.open(this.href,this.title,'width=500,height=500,top=300px,left=300px');  return false;\" rel=\"noopener noreferrer nofollow\" target=\"_blank\" class=\"icon button circle is-outline tooltip pinterest\" title=\"Pin on Pinterest\" aria-label=\"Pin on Pinterest\"><i class=\"icon-pinterest\" ><\/i><\/a><a href=\"https:\/\/tumblr.com\/widgets\/share\/tool?canonicalUrl=https:\/\/suatuyetvoi.com\/muasam\/chinh-sach-giao-hang\/\" target=\"_blank\" class=\"icon button circle is-outline tooltip tumblr\" onclick=\"window.open(this.href,this.title,'width=500,height=500,top=300px,left=300px');  return false;\"  rel=\"noopener noreferrer nofollow\" title=\"Share on Tumblr\" aria-label=\"Share on Tumblr\"><i class=\"icon-tumblr\" ><\/i><\/a><\/div><\/div>      <\/div>\n    <\/div>\n\n     \n<style>\n#page-header-1219236804 .title-overlay {\n  background-color: rgb(255, 255, 255);\n}\n#page-header-1219236804 .featured-title {\n  background-color: rgb(255, 255, 255);\n}\n<\/style>\n  <\/div>\n    <\/div>\n  \n\n\n\n\n<p><strong>\u0110\u1eb6T H\u00c0NG &amp; X\u00c1C NH\u1eacN \u0110\u01a0N H\u00c0NG<\/strong><\/p>\n\n\n\n<p>Khi qu\u00fd kh\u00e1ch \u0111\u1eb7t h\u00e0ng t\u1ea1i myvita.vn, ch\u00fang t\u00f4i s\u1ebd nh\u1eadn \u0111\u01b0\u1ee3c y\u00eau c\u1ea7u \u0111\u1eb7t h\u00e0ng v\u00e0 g\u1eedi \u0111\u1ebfn qu\u00fd kh\u00e1ch m\u00e3 s\u1ed1 \u0111\u01a1n h\u00e0ng. Tuy nhi\u00ean, y\u00eau c\u1ea7u \u0111\u1eb7t h\u00e0ng c\u1ea7n th\u00f4ng qua m\u1ed9t b\u01b0\u1edbc x\u00e1c nh\u1eadn \u0111\u01a1n h\u00e0ng, SPM ch\u1ec9 x\u00e1c nh\u1eadn \u0111\u01a1n h\u00e0ng n\u1ebfu y\u00eau c\u1ea7u \u0111\u1eb7t h\u00e0ng c\u1ee7a qu\u00fd kh\u00e1ch th\u1ecfa m\u00e3n c\u00e1c ti\u00eau ch\u00ed th\u1ef1c hi\u1ec7n \u0111\u01a1n h\u00e0ng t\u1ea1i myvita.vn.<\/p>\n\n\n\n<p>\u0110\u1ec3 y\u00eau c\u1ea7u \u0111\u1eb7t h\u00e0ng \u0111\u01b0\u1ee3c x\u00e1c nh\u1eadn nhanh ch\u00f3ng, qu\u00fd kh\u00e1ch vui l\u00f2ng cung c\u1ea5p \u0111\u00fang v\u00e0 \u0111\u1ea7y \u0111\u1ee7 c\u00e1c th\u00f4ng tin li\u00ean quan \u0111\u1ebfn vi\u1ec7c giao nh\u1eadn, ho\u1eb7c c\u00e1c \u0111i\u1ec1u kho\u1ea3n v\u00e0 \u0111i\u1ec1u ki\u1ec7n c\u1ee7a ch\u01b0\u01a1ng tr\u00ecnh khuy\u1ebfn m\u00e3i (n\u1ebfu c\u00f3) m\u00e0 qu\u00fd kh\u00e1ch tham gia.<\/p>\n\n\n\n<p><strong>GI\u00c1 TR\u1eca \u0110\u01a0N H\u00c0NG &amp; H\u00ccNH TH\u1ee8C THANH TO\u00c1N<\/strong><\/p>\n\n\n\n<p>MyVita Website (myvita.vn) cung c\u1ea5p c\u00e1c h\u00ecnh th\u1ee9c thanh to\u00e1n:<\/p>\n\n\n\n<ul class=\"wp-block-list\">\n<li>Thanh to\u00e1n b\u1eb1ng ti\u1ec1n m\u1eb7t khi nh\u1eadn \u0111\u01b0\u1ee3c h\u00e0ng \u0111\u1ea7y \u0111\u1ee7. Ti\u1ec1n thanh to\u00e1n l\u00e0 VN\u0110 g\u1eedi cho nh\u00e2n vi\u00ean giao h\u00e0ng ho\u1eb7c nh\u00e2n vi\u00ean b\u01b0u t\u00e1 t\u1ea1i \u0111\u1ecba ph\u01b0\u01a1ng (COD).<\/li>\n<\/ul>\n\n\n\n<ul class=\"wp-block-list\">\n<li>Chuy\u1ec3n qua ng\u00e2n h\u00e0ng.<\/li>\n<\/ul>\n\n\n\n<ul class=\"wp-block-list\">\n<li>Chuy\u1ec3n ti\u1ec1n qua \u0111\u01b0\u1eddng b\u01b0u \u0111i\u1ec7n.<\/li>\n<\/ul>\n\n\n\n<p>Tr\u1eeb m\u1ed9t s\u1ed1 tr\u01b0\u1eddng h\u1ee3p c\u00f3 ghi ch\u00fa ri\u00eang, th\u00f4ng th\u01b0\u1eddng qu\u00fd kh\u00e1ch c\u00f3 th\u1ec3 l\u1ef1a ch\u1ecdn m\u1ed9t trong 3 h\u00ecnh th\u1ee9c thanh to\u00e1n tr\u00ean khi ti\u1ebfn h\u00e0nh \u0111\u1eb7t h\u00e0ng. Tuy nhi\u00ean, \u0111\u1ec3 \u0111\u1ea3m b\u1ea3o t\u00ednh an to\u00e0n d\u00e0nh cho qu\u00fd kh\u00e1ch trong qu\u00e1 tr\u00ecnh thanh to\u00e1n, \u0111\u1ed1i v\u1edbi nh\u1eefng \u0111\u01a1n h\u00e0ng c\u00f3 gi\u00e1 tr\u1ecb cao t\u1eeb 20 (hai m\u01b0\u01a1i) tri\u1ec7u tr\u1edf l\u00ean, MyVita Website (myvita.vn) ch\u1ec9 ch\u1ea5p nh\u1eadn h\u00ecnh th\u1ee9c chuy\u1ec3n kho\u1ea3n qua t\u00e0i kho\u1ea3n ng\u00e2n h\u00e0ng.<\/p>\n\n\n\n<p><strong>CH\u00cdNH S\u00c1CH V\u1eacN CHUY\u1ec2N <\/strong><\/p>\n\n\n\n<ul class=\"wp-block-list\">\n<li>V\u1eadn chuy\u1ec3n v\u00e0 giao h\u00e0ng t\u1eadn n\u01a1i tr\u00ean TO\u00c0N QU\u1ed0C, cho d\u00f9 s\u1ea3n ph\u1ea9m c\u1ee7a b\u1ea1n mua c\u00f3 gi\u00e1 tr\u1ecb l\u1edbn hay nh\u1ecf.<\/li>\n<\/ul>\n\n\n\n<ul class=\"wp-block-list\">\n<li>Nh\u00e2n vi\u00ean s\u1ebd giao h\u00e0ng tr\u1ef1c ti\u1ebfp \u0111\u1ed1i v\u1edbi c\u00e1c kh\u00e1ch h\u00e0ng \u1edf TP.HCM v\u00e0 c\u00e1c t\u1ec9nh l\u00e2n c\u1eadn.<\/li>\n<\/ul>\n\n\n\n<ul class=\"wp-block-list\">\n<li>Giao h\u00e0ng qua \u0111\u01b0\u1eddng b\u01b0u \u0111i\u1ec7n, nh\u00e2n vi\u00ean b\u01b0u t\u00e1 \u0111\u1ecba ph\u01b0\u01a1ng s\u1ebd giao h\u00e0ng tr\u1ef1c ti\u1ebfp t\u1edbi t\u1eadn tay Qu\u00fd kh\u00e1ch h\u00e0ng.<\/li>\n<\/ul>\n","protected":false},"excerpt":{"rendered":"<p>\u0110\u1eb6T H\u00c0NG &amp; X\u00c1C NH\u1eacN \u0110\u01a0N H\u00c0NG Khi qu\u00fd kh\u00e1ch \u0111\u1eb7t h\u00e0ng t\u1ea1i myvita.vn, ch\u00fang t\u00f4i s\u1ebd nh\u1eadn \u0111\u01b0\u1ee3c y\u00eau c\u1ea7u \u0111\u1eb7t h\u00e0ng v\u00e0 g\u1eedi \u0111\u1ebfn qu\u00fd kh\u00e1ch m\u00e3 s\u1ed1 \u0111\u01a1n h\u00e0ng. Tuy nhi\u00ean, y\u00eau c\u1ea7u \u0111\u1eb7t h\u00e0ng c\u1ea7n th\u00f4ng qua m\u1ed9t b\u01b0\u1edbc x\u00e1c nh\u1eadn \u0111\u01a1n h\u00e0ng, SPM ch\u1ec9 x\u00e1c nh\u1eadn \u0111\u01a1n h\u00e0ng n\u1ebfu y\u00eau [&#8230;]\n","protected":false},"author":1,"featured_media":0,"parent":0,"menu_order":0,"comment_status":"closed","ping_status":"open","template":"","meta":{"footnotes":""},"class_list":["post-4581","page","type-page","status-publish","hentry"],"yoast_head":"<!-- This site is optimized with the Yoast SEO plugin v27.6 - https:\/\/yoast.com\/product\/yoast-seo-wordpress\/ -->\n<title>Ch\u00ednh s\u00e1ch giao h\u00e0ng - S\u1eefa Tuy\u1ec7t V\u1eddi<\/title>\n<meta name=\"robots\" content=\"index, follow, max-snippet:-1, max-image-preview:large, max-video-preview:-1\" \/>\n<link rel=\"canonical\" href=\"https:\/\/suatuyetvoi.com\/muasam\/chinh-sach-giao-hang\/\" \/>\n<meta property=\"og:locale\" content=\"vi_VN\" \/>\n<meta property=\"og:type\" content=\"article\" \/>\n<meta property=\"og:title\" content=\"Ch\u00ednh s\u00e1ch giao h\u00e0ng - S\u1eefa Tuy\u1ec7t V\u1eddi\" \/>\n<meta property=\"og:description\" content=\"\u0110\u1eb6T H\u00c0NG &amp; X\u00c1C NH\u1eacN \u0110\u01a0N H\u00c0NG Khi qu\u00fd kh\u00e1ch \u0111\u1eb7t h\u00e0ng t\u1ea1i myvita.vn, ch\u00fang t\u00f4i s\u1ebd nh\u1eadn \u0111\u01b0\u1ee3c y\u00eau c\u1ea7u \u0111\u1eb7t h\u00e0ng v\u00e0 g\u1eedi \u0111\u1ebfn qu\u00fd kh\u00e1ch m\u00e3 s\u1ed1 \u0111\u01a1n h\u00e0ng. Tuy nhi\u00ean, y\u00eau c\u1ea7u \u0111\u1eb7t h\u00e0ng c\u1ea7n th\u00f4ng qua m\u1ed9t b\u01b0\u1edbc x\u00e1c nh\u1eadn \u0111\u01a1n h\u00e0ng, SPM ch\u1ec9 x\u00e1c nh\u1eadn \u0111\u01a1n h\u00e0ng n\u1ebfu y\u00eau [...]\" \/>\n<meta property=\"og:url\" content=\"https:\/\/suatuyetvoi.com\/muasam\/chinh-sach-giao-hang\/\" \/>\n<meta property=\"og:site_name\" content=\"S\u1eefa Tuy\u1ec7t V\u1eddi\" \/>\n<meta property=\"article:modified_time\" content=\"2022-11-08T11:17:59+00:00\" \/>\n<meta name=\"twitter:card\" content=\"summary_large_image\" \/>\n<meta name=\"twitter:label1\" content=\"\u01af\u1edbc t\u00ednh th\u1eddi gian \u0111\u1ecdc\" \/>\n\t<meta name=\"twitter:data1\" content=\"2 ph\u00fat\" \/>\n<script type=\"application\/ld+json\" class=\"yoast-schema-graph\">{\"@context\":\"https:\\\/\\\/schema.org\",\"@graph\":[{\"@type\":\"WebPage\",\"@id\":\"https:\\\/\\\/suatuyetvoi.com\\\/muasam\\\/chinh-sach-giao-hang\\\/\",\"url\":\"https:\\\/\\\/suatuyetvoi.com\\\/muasam\\\/chinh-sach-giao-hang\\\/\",\"name\":\"Ch\u00ednh s\u00e1ch giao h\u00e0ng - S\u1eefa Tuy\u1ec7t V\u1eddi\",\"isPartOf\":{\"@id\":\"https:\\\/\\\/suatuyetvoi.com\\\/muasam\\\/#website\"},\"datePublished\":\"2022-11-03T11:42:41+00:00\",\"dateModified\":\"2022-11-08T11:17:59+00:00\",\"breadcrumb\":{\"@id\":\"https:\\\/\\\/suatuyetvoi.com\\\/muasam\\\/chinh-sach-giao-hang\\\/#breadcrumb\"},\"inLanguage\":\"vi\",\"potentialAction\":[{\"@type\":\"ReadAction\",\"target\":[\"https:\\\/\\\/suatuyetvoi.com\\\/muasam\\\/chinh-sach-giao-hang\\\/\"]}]},{\"@type\":\"BreadcrumbList\",\"@id\":\"https:\\\/\\\/suatuyetvoi.com\\\/muasam\\\/chinh-sach-giao-hang\\\/#breadcrumb\",\"itemListElement\":[{\"@type\":\"ListItem\",\"position\":1,\"name\":\"Home\",\"item\":\"https:\\\/\\\/suatuyetvoi.com\\\/muasam\\\/\"},{\"@type\":\"ListItem\",\"position\":2,\"name\":\"Ch\u00ednh s\u00e1ch giao h\u00e0ng\"}]},{\"@type\":\"WebSite\",\"@id\":\"https:\\\/\\\/suatuyetvoi.com\\\/muasam\\\/#website\",\"url\":\"https:\\\/\\\/suatuyetvoi.com\\\/muasam\\\/\",\"name\":\"S\u1eefa Tuy\u1ec7t V\u1eddi\",\"description\":\"S\u1eefa Tuy\u1ec7t V\u1eddi Vi\u1ec7t Nam\",\"potentialAction\":[{\"@type\":\"SearchAction\",\"target\":{\"@type\":\"EntryPoint\",\"urlTemplate\":\"https:\\\/\\\/suatuyetvoi.com\\\/muasam\\\/?s={search_term_string}\"},\"query-input\":{\"@type\":\"PropertyValueSpecification\",\"valueRequired\":true,\"valueName\":\"search_term_string\"}}],\"inLanguage\":\"vi\"}]}<\/script>\n<!-- \/ Yoast SEO plugin. -->","yoast_head_json":{"title":"Ch\u00ednh s\u00e1ch giao h\u00e0ng - S\u1eefa Tuy\u1ec7t V\u1eddi","robots":{"index":"index","follow":"follow","max-snippet":"max-snippet:-1","max-image-preview":"max-image-preview:large","max-video-preview":"max-video-preview:-1"},"canonical":"https:\/\/suatuyetvoi.com\/muasam\/chinh-sach-giao-hang\/","og_locale":"vi_VN","og_type":"article","og_title":"Ch\u00ednh s\u00e1ch giao h\u00e0ng - S\u1eefa Tuy\u1ec7t V\u1eddi","og_description":"\u0110\u1eb6T H\u00c0NG &amp; X\u00c1C NH\u1eacN \u0110\u01a0N H\u00c0NG Khi qu\u00fd kh\u00e1ch \u0111\u1eb7t h\u00e0ng t\u1ea1i myvita.vn, ch\u00fang t\u00f4i s\u1ebd nh\u1eadn \u0111\u01b0\u1ee3c y\u00eau c\u1ea7u \u0111\u1eb7t h\u00e0ng v\u00e0 g\u1eedi \u0111\u1ebfn qu\u00fd kh\u00e1ch m\u00e3 s\u1ed1 \u0111\u01a1n h\u00e0ng. Tuy nhi\u00ean, y\u00eau c\u1ea7u \u0111\u1eb7t h\u00e0ng c\u1ea7n th\u00f4ng qua m\u1ed9t b\u01b0\u1edbc x\u00e1c nh\u1eadn \u0111\u01a1n h\u00e0ng, SPM ch\u1ec9 x\u00e1c nh\u1eadn \u0111\u01a1n h\u00e0ng n\u1ebfu y\u00eau [...]","og_url":"https:\/\/suatuyetvoi.com\/muasam\/chinh-sach-giao-hang\/","og_site_name":"S\u1eefa Tuy\u1ec7t V\u1eddi","article_modified_time":"2022-11-08T11:17:59+00:00","twitter_card":"summary_large_image","twitter_misc":{"\u01af\u1edbc t\u00ednh th\u1eddi gian \u0111\u1ecdc":"2 ph\u00fat"},"schema":{"@context":"https:\/\/schema.org","@graph":[{"@type":"WebPage","@id":"https:\/\/suatuyetvoi.com\/muasam\/chinh-sach-giao-hang\/","url":"https:\/\/suatuyetvoi.com\/muasam\/chinh-sach-giao-hang\/","name":"Ch\u00ednh s\u00e1ch giao h\u00e0ng - S\u1eefa Tuy\u1ec7t V\u1eddi","isPartOf":{"@id":"https:\/\/suatuyetvoi.com\/muasam\/#website"},"datePublished":"2022-11-03T11:42:41+00:00","dateModified":"2022-11-08T11:17:59+00:00","breadcrumb":{"@id":"https:\/\/suatuyetvoi.com\/muasam\/chinh-sach-giao-hang\/#breadcrumb"},"inLanguage":"vi","potentialAction":[{"@type":"ReadAction","target":["https:\/\/suatuyetvoi.com\/muasam\/chinh-sach-giao-hang\/"]}]},{"@type":"BreadcrumbList","@id":"https:\/\/suatuyetvoi.com\/muasam\/chinh-sach-giao-hang\/#breadcrumb","itemListElement":[{"@type":"ListItem","position":1,"name":"Home","item":"https:\/\/suatuyetvoi.com\/muasam\/"},{"@type":"ListItem","position":2,"name":"Ch\u00ednh s\u00e1ch giao h\u00e0ng"}]},{"@type":"WebSite","@id":"https:\/\/suatuyetvoi.com\/muasam\/#website","url":"https:\/\/suatuyetvoi.com\/muasam\/","name":"S\u1eefa Tuy\u1ec7t V\u1eddi","description":"S\u1eefa Tuy\u1ec7t V\u1eddi Vi\u1ec7t Nam","potentialAction":[{"@type":"SearchAction","target":{"@type":"EntryPoint","urlTemplate":"https:\/\/suatuyetvoi.com\/muasam\/?s={search_term_string}"},"query-input":{"@type":"PropertyValueSpecification","valueRequired":true,"valueName":"search_term_string"}}],"inLanguage":"vi"}]}},"_links":{"self":[{"href":"https:\/\/suatuyetvoi.com\/muasam\/wp-json\/wp\/v2\/pages\/4581","targetHints":{"allow":["GET"]}}],"collection":[{"href":"https:\/\/suatuyetvoi.com\/muasam\/wp-json\/wp\/v2\/pages"}],"about":[{"href":"https:\/\/suatuyetvoi.com\/muasam\/wp-json\/wp\/v2\/types\/page"}],"author":[{"embeddable":true,"href":"https:\/\/suatuyetvoi.com\/muasam\/wp-json\/wp\/v2\/users\/1"}],"replies":[{"embeddable":true,"href":"https:\/\/suatuyetvoi.com\/muasam\/wp-json\/wp\/v2\/comments?post=4581"}],"version-history":[{"count":5,"href":"https:\/\/suatuyetvoi.com\/muasam\/wp-json\/wp\/v2\/pages\/4581\/revisions"}],"predecessor-version":[{"id":4892,"href":"https:\/\/suatuyetvoi.com\/muasam\/wp-json\/wp\/v2\/pages\/4581\/revisions\/4892"}],"wp:attachment":[{"href":"https:\/\/suatuyetvoi.com\/muasam\/wp-json\/wp\/v2\/media?parent=4581"}],"curies":[{"name":"wp","href":"https:\/\/api.w.org\/{rel}","templated":true}]}}