{"id":3,"date":"2022-10-14T07:07:03","date_gmt":"2022-10-14T00:07:03","guid":{"rendered":"https:\/\/ourfamily.asia\/?page_id=3"},"modified":"2023-02-13T16:40:15","modified_gmt":"2023-02-13T09:40:15","slug":"chinh-sach-bao-mat","status":"publish","type":"page","link":"https:\/\/suatuyetvoi.com\/muasam\/chinh-sach-bao-mat\/","title":{"rendered":"Ch\u00ednh s\u00e1ch b\u1ea3o m\u1eadt"},"content":{"rendered":"\r\n  <div id=\"page-header-71367682\" class=\"page-header-wrapper\">\n  <div class=\"page-title light featured-title\">\n\n        <div class=\"page-title-bg\">\n      <div class=\"title-bg fill bg-fill\"\n        data-parallax-container=\".page-title\"\n        data-parallax-background\n        data-parallax=\"-\">\n      <\/div>\n      <div class=\"title-overlay fill\"><\/div>\n    <\/div>\n    \n    <div class=\"page-title-inner container align-center flex-row medium-flex-wrap\" >\n              <div class=\"title-wrapper flex-col text-left medium-text-center\">\n          <h1 class=\"entry-title mb-0\">\n            Ch\u00ednh s\u00e1ch b\u1ea3o m\u1eadt          <\/h1>\n        <\/div>\n                    <div class=\"title-content flex-col flex-right text-right medium-text-center\">\n        <div class=\"title-share pt-half pb-half\"><div class=\"social-icons share-icons share-row relative\" ><a href=\"whatsapp:\/\/send?text=Ch%C3%ADnh%20s%C3%A1ch%20b%E1%BA%A3o%20m%E1%BA%ADt - https:\/\/suatuyetvoi.com\/muasam\/chinh-sach-bao-mat\/\" data-action=\"share\/whatsapp\/share\" class=\"icon button circle is-outline tooltip whatsapp show-for-medium\" title=\"Share on WhatsApp\" aria-label=\"Share on WhatsApp\"><i class=\"icon-whatsapp\"><\/i><\/a><a href=\"https:\/\/www.facebook.com\/sharer.php?u=https:\/\/suatuyetvoi.com\/muasam\/chinh-sach-bao-mat\/\" data-label=\"Facebook\" onclick=\"window.open(this.href,this.title,'width=500,height=500,top=300px,left=300px');  return false;\" rel=\"noopener noreferrer nofollow\" target=\"_blank\" class=\"icon button circle is-outline tooltip facebook\" title=\"Share on Facebook\" aria-label=\"Share on Facebook\"><i class=\"icon-facebook\" ><\/i><\/a><a href=\"https:\/\/twitter.com\/share?url=https:\/\/suatuyetvoi.com\/muasam\/chinh-sach-bao-mat\/\" onclick=\"window.open(this.href,this.title,'width=500,height=500,top=300px,left=300px');  return false;\" rel=\"noopener noreferrer nofollow\" target=\"_blank\" class=\"icon button circle is-outline tooltip twitter\" title=\"Share on Twitter\" aria-label=\"Share on Twitter\"><i class=\"icon-twitter\" ><\/i><\/a><a href=\"mailto:enteryour@addresshere.com?subject=Ch%C3%ADnh%20s%C3%A1ch%20b%E1%BA%A3o%20m%E1%BA%ADt&amp;body=Check%20this%20out:%20https:\/\/suatuyetvoi.com\/muasam\/chinh-sach-bao-mat\/\" rel=\"nofollow\" class=\"icon button circle is-outline tooltip email\" title=\"Email to a Friend\" aria-label=\"Email to a Friend\"><i class=\"icon-envelop\" ><\/i><\/a><a href=\"https:\/\/pinterest.com\/pin\/create\/button\/?url=https:\/\/suatuyetvoi.com\/muasam\/chinh-sach-bao-mat\/&amp;media=&amp;description=Ch%C3%ADnh%20s%C3%A1ch%20b%E1%BA%A3o%20m%E1%BA%ADt\" onclick=\"window.open(this.href,this.title,'width=500,height=500,top=300px,left=300px');  return false;\" rel=\"noopener noreferrer nofollow\" target=\"_blank\" class=\"icon button circle is-outline tooltip pinterest\" title=\"Pin on Pinterest\" aria-label=\"Pin on Pinterest\"><i class=\"icon-pinterest\" ><\/i><\/a><a href=\"https:\/\/tumblr.com\/widgets\/share\/tool?canonicalUrl=https:\/\/suatuyetvoi.com\/muasam\/chinh-sach-bao-mat\/\" target=\"_blank\" class=\"icon button circle is-outline tooltip tumblr\" onclick=\"window.open(this.href,this.title,'width=500,height=500,top=300px,left=300px');  return false;\"  rel=\"noopener noreferrer nofollow\" title=\"Share on Tumblr\" aria-label=\"Share on Tumblr\"><i class=\"icon-tumblr\" ><\/i><\/a><\/div><\/div>      <\/div>\n    <\/div>\n\n     \n<style>\n#page-header-71367682 {\n  margin-bottom: 10px;\n}\n#page-header-71367682 .title-overlay {\n  background-color: rgb(255, 255, 255);\n}\n#page-header-71367682 .featured-title {\n  background-color: rgb(255,255,255);\n}\n<\/style>\n  <\/div>\n    <\/div>\n  \r\n\r\n\r\n\r\n\r\n\r\n<p>C\u00f4ng ty C\u1ed5 ph\u1ea7n SPM (sau \u0111\u00e2y g\u1ecdi t\u1eaft l\u00e0 \u201cSPM\u201d) l\u00e0 \u0111\u01a1n v\u1ecb ch\u1ee7 qu\u1ea3n c\u1ee7a th\u01b0\u01a1ng hi\u1ec7u MyVita; ch\u00fang t\u00f4i lu\u00f4n t\u00f4n tr\u1ecdng s\u1ef1 ri\u00eang t\u01b0 c\u1ee7a B\u1ea1n v\u1edbi t\u01b0 c\u00e1ch l\u00e0 Kh\u00e1ch h\u00e0ng\/kh\u00e1ch h\u00e0ng ti\u1ec1m n\u0103ng c\u1ee7a ch\u00fang t\u00f4i, v\u00e0 \u0111\u00f3 l\u00e0 l\u00fd do ch\u00fang t\u00f4i lu\u00f4n cam k\u1ebft b\u1ea3o v\u1ec7 nh\u1eefng th\u00f4ng tin c\u00e1 nh\u00e2n c\u1ee7a B\u1ea1n. Trong t\u00e0i li\u1ec7u n\u00e0y, kh\u00e1i ni\u1ec7m \u201cth\u00f4ng tin c\u00e1 nh\u00e2n\u201d \u0111\u01b0\u1ee3c hi\u1ec3u bao g\u1ed3m t\u00ean, \u0111\u1ecba ch\u1ec9, \u0111\u1ecba ch\u1ec9 email, s\u1ed1 \u0111i\u1ec7n tho\u1ea1i hay b\u1ea5t k\u1ef3 th\u00f4ng tin c\u00e1 nh\u00e2n n\u00e0o kh\u00e1c m\u00e0 B\u1ea1n cung c\u1ea5p, ho\u1eb7c b\u1ea5t k\u1ef3 th\u00f4ng tin n\u00e0o v\u1ec1 B\u1ea1n \u0111\u01b0\u1ee3c thu th\u1eadp theo ph\u00e1p lu\u1eadt quy \u0111\u1ecbnh hi\u1ec7n h\u00e0nh. Mong r\u1eb1ng t\u00e0i li\u1ec7u s\u1ebd gi\u00fap B\u1ea1n hi\u1ec3u r\u00f5 nh\u1eefng th\u00f4ng tin c\u00e1 nh\u00e2n n\u00e0o m\u00e0 ch\u00fang t\u00f4i s\u1ebd thu th\u1eadp, c\u0169ng nh\u01b0 c\u00e1ch ch\u00fang t\u00f4i s\u1eed d\u1ee5ng nh\u1eefng th\u00f4ng tin n\u00e0y sau \u0111\u00f3.<\/p>\r\n\r\n\r\n\r\n<p>Khi B\u1ea1n truy c\u1eadp v\u00e0 s\u1eed d\u1ee5ng trang th\u00f4ng tin \u0111i\u1ec7n t\u1eed (Website: myvita.vn \u2013 sau \u0111\u00e2y g\u1ecdi t\u1eaft l\u00e0 \u201cwebsite\u201d) c\u1ee7a ch\u00fang t\u00f4i (bao g\u1ed3m c\u1ea3 vi\u1ec7c \u0111\u0103ng k\u00fd d\u1ecbch v\u1ee5 tr\u1ef1c tuy\u1ebfn), ch\u00fang t\u00f4i hi\u1ec3u r\u1eb1ng b\u1ea1n ho\u00e0n to\u00e0n \u0111\u1ed3ng \u00fd v\u1edbi nh\u1eefng \u0111i\u1ec1u kho\u1ea3n c\u1ee7a ch\u00ednh s\u00e1ch n\u00e0y.<\/p>\r\n\r\n\r\n\r\n<p><strong>M\u1ee5c \u0111\u00edch v\u00e0 ph\u1ea1m vi thu th\u1eadp<\/strong><\/p>\r\n\r\n\r\n\r\n<p>Qu\u00fd kh\u00e1ch h\u00e0ng li\u00ean h\u1ec7 v\u1edbi ch\u00fang t\u00f4i b\u1eb1ng c\u00e1c c\u00f4ng c\u1ee5 h\u1ed7 tr\u1ee3 tr\u1ef1c tuy\u1ebfn ho\u1eb7c g\u1eedi li\u00ean h\u1ec7 qua form th\u00f4ng tin tr\u00ean website c\u00f3 th\u1ec3 \u0111\u01b0\u1ee3c y\u00eau c\u1ea7u cung c\u1ea5p c\u00e1c th\u00f4ng tin nh\u01b0: H\u1ecd t\u00ean, email, s\u1ed1 \u0111i\u1ec7n tho\u1ea1i, \u2026 C\u00e1c th\u00f4ng tin c\u1ee7a kh\u00e1ch h\u00e0ng cung c\u1ea5p \u0111\u1ec3 ch\u00fang t\u00f4i c\u00f3 th\u1ec3 h\u1ed7 tr\u1ee3, li\u00ean h\u1ec7 v\u00e0 trao \u0111\u1ed5i th\u00f4ng tin v\u1edbi kh\u00e1ch h\u00e0ng trong qu\u00e1 tr\u00ecnh cung c\u1ea5p d\u1ecbch v\u1ee5.<\/p>\r\n\r\n\r\n\r\n<p>Kh\u00e1ch h\u00e0ng c\u00f3 tr\u00e1ch nhi\u1ec7m th\u00f4ng b\u00e1o k\u1ecbp th\u1eddi cho website v\u1ec1 nh\u1eefng h\u00e0nh vi s\u1eed d\u1ee5ng tr\u00e1i ph\u00e9p, l\u1ea1m d\u1ee5ng, vi ph\u1ea1m b\u1ea3o m\u1eadt c\u1ee7a b\u00ean th\u1ee9 ba \u0111\u1ec3 c\u00f3 bi\u1ec7n ph\u00e1p gi\u1ea3i quy\u1ebft ph\u00f9 h\u1ee3p.<\/p>\r\n\r\n\r\n\r\n<p><strong>Ph\u1ea1m vi s\u1eed d\u1ee5ng th\u00f4ng tin<\/strong><\/p>\r\n\r\n\r\n\r\n<p>Website s\u1eed d\u1ee5ng th\u00f4ng tin kh\u00e1ch h\u00e0ng cung c\u1ea5p \u0111\u1ec3:<\/p>\r\n\r\n\r\n\r\n<ul class=\"wp-block-list\">\r\n<li>Cung c\u1ea5p c\u00e1c th\u00f4ng tin ch\u01b0\u01a1ng tr\u00ecnh \u0111\u1ebfn kh\u00e1ch h\u00e0ng;<\/li>\r\n<\/ul>\r\n\r\n\r\n\r\n<ul class=\"wp-block-list\">\r\n<li>G\u1eedi c\u00e1c th\u00f4ng b\u00e1o v\u1ec1 c\u00e1c ho\u1ea1t \u0111\u1ed9ng trao \u0111\u1ed5i th\u00f4ng tin gi\u1eefa kh\u00e1ch h\u00e0ng v\u00e0 website;<\/li>\r\n<\/ul>\r\n\r\n\r\n\r\n<ul class=\"wp-block-list\">\r\n<li>Li\u00ean l\u1ea1c v\u00e0 gi\u1ea3i quy\u1ebft v\u1edbi kh\u00e1ch h\u00e0ng trong nh\u1eefng tr\u01b0\u1eddng h\u1ee3p \u0111\u1eb7c bi\u1ec7t;<\/li>\r\n<\/ul>\r\n\r\n\r\n\r\n<ul class=\"wp-block-list\">\r\n<li>Kh\u00f4ng s\u1eed d\u1ee5ng th\u00f4ng tin c\u00e1 nh\u00e2n c\u1ee7a kh\u00e1ch h\u00e0ng ngo\u00e0i m\u1ee5c \u0111\u00edch x\u00e1c nh\u1eadn v\u00e0 li\u00ean h\u1ec7 c\u00f3 li\u00ean quan \u0111\u1ebfn ch\u01b0\u01a1ng tr\u00ecnh v\u00e0 d\u1ecbch v\u1ee5 t\u1ea1i SPM;<\/li>\r\n<\/ul>\r\n\r\n\r\n\r\n<p>Trong tr\u01b0\u1eddng h\u1ee3p c\u00f3 y\u00eau c\u1ea7u c\u1ee7a ph\u00e1p lu\u1eadt: Ch\u00fang t\u00f4i c\u00f3 tr\u00e1ch nhi\u1ec7m h\u1ee3p t\u00e1c cung c\u1ea5p th\u00f4ng tin c\u00e1 nh\u00e2n kh\u00e1ch h\u00e0ng khi c\u00f3 y\u00eau c\u1ea7u t\u1eeb c\u01a1 quan t\u01b0 ph\u00e1p bao g\u1ed3m: Vi\u1ec7n ki\u1ec3m s\u00e1t, t\u00f2a \u00e1n, c\u01a1 quan c\u00f4ng an \u0111i\u1ec1u tra li\u00ean quan \u0111\u1ebfn h\u00e0nh vi vi ph\u1ea1m ph\u00e1p lu\u1eadt n\u00e0o \u0111\u00f3 c\u1ee7a kh\u00e1ch h\u00e0ng. Ngo\u00e0i ra, kh\u00f4ng ai c\u00f3 quy\u1ec1n x\u00e2m ph\u1ea1m v\u00e0o th\u00f4ng tin c\u00e1 nh\u00e2n c\u1ee7a kh\u00e1ch h\u00e0ng.<\/p>\r\n\r\n\r\n\r\n<p><strong>Th\u1eddi gian l\u01b0u tr\u1eef th\u00f4ng tin<\/strong><\/p>\r\n\r\n\r\n\r\n<p>D\u1eef li\u1ec7u c\u00e1 nh\u00e2n c\u1ee7a kh\u00e1ch h\u00e0ng s\u1ebd \u0111\u01b0\u1ee3c l\u01b0u tr\u1eef cho \u0111\u1ebfn khi c\u00f3 y\u00eau c\u1ea7u h\u1ee7y b\u1ecf. C\u00f2n l\u1ea1i trong m\u1ecdi tr\u01b0\u1eddng h\u1ee3p th\u00f4ng tin c\u00e1 nh\u00e2n kh\u00e1ch h\u00e0ng s\u1ebd \u0111\u01b0\u1ee3c b\u1ea3o m\u1eadt tr\u00ean m\u00e1y ch\u1ee7 c\u1ee7a SPM.<\/p>\r\n\r\n\r\n\r\n<p><strong>\u0110\u1ecba ch\u1ec9 c\u1ee7a \u0111\u01a1n v\u1ecb thu th\u1eadp v\u00e0 qu\u1ea3n l\u00fd th\u00f4ng tin c\u00e1 nh\u00e2n<\/strong><\/p>\r\n\r\n\r\n\r\n<blockquote class=\"wp-block-quote is-layout-flow wp-block-quote-is-layout-flow\">\r\n<p><strong>C\u00d4NG TY C\u1ed4 PH\u1ea6N SPM<\/strong><\/p>\r\n<\/blockquote>\r\n\r\n\r\n\r\n<p>Gi\u1ea5y ph\u00e9p kinh doanh: 0302271207<\/p>\r\n\r\n\r\n\r\n<p>Gi\u1ea5y ch\u1ee9ng nh\u1eadn GMP: S\u1ed1 686\/GCN-QLD<\/p>\r\n\r\n\r\n\r\n<p>\u0110\u1ecba ch\u1ec9: L\u00f4 51, \u0110\u01b0\u1eddng s\u1ed1 2, KCN T\u00e2n T\u1ea1o, Q.B\u00ecnh T\u00e2n, TP.HCM<\/p>\r\n\r\n\r\n\r\n<p>V\u0103n ph\u00f2ng: C4, \u0110\u01b0\u1eddng B\u1eedu Long, P.15, Q.10, TP.HCM<\/p>\r\n\r\n\r\n\r\n<p>Chi nh\u00e1nh HN: 465 Nguy\u1ec5n Tr\u00e3i, Q.Thanh Xu\u00e2n, H\u00e0 N\u1ed9i<\/p>\r\n\r\n\r\n\r\n<p>Hotline: 1900 54 54 69<\/p>\r\n\r\n\r\n\r\n<p>Email: info@spm.com.vn<\/p>\r\n\r\n\r\n\r\n<p><strong>Ph\u01b0\u01a1ng ti\u1ec7n v\u00e0 c\u00f4ng c\u1ee5 \u0111\u1ec3 ng\u01b0\u1eddi d\u00f9ng ti\u1ebfp c\u1eadn v\u00e0 ch\u1ec9nh s\u1eeda d\u1eef li\u1ec7u c\u00e1 nh\u00e2n c\u1ee7a m\u00ecnh<\/strong><\/p>\r\n\r\n\r\n\r\n<ul class=\"wp-block-list\">\r\n<li>Kh\u00e1ch h\u00e0ng c\u00f3 quy\u1ec1n y\u00eau c\u1ea7u ch\u00fang t\u00f4i c\u1eadp nh\u1eadt ho\u1eb7c h\u1ee7y b\u1ecf th\u00f4ng tin c\u00e1 nh\u00e2n c\u1ee7a m\u00ecnh tr\u00ean h\u1ec7 th\u1ed1ng d\u1eef li\u1ec7u c\u1ee7a SPM.<\/li>\r\n<\/ul>\r\n\r\n\r\n\r\n<ul class=\"wp-block-list\">\r\n<li>Kh\u00e1ch h\u00e0ng c\u00f3 quy\u1ec1n g\u1eedi khi\u1ebfu n\u1ea1i \u0111\u1ebfn website myvita.vn. Khi ti\u1ebfp nh\u1eadn nh\u1eefng ph\u1ea3n h\u1ed3i n\u00e0y, ch\u00fang t\u00f4i s\u1ebd x\u00e1c nh\u1eadn l\u1ea1i th\u00f4ng tin, tr\u01b0\u1eddng h\u1ee3p \u0111\u00fang nh\u01b0 ph\u1ea3n \u00e1nh c\u1ee7a kh\u00e1ch h\u00e0ng, t\u00f9y theo m\u1ee9c \u0111\u1ed9 SPM s\u1ebd c\u00f3 nh\u1eefng bi\u1ec7n ph\u00e1p x\u1eed l\u00fd k\u1ecbp th\u1eddi.<\/li>\r\n<\/ul>\r\n\r\n\r\n\r\n<p><strong>Cam k\u1ebft b\u1ea3o m\u1eadt th\u00f4ng tin c\u00e1 nh\u00e2n kh\u00e1ch h\u00e0ng<\/strong><\/p>\r\n\r\n\r\n\r\n<ul class=\"wp-block-list\">\r\n<li>Th\u00f4ng tin c\u00e1 nh\u00e2n c\u1ee7a kh\u00e1ch h\u00e0ng tr\u00ean website \u0111\u01b0\u1ee3c cam k\u1ebft b\u1ea3o m\u1eadt tuy\u1ec7t \u0111\u1ed1i theo ch\u00ednh s\u00e1ch b\u1ea3o v\u1ec7 th\u00f4ng tin c\u00e1 nh\u00e2n c\u1ee7a website. Vi\u1ec7c thu th\u1eadp v\u00e0 s\u1eed d\u1ee5ng th\u00f4ng tin c\u1ee7a m\u1ed7i kh\u00e1ch h\u00e0ng ch\u1ec9 \u0111\u01b0\u1ee3c th\u1ef1c hi\u1ec7n khi c\u00f3 s\u1ef1 \u0111\u1ed3ng \u00fd c\u1ee7a kh\u00e1ch h\u00e0ng \u0111\u00f3 tr\u1eeb nh\u1eefng tr\u01b0\u1eddng h\u1ee3p ph\u00e1p lu\u1eadt c\u00f3 quy \u0111\u1ecbnh kh\u00e1c.<\/li>\r\n<\/ul>\r\n\r\n\r\n\r\n<ul class=\"wp-block-list\">\r\n<li>Kh\u00f4ng s\u1eed d\u1ee5ng, kh\u00f4ng chuy\u1ec3n giao, cung c\u1ea5p hay ti\u1ebft l\u1ed9 cho b\u00ean th\u1ee9 3 n\u00e0o v\u1ec1 th\u00f4ng tin c\u00e1 nh\u00e2n c\u1ee7a kh\u00e1ch h\u00e0ng khi kh\u00f4ng c\u00f3 s\u1ef1 cho ph\u00e9p \u0111\u1ed3ng \u00fd t\u1eeb kh\u00e1ch h\u00e0ng.<\/li>\r\n<\/ul>\r\n\r\n\r\n\r\n<ul class=\"wp-block-list\">\r\n<li>Trong tr\u01b0\u1eddng h\u1ee3p m\u00e1y ch\u1ee7 l\u01b0u tr\u1eef th\u00f4ng tin b\u1ecb hacker t\u1ea5n c\u00f4ng d\u1eabn \u0111\u1ebfn m\u1ea5t m\u00e1t d\u1eef li\u1ec7u c\u00e1 nh\u00e2n kh\u00e1ch h\u00e0ng, SPM s\u1ebd c\u00f3 tr\u00e1ch nhi\u1ec7m th\u00f4ng b\u00e1o v\u1ee5 vi\u1ec7c cho c\u01a1 quan ch\u1ee9c n\u0103ng \u0111i\u1ec1u tra x\u1eed l\u00fd k\u1ecbp th\u1eddi v\u00e0 th\u00f4ng b\u00e1o cho kh\u00e1ch h\u00e0ng \u0111\u01b0\u1ee3c bi\u1ebft.<\/li>\r\n<\/ul>\r\n\r\n\r\n\r\n<ul class=\"wp-block-list\">\r\n<li>Ban qu\u1ea3n l\u00fd SPM y\u00eau c\u1ea7u c\u00e1c c\u00e1 nh\u00e2n\/t\u1ed5 ch\u1ee9c khi li\u00ean h\u1ec7 c\u1ea7n cung c\u1ea5p \u0111\u1ea7y \u0111\u1ee7 th\u00f4ng tin c\u00e1 nh\u00e2n c\u00f3 li\u00ean quan nh\u01b0: H\u1ecd v\u00e0 t\u00ean, \u0111\u1ecba ch\u1ec9 li\u00ean l\u1ea1c, \u0111i\u1ec7n tho\u1ea1i, \u2026. v\u00e0 ch\u1ecbu tr\u00e1ch nhi\u1ec7m v\u1ec1 nh\u1eefng th\u00f4ng tin tr\u00ean. Ban qu\u1ea3n l\u00fd SPM kh\u00f4ng ch\u1ecbu tr\u00e1ch nhi\u1ec7m c\u0169ng nh\u01b0 kh\u00f4ng gi\u1ea3i quy\u1ebft m\u1ecdi khi\u1ebfu n\u1ea1i c\u00f3 li\u00ean quan \u0111\u1ebfn quy\u1ec1n l\u1ee3i c\u1ee7a kh\u00e1ch h\u00e0ng \u0111\u00f3 n\u1ebfu x\u00e9t th\u1ea5y t\u1ea5t c\u1ea3 th\u00f4ng tin c\u00e1 nh\u00e2n c\u1ee7a kh\u00e1ch h\u00e0ng \u0111\u00f3 cung c\u1ea5p khi li\u00ean h\u1ec7 ban \u0111\u1ea7u l\u00e0 kh\u00f4ng ch\u00ednh x\u00e1c.<\/li>\r\n<\/ul>\r\n","protected":false},"excerpt":{"rendered":"<p>C\u00f4ng ty C\u1ed5 ph\u1ea7n SPM (sau \u0111\u00e2y g\u1ecdi t\u1eaft l\u00e0 \u201cSPM\u201d) l\u00e0 \u0111\u01a1n v\u1ecb ch\u1ee7 qu\u1ea3n c\u1ee7a th\u01b0\u01a1ng hi\u1ec7u MyVita; ch\u00fang t\u00f4i lu\u00f4n t\u00f4n tr\u1ecdng s\u1ef1 ri\u00eang t\u01b0 c\u1ee7a B\u1ea1n v\u1edbi t\u01b0 c\u00e1ch l\u00e0 Kh\u00e1ch h\u00e0ng\/kh\u00e1ch h\u00e0ng ti\u1ec1m n\u0103ng c\u1ee7a ch\u00fang t\u00f4i, v\u00e0 \u0111\u00f3 l\u00e0 l\u00fd do ch\u00fang t\u00f4i lu\u00f4n cam k\u1ebft b\u1ea3o v\u1ec7 nh\u1eefng [&#8230;]\n","protected":false},"author":1,"featured_media":0,"parent":0,"menu_order":0,"comment_status":"closed","ping_status":"closed","template":"","meta":{"footnotes":""},"class_list":["post-3","page","type-page","status-publish","hentry"],"yoast_head":"<!-- This site is optimized with the Yoast SEO plugin v27.6 - https:\/\/yoast.com\/product\/yoast-seo-wordpress\/ -->\n<title>Ch\u00ednh s\u00e1ch b\u1ea3o m\u1eadt - S\u1eefa Tuy\u1ec7t V\u1eddi<\/title>\n<meta name=\"robots\" content=\"index, follow, max-snippet:-1, max-image-preview:large, max-video-preview:-1\" \/>\n<link rel=\"canonical\" href=\"https:\/\/suatuyetvoi.com\/muasam\/chinh-sach-bao-mat\/\" \/>\n<meta property=\"og:locale\" content=\"vi_VN\" \/>\n<meta property=\"og:type\" content=\"article\" \/>\n<meta property=\"og:title\" content=\"Ch\u00ednh s\u00e1ch b\u1ea3o m\u1eadt - S\u1eefa Tuy\u1ec7t V\u1eddi\" \/>\n<meta property=\"og:description\" content=\"C\u00f4ng ty C\u1ed5 ph\u1ea7n SPM (sau \u0111\u00e2y g\u1ecdi t\u1eaft l\u00e0 \u201cSPM\u201d) l\u00e0 \u0111\u01a1n v\u1ecb ch\u1ee7 qu\u1ea3n c\u1ee7a th\u01b0\u01a1ng hi\u1ec7u MyVita; ch\u00fang t\u00f4i lu\u00f4n t\u00f4n tr\u1ecdng s\u1ef1 ri\u00eang t\u01b0 c\u1ee7a B\u1ea1n v\u1edbi t\u01b0 c\u00e1ch l\u00e0 Kh\u00e1ch h\u00e0ng\/kh\u00e1ch h\u00e0ng ti\u1ec1m n\u0103ng c\u1ee7a ch\u00fang t\u00f4i, v\u00e0 \u0111\u00f3 l\u00e0 l\u00fd do ch\u00fang t\u00f4i lu\u00f4n cam k\u1ebft b\u1ea3o v\u1ec7 nh\u1eefng [...]\" \/>\n<meta property=\"og:url\" content=\"https:\/\/suatuyetvoi.com\/muasam\/chinh-sach-bao-mat\/\" \/>\n<meta property=\"og:site_name\" content=\"S\u1eefa Tuy\u1ec7t V\u1eddi\" \/>\n<meta property=\"article:modified_time\" content=\"2023-02-13T09:40:15+00:00\" \/>\n<meta name=\"twitter:card\" content=\"summary_large_image\" \/>\n<meta name=\"twitter:label1\" content=\"\u01af\u1edbc t\u00ednh th\u1eddi gian \u0111\u1ecdc\" \/>\n\t<meta name=\"twitter:data1\" content=\"6 ph\u00fat\" \/>\n<script type=\"application\/ld+json\" class=\"yoast-schema-graph\">{\"@context\":\"https:\\\/\\\/schema.org\",\"@graph\":[{\"@type\":\"WebPage\",\"@id\":\"https:\\\/\\\/suatuyetvoi.com\\\/muasam\\\/chinh-sach-bao-mat\\\/\",\"url\":\"https:\\\/\\\/suatuyetvoi.com\\\/muasam\\\/chinh-sach-bao-mat\\\/\",\"name\":\"Ch\u00ednh s\u00e1ch b\u1ea3o m\u1eadt - S\u1eefa Tuy\u1ec7t V\u1eddi\",\"isPartOf\":{\"@id\":\"https:\\\/\\\/suatuyetvoi.com\\\/muasam\\\/#website\"},\"datePublished\":\"2022-10-14T00:07:03+00:00\",\"dateModified\":\"2023-02-13T09:40:15+00:00\",\"breadcrumb\":{\"@id\":\"https:\\\/\\\/suatuyetvoi.com\\\/muasam\\\/chinh-sach-bao-mat\\\/#breadcrumb\"},\"inLanguage\":\"vi\",\"potentialAction\":[{\"@type\":\"ReadAction\",\"target\":[\"https:\\\/\\\/suatuyetvoi.com\\\/muasam\\\/chinh-sach-bao-mat\\\/\"]}]},{\"@type\":\"BreadcrumbList\",\"@id\":\"https:\\\/\\\/suatuyetvoi.com\\\/muasam\\\/chinh-sach-bao-mat\\\/#breadcrumb\",\"itemListElement\":[{\"@type\":\"ListItem\",\"position\":1,\"name\":\"Home\",\"item\":\"https:\\\/\\\/suatuyetvoi.com\\\/muasam\\\/\"},{\"@type\":\"ListItem\",\"position\":2,\"name\":\"Ch\u00ednh s\u00e1ch b\u1ea3o m\u1eadt\"}]},{\"@type\":\"WebSite\",\"@id\":\"https:\\\/\\\/suatuyetvoi.com\\\/muasam\\\/#website\",\"url\":\"https:\\\/\\\/suatuyetvoi.com\\\/muasam\\\/\",\"name\":\"S\u1eefa Tuy\u1ec7t V\u1eddi\",\"description\":\"S\u1eefa Tuy\u1ec7t V\u1eddi Vi\u1ec7t Nam\",\"potentialAction\":[{\"@type\":\"SearchAction\",\"target\":{\"@type\":\"EntryPoint\",\"urlTemplate\":\"https:\\\/\\\/suatuyetvoi.com\\\/muasam\\\/?s={search_term_string}\"},\"query-input\":{\"@type\":\"PropertyValueSpecification\",\"valueRequired\":true,\"valueName\":\"search_term_string\"}}],\"inLanguage\":\"vi\"}]}<\/script>\n<!-- \/ Yoast SEO plugin. -->","yoast_head_json":{"title":"Ch\u00ednh s\u00e1ch b\u1ea3o m\u1eadt - S\u1eefa Tuy\u1ec7t V\u1eddi","robots":{"index":"index","follow":"follow","max-snippet":"max-snippet:-1","max-image-preview":"max-image-preview:large","max-video-preview":"max-video-preview:-1"},"canonical":"https:\/\/suatuyetvoi.com\/muasam\/chinh-sach-bao-mat\/","og_locale":"vi_VN","og_type":"article","og_title":"Ch\u00ednh s\u00e1ch b\u1ea3o m\u1eadt - S\u1eefa Tuy\u1ec7t V\u1eddi","og_description":"C\u00f4ng ty C\u1ed5 ph\u1ea7n SPM (sau \u0111\u00e2y g\u1ecdi t\u1eaft l\u00e0 \u201cSPM\u201d) l\u00e0 \u0111\u01a1n v\u1ecb ch\u1ee7 qu\u1ea3n c\u1ee7a th\u01b0\u01a1ng hi\u1ec7u MyVita; ch\u00fang t\u00f4i lu\u00f4n t\u00f4n tr\u1ecdng s\u1ef1 ri\u00eang t\u01b0 c\u1ee7a B\u1ea1n v\u1edbi t\u01b0 c\u00e1ch l\u00e0 Kh\u00e1ch h\u00e0ng\/kh\u00e1ch h\u00e0ng ti\u1ec1m n\u0103ng c\u1ee7a ch\u00fang t\u00f4i, v\u00e0 \u0111\u00f3 l\u00e0 l\u00fd do ch\u00fang t\u00f4i lu\u00f4n cam k\u1ebft b\u1ea3o v\u1ec7 nh\u1eefng [...]","og_url":"https:\/\/suatuyetvoi.com\/muasam\/chinh-sach-bao-mat\/","og_site_name":"S\u1eefa Tuy\u1ec7t V\u1eddi","article_modified_time":"2023-02-13T09:40:15+00:00","twitter_card":"summary_large_image","twitter_misc":{"\u01af\u1edbc t\u00ednh th\u1eddi gian \u0111\u1ecdc":"6 ph\u00fat"},"schema":{"@context":"https:\/\/schema.org","@graph":[{"@type":"WebPage","@id":"https:\/\/suatuyetvoi.com\/muasam\/chinh-sach-bao-mat\/","url":"https:\/\/suatuyetvoi.com\/muasam\/chinh-sach-bao-mat\/","name":"Ch\u00ednh s\u00e1ch b\u1ea3o m\u1eadt - S\u1eefa Tuy\u1ec7t V\u1eddi","isPartOf":{"@id":"https:\/\/suatuyetvoi.com\/muasam\/#website"},"datePublished":"2022-10-14T00:07:03+00:00","dateModified":"2023-02-13T09:40:15+00:00","breadcrumb":{"@id":"https:\/\/suatuyetvoi.com\/muasam\/chinh-sach-bao-mat\/#breadcrumb"},"inLanguage":"vi","potentialAction":[{"@type":"ReadAction","target":["https:\/\/suatuyetvoi.com\/muasam\/chinh-sach-bao-mat\/"]}]},{"@type":"BreadcrumbList","@id":"https:\/\/suatuyetvoi.com\/muasam\/chinh-sach-bao-mat\/#breadcrumb","itemListElement":[{"@type":"ListItem","position":1,"name":"Home","item":"https:\/\/suatuyetvoi.com\/muasam\/"},{"@type":"ListItem","position":2,"name":"Ch\u00ednh s\u00e1ch b\u1ea3o m\u1eadt"}]},{"@type":"WebSite","@id":"https:\/\/suatuyetvoi.com\/muasam\/#website","url":"https:\/\/suatuyetvoi.com\/muasam\/","name":"S\u1eefa Tuy\u1ec7t V\u1eddi","description":"S\u1eefa Tuy\u1ec7t V\u1eddi Vi\u1ec7t Nam","potentialAction":[{"@type":"SearchAction","target":{"@type":"EntryPoint","urlTemplate":"https:\/\/suatuyetvoi.com\/muasam\/?s={search_term_string}"},"query-input":{"@type":"PropertyValueSpecification","valueRequired":true,"valueName":"search_term_string"}}],"inLanguage":"vi"}]}},"_links":{"self":[{"href":"https:\/\/suatuyetvoi.com\/muasam\/wp-json\/wp\/v2\/pages\/3","targetHints":{"allow":["GET"]}}],"collection":[{"href":"https:\/\/suatuyetvoi.com\/muasam\/wp-json\/wp\/v2\/pages"}],"about":[{"href":"https:\/\/suatuyetvoi.com\/muasam\/wp-json\/wp\/v2\/types\/page"}],"author":[{"embeddable":true,"href":"https:\/\/suatuyetvoi.com\/muasam\/wp-json\/wp\/v2\/users\/1"}],"replies":[{"embeddable":true,"href":"https:\/\/suatuyetvoi.com\/muasam\/wp-json\/wp\/v2\/comments?post=3"}],"version-history":[{"count":8,"href":"https:\/\/suatuyetvoi.com\/muasam\/wp-json\/wp\/v2\/pages\/3\/revisions"}],"predecessor-version":[{"id":5010,"href":"https:\/\/suatuyetvoi.com\/muasam\/wp-json\/wp\/v2\/pages\/3\/revisions\/5010"}],"wp:attachment":[{"href":"https:\/\/suatuyetvoi.com\/muasam\/wp-json\/wp\/v2\/media?parent=3"}],"curies":[{"name":"wp","href":"https:\/\/api.w.org\/{rel}","templated":true}]}}