{"id":13,"date":"2022-11-03T18:40:39","date_gmt":"2022-11-03T11:40:39","guid":{"rendered":"https:\/\/ourfamily.asia\/?page_id=13"},"modified":"2023-02-13T16:40:09","modified_gmt":"2023-02-13T09:40:09","slug":"chinh-sach-doi-tra","status":"publish","type":"page","link":"https:\/\/suatuyetvoi.com\/muasam\/chinh-sach-doi-tra\/","title":{"rendered":"Ch\u00ednh s\u00e1ch \u0111\u1ed5i tr\u1ea3"},"content":{"rendered":"\r\n  <div id=\"page-header-2015073673\" class=\"page-header-wrapper\">\n  <div class=\"page-title light featured-title\">\n\n        <div class=\"page-title-bg\">\n      <div class=\"title-bg fill bg-fill\"\n        data-parallax-container=\".page-title\"\n        data-parallax-background\n        data-parallax=\"-\">\n      <\/div>\n      <div class=\"title-overlay fill\"><\/div>\n    <\/div>\n    \n    <div class=\"page-title-inner container align-center flex-row medium-flex-wrap\" >\n              <div class=\"title-wrapper flex-col text-left medium-text-center\">\n          <h1 class=\"entry-title mb-0\">\n            Ch\u00ednh s\u00e1ch \u0111\u1ed5i tr\u1ea3          <\/h1>\n        <\/div>\n                    <div class=\"title-content flex-col flex-right text-right medium-text-center\">\n        <div class=\"title-share pt-half pb-half\"><div class=\"social-icons share-icons share-row relative\" ><a href=\"whatsapp:\/\/send?text=Ch%C3%ADnh%20s%C3%A1ch%20%C4%91%E1%BB%95i%20tr%E1%BA%A3 - https:\/\/suatuyetvoi.com\/muasam\/chinh-sach-doi-tra\/\" data-action=\"share\/whatsapp\/share\" class=\"icon button circle is-outline tooltip whatsapp show-for-medium\" title=\"Share on WhatsApp\" aria-label=\"Share on WhatsApp\"><i class=\"icon-whatsapp\"><\/i><\/a><a href=\"https:\/\/www.facebook.com\/sharer.php?u=https:\/\/suatuyetvoi.com\/muasam\/chinh-sach-doi-tra\/\" data-label=\"Facebook\" onclick=\"window.open(this.href,this.title,'width=500,height=500,top=300px,left=300px');  return false;\" rel=\"noopener noreferrer nofollow\" target=\"_blank\" class=\"icon button circle is-outline tooltip facebook\" title=\"Share on Facebook\" aria-label=\"Share on Facebook\"><i class=\"icon-facebook\" ><\/i><\/a><a href=\"https:\/\/twitter.com\/share?url=https:\/\/suatuyetvoi.com\/muasam\/chinh-sach-doi-tra\/\" onclick=\"window.open(this.href,this.title,'width=500,height=500,top=300px,left=300px');  return false;\" rel=\"noopener noreferrer nofollow\" target=\"_blank\" class=\"icon button circle is-outline tooltip twitter\" title=\"Share on Twitter\" aria-label=\"Share on Twitter\"><i class=\"icon-twitter\" ><\/i><\/a><a href=\"mailto:enteryour@addresshere.com?subject=Ch%C3%ADnh%20s%C3%A1ch%20%C4%91%E1%BB%95i%20tr%E1%BA%A3&amp;body=Check%20this%20out:%20https:\/\/suatuyetvoi.com\/muasam\/chinh-sach-doi-tra\/\" rel=\"nofollow\" class=\"icon button circle is-outline tooltip email\" title=\"Email to a Friend\" aria-label=\"Email to a Friend\"><i class=\"icon-envelop\" ><\/i><\/a><a href=\"https:\/\/pinterest.com\/pin\/create\/button\/?url=https:\/\/suatuyetvoi.com\/muasam\/chinh-sach-doi-tra\/&amp;media=&amp;description=Ch%C3%ADnh%20s%C3%A1ch%20%C4%91%E1%BB%95i%20tr%E1%BA%A3\" onclick=\"window.open(this.href,this.title,'width=500,height=500,top=300px,left=300px');  return false;\" rel=\"noopener noreferrer nofollow\" target=\"_blank\" class=\"icon button circle is-outline tooltip pinterest\" title=\"Pin on Pinterest\" aria-label=\"Pin on Pinterest\"><i class=\"icon-pinterest\" ><\/i><\/a><a href=\"https:\/\/tumblr.com\/widgets\/share\/tool?canonicalUrl=https:\/\/suatuyetvoi.com\/muasam\/chinh-sach-doi-tra\/\" target=\"_blank\" class=\"icon button circle is-outline tooltip tumblr\" onclick=\"window.open(this.href,this.title,'width=500,height=500,top=300px,left=300px');  return false;\"  rel=\"noopener noreferrer nofollow\" title=\"Share on Tumblr\" aria-label=\"Share on Tumblr\"><i class=\"icon-tumblr\" ><\/i><\/a><\/div><\/div>      <\/div>\n    <\/div>\n\n     \n<style>\n#page-header-2015073673 {\n  margin-bottom: 10px;\n}\n#page-header-2015073673 .title-overlay {\n  background-color: rgb(255, 255, 255);\n}\n#page-header-2015073673 .featured-title {\n  background-color: rgb(255, 255, 255);\n}\n<\/style>\n  <\/div>\n    <\/div>\n  \r\n\r\n\r\n\r\n\r\n\r\n<p>Nh\u1eb1m \u0111\u1ea3m b\u1ea3o quy\u1ec1n l\u1ee3i ng\u01b0\u1eddi ti\u00eau d\u00f9ng, n\u00e2ng cao ch\u1ea5t l\u01b0\u1ee3ng d\u1ecbch v\u1ee5 sau b\u00e1n h\u00e0ng, Ch\u00fang t\u00f4i \u0111\u1ed5i s\u1ea3n ph\u1ea9m m\u1edbi c\u00f9ng lo\u1ea1i n\u1ebfu s\u1ea3n ph\u1ea9m g\u1eb7p s\u1ef1 c\u1ed1 kh\u00f4ng th\u1ec3 kh\u1eafc ph\u1ee5c \u0111\u01b0\u1ee3c ngay (do l\u1ed7i k\u1ef9 thu\u1eadt c\u1ee7a nh\u00e0 s\u1ea3n xu\u1ea5t). S\u1ea3n ph\u1ea9m ch\u1ec9 \u0111\u01b0\u1ee3c \u0111\u1ed5i khi \u0111\u00e1p \u1ee9ng \u0111\u1ea7y \u0111\u1ee7 c\u00e1c \u0111i\u1ec1u ki\u1ec7n sau d\u01b0\u1edbi \u0111\u00e2y:<\/p>\r\n\r\n\r\n\r\n<ul class=\"wp-block-list\">\r\n<li>S\u1ea3n ph\u1ea9m m\u1edbi mua trong v\u00f2ng 03 ng\u00e0y k\u1ec3 t\u1eeb ng\u00e0y xu\u1ea5t b\u00e1n. Kh\u00e1ch h\u00e0ng mua tr\u1ef1c tuy\u1ebfn, th\u1eddi gian \u0111\u01b0\u1ee3c t\u00ednh t\u1eeb ng\u00e0y kh\u00e1ch nh\u1eadn \u0111\u01b0\u1ee3c s\u1ea3n ph\u1ea9m.<\/li>\r\n\r\n\r\n\r\n<li>S\u1ea3n ph\u1ea9m kh\u00f4ng b\u1ecb c\u0169, x\u01b0\u1edbc, bi\u1ebfn d\u1ea1ng v\u00e0 th\u1ecfa m\u00e3n c\u00e1c \u0111i\u1ec1u ki\u1ec7n b\u1ea3o h\u00e0nh.<\/li>\r\n\r\n\r\n\r\n<li>S\u1ea3n ph\u1ea9m nh\u1eadn l\u1ea1i ph\u1ea3i c\u00f2n nguy\u00ean v\u1eb9n v\u1ecf th\u00f9ng, x\u1ed1p v\u00e0 \u0111\u1ea7y \u0111\u1ee7 c\u00e1c ph\u1ee5 ki\u1ec7n k\u00e8m theo, qu\u00e0 khuy\u1ebfn m\u00e3i (n\u1ebfu c\u00f3),\u2026<\/li>\r\n<\/ul>\r\n\r\n\r\n\r\n<p>Tr\u01b0\u1eddng h\u1ee3p kh\u00f4ng ch\u1ea5p nh\u1eadn \u0111\u1ed5i ho\u1eb7c tr\u1ea3 s\u1ea3n ph\u1ea9m:<\/p>\r\n\r\n\r\n\r\n<ul class=\"wp-block-list\">\r\n<li>Qu\u00fd kh\u00e1ch mu\u1ed1n thay \u0111\u1ed5i ch\u1ee7ng lo\u1ea1i, m\u1eabu m\u00e3 s\u1ea3n ph\u1ea9m.<\/li>\r\n\r\n\r\n\r\n<li>L\u1ed7i do ng\u01b0\u1eddi s\u1eed d\u1ee5ng.<\/li>\r\n\r\n\r\n\r\n<li>Kh\u00f4ng ch\u1ea5p nh\u1eadn c\u00e1c l\u1ed7i ngo\u1ea1i quan (x\u01b0\u1edbc, m\u00f3p, m\u00e9o, v\u1ee1, s\u1ee9t, tem r\u00e1ch,\u2026) khi kh\u00e1ch h\u00e0ng \u0111\u00e3 mang s\u1ea3n ph\u1ea9m ra kh\u1ecfi c\u1eeda h\u00e0ng.<\/li>\r\n<\/ul>\r\n\r\n\r\n\r\n<p>Ch\u00fa \u00fd: Kh\u00e1ch h\u00e0ng xem k\u1ef9 s\u1ea3n ph\u1ea9m tr\u01b0\u1edbc khi mua, s\u1ea3n ph\u1ea9m \u0111\u00e3 b\u00e1n ra kh\u00f4ng nh\u1eadp l\u1ea1i. Kh\u00f4ng c\u00f3 tr\u01b0\u1eddng h\u1ee3p ngo\u1ea1i l\u1ec7. \u0110\u1ec3 \u0111\u1ea3m b\u1ea3o cho m\u1ecdi kh\u00e1ch h\u00e0ng lu\u00f4n mua \u0111\u01b0\u1ee3c s\u1ea3n ph\u1ea9m m\u1edbi.<\/p>\r\n","protected":false},"excerpt":{"rendered":"<p>Nh\u1eb1m \u0111\u1ea3m b\u1ea3o quy\u1ec1n l\u1ee3i ng\u01b0\u1eddi ti\u00eau d\u00f9ng, n\u00e2ng cao ch\u1ea5t l\u01b0\u1ee3ng d\u1ecbch v\u1ee5 sau b\u00e1n h\u00e0ng, Ch\u00fang t\u00f4i \u0111\u1ed5i s\u1ea3n ph\u1ea9m m\u1edbi c\u00f9ng lo\u1ea1i n\u1ebfu s\u1ea3n ph\u1ea9m g\u1eb7p s\u1ef1 c\u1ed1 kh\u00f4ng th\u1ec3 kh\u1eafc ph\u1ee5c \u0111\u01b0\u1ee3c ngay (do l\u1ed7i k\u1ef9 thu\u1eadt c\u1ee7a nh\u00e0 s\u1ea3n xu\u1ea5t). S\u1ea3n ph\u1ea9m ch\u1ec9 \u0111\u01b0\u1ee3c \u0111\u1ed5i khi \u0111\u00e1p \u1ee9ng \u0111\u1ea7y \u0111\u1ee7 [&#8230;]\n","protected":false},"author":1,"featured_media":0,"parent":0,"menu_order":0,"comment_status":"closed","ping_status":"closed","template":"","meta":{"footnotes":""},"class_list":["post-13","page","type-page","status-publish","hentry"],"yoast_head":"<!-- This site is optimized with the Yoast SEO plugin v27.6 - https:\/\/yoast.com\/product\/yoast-seo-wordpress\/ -->\n<title>Ch\u00ednh s\u00e1ch \u0111\u1ed5i tr\u1ea3 - S\u1eefa Tuy\u1ec7t V\u1eddi<\/title>\n<meta name=\"robots\" content=\"index, follow, max-snippet:-1, max-image-preview:large, max-video-preview:-1\" \/>\n<link rel=\"canonical\" href=\"https:\/\/suatuyetvoi.com\/muasam\/chinh-sach-doi-tra\/\" \/>\n<meta property=\"og:locale\" content=\"vi_VN\" \/>\n<meta property=\"og:type\" content=\"article\" \/>\n<meta property=\"og:title\" content=\"Ch\u00ednh s\u00e1ch \u0111\u1ed5i tr\u1ea3 - S\u1eefa Tuy\u1ec7t V\u1eddi\" \/>\n<meta property=\"og:description\" content=\"Nh\u1eb1m \u0111\u1ea3m b\u1ea3o quy\u1ec1n l\u1ee3i ng\u01b0\u1eddi ti\u00eau d\u00f9ng, n\u00e2ng cao ch\u1ea5t l\u01b0\u1ee3ng d\u1ecbch v\u1ee5 sau b\u00e1n h\u00e0ng, Ch\u00fang t\u00f4i \u0111\u1ed5i s\u1ea3n ph\u1ea9m m\u1edbi c\u00f9ng lo\u1ea1i n\u1ebfu s\u1ea3n ph\u1ea9m g\u1eb7p s\u1ef1 c\u1ed1 kh\u00f4ng th\u1ec3 kh\u1eafc ph\u1ee5c \u0111\u01b0\u1ee3c ngay (do l\u1ed7i k\u1ef9 thu\u1eadt c\u1ee7a nh\u00e0 s\u1ea3n xu\u1ea5t). S\u1ea3n ph\u1ea9m ch\u1ec9 \u0111\u01b0\u1ee3c \u0111\u1ed5i khi \u0111\u00e1p \u1ee9ng \u0111\u1ea7y \u0111\u1ee7 [...]\" \/>\n<meta property=\"og:url\" content=\"https:\/\/suatuyetvoi.com\/muasam\/chinh-sach-doi-tra\/\" \/>\n<meta property=\"og:site_name\" content=\"S\u1eefa Tuy\u1ec7t V\u1eddi\" \/>\n<meta property=\"article:modified_time\" content=\"2023-02-13T09:40:09+00:00\" \/>\n<meta name=\"twitter:card\" content=\"summary_large_image\" \/>\n<meta name=\"twitter:label1\" content=\"\u01af\u1edbc t\u00ednh th\u1eddi gian \u0111\u1ecdc\" \/>\n\t<meta name=\"twitter:data1\" content=\"2 ph\u00fat\" \/>\n<script type=\"application\/ld+json\" class=\"yoast-schema-graph\">{\"@context\":\"https:\\\/\\\/schema.org\",\"@graph\":[{\"@type\":\"WebPage\",\"@id\":\"https:\\\/\\\/suatuyetvoi.com\\\/muasam\\\/chinh-sach-doi-tra\\\/\",\"url\":\"https:\\\/\\\/suatuyetvoi.com\\\/muasam\\\/chinh-sach-doi-tra\\\/\",\"name\":\"Ch\u00ednh s\u00e1ch \u0111\u1ed5i tr\u1ea3 - S\u1eefa Tuy\u1ec7t V\u1eddi\",\"isPartOf\":{\"@id\":\"https:\\\/\\\/suatuyetvoi.com\\\/muasam\\\/#website\"},\"datePublished\":\"2022-11-03T11:40:39+00:00\",\"dateModified\":\"2023-02-13T09:40:09+00:00\",\"breadcrumb\":{\"@id\":\"https:\\\/\\\/suatuyetvoi.com\\\/muasam\\\/chinh-sach-doi-tra\\\/#breadcrumb\"},\"inLanguage\":\"vi\",\"potentialAction\":[{\"@type\":\"ReadAction\",\"target\":[\"https:\\\/\\\/suatuyetvoi.com\\\/muasam\\\/chinh-sach-doi-tra\\\/\"]}]},{\"@type\":\"BreadcrumbList\",\"@id\":\"https:\\\/\\\/suatuyetvoi.com\\\/muasam\\\/chinh-sach-doi-tra\\\/#breadcrumb\",\"itemListElement\":[{\"@type\":\"ListItem\",\"position\":1,\"name\":\"Home\",\"item\":\"https:\\\/\\\/suatuyetvoi.com\\\/muasam\\\/\"},{\"@type\":\"ListItem\",\"position\":2,\"name\":\"Ch\u00ednh s\u00e1ch \u0111\u1ed5i tr\u1ea3\"}]},{\"@type\":\"WebSite\",\"@id\":\"https:\\\/\\\/suatuyetvoi.com\\\/muasam\\\/#website\",\"url\":\"https:\\\/\\\/suatuyetvoi.com\\\/muasam\\\/\",\"name\":\"S\u1eefa Tuy\u1ec7t V\u1eddi\",\"description\":\"S\u1eefa Tuy\u1ec7t V\u1eddi Vi\u1ec7t Nam\",\"potentialAction\":[{\"@type\":\"SearchAction\",\"target\":{\"@type\":\"EntryPoint\",\"urlTemplate\":\"https:\\\/\\\/suatuyetvoi.com\\\/muasam\\\/?s={search_term_string}\"},\"query-input\":{\"@type\":\"PropertyValueSpecification\",\"valueRequired\":true,\"valueName\":\"search_term_string\"}}],\"inLanguage\":\"vi\"}]}<\/script>\n<!-- \/ Yoast SEO plugin. -->","yoast_head_json":{"title":"Ch\u00ednh s\u00e1ch \u0111\u1ed5i tr\u1ea3 - S\u1eefa Tuy\u1ec7t V\u1eddi","robots":{"index":"index","follow":"follow","max-snippet":"max-snippet:-1","max-image-preview":"max-image-preview:large","max-video-preview":"max-video-preview:-1"},"canonical":"https:\/\/suatuyetvoi.com\/muasam\/chinh-sach-doi-tra\/","og_locale":"vi_VN","og_type":"article","og_title":"Ch\u00ednh s\u00e1ch \u0111\u1ed5i tr\u1ea3 - S\u1eefa Tuy\u1ec7t V\u1eddi","og_description":"Nh\u1eb1m \u0111\u1ea3m b\u1ea3o quy\u1ec1n l\u1ee3i ng\u01b0\u1eddi ti\u00eau d\u00f9ng, n\u00e2ng cao ch\u1ea5t l\u01b0\u1ee3ng d\u1ecbch v\u1ee5 sau b\u00e1n h\u00e0ng, Ch\u00fang t\u00f4i \u0111\u1ed5i s\u1ea3n ph\u1ea9m m\u1edbi c\u00f9ng lo\u1ea1i n\u1ebfu s\u1ea3n ph\u1ea9m g\u1eb7p s\u1ef1 c\u1ed1 kh\u00f4ng th\u1ec3 kh\u1eafc ph\u1ee5c \u0111\u01b0\u1ee3c ngay (do l\u1ed7i k\u1ef9 thu\u1eadt c\u1ee7a nh\u00e0 s\u1ea3n xu\u1ea5t). S\u1ea3n ph\u1ea9m ch\u1ec9 \u0111\u01b0\u1ee3c \u0111\u1ed5i khi \u0111\u00e1p \u1ee9ng \u0111\u1ea7y \u0111\u1ee7 [...]","og_url":"https:\/\/suatuyetvoi.com\/muasam\/chinh-sach-doi-tra\/","og_site_name":"S\u1eefa Tuy\u1ec7t V\u1eddi","article_modified_time":"2023-02-13T09:40:09+00:00","twitter_card":"summary_large_image","twitter_misc":{"\u01af\u1edbc t\u00ednh th\u1eddi gian \u0111\u1ecdc":"2 ph\u00fat"},"schema":{"@context":"https:\/\/schema.org","@graph":[{"@type":"WebPage","@id":"https:\/\/suatuyetvoi.com\/muasam\/chinh-sach-doi-tra\/","url":"https:\/\/suatuyetvoi.com\/muasam\/chinh-sach-doi-tra\/","name":"Ch\u00ednh s\u00e1ch \u0111\u1ed5i tr\u1ea3 - S\u1eefa Tuy\u1ec7t V\u1eddi","isPartOf":{"@id":"https:\/\/suatuyetvoi.com\/muasam\/#website"},"datePublished":"2022-11-03T11:40:39+00:00","dateModified":"2023-02-13T09:40:09+00:00","breadcrumb":{"@id":"https:\/\/suatuyetvoi.com\/muasam\/chinh-sach-doi-tra\/#breadcrumb"},"inLanguage":"vi","potentialAction":[{"@type":"ReadAction","target":["https:\/\/suatuyetvoi.com\/muasam\/chinh-sach-doi-tra\/"]}]},{"@type":"BreadcrumbList","@id":"https:\/\/suatuyetvoi.com\/muasam\/chinh-sach-doi-tra\/#breadcrumb","itemListElement":[{"@type":"ListItem","position":1,"name":"Home","item":"https:\/\/suatuyetvoi.com\/muasam\/"},{"@type":"ListItem","position":2,"name":"Ch\u00ednh s\u00e1ch \u0111\u1ed5i tr\u1ea3"}]},{"@type":"WebSite","@id":"https:\/\/suatuyetvoi.com\/muasam\/#website","url":"https:\/\/suatuyetvoi.com\/muasam\/","name":"S\u1eefa Tuy\u1ec7t V\u1eddi","description":"S\u1eefa Tuy\u1ec7t V\u1eddi Vi\u1ec7t Nam","potentialAction":[{"@type":"SearchAction","target":{"@type":"EntryPoint","urlTemplate":"https:\/\/suatuyetvoi.com\/muasam\/?s={search_term_string}"},"query-input":{"@type":"PropertyValueSpecification","valueRequired":true,"valueName":"search_term_string"}}],"inLanguage":"vi"}]}},"_links":{"self":[{"href":"https:\/\/suatuyetvoi.com\/muasam\/wp-json\/wp\/v2\/pages\/13","targetHints":{"allow":["GET"]}}],"collection":[{"href":"https:\/\/suatuyetvoi.com\/muasam\/wp-json\/wp\/v2\/pages"}],"about":[{"href":"https:\/\/suatuyetvoi.com\/muasam\/wp-json\/wp\/v2\/types\/page"}],"author":[{"embeddable":true,"href":"https:\/\/suatuyetvoi.com\/muasam\/wp-json\/wp\/v2\/users\/1"}],"replies":[{"embeddable":true,"href":"https:\/\/suatuyetvoi.com\/muasam\/wp-json\/wp\/v2\/comments?post=13"}],"version-history":[{"count":7,"href":"https:\/\/suatuyetvoi.com\/muasam\/wp-json\/wp\/v2\/pages\/13\/revisions"}],"predecessor-version":[{"id":5005,"href":"https:\/\/suatuyetvoi.com\/muasam\/wp-json\/wp\/v2\/pages\/13\/revisions\/5005"}],"wp:attachment":[{"href":"https:\/\/suatuyetvoi.com\/muasam\/wp-json\/wp\/v2\/media?parent=13"}],"curies":[{"name":"wp","href":"https:\/\/api.w.org\/{rel}","templated":true}]}}